{"id":19285,"date":"2015-04-02T12:05:23","date_gmt":"2015-04-02T10:05:23","guid":{"rendered":"https:\/\/www.campingfontfreda.com\/camping\/galeria-dactivitats\/"},"modified":"2017-10-14T19:20:05","modified_gmt":"2017-10-14T17:20:05","slug":"galeria-dactivitats","status":"publish","type":"page","link":"https:\/\/www.campingfontfreda.com\/en\/camping\/galeria-dactivitats\/","title":{"rendered":"Activities"},"content":{"rendered":"<div class=\"columna-wrapper\">\n<div class=\"columna col1-2\">\n<h2 style=\"text-align: center;\"><a href=\"https:\/\/www.youtube.com\/watch?v=J2rGf1Nh_o0\" target=\"_blank\" rel=\"noopener noreferrer\">Just click !!<br \/>\n<\/a><\/h2>\n<p style=\"text-align: center;\"><a href=\"https:\/\/www.youtube.com\/watch?v=J2rGf1Nh_o0\" target=\"_blank\" rel=\"noopener noreferrer\"><img loading=\"lazy\" decoding=\"async\" class=\" size-medium wp-image-21710 aligncenter\" src=\"https:\/\/www.campingfontfreda.com\/wp-content\/uploads\/IMG-20150907-WA0042-500x281.jpg\" alt=\"IMG-20150907-WA0042\" width=\"500\" height=\"281\" srcset=\"https:\/\/www.campingfontfreda.com\/wp-content\/uploads\/IMG-20150907-WA0042-500x281.jpg 500w, https:\/\/www.campingfontfreda.com\/wp-content\/uploads\/IMG-20150907-WA0042-150x84.jpg 150w, https:\/\/www.campingfontfreda.com\/wp-content\/uploads\/IMG-20150907-WA0042-1000x562.jpg 1000w, https:\/\/www.campingfontfreda.com\/wp-content\/uploads\/IMG-20150907-WA0042-1400x787.jpg 1400w, https:\/\/www.campingfontfreda.com\/wp-content\/uploads\/IMG-20150907-WA0042-1067x600.jpg 1067w, https:\/\/www.campingfontfreda.com\/wp-content\/uploads\/IMG-20150907-WA0042-230x129.jpg 230w, https:\/\/www.campingfontfreda.com\/wp-content\/uploads\/IMG-20150907-WA0042.jpg 1599w\" sizes=\"auto, (max-width: 500px) 100vw, 500px\" \/><\/a><\/p>\n<\/div>\n<\/div>\n<p>&nbsp;<\/p>\n\n            <script>\n                $(window).load(function() {\n\n                    $('.galeria-slider').owlCarousel({\n\n                      navigation : true, \/\/ Show next and prev buttons\n                      slideSpeed : 300,\n                        autoplay:true,\n                        autoplayTimeout:2000,\n                        loop:true,\n                        autoplayHoverPause:true,\n                      paginationSpeed : 400,\n                      singleItem:true,\n                      items : 1,\n\n                      \/\/ 'singleItem:true' is a shortcut for:\n                      \/\/ items : 1,\n                      \/\/ itemsDesktop : false,\n                      \/\/ itemsDesktopSmall : false,\n                      \/\/ itemsTablet: false,\n                      \/\/ itemsMobile : false\n\n                  });\n\n                });\n            <\/script><div class=\"owl-container\"><div class=\"galeria clearfix galeria-slider\"><div class=\"item\"><a href=\"https:\/\/www.campingfontfreda.com\/wp-content\/uploads\/IMG-20170815-WA0014.jpg\" id=\"thumb-29668\" class=\"image-link\"><img decoding=\"async\" src=\"https:\/\/www.campingfontfreda.com\/wp-content\/uploads\/IMG-20170815-WA0014-900x600.jpg\" id=\"img-29668\" border=\"0\" alt=\"Sortida a la Font Freda\" \/><\/a><\/div><div class=\"item\"><a href=\"https:\/\/www.campingfontfreda.com\/wp-content\/uploads\/20130824_132903-1400x1050.jpg\" id=\"thumb-25144\" class=\"image-link\"><img decoding=\"async\" src=\"https:\/\/www.campingfontfreda.com\/wp-content\/uploads\/20130824_132903-900x600.jpg\" id=\"img-25144\" border=\"0\" alt=\"Paella\" \/><\/a><\/div><div class=\"item\"><a href=\"https:\/\/www.campingfontfreda.com\/wp-content\/uploads\/estiu-2013-2-196-1400x1049.jpg\" id=\"thumb-25138\" class=\"image-link\"><img decoding=\"async\" src=\"https:\/\/www.campingfontfreda.com\/wp-content\/uploads\/estiu-2013-2-196-900x600.jpg\" id=\"img-25138\" border=\"0\" alt=\"Waterball\" \/><\/a><\/div><div class=\"item\"><a href=\"https:\/\/www.campingfontfreda.com\/wp-content\/uploads\/20140209_112430_1-1400x1050.jpg\" id=\"thumb-25134\" class=\"image-link\"><img decoding=\"async\" src=\"https:\/\/www.campingfontfreda.com\/wp-content\/uploads\/20140209_112430_1-900x600.jpg\" id=\"img-25134\" border=\"0\" alt=\"Salida con  Raquetas\" \/><\/a><\/div><div class=\"item\"><a href=\"https:\/\/www.campingfontfreda.com\/wp-content\/uploads\/estiu-2013-4-013-1400x1050.jpg\" id=\"thumb-25140\" class=\"image-link\"><img decoding=\"async\" src=\"https:\/\/www.campingfontfreda.com\/wp-content\/uploads\/estiu-2013-4-013-900x600.jpg\" id=\"img-25140\" border=\"0\" alt=\"Arrozada popular\" \/><\/a><\/div><div class=\"item\"><a href=\"https:\/\/www.campingfontfreda.com\/wp-content\/uploads\/20130818_183044-1400x1050.jpg\" id=\"thumb-25142\" class=\"image-link\"><img decoding=\"async\" src=\"https:\/\/www.campingfontfreda.com\/wp-content\/uploads\/20130818_183044-900x600.jpg\" id=\"img-25142\" border=\"0\" alt=\"Toca-Toca\" \/><\/a><\/div><div class=\"item\"><a href=\"https:\/\/www.campingfontfreda.com\/wp-content\/uploads\/20170304_234817-1400x788.jpg\" id=\"thumb-29506\" class=\"image-link\"><img decoding=\"async\" src=\"https:\/\/www.campingfontfreda.com\/wp-content\/uploads\/20170304_234817-900x600.jpg\" id=\"img-29506\" border=\"0\" alt=\"Carnestoltes\" \/><\/a><\/div><div class=\"item\"><a href=\"https:\/\/www.campingfontfreda.com\/wp-content\/uploads\/20161031_164210-672x1200.jpg\" id=\"thumb-29066\" class=\"image-link\"><img decoding=\"async\" src=\"https:\/\/www.campingfontfreda.com\/wp-content\/uploads\/20161031_164210-672x600.jpg\" id=\"img-29066\" border=\"0\" alt=\"Castanyera\" \/><\/a><\/div><\/div><\/div>\n","protected":false},"excerpt":{"rendered":"<p>Just click !! &nbsp;<\/p>\n","protected":false},"author":1,"featured_media":19224,"parent":19281,"menu_order":0,"comment_status":"closed","ping_status":"closed","template":"","meta":{"_acf_changed":false,"_monsterinsights_skip_tracking":false,"_monsterinsights_sitenote_active":false,"_monsterinsights_sitenote_note":"","_monsterinsights_sitenote_category":0,"footnotes":""},"class_list":["post-19285","page","type-page","status-publish","has-post-thumbnail","hentry"],"acf":[],"yoast_head":"<!-- This site is optimized with the Yoast SEO plugin v26.0 - https:\/\/yoast.com\/wordpress\/plugins\/seo\/ -->\n<title>Activities - C\u00e0mping FontFreda<\/title>\n<meta name=\"robots\" content=\"index, follow, max-snippet:-1, max-image-preview:large, max-video-preview:-1\" \/>\n<link rel=\"canonical\" href=\"https:\/\/www.campingfontfreda.com\/en\/camping\/galeria-dactivitats\/\" \/>\n<meta property=\"og:locale\" content=\"en_US\" \/>\n<meta property=\"og:type\" content=\"article\" \/>\n<meta property=\"og:title\" content=\"Activities - C\u00e0mping FontFreda\" \/>\n<meta property=\"og:description\" content=\"Just click !! &nbsp;\" \/>\n<meta property=\"og:url\" content=\"https:\/\/www.campingfontfreda.com\/en\/camping\/galeria-dactivitats\/\" \/>\n<meta property=\"og:site_name\" content=\"C\u00e0mping FontFreda\" \/>\n<meta property=\"article:modified_time\" content=\"2017-10-14T17:20:05+00:00\" \/>\n<meta property=\"og:image\" content=\"https:\/\/www.campingfontfreda.com\/wp-content\/uploads\/20130818_183044.jpg\" \/>\n\t<meta property=\"og:image:width\" content=\"1600\" \/>\n\t<meta property=\"og:image:height\" content=\"1200\" \/>\n\t<meta property=\"og:image:type\" content=\"image\/jpeg\" \/>\n<meta name=\"twitter:card\" content=\"summary_large_image\" \/>\n<script type=\"application\/ld+json\" class=\"yoast-schema-graph\">{\"@context\":\"https:\/\/schema.org\",\"@graph\":[{\"@type\":\"WebPage\",\"@id\":\"https:\/\/www.campingfontfreda.com\/en\/camping\/galeria-dactivitats\/\",\"url\":\"https:\/\/www.campingfontfreda.com\/en\/camping\/galeria-dactivitats\/\",\"name\":\"Activities - C\u00e0mping FontFreda\",\"isPartOf\":{\"@id\":\"https:\/\/www.campingfontfreda.com\/#website\"},\"primaryImageOfPage\":{\"@id\":\"https:\/\/www.campingfontfreda.com\/en\/camping\/galeria-dactivitats\/#primaryimage\"},\"image\":{\"@id\":\"https:\/\/www.campingfontfreda.com\/en\/camping\/galeria-dactivitats\/#primaryimage\"},\"thumbnailUrl\":\"https:\/\/www.campingfontfreda.com\/wp-content\/uploads\/20130818_183044.jpg\",\"datePublished\":\"2015-04-02T10:05:23+00:00\",\"dateModified\":\"2017-10-14T17:20:05+00:00\",\"breadcrumb\":{\"@id\":\"https:\/\/www.campingfontfreda.com\/en\/camping\/galeria-dactivitats\/#breadcrumb\"},\"inLanguage\":\"en-US\",\"potentialAction\":[{\"@type\":\"ReadAction\",\"target\":[\"https:\/\/www.campingfontfreda.com\/en\/camping\/galeria-dactivitats\/\"]}]},{\"@type\":\"ImageObject\",\"inLanguage\":\"en-US\",\"@id\":\"https:\/\/www.campingfontfreda.com\/en\/camping\/galeria-dactivitats\/#primaryimage\",\"url\":\"https:\/\/www.campingfontfreda.com\/wp-content\/uploads\/20130818_183044.jpg\",\"contentUrl\":\"https:\/\/www.campingfontfreda.com\/wp-content\/uploads\/20130818_183044.jpg\",\"width\":1600,\"height\":1200,\"caption\":\"Toca-Toca\"},{\"@type\":\"BreadcrumbList\",\"@id\":\"https:\/\/www.campingfontfreda.com\/en\/camping\/galeria-dactivitats\/#breadcrumb\",\"itemListElement\":[{\"@type\":\"ListItem\",\"position\":1,\"name\":\"Inici\",\"item\":\"https:\/\/www.campingfontfreda.com\/en\/\"},{\"@type\":\"ListItem\",\"position\":2,\"name\":\"Camping\",\"item\":\"https:\/\/www.campingfontfreda.com\/en\/camping\/\"},{\"@type\":\"ListItem\",\"position\":3,\"name\":\"Activities\"}]},{\"@type\":\"WebSite\",\"@id\":\"https:\/\/www.campingfontfreda.com\/#website\",\"url\":\"https:\/\/www.campingfontfreda.com\/\",\"name\":\"C\u00e0mping FontFreda\",\"description\":\"C\u00e0mping Fontfreda (Bergued\u00e0) \u00e9s un c\u00e0mping d\u2019alta muntanya ubicat a  Berga\",\"potentialAction\":[{\"@type\":\"SearchAction\",\"target\":{\"@type\":\"EntryPoint\",\"urlTemplate\":\"https:\/\/www.campingfontfreda.com\/?s={search_term_string}\"},\"query-input\":{\"@type\":\"PropertyValueSpecification\",\"valueRequired\":true,\"valueName\":\"search_term_string\"}}],\"inLanguage\":\"en-US\"}]}<\/script>\n<!-- \/ Yoast SEO plugin. -->","yoast_head_json":{"title":"Activities - C\u00e0mping FontFreda","robots":{"index":"index","follow":"follow","max-snippet":"max-snippet:-1","max-image-preview":"max-image-preview:large","max-video-preview":"max-video-preview:-1"},"canonical":"https:\/\/www.campingfontfreda.com\/en\/camping\/galeria-dactivitats\/","og_locale":"en_US","og_type":"article","og_title":"Activities - C\u00e0mping FontFreda","og_description":"Just click !! &nbsp;","og_url":"https:\/\/www.campingfontfreda.com\/en\/camping\/galeria-dactivitats\/","og_site_name":"C\u00e0mping FontFreda","article_modified_time":"2017-10-14T17:20:05+00:00","og_image":[{"width":1600,"height":1200,"url":"https:\/\/www.campingfontfreda.com\/wp-content\/uploads\/20130818_183044.jpg","type":"image\/jpeg"}],"twitter_card":"summary_large_image","schema":{"@context":"https:\/\/schema.org","@graph":[{"@type":"WebPage","@id":"https:\/\/www.campingfontfreda.com\/en\/camping\/galeria-dactivitats\/","url":"https:\/\/www.campingfontfreda.com\/en\/camping\/galeria-dactivitats\/","name":"Activities - C\u00e0mping FontFreda","isPartOf":{"@id":"https:\/\/www.campingfontfreda.com\/#website"},"primaryImageOfPage":{"@id":"https:\/\/www.campingfontfreda.com\/en\/camping\/galeria-dactivitats\/#primaryimage"},"image":{"@id":"https:\/\/www.campingfontfreda.com\/en\/camping\/galeria-dactivitats\/#primaryimage"},"thumbnailUrl":"https:\/\/www.campingfontfreda.com\/wp-content\/uploads\/20130818_183044.jpg","datePublished":"2015-04-02T10:05:23+00:00","dateModified":"2017-10-14T17:20:05+00:00","breadcrumb":{"@id":"https:\/\/www.campingfontfreda.com\/en\/camping\/galeria-dactivitats\/#breadcrumb"},"inLanguage":"en-US","potentialAction":[{"@type":"ReadAction","target":["https:\/\/www.campingfontfreda.com\/en\/camping\/galeria-dactivitats\/"]}]},{"@type":"ImageObject","inLanguage":"en-US","@id":"https:\/\/www.campingfontfreda.com\/en\/camping\/galeria-dactivitats\/#primaryimage","url":"https:\/\/www.campingfontfreda.com\/wp-content\/uploads\/20130818_183044.jpg","contentUrl":"https:\/\/www.campingfontfreda.com\/wp-content\/uploads\/20130818_183044.jpg","width":1600,"height":1200,"caption":"Toca-Toca"},{"@type":"BreadcrumbList","@id":"https:\/\/www.campingfontfreda.com\/en\/camping\/galeria-dactivitats\/#breadcrumb","itemListElement":[{"@type":"ListItem","position":1,"name":"Inici","item":"https:\/\/www.campingfontfreda.com\/en\/"},{"@type":"ListItem","position":2,"name":"Camping","item":"https:\/\/www.campingfontfreda.com\/en\/camping\/"},{"@type":"ListItem","position":3,"name":"Activities"}]},{"@type":"WebSite","@id":"https:\/\/www.campingfontfreda.com\/#website","url":"https:\/\/www.campingfontfreda.com\/","name":"C\u00e0mping FontFreda","description":"C\u00e0mping Fontfreda (Bergued\u00e0) \u00e9s un c\u00e0mping d\u2019alta muntanya ubicat a  Berga","potentialAction":[{"@type":"SearchAction","target":{"@type":"EntryPoint","urlTemplate":"https:\/\/www.campingfontfreda.com\/?s={search_term_string}"},"query-input":{"@type":"PropertyValueSpecification","valueRequired":true,"valueName":"search_term_string"}}],"inLanguage":"en-US"}]}},"_links":{"self":[{"href":"https:\/\/www.campingfontfreda.com\/en\/wp-json\/wp\/v2\/pages\/19285","targetHints":{"allow":["GET"]}}],"collection":[{"href":"https:\/\/www.campingfontfreda.com\/en\/wp-json\/wp\/v2\/pages"}],"about":[{"href":"https:\/\/www.campingfontfreda.com\/en\/wp-json\/wp\/v2\/types\/page"}],"author":[{"embeddable":true,"href":"https:\/\/www.campingfontfreda.com\/en\/wp-json\/wp\/v2\/users\/1"}],"replies":[{"embeddable":true,"href":"https:\/\/www.campingfontfreda.com\/en\/wp-json\/wp\/v2\/comments?post=19285"}],"version-history":[{"count":10,"href":"https:\/\/www.campingfontfreda.com\/en\/wp-json\/wp\/v2\/pages\/19285\/revisions"}],"predecessor-version":[{"id":23511,"href":"https:\/\/www.campingfontfreda.com\/en\/wp-json\/wp\/v2\/pages\/19285\/revisions\/23511"}],"up":[{"embeddable":true,"href":"https:\/\/www.campingfontfreda.com\/en\/wp-json\/wp\/v2\/pages\/19281"}],"wp:featuredmedia":[{"embeddable":true,"href":"https:\/\/www.campingfontfreda.com\/en\/wp-json\/wp\/v2\/media\/19224"}],"wp:attachment":[{"href":"https:\/\/www.campingfontfreda.com\/en\/wp-json\/wp\/v2\/media?parent=19285"}],"curies":[{"name":"wp","href":"https:\/\/api.w.org\/{rel}","templated":true}]}}