{"id":19289,"date":"2015-03-12T09:44:49","date_gmt":"2015-03-12T08:44:49","guid":{"rendered":"https:\/\/www.campingfontfreda.com\/camping\/serveis\/"},"modified":"2025-06-21T09:49:02","modified_gmt":"2025-06-21T07:49:02","slug":"services","status":"publish","type":"page","link":"https:\/\/www.campingfontfreda.com\/en\/camping\/services\/","title":{"rendered":"Services"},"content":{"rendered":"<h3><\/h3>\n\n            <script>\n                $(window).load(function() {\n\n                    $('.galeria-slider').owlCarousel({\n\n                      navigation : true, \/\/ Show next and prev buttons\n                      slideSpeed : 300,\n                        autoplay:true,\n                        autoplayTimeout:2000,\n                        loop:true,\n                        autoplayHoverPause:true,\n                      paginationSpeed : 400,\n                      singleItem:true,\n                      items : 1,\n\n                      \/\/ 'singleItem:true' is a shortcut for:\n                      \/\/ items : 1,\n                      \/\/ itemsDesktop : false,\n                      \/\/ itemsDesktopSmall : false,\n                      \/\/ itemsTablet: false,\n                      \/\/ itemsMobile : false\n\n                  });\n\n                });\n            <\/script><div class=\"owl-container\"><div class=\"galeria clearfix galeria-slider\"><div class=\"item\"><a href=\"https:\/\/www.campingfontfreda.com\/wp-content\/uploads\/zona-esportiva2-1400x933.jpg\" id=\"thumb-25132\" class=\"image-link\"><img decoding=\"async\" src=\"https:\/\/www.campingfontfreda.com\/wp-content\/uploads\/zona-esportiva2-900x600.jpg\" id=\"img-25132\" border=\"0\" alt=\"Pista esportiva\" \/><\/a><\/div><div class=\"item\"><a href=\"https:\/\/www.campingfontfreda.com\/wp-content\/uploads\/piscina4G-1400x1048.jpg\" id=\"thumb-25130\" class=\"image-link\"><img decoding=\"async\" src=\"https:\/\/www.campingfontfreda.com\/wp-content\/uploads\/piscina4G-900x600.jpg\" id=\"img-25130\" border=\"0\" alt=\"Piscines\" \/><\/a><\/div><div class=\"item\"><a href=\"https:\/\/www.campingfontfreda.com\/wp-content\/uploads\/menjadorG-1400x1048.jpg\" id=\"thumb-25128\" class=\"image-link\"><img decoding=\"async\" src=\"https:\/\/www.campingfontfreda.com\/wp-content\/uploads\/menjadorG-900x600.jpg\" id=\"img-25128\" border=\"0\" alt=\"Menjador\" \/><\/a><\/div><div class=\"item\"><a href=\"https:\/\/www.campingfontfreda.com\/wp-content\/uploads\/ext.-banys-1400x933.jpg\" id=\"thumb-25126\" class=\"image-link\"><img decoding=\"async\" src=\"https:\/\/www.campingfontfreda.com\/wp-content\/uploads\/ext.-banys-900x600.jpg\" id=\"img-25126\" border=\"0\" alt=\"Edifici serveis\" \/><\/a><\/div><div class=\"item\"><a href=\"https:\/\/www.campingfontfreda.com\/wp-content\/uploads\/banys-homes2-1400x933.jpg\" id=\"thumb-25124\" class=\"image-link\"><img decoding=\"async\" src=\"https:\/\/www.campingfontfreda.com\/wp-content\/uploads\/banys-homes2-900x600.jpg\" id=\"img-25124\" border=\"0\" alt=\"Lavabos dones\" \/><\/a><\/div><div class=\"item\"><a href=\"https:\/\/www.campingfontfreda.com\/wp-content\/uploads\/zona-jocsG1-1400x1048.jpg\" id=\"thumb-25116\" class=\"image-link\"><img decoding=\"async\" src=\"https:\/\/www.campingfontfreda.com\/wp-content\/uploads\/zona-jocsG1-900x600.jpg\" id=\"img-25116\" border=\"0\" alt=\"zona jocs\" \/><\/a><\/div><div class=\"item\"><a href=\"https:\/\/www.campingfontfreda.com\/wp-content\/uploads\/banys-dones-1400x933.jpg\" id=\"thumb-25118\" class=\"image-link\"><img decoding=\"async\" src=\"https:\/\/www.campingfontfreda.com\/wp-content\/uploads\/banys-dones-900x600.jpg\" id=\"img-25118\" border=\"0\" alt=\"canviador\" \/><\/a><\/div><div class=\"item\"><a href=\"https:\/\/www.campingfontfreda.com\/wp-content\/uploads\/banys-dones2-1400x933.jpg\" id=\"thumb-25120\" class=\"image-link\"><img decoding=\"async\" src=\"https:\/\/www.campingfontfreda.com\/wp-content\/uploads\/banys-dones2-900x600.jpg\" id=\"img-25120\" border=\"0\" alt=\"aig\u00fceres\" \/><\/a><\/div><div class=\"item\"><a href=\"https:\/\/www.campingfontfreda.com\/wp-content\/uploads\/banys-homes-1400x933.jpg\" id=\"thumb-25122\" class=\"image-link\"><img decoding=\"async\" src=\"https:\/\/www.campingfontfreda.com\/wp-content\/uploads\/banys-homes-900x600.jpg\" id=\"img-25122\" border=\"0\" alt=\"lavabos homes\" \/><\/a><\/div><div class=\"item\"><a href=\"https:\/\/www.campingfontfreda.com\/wp-content\/uploads\/AGC5699-1400x931.jpg\" id=\"thumb-25088\" class=\"image-link\"><img decoding=\"async\" src=\"https:\/\/www.campingfontfreda.com\/wp-content\/uploads\/AGC5699-900x600.jpg\" id=\"img-25088\" border=\"0\" alt=\"\" \/><\/a><\/div><div class=\"item\"><a href=\"https:\/\/www.campingfontfreda.com\/wp-content\/uploads\/IMG_9264-1400x933.jpg\" id=\"thumb-25012\" class=\"image-link\"><img decoding=\"async\" src=\"https:\/\/www.campingfontfreda.com\/wp-content\/uploads\/IMG_9264-900x600.jpg\" id=\"img-25012\" border=\"0\" alt=\"LLar de foc\" \/><\/a><\/div><div class=\"item\"><a href=\"https:\/\/www.campingfontfreda.com\/wp-content\/uploads\/IMG_9251-1400x933.jpg\" id=\"thumb-25010\" class=\"image-link\"><img decoding=\"async\" src=\"https:\/\/www.campingfontfreda.com\/wp-content\/uploads\/IMG_9251-900x600.jpg\" id=\"img-25010\" border=\"0\" alt=\"futbolin\" \/><\/a><\/div><div class=\"item\"><a href=\"https:\/\/www.campingfontfreda.com\/wp-content\/uploads\/IMG_9187-1400x933.jpg\" id=\"thumb-25008\" class=\"image-link\"><img decoding=\"async\" src=\"https:\/\/www.campingfontfreda.com\/wp-content\/uploads\/IMG_9187-900x600.jpg\" id=\"img-25008\" border=\"0\" alt=\"piques\" \/><\/a><\/div><div class=\"item\"><a href=\"https:\/\/www.campingfontfreda.com\/wp-content\/uploads\/IMG_9183-1400x933.jpg\" id=\"thumb-25006\" class=\"image-link\"><img decoding=\"async\" src=\"https:\/\/www.campingfontfreda.com\/wp-content\/uploads\/IMG_9183-900x600.jpg\" id=\"img-25006\" border=\"0\" alt=\"\" \/><\/a><\/div><\/div><\/div>\n<ul>\n<li>\n<h2><strong>Swimming<\/strong> pool for adults<\/h2>\n<\/li>\n<li>\n<h2>Children Swimming <strong>Pool<\/strong><\/h2>\n<\/li>\n<li>\n<h2><strong>Playgrounds<\/strong><\/h2>\n<\/li>\n<li>\n<h2><strong>Bar<\/strong>-Restaurant ( We also have bread gluten free and<\/h2>\n<h2 id=\"tw-target-text\" class=\"tw-data-text vk_txt tw-ta tw-text-medium\" dir=\"ltr\" data-placeholder=\"Traducci\u00f3\"><span lang=\"en\">menu suitable for coeliacs)<\/span><\/h2>\n<\/li>\n<li>\n<h2>Little <strong>Grocery<\/strong><\/h2>\n<\/li>\n<li>\n<h2>Washer <strong>and dryer<\/strong><\/h2>\n<\/li>\n<li>\n<h2><strong>Table<\/strong> Tennis<\/h2>\n<\/li>\n<li>\n<h2><strong>Bathroom<\/strong><\/h2>\n<\/li>\n<li>\n<h2 style=\"text-align: left;\">Hot water and<strong> heating<\/strong><\/h2>\n<\/li>\n<\/ul>\n","protected":false},"excerpt":{"rendered":"<p>Swimming pool for adults Children Swimming Pool Playgrounds Bar-Restaurant ( We also have bread gluten free and menu suitable for coeliacs) Little Grocery Washer and dryer Table Tennis Bathroom Hot&#8230;<\/p>\n","protected":false},"author":1,"featured_media":18865,"parent":19281,"menu_order":5,"comment_status":"closed","ping_status":"closed","template":"","meta":{"_acf_changed":false,"_monsterinsights_skip_tracking":false,"_monsterinsights_sitenote_active":false,"_monsterinsights_sitenote_note":"","_monsterinsights_sitenote_category":0,"footnotes":""},"class_list":["post-19289","page","type-page","status-publish","has-post-thumbnail","hentry"],"acf":[],"yoast_head":"<!-- This site is optimized with the Yoast SEO plugin v26.0 - https:\/\/yoast.com\/wordpress\/plugins\/seo\/ -->\n<title>Services - C\u00e0mping FontFreda<\/title>\n<meta name=\"robots\" content=\"index, follow, max-snippet:-1, max-image-preview:large, max-video-preview:-1\" \/>\n<link rel=\"canonical\" href=\"https:\/\/www.campingfontfreda.com\/en\/camping\/services\/\" \/>\n<meta property=\"og:locale\" content=\"en_US\" \/>\n<meta property=\"og:type\" content=\"article\" \/>\n<meta property=\"og:title\" content=\"Services - C\u00e0mping FontFreda\" \/>\n<meta property=\"og:description\" content=\"Swimming pool for adults Children Swimming Pool Playgrounds Bar-Restaurant ( We also have bread gluten free and menu suitable for coeliacs) Little Grocery Washer and dryer Table Tennis Bathroom Hot...\" \/>\n<meta property=\"og:url\" content=\"https:\/\/www.campingfontfreda.com\/en\/camping\/services\/\" \/>\n<meta property=\"og:site_name\" content=\"C\u00e0mping FontFreda\" \/>\n<meta property=\"article:modified_time\" content=\"2025-06-21T07:49:02+00:00\" \/>\n<meta property=\"og:image\" content=\"https:\/\/www.campingfontfreda.com\/wp-content\/uploads\/IMG_9264.jpg\" \/>\n\t<meta property=\"og:image:width\" content=\"1800\" \/>\n\t<meta property=\"og:image:height\" content=\"1200\" \/>\n\t<meta property=\"og:image:type\" content=\"image\/jpeg\" \/>\n<meta name=\"twitter:card\" content=\"summary_large_image\" \/>\n<meta name=\"twitter:label1\" content=\"Est. reading time\" \/>\n\t<meta name=\"twitter:data1\" content=\"1 minute\" \/>\n<script type=\"application\/ld+json\" class=\"yoast-schema-graph\">{\"@context\":\"https:\/\/schema.org\",\"@graph\":[{\"@type\":\"WebPage\",\"@id\":\"https:\/\/www.campingfontfreda.com\/en\/camping\/services\/\",\"url\":\"https:\/\/www.campingfontfreda.com\/en\/camping\/services\/\",\"name\":\"Services - C\u00e0mping FontFreda\",\"isPartOf\":{\"@id\":\"https:\/\/www.campingfontfreda.com\/#website\"},\"primaryImageOfPage\":{\"@id\":\"https:\/\/www.campingfontfreda.com\/en\/camping\/services\/#primaryimage\"},\"image\":{\"@id\":\"https:\/\/www.campingfontfreda.com\/en\/camping\/services\/#primaryimage\"},\"thumbnailUrl\":\"https:\/\/www.campingfontfreda.com\/wp-content\/uploads\/IMG_9264.jpg\",\"datePublished\":\"2015-03-12T08:44:49+00:00\",\"dateModified\":\"2025-06-21T07:49:02+00:00\",\"breadcrumb\":{\"@id\":\"https:\/\/www.campingfontfreda.com\/en\/camping\/services\/#breadcrumb\"},\"inLanguage\":\"en-US\",\"potentialAction\":[{\"@type\":\"ReadAction\",\"target\":[\"https:\/\/www.campingfontfreda.com\/en\/camping\/services\/\"]}]},{\"@type\":\"ImageObject\",\"inLanguage\":\"en-US\",\"@id\":\"https:\/\/www.campingfontfreda.com\/en\/camping\/services\/#primaryimage\",\"url\":\"https:\/\/www.campingfontfreda.com\/wp-content\/uploads\/IMG_9264.jpg\",\"contentUrl\":\"https:\/\/www.campingfontfreda.com\/wp-content\/uploads\/IMG_9264.jpg\",\"width\":1800,\"height\":1200,\"caption\":\"LLar de foc\"},{\"@type\":\"BreadcrumbList\",\"@id\":\"https:\/\/www.campingfontfreda.com\/en\/camping\/services\/#breadcrumb\",\"itemListElement\":[{\"@type\":\"ListItem\",\"position\":1,\"name\":\"Inici\",\"item\":\"https:\/\/www.campingfontfreda.com\/en\/\"},{\"@type\":\"ListItem\",\"position\":2,\"name\":\"Camping\",\"item\":\"https:\/\/www.campingfontfreda.com\/en\/camping\/\"},{\"@type\":\"ListItem\",\"position\":3,\"name\":\"Services\"}]},{\"@type\":\"WebSite\",\"@id\":\"https:\/\/www.campingfontfreda.com\/#website\",\"url\":\"https:\/\/www.campingfontfreda.com\/\",\"name\":\"C\u00e0mping FontFreda\",\"description\":\"C\u00e0mping Fontfreda (Bergued\u00e0) \u00e9s un c\u00e0mping d\u2019alta muntanya ubicat a  Berga\",\"potentialAction\":[{\"@type\":\"SearchAction\",\"target\":{\"@type\":\"EntryPoint\",\"urlTemplate\":\"https:\/\/www.campingfontfreda.com\/?s={search_term_string}\"},\"query-input\":{\"@type\":\"PropertyValueSpecification\",\"valueRequired\":true,\"valueName\":\"search_term_string\"}}],\"inLanguage\":\"en-US\"}]}<\/script>\n<!-- \/ Yoast SEO plugin. -->","yoast_head_json":{"title":"Services - C\u00e0mping FontFreda","robots":{"index":"index","follow":"follow","max-snippet":"max-snippet:-1","max-image-preview":"max-image-preview:large","max-video-preview":"max-video-preview:-1"},"canonical":"https:\/\/www.campingfontfreda.com\/en\/camping\/services\/","og_locale":"en_US","og_type":"article","og_title":"Services - C\u00e0mping FontFreda","og_description":"Swimming pool for adults Children Swimming Pool Playgrounds Bar-Restaurant ( We also have bread gluten free and menu suitable for coeliacs) Little Grocery Washer and dryer Table Tennis Bathroom Hot...","og_url":"https:\/\/www.campingfontfreda.com\/en\/camping\/services\/","og_site_name":"C\u00e0mping FontFreda","article_modified_time":"2025-06-21T07:49:02+00:00","og_image":[{"width":1800,"height":1200,"url":"https:\/\/www.campingfontfreda.com\/wp-content\/uploads\/IMG_9264.jpg","type":"image\/jpeg"}],"twitter_card":"summary_large_image","twitter_misc":{"Est. reading time":"1 minute"},"schema":{"@context":"https:\/\/schema.org","@graph":[{"@type":"WebPage","@id":"https:\/\/www.campingfontfreda.com\/en\/camping\/services\/","url":"https:\/\/www.campingfontfreda.com\/en\/camping\/services\/","name":"Services - C\u00e0mping FontFreda","isPartOf":{"@id":"https:\/\/www.campingfontfreda.com\/#website"},"primaryImageOfPage":{"@id":"https:\/\/www.campingfontfreda.com\/en\/camping\/services\/#primaryimage"},"image":{"@id":"https:\/\/www.campingfontfreda.com\/en\/camping\/services\/#primaryimage"},"thumbnailUrl":"https:\/\/www.campingfontfreda.com\/wp-content\/uploads\/IMG_9264.jpg","datePublished":"2015-03-12T08:44:49+00:00","dateModified":"2025-06-21T07:49:02+00:00","breadcrumb":{"@id":"https:\/\/www.campingfontfreda.com\/en\/camping\/services\/#breadcrumb"},"inLanguage":"en-US","potentialAction":[{"@type":"ReadAction","target":["https:\/\/www.campingfontfreda.com\/en\/camping\/services\/"]}]},{"@type":"ImageObject","inLanguage":"en-US","@id":"https:\/\/www.campingfontfreda.com\/en\/camping\/services\/#primaryimage","url":"https:\/\/www.campingfontfreda.com\/wp-content\/uploads\/IMG_9264.jpg","contentUrl":"https:\/\/www.campingfontfreda.com\/wp-content\/uploads\/IMG_9264.jpg","width":1800,"height":1200,"caption":"LLar de foc"},{"@type":"BreadcrumbList","@id":"https:\/\/www.campingfontfreda.com\/en\/camping\/services\/#breadcrumb","itemListElement":[{"@type":"ListItem","position":1,"name":"Inici","item":"https:\/\/www.campingfontfreda.com\/en\/"},{"@type":"ListItem","position":2,"name":"Camping","item":"https:\/\/www.campingfontfreda.com\/en\/camping\/"},{"@type":"ListItem","position":3,"name":"Services"}]},{"@type":"WebSite","@id":"https:\/\/www.campingfontfreda.com\/#website","url":"https:\/\/www.campingfontfreda.com\/","name":"C\u00e0mping FontFreda","description":"C\u00e0mping Fontfreda (Bergued\u00e0) \u00e9s un c\u00e0mping d\u2019alta muntanya ubicat a  Berga","potentialAction":[{"@type":"SearchAction","target":{"@type":"EntryPoint","urlTemplate":"https:\/\/www.campingfontfreda.com\/?s={search_term_string}"},"query-input":{"@type":"PropertyValueSpecification","valueRequired":true,"valueName":"search_term_string"}}],"inLanguage":"en-US"}]}},"_links":{"self":[{"href":"https:\/\/www.campingfontfreda.com\/en\/wp-json\/wp\/v2\/pages\/19289","targetHints":{"allow":["GET"]}}],"collection":[{"href":"https:\/\/www.campingfontfreda.com\/en\/wp-json\/wp\/v2\/pages"}],"about":[{"href":"https:\/\/www.campingfontfreda.com\/en\/wp-json\/wp\/v2\/types\/page"}],"author":[{"embeddable":true,"href":"https:\/\/www.campingfontfreda.com\/en\/wp-json\/wp\/v2\/users\/1"}],"replies":[{"embeddable":true,"href":"https:\/\/www.campingfontfreda.com\/en\/wp-json\/wp\/v2\/comments?post=19289"}],"version-history":[{"count":12,"href":"https:\/\/www.campingfontfreda.com\/en\/wp-json\/wp\/v2\/pages\/19289\/revisions"}],"predecessor-version":[{"id":33550,"href":"https:\/\/www.campingfontfreda.com\/en\/wp-json\/wp\/v2\/pages\/19289\/revisions\/33550"}],"up":[{"embeddable":true,"href":"https:\/\/www.campingfontfreda.com\/en\/wp-json\/wp\/v2\/pages\/19281"}],"wp:featuredmedia":[{"embeddable":true,"href":"https:\/\/www.campingfontfreda.com\/en\/wp-json\/wp\/v2\/media\/18865"}],"wp:attachment":[{"href":"https:\/\/www.campingfontfreda.com\/en\/wp-json\/wp\/v2\/media?parent=19289"}],"curies":[{"name":"wp","href":"https:\/\/api.w.org\/{rel}","templated":true}]}}