{"id":19305,"date":"2015-03-12T09:44:33","date_gmt":"2015-03-12T08:44:33","guid":{"rendered":"https:\/\/www.campingfontfreda.com\/com-arribar-hi-2\/"},"modified":"2025-12-15T14:00:59","modified_gmt":"2025-12-15T13:00:59","slug":"com-arribar-hi","status":"publish","type":"page","link":"https:\/\/www.campingfontfreda.com\/en\/com-arribar-hi\/","title":{"rendered":"How to get there?"},"content":{"rendered":"<p>&nbsp;<\/p>\n<p><strong>IF YOU ARE COMING WITH A CARAVAN OR A BIG CAMPER,<br \/>\nPLEASE FOLLOW THE INDICATORS TOWARDS RASOS DE PEGUERA.<\/strong><\/p>\n<p><a href=\"https:\/\/www.campingfontfreda.com\/wp-content\/uploads\/situacio1.jpg\" class=\"image-link\"><img loading=\"lazy\" decoding=\"async\" class=\"alignnone size-full wp-image-19156\" src=\"https:\/\/www.campingfontfreda.com\/wp-content\/uploads\/situacio1.jpg\" alt=\"situacio\" width=\"471\" height=\"471\" srcset=\"https:\/\/www.campingfontfreda.com\/wp-content\/uploads\/situacio1.jpg 471w, https:\/\/www.campingfontfreda.com\/wp-content\/uploads\/situacio1-150x150.jpg 150w, https:\/\/www.campingfontfreda.com\/wp-content\/uploads\/situacio1-160x160.jpg 160w\" sizes=\"auto, (max-width: 471px) 100vw, 471px\" \/><\/a><\/p>\n<div class=\"columna-wrapper\">\n<div class=\"columna col1-2\">\n<h2><strong>GPS:   N 42\u00ba06&#8217;46.4&#8243;     E 1\u00ba48&#8217;00.0&#8243;<\/strong><\/h2>\n<p><span style=\"color: #800000;\"><strong>IMPORTANT:<\/strong><\/span><\/p>\n<p><span style=\"color: #800000;\"><strong>IF YOU ARE COMING WITH A CARAVAN OR A BIG CAMPER, PLEASE FOLLOW THE INDICATOR TO RASOS DE PEGUERA.<\/strong><\/span><\/p>\n<p><strong><span class=\"text_negreta\">Access:<\/span><\/strong><br \/>\nA-18 Terrassa &#8211; Manresa<br \/>\nA-7 Martorell<br \/>\nAccess to  Berga trough C-16\/E-9 (Eix de Llobregat)<br \/>\n<strong>From France:<\/strong><br \/>\nBourg Madame &#8211; Ll\u00edvia<\/p>\n<p>Highway C-16\/E-9<br \/>\nTunel del Cad\u00ed direction to Berga<\/p>\n<h3>Carretera C-16\/E-9 , exit Berga Nord and follow  indicators to  Rasos de Peguera.<\/h3>\n<h3>Ctra. Rasos de Peguera, Km.4.<br \/>\n08619 Castellar del Riu (Bergued\u00e0 \/ Barcelona).<\/h3>\n<\/div>\n<\/div>\n<p>A 110 km de Barcelona.<\/p>\n<p><iframe src=\"https:\/\/www.google.com\/maps\/embed?pb=!1m18!1m12!1m3!1d2959.7434016069!2d1.7973196764684132!3d42.112966050675894!2m3!1f0!2f0!3f0!3m2!1i1024!2i768!4f13.1!3m3!1m2!1s0x12a5a704d764c759%3A0x2ea3c39675b8bae3!2sCamping%20Fontfreda%20S.L.!5e0!3m2!1ses!2ses!4v1765803489498!5m2!1ses!2ses\" width=\"600\" height=\"450\" style=\"border:0;\" allowfullscreen=\"\" loading=\"lazy\" referrerpolicy=\"no-referrer-when-downgrade\"><\/iframe><\/p>\n","protected":false},"excerpt":{"rendered":"<p>&nbsp; IF YOU ARE COMING WITH A CARAVAN OR A BIG CAMPER, PLEASE FOLLOW THE INDICATORS TOWARDS RASOS DE PEGUERA. GPS: N 42\u00ba06&#8217;46.4&#8243; E 1\u00ba48&#8217;00.0&#8243; IMPORTANT: IF YOU ARE COMING&#8230;<\/p>\n","protected":false},"author":1,"featured_media":0,"parent":0,"menu_order":87,"comment_status":"closed","ping_status":"closed","template":"","meta":{"_acf_changed":false,"_monsterinsights_skip_tracking":false,"_monsterinsights_sitenote_active":false,"_monsterinsights_sitenote_note":"","_monsterinsights_sitenote_category":0,"footnotes":""},"class_list":["post-19305","page","type-page","status-publish","hentry"],"acf":[],"yoast_head":"<!-- This site is optimized with the Yoast SEO plugin v26.0 - https:\/\/yoast.com\/wordpress\/plugins\/seo\/ -->\n<title>How to get there? - C\u00e0mping FontFreda<\/title>\n<meta name=\"robots\" content=\"index, follow, max-snippet:-1, max-image-preview:large, max-video-preview:-1\" \/>\n<link rel=\"canonical\" href=\"https:\/\/www.campingfontfreda.com\/en\/com-arribar-hi\/\" \/>\n<meta property=\"og:locale\" content=\"en_US\" \/>\n<meta property=\"og:type\" content=\"article\" \/>\n<meta property=\"og:title\" content=\"How to get there? - C\u00e0mping FontFreda\" \/>\n<meta property=\"og:description\" content=\"&nbsp; IF YOU ARE COMING WITH A CARAVAN OR A BIG CAMPER, PLEASE FOLLOW THE INDICATORS TOWARDS RASOS DE PEGUERA. GPS: N 42\u00ba06&#8217;46.4&#8243; E 1\u00ba48&#8217;00.0&#8243; IMPORTANT: IF YOU ARE COMING...\" \/>\n<meta property=\"og:url\" content=\"https:\/\/www.campingfontfreda.com\/en\/com-arribar-hi\/\" \/>\n<meta property=\"og:site_name\" content=\"C\u00e0mping FontFreda\" \/>\n<meta property=\"article:modified_time\" content=\"2025-12-15T13:00:59+00:00\" \/>\n<meta property=\"og:image\" content=\"https:\/\/www.campingfontfreda.com\/wp-content\/uploads\/situacio1.jpg\" \/>\n\t<meta property=\"og:image:width\" content=\"471\" \/>\n\t<meta property=\"og:image:height\" content=\"471\" \/>\n\t<meta property=\"og:image:type\" content=\"image\/jpeg\" \/>\n<meta name=\"twitter:card\" content=\"summary_large_image\" \/>\n<meta name=\"twitter:label1\" content=\"Est. reading time\" \/>\n\t<meta name=\"twitter:data1\" content=\"1 minute\" \/>\n<script type=\"application\/ld+json\" class=\"yoast-schema-graph\">{\"@context\":\"https:\/\/schema.org\",\"@graph\":[{\"@type\":\"WebPage\",\"@id\":\"https:\/\/www.campingfontfreda.com\/en\/com-arribar-hi\/\",\"url\":\"https:\/\/www.campingfontfreda.com\/en\/com-arribar-hi\/\",\"name\":\"How to get there? - C\u00e0mping FontFreda\",\"isPartOf\":{\"@id\":\"https:\/\/www.campingfontfreda.com\/#website\"},\"primaryImageOfPage\":{\"@id\":\"https:\/\/www.campingfontfreda.com\/en\/com-arribar-hi\/#primaryimage\"},\"image\":{\"@id\":\"https:\/\/www.campingfontfreda.com\/en\/com-arribar-hi\/#primaryimage\"},\"thumbnailUrl\":\"https:\/\/www.campingfontfreda.com\/wp-content\/uploads\/situacio1.jpg\",\"datePublished\":\"2015-03-12T08:44:33+00:00\",\"dateModified\":\"2025-12-15T13:00:59+00:00\",\"breadcrumb\":{\"@id\":\"https:\/\/www.campingfontfreda.com\/en\/com-arribar-hi\/#breadcrumb\"},\"inLanguage\":\"en-US\",\"potentialAction\":[{\"@type\":\"ReadAction\",\"target\":[\"https:\/\/www.campingfontfreda.com\/en\/com-arribar-hi\/\"]}]},{\"@type\":\"ImageObject\",\"inLanguage\":\"en-US\",\"@id\":\"https:\/\/www.campingfontfreda.com\/en\/com-arribar-hi\/#primaryimage\",\"url\":\"https:\/\/www.campingfontfreda.com\/wp-content\/uploads\/situacio1.jpg\",\"contentUrl\":\"https:\/\/www.campingfontfreda.com\/wp-content\/uploads\/situacio1.jpg\"},{\"@type\":\"BreadcrumbList\",\"@id\":\"https:\/\/www.campingfontfreda.com\/en\/com-arribar-hi\/#breadcrumb\",\"itemListElement\":[{\"@type\":\"ListItem\",\"position\":1,\"name\":\"Inici\",\"item\":\"https:\/\/www.campingfontfreda.com\/en\/\"},{\"@type\":\"ListItem\",\"position\":2,\"name\":\"How to get there?\"}]},{\"@type\":\"WebSite\",\"@id\":\"https:\/\/www.campingfontfreda.com\/#website\",\"url\":\"https:\/\/www.campingfontfreda.com\/\",\"name\":\"C\u00e0mping FontFreda\",\"description\":\"C\u00e0mping Fontfreda (Bergued\u00e0) \u00e9s un c\u00e0mping d\u2019alta muntanya ubicat a  Berga\",\"potentialAction\":[{\"@type\":\"SearchAction\",\"target\":{\"@type\":\"EntryPoint\",\"urlTemplate\":\"https:\/\/www.campingfontfreda.com\/?s={search_term_string}\"},\"query-input\":{\"@type\":\"PropertyValueSpecification\",\"valueRequired\":true,\"valueName\":\"search_term_string\"}}],\"inLanguage\":\"en-US\"}]}<\/script>\n<!-- \/ Yoast SEO plugin. -->","yoast_head_json":{"title":"How to get there? - C\u00e0mping FontFreda","robots":{"index":"index","follow":"follow","max-snippet":"max-snippet:-1","max-image-preview":"max-image-preview:large","max-video-preview":"max-video-preview:-1"},"canonical":"https:\/\/www.campingfontfreda.com\/en\/com-arribar-hi\/","og_locale":"en_US","og_type":"article","og_title":"How to get there? - C\u00e0mping FontFreda","og_description":"&nbsp; IF YOU ARE COMING WITH A CARAVAN OR A BIG CAMPER, PLEASE FOLLOW THE INDICATORS TOWARDS RASOS DE PEGUERA. GPS: N 42\u00ba06&#8217;46.4&#8243; E 1\u00ba48&#8217;00.0&#8243; IMPORTANT: IF YOU ARE COMING...","og_url":"https:\/\/www.campingfontfreda.com\/en\/com-arribar-hi\/","og_site_name":"C\u00e0mping FontFreda","article_modified_time":"2025-12-15T13:00:59+00:00","og_image":[{"width":471,"height":471,"url":"https:\/\/www.campingfontfreda.com\/wp-content\/uploads\/situacio1.jpg","type":"image\/jpeg"}],"twitter_card":"summary_large_image","twitter_misc":{"Est. reading time":"1 minute"},"schema":{"@context":"https:\/\/schema.org","@graph":[{"@type":"WebPage","@id":"https:\/\/www.campingfontfreda.com\/en\/com-arribar-hi\/","url":"https:\/\/www.campingfontfreda.com\/en\/com-arribar-hi\/","name":"How to get there? - C\u00e0mping FontFreda","isPartOf":{"@id":"https:\/\/www.campingfontfreda.com\/#website"},"primaryImageOfPage":{"@id":"https:\/\/www.campingfontfreda.com\/en\/com-arribar-hi\/#primaryimage"},"image":{"@id":"https:\/\/www.campingfontfreda.com\/en\/com-arribar-hi\/#primaryimage"},"thumbnailUrl":"https:\/\/www.campingfontfreda.com\/wp-content\/uploads\/situacio1.jpg","datePublished":"2015-03-12T08:44:33+00:00","dateModified":"2025-12-15T13:00:59+00:00","breadcrumb":{"@id":"https:\/\/www.campingfontfreda.com\/en\/com-arribar-hi\/#breadcrumb"},"inLanguage":"en-US","potentialAction":[{"@type":"ReadAction","target":["https:\/\/www.campingfontfreda.com\/en\/com-arribar-hi\/"]}]},{"@type":"ImageObject","inLanguage":"en-US","@id":"https:\/\/www.campingfontfreda.com\/en\/com-arribar-hi\/#primaryimage","url":"https:\/\/www.campingfontfreda.com\/wp-content\/uploads\/situacio1.jpg","contentUrl":"https:\/\/www.campingfontfreda.com\/wp-content\/uploads\/situacio1.jpg"},{"@type":"BreadcrumbList","@id":"https:\/\/www.campingfontfreda.com\/en\/com-arribar-hi\/#breadcrumb","itemListElement":[{"@type":"ListItem","position":1,"name":"Inici","item":"https:\/\/www.campingfontfreda.com\/en\/"},{"@type":"ListItem","position":2,"name":"How to get there?"}]},{"@type":"WebSite","@id":"https:\/\/www.campingfontfreda.com\/#website","url":"https:\/\/www.campingfontfreda.com\/","name":"C\u00e0mping FontFreda","description":"C\u00e0mping Fontfreda (Bergued\u00e0) \u00e9s un c\u00e0mping d\u2019alta muntanya ubicat a  Berga","potentialAction":[{"@type":"SearchAction","target":{"@type":"EntryPoint","urlTemplate":"https:\/\/www.campingfontfreda.com\/?s={search_term_string}"},"query-input":{"@type":"PropertyValueSpecification","valueRequired":true,"valueName":"search_term_string"}}],"inLanguage":"en-US"}]}},"_links":{"self":[{"href":"https:\/\/www.campingfontfreda.com\/en\/wp-json\/wp\/v2\/pages\/19305","targetHints":{"allow":["GET"]}}],"collection":[{"href":"https:\/\/www.campingfontfreda.com\/en\/wp-json\/wp\/v2\/pages"}],"about":[{"href":"https:\/\/www.campingfontfreda.com\/en\/wp-json\/wp\/v2\/types\/page"}],"author":[{"embeddable":true,"href":"https:\/\/www.campingfontfreda.com\/en\/wp-json\/wp\/v2\/users\/1"}],"replies":[{"embeddable":true,"href":"https:\/\/www.campingfontfreda.com\/en\/wp-json\/wp\/v2\/comments?post=19305"}],"version-history":[{"count":10,"href":"https:\/\/www.campingfontfreda.com\/en\/wp-json\/wp\/v2\/pages\/19305\/revisions"}],"predecessor-version":[{"id":33985,"href":"https:\/\/www.campingfontfreda.com\/en\/wp-json\/wp\/v2\/pages\/19305\/revisions\/33985"}],"wp:attachment":[{"href":"https:\/\/www.campingfontfreda.com\/en\/wp-json\/wp\/v2\/media?parent=19305"}],"curies":[{"name":"wp","href":"https:\/\/api.w.org\/{rel}","templated":true}]}}