{"id":19319,"date":"2015-02-18T09:11:10","date_gmt":"2015-02-18T08:11:10","guid":{"rendered":"https:\/\/www.campingfontfreda.com\/allotjaments\/parcel%c2%b7la\/"},"modified":"2015-08-23T17:37:41","modified_gmt":"2015-08-23T15:37:41","slug":"plot","status":"publish","type":"page","link":"https:\/\/www.campingfontfreda.com\/en\/allotjaments\/plot\/","title":{"rendered":"Plot"},"content":{"rendered":"\n            <script>\n                $(window).load(function() {\n\n                    $('.galeria-slider').owlCarousel({\n\n                      navigation : true, \/\/ Show next and prev buttons\n                      slideSpeed : 300,\n                        autoplay:true,\n                        autoplayTimeout:2000,\n                        loop:true,\n                        autoplayHoverPause:true,\n                      paginationSpeed : 400,\n                      singleItem:true,\n                      items : 1,\n\n                      \/\/ 'singleItem:true' is a shortcut for:\n                      \/\/ items : 1,\n                      \/\/ itemsDesktop : false,\n                      \/\/ itemsDesktopSmall : false,\n                      \/\/ itemsTablet: false,\n                      \/\/ itemsMobile : false\n\n                  });\n\n                });\n            <\/script><div class=\"owl-container\"><div class=\"galeria clearfix galeria-slider\"><div class=\"item\"><a href=\"https:\/\/www.campingfontfreda.com\/wp-content\/uploads\/IMG_9161-1400x933.jpg\" id=\"thumb-25028\" class=\"image-link\"><img decoding=\"async\" src=\"https:\/\/www.campingfontfreda.com\/wp-content\/uploads\/IMG_9161-900x600.jpg\" id=\"img-25028\" border=\"0\" alt=\"\" \/><\/a><\/div><div class=\"item\"><a href=\"https:\/\/www.campingfontfreda.com\/wp-content\/uploads\/IMG_9140-1400x933.jpg\" id=\"thumb-25026\" class=\"image-link\"><img decoding=\"async\" src=\"https:\/\/www.campingfontfreda.com\/wp-content\/uploads\/IMG_9140-900x600.jpg\" id=\"img-25026\" border=\"0\" alt=\"\" \/><\/a><\/div><div class=\"item\"><a href=\"https:\/\/www.campingfontfreda.com\/wp-content\/uploads\/IMG_9136-1400x933.jpg\" id=\"thumb-25024\" class=\"image-link\"><img decoding=\"async\" src=\"https:\/\/www.campingfontfreda.com\/wp-content\/uploads\/IMG_9136-900x600.jpg\" id=\"img-25024\" border=\"0\" alt=\"\" \/><\/a><\/div><div class=\"item\"><a href=\"https:\/\/www.campingfontfreda.com\/wp-content\/uploads\/fotos-camping-x-propaganda-2011-0491-1400x929.jpg\" id=\"thumb-25096\" class=\"image-link\"><img decoding=\"async\" src=\"https:\/\/www.campingfontfreda.com\/wp-content\/uploads\/fotos-camping-x-propaganda-2011-0491-900x600.jpg\" id=\"img-25096\" border=\"0\" alt=\"\" \/><\/a><\/div><\/div><\/div>\n<p><strong>Booking now<\/strong> and enjoy:<\/p>\n<h1 class=\"reserves-parcela\"><a title=\"Reserves\" href=\"https:\/\/www.campingfontfreda.com\/reserves\/\">Booking<\/a><\/h1>\n","protected":false},"excerpt":{"rendered":"<p>Booking now and enjoy: Booking<\/p>\n","protected":false},"author":1,"featured_media":18919,"parent":19317,"menu_order":0,"comment_status":"closed","ping_status":"closed","template":"","meta":{"_acf_changed":false,"_monsterinsights_skip_tracking":false,"_monsterinsights_sitenote_active":false,"_monsterinsights_sitenote_note":"","_monsterinsights_sitenote_category":0,"footnotes":""},"class_list":["post-19319","page","type-page","status-publish","has-post-thumbnail","hentry"],"acf":[],"yoast_head":"<!-- This site is optimized with the Yoast SEO plugin v26.0 - https:\/\/yoast.com\/wordpress\/plugins\/seo\/ -->\n<title>Plot - C\u00e0mping FontFreda<\/title>\n<meta name=\"robots\" content=\"index, follow, max-snippet:-1, max-image-preview:large, max-video-preview:-1\" \/>\n<link rel=\"canonical\" href=\"https:\/\/www.campingfontfreda.com\/en\/allotjaments\/plot\/\" \/>\n<meta property=\"og:locale\" content=\"en_US\" \/>\n<meta property=\"og:type\" content=\"article\" \/>\n<meta property=\"og:title\" content=\"Plot - C\u00e0mping FontFreda\" \/>\n<meta property=\"og:description\" content=\"Booking now and enjoy: Booking\" \/>\n<meta property=\"og:url\" content=\"https:\/\/www.campingfontfreda.com\/en\/allotjaments\/plot\/\" \/>\n<meta property=\"og:site_name\" content=\"C\u00e0mping FontFreda\" \/>\n<meta property=\"article:modified_time\" content=\"2015-08-23T15:37:41+00:00\" \/>\n<meta property=\"og:image\" content=\"https:\/\/www.campingfontfreda.com\/wp-content\/uploads\/IMG_9136.jpg\" \/>\n\t<meta property=\"og:image:width\" content=\"1800\" \/>\n\t<meta property=\"og:image:height\" content=\"1200\" \/>\n\t<meta property=\"og:image:type\" content=\"image\/jpeg\" \/>\n<meta name=\"twitter:card\" content=\"summary_large_image\" \/>\n<script type=\"application\/ld+json\" class=\"yoast-schema-graph\">{\"@context\":\"https:\/\/schema.org\",\"@graph\":[{\"@type\":\"WebPage\",\"@id\":\"https:\/\/www.campingfontfreda.com\/en\/allotjaments\/plot\/\",\"url\":\"https:\/\/www.campingfontfreda.com\/en\/allotjaments\/plot\/\",\"name\":\"Plot - C\u00e0mping FontFreda\",\"isPartOf\":{\"@id\":\"https:\/\/www.campingfontfreda.com\/#website\"},\"primaryImageOfPage\":{\"@id\":\"https:\/\/www.campingfontfreda.com\/en\/allotjaments\/plot\/#primaryimage\"},\"image\":{\"@id\":\"https:\/\/www.campingfontfreda.com\/en\/allotjaments\/plot\/#primaryimage\"},\"thumbnailUrl\":\"https:\/\/www.campingfontfreda.com\/wp-content\/uploads\/IMG_9136.jpg\",\"datePublished\":\"2015-02-18T08:11:10+00:00\",\"dateModified\":\"2015-08-23T15:37:41+00:00\",\"breadcrumb\":{\"@id\":\"https:\/\/www.campingfontfreda.com\/en\/allotjaments\/plot\/#breadcrumb\"},\"inLanguage\":\"en-US\",\"potentialAction\":[{\"@type\":\"ReadAction\",\"target\":[\"https:\/\/www.campingfontfreda.com\/en\/allotjaments\/plot\/\"]}]},{\"@type\":\"ImageObject\",\"inLanguage\":\"en-US\",\"@id\":\"https:\/\/www.campingfontfreda.com\/en\/allotjaments\/plot\/#primaryimage\",\"url\":\"https:\/\/www.campingfontfreda.com\/wp-content\/uploads\/IMG_9136.jpg\",\"contentUrl\":\"https:\/\/www.campingfontfreda.com\/wp-content\/uploads\/IMG_9136.jpg\",\"width\":1800,\"height\":1200},{\"@type\":\"BreadcrumbList\",\"@id\":\"https:\/\/www.campingfontfreda.com\/en\/allotjaments\/plot\/#breadcrumb\",\"itemListElement\":[{\"@type\":\"ListItem\",\"position\":1,\"name\":\"Inici\",\"item\":\"https:\/\/www.campingfontfreda.com\/en\/\"},{\"@type\":\"ListItem\",\"position\":2,\"name\":\"Allotjaments\",\"item\":\"https:\/\/www.campingfontfreda.com\/en\/allotjaments\/\"},{\"@type\":\"ListItem\",\"position\":3,\"name\":\"Plot\"}]},{\"@type\":\"WebSite\",\"@id\":\"https:\/\/www.campingfontfreda.com\/#website\",\"url\":\"https:\/\/www.campingfontfreda.com\/\",\"name\":\"C\u00e0mping FontFreda\",\"description\":\"C\u00e0mping Fontfreda (Bergued\u00e0) \u00e9s un c\u00e0mping d\u2019alta muntanya ubicat a  Berga\",\"potentialAction\":[{\"@type\":\"SearchAction\",\"target\":{\"@type\":\"EntryPoint\",\"urlTemplate\":\"https:\/\/www.campingfontfreda.com\/?s={search_term_string}\"},\"query-input\":{\"@type\":\"PropertyValueSpecification\",\"valueRequired\":true,\"valueName\":\"search_term_string\"}}],\"inLanguage\":\"en-US\"}]}<\/script>\n<!-- \/ Yoast SEO plugin. -->","yoast_head_json":{"title":"Plot - C\u00e0mping FontFreda","robots":{"index":"index","follow":"follow","max-snippet":"max-snippet:-1","max-image-preview":"max-image-preview:large","max-video-preview":"max-video-preview:-1"},"canonical":"https:\/\/www.campingfontfreda.com\/en\/allotjaments\/plot\/","og_locale":"en_US","og_type":"article","og_title":"Plot - C\u00e0mping FontFreda","og_description":"Booking now and enjoy: Booking","og_url":"https:\/\/www.campingfontfreda.com\/en\/allotjaments\/plot\/","og_site_name":"C\u00e0mping FontFreda","article_modified_time":"2015-08-23T15:37:41+00:00","og_image":[{"width":1800,"height":1200,"url":"https:\/\/www.campingfontfreda.com\/wp-content\/uploads\/IMG_9136.jpg","type":"image\/jpeg"}],"twitter_card":"summary_large_image","schema":{"@context":"https:\/\/schema.org","@graph":[{"@type":"WebPage","@id":"https:\/\/www.campingfontfreda.com\/en\/allotjaments\/plot\/","url":"https:\/\/www.campingfontfreda.com\/en\/allotjaments\/plot\/","name":"Plot - C\u00e0mping FontFreda","isPartOf":{"@id":"https:\/\/www.campingfontfreda.com\/#website"},"primaryImageOfPage":{"@id":"https:\/\/www.campingfontfreda.com\/en\/allotjaments\/plot\/#primaryimage"},"image":{"@id":"https:\/\/www.campingfontfreda.com\/en\/allotjaments\/plot\/#primaryimage"},"thumbnailUrl":"https:\/\/www.campingfontfreda.com\/wp-content\/uploads\/IMG_9136.jpg","datePublished":"2015-02-18T08:11:10+00:00","dateModified":"2015-08-23T15:37:41+00:00","breadcrumb":{"@id":"https:\/\/www.campingfontfreda.com\/en\/allotjaments\/plot\/#breadcrumb"},"inLanguage":"en-US","potentialAction":[{"@type":"ReadAction","target":["https:\/\/www.campingfontfreda.com\/en\/allotjaments\/plot\/"]}]},{"@type":"ImageObject","inLanguage":"en-US","@id":"https:\/\/www.campingfontfreda.com\/en\/allotjaments\/plot\/#primaryimage","url":"https:\/\/www.campingfontfreda.com\/wp-content\/uploads\/IMG_9136.jpg","contentUrl":"https:\/\/www.campingfontfreda.com\/wp-content\/uploads\/IMG_9136.jpg","width":1800,"height":1200},{"@type":"BreadcrumbList","@id":"https:\/\/www.campingfontfreda.com\/en\/allotjaments\/plot\/#breadcrumb","itemListElement":[{"@type":"ListItem","position":1,"name":"Inici","item":"https:\/\/www.campingfontfreda.com\/en\/"},{"@type":"ListItem","position":2,"name":"Allotjaments","item":"https:\/\/www.campingfontfreda.com\/en\/allotjaments\/"},{"@type":"ListItem","position":3,"name":"Plot"}]},{"@type":"WebSite","@id":"https:\/\/www.campingfontfreda.com\/#website","url":"https:\/\/www.campingfontfreda.com\/","name":"C\u00e0mping FontFreda","description":"C\u00e0mping Fontfreda (Bergued\u00e0) \u00e9s un c\u00e0mping d\u2019alta muntanya ubicat a  Berga","potentialAction":[{"@type":"SearchAction","target":{"@type":"EntryPoint","urlTemplate":"https:\/\/www.campingfontfreda.com\/?s={search_term_string}"},"query-input":{"@type":"PropertyValueSpecification","valueRequired":true,"valueName":"search_term_string"}}],"inLanguage":"en-US"}]}},"_links":{"self":[{"href":"https:\/\/www.campingfontfreda.com\/en\/wp-json\/wp\/v2\/pages\/19319","targetHints":{"allow":["GET"]}}],"collection":[{"href":"https:\/\/www.campingfontfreda.com\/en\/wp-json\/wp\/v2\/pages"}],"about":[{"href":"https:\/\/www.campingfontfreda.com\/en\/wp-json\/wp\/v2\/types\/page"}],"author":[{"embeddable":true,"href":"https:\/\/www.campingfontfreda.com\/en\/wp-json\/wp\/v2\/users\/1"}],"replies":[{"embeddable":true,"href":"https:\/\/www.campingfontfreda.com\/en\/wp-json\/wp\/v2\/comments?post=19319"}],"version-history":[{"count":11,"href":"https:\/\/www.campingfontfreda.com\/en\/wp-json\/wp\/v2\/pages\/19319\/revisions"}],"predecessor-version":[{"id":21550,"href":"https:\/\/www.campingfontfreda.com\/en\/wp-json\/wp\/v2\/pages\/19319\/revisions\/21550"}],"up":[{"embeddable":true,"href":"https:\/\/www.campingfontfreda.com\/en\/wp-json\/wp\/v2\/pages\/19317"}],"wp:featuredmedia":[{"embeddable":true,"href":"https:\/\/www.campingfontfreda.com\/en\/wp-json\/wp\/v2\/media\/18919"}],"wp:attachment":[{"href":"https:\/\/www.campingfontfreda.com\/en\/wp-json\/wp\/v2\/media?parent=19319"}],"curies":[{"name":"wp","href":"https:\/\/api.w.org\/{rel}","templated":true}]}}