{"id":19333,"date":"2015-02-18T09:11:10","date_gmt":"2015-02-18T08:11:10","guid":{"rendered":"https:\/\/www.campingfontfreda.com\/entorn-2\/"},"modified":"2024-02-18T17:28:27","modified_gmt":"2024-02-18T16:28:27","slug":"environment","status":"publish","type":"page","link":"https:\/\/www.campingfontfreda.com\/en\/environment\/","title":{"rendered":"Environment"},"content":{"rendered":"<p><iframe loading=\"lazy\" frameborder=\"0\" height=\"500px\" src=\"https:\/\/www.youtube.com\/embed\/8LBDNxE4VXQ?rel=0&amp;controls=0&amp;showinfo=0\" width=\"100%\"><\/iframe><\/p>\n<h1 style=\"text-align: center;\">What to do in the Bergued\u00e0?<\/h1>\n<h2 style=\"text-align: center;\">We <strong>suggest<\/strong> you a lot of activities of all kinds and for all ages.<br \/>\nA quiet walk around the <strong><a href=\"http:\/\/www.turismeberga.cat\/que-fer\/turisme-cultural\/esglesies\/item\/364-santuari-de-santa-maria-de-queralt\/364-santuari-de-santa-maria-de-queralt\" target=\"_blank\" rel=\"noopener\"> Santuari de Queralt<\/a><\/strong>, a visit to the <strong>abandoned village<\/strong> of<a href=\"http:\/\/ca.wikipedia.org\/wiki\/Peguera_%28F%C3%ADgols%29\" target=\"_blank\" rel=\"noopener\"> Peguera<\/a> or a climbing day at <a href=\"http:\/\/www.pedraforcactiu.com\/escalades.php\" target=\"_blank\" rel=\"noopener\">Pedraforca<\/a>.<br \/>\nYou decide how to <strong>enjoy your stay!<\/strong><\/h2>\n<p>&nbsp;<\/p>\n<div class=\"columna-wrapper\">\n<div class=\"columna col1-3\">\n<div id=\"attachment_19548\" style=\"width: 260px\" class=\"wp-caption aligncenter\"><a href=\"http:\/\/www.mmcercs.cat\/museu_nou\/inici.php\" target=\"_blank\" rel=\"noopener\"><img loading=\"lazy\" decoding=\"async\" aria-describedby=\"caption-attachment-19548\" class=\"wp-image-19548 size-full\" src=\"https:\/\/www.campingfontfreda.com\/wp-content\/uploads\/carbo.jpg\" alt=\"Coneix com era la vida a la mina i endinsa't en una de les galeries principals\" width=\"250\" height=\"180\" srcset=\"https:\/\/www.campingfontfreda.com\/wp-content\/uploads\/carbo.jpg 250w, https:\/\/www.campingfontfreda.com\/wp-content\/uploads\/carbo-150x108.jpg 150w, https:\/\/www.campingfontfreda.com\/wp-content\/uploads\/carbo-222x160.jpg 222w\" sizes=\"auto, (max-width: 250px) 100vw, 250px\" \/><\/a><p id=\"caption-attachment-19548\" class=\"wp-caption-text\">Mines de Carb\u00f3 de Cercs<\/p><\/div>\n<p style=\"text-align: center;\"><strong> Discover what life was like in the mine and delve into one of the main galleries.<\/strong><\/p>\n<\/div>\n<div class=\"columna col1-3\">\n<div id=\"attachment_19556\" style=\"width: 260px\" class=\"wp-caption aligncenter\"><a href=\"http:\/\/www.hipicavilaformiu.com\/\" target=\"_blank\" rel=\"noopener\"><img loading=\"lazy\" decoding=\"async\" aria-describedby=\"caption-attachment-19556\" class=\"wp-image-19556 size-full\" src=\"https:\/\/www.campingfontfreda.com\/wp-content\/uploads\/hipica1.jpg\" alt=\"\" width=\"250\" height=\"180\" srcset=\"https:\/\/www.campingfontfreda.com\/wp-content\/uploads\/hipica1.jpg 250w, https:\/\/www.campingfontfreda.com\/wp-content\/uploads\/hipica1-150x108.jpg 150w, https:\/\/www.campingfontfreda.com\/wp-content\/uploads\/hipica1-222x160.jpg 222w\" sizes=\"auto, (max-width: 250px) 100vw, 250px\" \/><\/a><p id=\"caption-attachment-19556\" class=\"wp-caption-text\">Vilaformiu- Sortides a cavall o en poni-<\/p><\/div>\n<p style=\"text-align: center;\"><strong>Horseback ridding<\/strong><\/p>\n<\/div>\n<div class=\"columna col1-3\">\n<div id=\"attachment_19546\" style=\"width: 260px\" class=\"wp-caption alignnone\"><a title=\"Jardins Artigas -Gaud\u00ed-\" href=\"http:\/\/www.poblalillet.cat\/turisme\/que-visitar\/passeja-pels-jardins-artigas\/\" target=\"_blank\" rel=\"noopener\"><img loading=\"lazy\" decoding=\"async\" aria-describedby=\"caption-attachment-19546\" class=\"wp-image-19546 size-full\" src=\"https:\/\/www.campingfontfreda.com\/wp-content\/uploads\/artigas.jpg\" alt=\"artigas\" width=\"250\" height=\"180\" srcset=\"https:\/\/www.campingfontfreda.com\/wp-content\/uploads\/artigas.jpg 250w, https:\/\/www.campingfontfreda.com\/wp-content\/uploads\/artigas-150x108.jpg 150w, https:\/\/www.campingfontfreda.com\/wp-content\/uploads\/artigas-222x160.jpg 222w\" sizes=\"auto, (max-width: 250px) 100vw, 250px\" \/><\/a><p id=\"caption-attachment-19546\" class=\"wp-caption-text\">Jardins Artigas -Gaud\u00ed-<\/p><\/div>\n<p style=\"text-align: center;\"><strong> If you love Gaud\u00ed<br \/>\nyou cannot miss that gardens<\/strong><\/p>\n<\/div>\n<\/div>\n<div class=\"columna-wrapper\">\n<div class=\"columna col1-3\">\n<div id=\"attachment_19551\" style=\"width: 260px\" class=\"wp-caption alignnone\"><a href=\"https:\/\/www.xtrem.cat\/\" target=\"_blank\" rel=\"noopener\"><img loading=\"lazy\" decoding=\"async\" aria-describedby=\"caption-attachment-19551\" class=\"wp-image-19551 size-full\" src=\"https:\/\/www.campingfontfreda.com\/wp-content\/uploads\/parapent.jpg\" alt=\"\" width=\"250\" height=\"180\" srcset=\"https:\/\/www.campingfontfreda.com\/wp-content\/uploads\/parapent.jpg 250w, https:\/\/www.campingfontfreda.com\/wp-content\/uploads\/parapent-150x108.jpg 150w, https:\/\/www.campingfontfreda.com\/wp-content\/uploads\/parapent-222x160.jpg 222w\" sizes=\"auto, (max-width: 250px) 100vw, 250px\" \/><\/a><p id=\"caption-attachment-19551\" class=\"wp-caption-text\">Vols en parapent<\/p><\/div>\n<p style=\"text-align: center;\"><strong>The Bergued\u00e0<br \/>\nas you have never seen<\/strong><\/p>\n<\/div>\n<div class=\"columna col1-3\">\n<div id=\"attachment_19545\" style=\"width: 260px\" class=\"wp-caption aligncenter\"><a href=\"http:\/\/www.indomit.net\/\" target=\"_blank\" rel=\"noopener\"><img loading=\"lazy\" decoding=\"async\" aria-describedby=\"caption-attachment-19545\" class=\"wp-image-19545 size-full\" src=\"https:\/\/www.campingfontfreda.com\/wp-content\/uploads\/quads.jpg\" alt=\"quads\" width=\"250\" height=\"180\" srcset=\"https:\/\/www.campingfontfreda.com\/wp-content\/uploads\/quads.jpg 250w, https:\/\/www.campingfontfreda.com\/wp-content\/uploads\/quads-150x108.jpg 150w, https:\/\/www.campingfontfreda.com\/wp-content\/uploads\/quads-222x160.jpg 222w\" sizes=\"auto, (max-width: 250px) 100vw, 250px\" \/><\/a><p id=\"caption-attachment-19545\" class=\"wp-caption-text\">Quads i esports d&#8217;aventura<\/p><\/div>\n<p style=\"text-align: center;\"><strong> Quads, paintball, etc.. Ind\u00f2mit guarantee your adventure<\/strong><\/p>\n<\/div>\n<div class=\"columna col1-3\">\n<div id=\"attachment_19547\" style=\"width: 260px\" class=\"wp-caption alignnone\"><a href=\"http:\/\/www.berguedanautic.com\/index2.html\" target=\"_blank\" rel=\"noopener\"><img loading=\"lazy\" decoding=\"async\" aria-describedby=\"caption-attachment-19547\" class=\"wp-image-19547 size-full\" src=\"https:\/\/www.campingfontfreda.com\/wp-content\/uploads\/berganautic.jpg\" alt=\"\" width=\"250\" height=\"180\" srcset=\"https:\/\/www.campingfontfreda.com\/wp-content\/uploads\/berganautic.jpg 250w, https:\/\/www.campingfontfreda.com\/wp-content\/uploads\/berganautic-150x108.jpg 150w, https:\/\/www.campingfontfreda.com\/wp-content\/uploads\/berganautic-222x160.jpg 222w\" sizes=\"auto, (max-width: 250px) 100vw, 250px\" \/><\/a><p id=\"caption-attachment-19547\" class=\"wp-caption-text\">Activitats aqu\u00e0tiques, lloguer de canoes<\/p><\/div>\n<p style=\"text-align: center;\"><strong> Kayac or motor boat ,<br \/>\nenjoy La Baells as you like the most<\/strong><\/p>\n<\/div>\n<\/div>\n<div class=\"columna-wrapper\">\n<div class=\"columna col1-3\">\n<div id=\"attachment_19549\" style=\"width: 260px\" class=\"wp-caption alignnone\"><a href=\"http:\/\/www.fuives.com\/\" target=\"_blank\" rel=\"noopener\"><img loading=\"lazy\" decoding=\"async\" aria-describedby=\"caption-attachment-19549\" class=\"wp-image-19549 size-full\" src=\"https:\/\/www.campingfontfreda.com\/wp-content\/uploads\/fuives.jpg\" alt=\"\" width=\"250\" height=\"180\" srcset=\"https:\/\/www.campingfontfreda.com\/wp-content\/uploads\/fuives.jpg 250w, https:\/\/www.campingfontfreda.com\/wp-content\/uploads\/fuives-150x108.jpg 150w, https:\/\/www.campingfontfreda.com\/wp-content\/uploads\/fuives-222x160.jpg 222w\" sizes=\"auto, (max-width: 250px) 100vw, 250px\" \/><\/a><p id=\"caption-attachment-19549\" class=\"wp-caption-text\">Fuives- Centre mundial de ruc catal\u00e0-<\/p><\/div>\n<p style=\"text-align: center;\"><strong>The Fuives donkeys will delight everyone. Did you know that you can sponsor one?<\/strong><\/p>\n<\/div>\n<div class=\"columna col1-3\">\n<div id=\"attachment_22665\" style=\"width: 273px\" class=\"wp-caption aligncenter\"><a href=\"https:\/\/www.parcdaventuresdelcatllaras.cat\/\"><img loading=\"lazy\" decoding=\"async\" aria-describedby=\"caption-attachment-22665\" class=\"wp-image-22665\" src=\"https:\/\/www.campingfontfreda.com\/wp-content\/uploads\/slide_Parc_Aventures_03-500x334.jpg\" alt=\"\" width=\"263\" height=\"176\" srcset=\"https:\/\/www.campingfontfreda.com\/wp-content\/uploads\/slide_Parc_Aventures_03-500x334.jpg 500w, https:\/\/www.campingfontfreda.com\/wp-content\/uploads\/slide_Parc_Aventures_03-150x100.jpg 150w, https:\/\/www.campingfontfreda.com\/wp-content\/uploads\/slide_Parc_Aventures_03-90x60.jpg 90w, https:\/\/www.campingfontfreda.com\/wp-content\/uploads\/slide_Parc_Aventures_03-230x154.jpg 230w, https:\/\/www.campingfontfreda.com\/wp-content\/uploads\/slide_Parc_Aventures_03.jpg 640w\" sizes=\"auto, (max-width: 263px) 100vw, 263px\" \/><\/a><p id=\"caption-attachment-22665\" class=\"wp-caption-text\">adventure parc.<\/p><\/div>\n<p style=\"text-align: center;\"><strong> Zip from tree to tree!<\/strong><br \/>\n<strong>Choose your tour.<\/strong><\/p>\n<\/div>\n<div class=\"columna col1-3\" style=\"text-align: center;\">\n<div id=\"attachment_19566\" style=\"width: 260px\" class=\"wp-caption aligncenter\"><a href=\"http:\/\/parcsnaturals.gencat.cat\/ca\/cadi\" target=\"_blank\" rel=\"noopener\"><img loading=\"lazy\" decoding=\"async\" aria-describedby=\"caption-attachment-19566\" class=\"wp-image-19566 size-full\" src=\"https:\/\/www.campingfontfreda.com\/wp-content\/uploads\/cadi.jpg\" alt=\"cadi\" width=\"250\" height=\"180\" srcset=\"https:\/\/www.campingfontfreda.com\/wp-content\/uploads\/cadi.jpg 250w, https:\/\/www.campingfontfreda.com\/wp-content\/uploads\/cadi-150x108.jpg 150w, https:\/\/www.campingfontfreda.com\/wp-content\/uploads\/cadi-222x160.jpg 222w\" sizes=\"auto, (max-width: 250px) 100vw, 250px\" \/><\/a><p id=\"caption-attachment-19566\" class=\"wp-caption-text\">Parc Natural Cad\u00ed-Moixer\u00f3<\/p><\/div>\n<p><strong>Workshops, guided walks,..<br \/>\n<\/strong><strong>In the park you will find many natural options to learn about nature.<\/strong><\/p>\n<\/div>\n<\/div>\n<h2 class=\"columna-wrapper\" style=\"text-align: center;\"><\/h2>\n<h1 class=\"columna-wrapper\" style=\"text-align: center;\"><span style=\"font-size: 16px;\"><br \/>\nHiking, biking, routes by car, Bicycle rental and everything you think of <\/span><\/h1>\n<h1 class=\"columna-wrapper\" style=\"text-align: center;\"><\/h1>\n<h1 class=\"columna-wrapper\" style=\"text-align: center;\"><strong><a href=\"http:\/\/www.turismeberga.cat\/que-fer\/turisme-actiu\/rutes-de-senderisme?start=27\" target=\"_blank\" rel=\"noopener\"><img loading=\"lazy\" decoding=\"async\" class=\"wp-image-19563 size-full aligncenter\" src=\"https:\/\/www.campingfontfreda.com\/wp-content\/uploads\/berga.jpg\" alt=\"berga\" width=\"250\" height=\"180\" srcset=\"https:\/\/www.campingfontfreda.com\/wp-content\/uploads\/berga.jpg 250w, https:\/\/www.campingfontfreda.com\/wp-content\/uploads\/berga-150x108.jpg 150w, https:\/\/www.campingfontfreda.com\/wp-content\/uploads\/berga-222x160.jpg 222w\" sizes=\"auto, (max-width: 250px) 100vw, 250px\" \/><\/a><\/strong><\/h1>\n<div class=\"columna-wrapper\">\n<div class=\"columna-wrapper\">\n<ul>\n<li style=\"text-align: left;\">\n<div class=\"columna-wrapper links-entorn\">\n<div class=\"columna col1-2\">\n<h2><strong>AREAS OF INTEREST :<\/strong><\/h2>\n<ul>\n<li><strong><a href=\"http:\/\/www.turismeberga.cat\/que-fer\/turisme-cultural\/esglesies\/item\/364-santuari-de-santa-maria-de-queralt\/364-santuari-de-santa-maria-de-queralt\" target=\"_blank\" rel=\"noopener\">Santuari Queralt (Berga) a 4 km.<\/a><\/strong><\/li>\n<li><strong><a href=\"https:\/\/www.google.es\/search?q=pedret&amp;tbm=isch&amp;tbo=u&amp;source=univ&amp;sa=X&amp;ei=Ka0yVemWLMGvPNaagKgN&amp;ved=0CDEQsAQ&amp;biw=1280&amp;bih=913\" target=\"_blank\" rel=\"noopener\">Sant Quirze de Pedret a 7 Km<\/a><\/strong><\/li>\n<li><strong><a href=\"https:\/\/www.google.es\/search?q=pi+de+les+tres+branques&amp;tbm=isch&amp;tbo=u&amp;source=univ&amp;sa=X&amp;ei=oa0yVYvyFMevPLzhgIAP&amp;ved=0CC4QsAQ&amp;biw=1280&amp;bih=913\" target=\"_blank\" rel=\"noopener\">Pi de les tres branques (Castellar del Riu) 3 Km.<\/a><\/strong><\/li>\n<li><strong><a href=\"http:\/\/www.ajcastellardenhug.cat\/visitans\/que-visitar\/fitxa?uid=fc38d756b26e67ef4a666223145740e2\" target=\"_blank\" rel=\"noopener\">Fonts del Llobregat (Castellar de n\u2019Hug) 50 Km.<\/a><\/strong><\/li>\n<li><strong><a href=\"https:\/\/www.google.es\/search?q=mirador+de+la+figuerassa&amp;source=lnms&amp;tbm=isch&amp;sa=X&amp;ei=fawyVYLzI8HAPJ7LgPgL&amp;ved=0CAgQ_AUoAg&amp;biw=1280&amp;bih=913\" target=\"_blank\" rel=\"noopener\">Mirador de la Figuerassa.<\/a><\/strong><\/li>\n<li><strong><a href=\"https:\/\/www.google.es\/search?q=cim+d%27estela+i+roc+d%27aur%C3%B3&amp;source=lnms&amp;tbm=isch&amp;sa=X&amp;ei=4rAyVailI8arPPXsgZgP&amp;ved=0CAgQ_AUoAg&amp;biw=1280&amp;bih=913\" target=\"_blank\" rel=\"noopener\">Cim d&#8217;Estela i Roc d&#8217;Aur\u00f2.<\/a><\/strong><\/li>\n<li><strong><a href=\"http:\/\/elromanicdecatalunya.blogspot.com.es\/2010\/08\/sant-llorenc-dels-porxos-bergueda.html\" target=\"_blank\" rel=\"noopener\">Sant Lloren\u00e7 dels Porxos.<\/a><\/strong><\/li>\n<\/ul>\n<\/div>\n<div class=\"columna col1-2\">\n<h2><strong>FESTIVALS:<\/strong><\/h2>\n<ul>\n<li><strong><a href=\"http:\/\/www.lapatum.cat\/\" target=\"_blank\" rel=\"noopener\">La Patum (Berga),<\/a><\/strong><a href=\"http:\/\/www.lapatum.cat\/\" target=\"_blank\" rel=\"noopener\">Declarada Patrim\u00f2ni de la Humanitat.<\/a><\/li>\n<li><strong><a href=\"http:\/\/www.baga.cat\/pl36\/municipi\/turisme\/fires-festes-i-actes-destacats\/id269\/fia-faia.htm\" target=\"_blank\" rel=\"noopener\">La Fia Faia (Bag\u00e0).<\/a><\/strong><\/li>\n<li><strong> <a href=\"http:\/\/www.altbergueda.com\/ca\/pl12\/id402\/Llocs_dinteres\/Cultura\/el-rescat-de-les-cent-donzelles.htm\" target=\"_blank\" rel=\"noopener\">Rescat de les Cent Donzelles (Bag\u00e0).<\/a><\/strong><\/li>\n<li><strong> <a href=\"http:\/\/www.avia.cat\/el-poble-d-avia\/el-municipi\/segar-i-batre.php\" target=\"_blank\" rel=\"noopener\">Festes del Segar i el Batre (Avi\u00e0).<\/a><\/strong><\/li>\n<li><strong><a href=\"http:\/\/www.altbergueda.cat\/ca\/pl12\/id367\/Llocs_dinteres\/Cultura\/bergabolet-festa-del-bolet.htm\" target=\"_blank\" rel=\"noopener\">Festa del Bolet (Castellar del Riu).<\/a><\/strong><\/li>\n<li><strong> <a href=\"http:\/\/www.festacatalunya.cat\/articles-mostra-2552-cat-concurs_internacional_de_gossos_datura_de_castellar_de_nhug.htm\" target=\"_blank\" rel=\"noopener\">Concurs de Gossos d\u2019Atura (Castellar de n\u2019Hug).<\/a><\/strong><\/li>\n<\/ul>\n<\/div>\n<\/div>\n<\/li>\n<\/ul>\n<\/div>\n<\/div>\n","protected":false},"excerpt":{"rendered":"<p>What to do in the Bergued\u00e0? We suggest you a lot of activities of all kinds and for all ages. A quiet walk around the Santuari de Queralt, a visit&#8230;<\/p>\n","protected":false},"author":1,"featured_media":25096,"parent":0,"menu_order":24,"comment_status":"closed","ping_status":"closed","template":"","meta":{"_acf_changed":false,"_monsterinsights_skip_tracking":false,"_monsterinsights_sitenote_active":false,"_monsterinsights_sitenote_note":"","_monsterinsights_sitenote_category":0,"footnotes":""},"class_list":["post-19333","page","type-page","status-publish","has-post-thumbnail","hentry"],"acf":[],"yoast_head":"<!-- This site is optimized with the Yoast SEO plugin v26.0 - https:\/\/yoast.com\/wordpress\/plugins\/seo\/ -->\n<title>Environment - C\u00e0mping FontFreda<\/title>\n<meta name=\"description\" content=\"From Camping Fontfreda you can do a lot of activities like hiking, climbing, visits to museums, etc..\" \/>\n<meta name=\"robots\" content=\"index, follow, max-snippet:-1, max-image-preview:large, max-video-preview:-1\" \/>\n<link rel=\"canonical\" href=\"https:\/\/www.campingfontfreda.com\/en\/environment\/\" \/>\n<meta property=\"og:locale\" content=\"en_US\" \/>\n<meta property=\"og:type\" content=\"article\" \/>\n<meta property=\"og:title\" content=\"Environment - C\u00e0mping FontFreda\" \/>\n<meta property=\"og:description\" content=\"From Camping Fontfreda you can do a lot of activities like hiking, climbing, visits to museums, etc..\" \/>\n<meta property=\"og:url\" content=\"https:\/\/www.campingfontfreda.com\/en\/environment\/\" \/>\n<meta property=\"og:site_name\" content=\"C\u00e0mping FontFreda\" \/>\n<meta property=\"article:modified_time\" content=\"2024-02-18T16:28:27+00:00\" \/>\n<meta property=\"og:image\" content=\"https:\/\/www.campingfontfreda.com\/wp-content\/uploads\/fotos-camping-x-propaganda-2011-0491.jpg\" \/>\n\t<meta property=\"og:image:width\" content=\"1406\" \/>\n\t<meta property=\"og:image:height\" content=\"933\" \/>\n\t<meta property=\"og:image:type\" content=\"image\/jpeg\" \/>\n<meta name=\"twitter:card\" content=\"summary_large_image\" \/>\n<meta name=\"twitter:label1\" content=\"Est. reading time\" \/>\n\t<meta name=\"twitter:data1\" content=\"4 minutes\" \/>\n<script type=\"application\/ld+json\" class=\"yoast-schema-graph\">{\"@context\":\"https:\/\/schema.org\",\"@graph\":[{\"@type\":\"WebPage\",\"@id\":\"https:\/\/www.campingfontfreda.com\/en\/environment\/\",\"url\":\"https:\/\/www.campingfontfreda.com\/en\/environment\/\",\"name\":\"Environment - C\u00e0mping FontFreda\",\"isPartOf\":{\"@id\":\"https:\/\/www.campingfontfreda.com\/#website\"},\"primaryImageOfPage\":{\"@id\":\"https:\/\/www.campingfontfreda.com\/en\/environment\/#primaryimage\"},\"image\":{\"@id\":\"https:\/\/www.campingfontfreda.com\/en\/environment\/#primaryimage\"},\"thumbnailUrl\":\"https:\/\/www.campingfontfreda.com\/wp-content\/uploads\/fotos-camping-x-propaganda-2011-0491.jpg\",\"datePublished\":\"2015-02-18T08:11:10+00:00\",\"dateModified\":\"2024-02-18T16:28:27+00:00\",\"description\":\"From Camping Fontfreda you can do a lot of activities like hiking, climbing, visits to museums, etc..\",\"breadcrumb\":{\"@id\":\"https:\/\/www.campingfontfreda.com\/en\/environment\/#breadcrumb\"},\"inLanguage\":\"en-US\",\"potentialAction\":[{\"@type\":\"ReadAction\",\"target\":[\"https:\/\/www.campingfontfreda.com\/en\/environment\/\"]}]},{\"@type\":\"ImageObject\",\"inLanguage\":\"en-US\",\"@id\":\"https:\/\/www.campingfontfreda.com\/en\/environment\/#primaryimage\",\"url\":\"https:\/\/www.campingfontfreda.com\/wp-content\/uploads\/fotos-camping-x-propaganda-2011-0491.jpg\",\"contentUrl\":\"https:\/\/www.campingfontfreda.com\/wp-content\/uploads\/fotos-camping-x-propaganda-2011-0491.jpg\",\"width\":1406,\"height\":933},{\"@type\":\"BreadcrumbList\",\"@id\":\"https:\/\/www.campingfontfreda.com\/en\/environment\/#breadcrumb\",\"itemListElement\":[{\"@type\":\"ListItem\",\"position\":1,\"name\":\"Inici\",\"item\":\"https:\/\/www.campingfontfreda.com\/en\/\"},{\"@type\":\"ListItem\",\"position\":2,\"name\":\"Environment\"}]},{\"@type\":\"WebSite\",\"@id\":\"https:\/\/www.campingfontfreda.com\/#website\",\"url\":\"https:\/\/www.campingfontfreda.com\/\",\"name\":\"C\u00e0mping FontFreda\",\"description\":\"C\u00e0mping Fontfreda (Bergued\u00e0) \u00e9s un c\u00e0mping d\u2019alta muntanya ubicat a  Berga\",\"potentialAction\":[{\"@type\":\"SearchAction\",\"target\":{\"@type\":\"EntryPoint\",\"urlTemplate\":\"https:\/\/www.campingfontfreda.com\/?s={search_term_string}\"},\"query-input\":{\"@type\":\"PropertyValueSpecification\",\"valueRequired\":true,\"valueName\":\"search_term_string\"}}],\"inLanguage\":\"en-US\"}]}<\/script>\n<!-- \/ Yoast SEO plugin. -->","yoast_head_json":{"title":"Environment - C\u00e0mping FontFreda","description":"From Camping Fontfreda you can do a lot of activities like hiking, climbing, visits to museums, etc..","robots":{"index":"index","follow":"follow","max-snippet":"max-snippet:-1","max-image-preview":"max-image-preview:large","max-video-preview":"max-video-preview:-1"},"canonical":"https:\/\/www.campingfontfreda.com\/en\/environment\/","og_locale":"en_US","og_type":"article","og_title":"Environment - C\u00e0mping FontFreda","og_description":"From Camping Fontfreda you can do a lot of activities like hiking, climbing, visits to museums, etc..","og_url":"https:\/\/www.campingfontfreda.com\/en\/environment\/","og_site_name":"C\u00e0mping FontFreda","article_modified_time":"2024-02-18T16:28:27+00:00","og_image":[{"width":1406,"height":933,"url":"https:\/\/www.campingfontfreda.com\/wp-content\/uploads\/fotos-camping-x-propaganda-2011-0491.jpg","type":"image\/jpeg"}],"twitter_card":"summary_large_image","twitter_misc":{"Est. reading time":"4 minutes"},"schema":{"@context":"https:\/\/schema.org","@graph":[{"@type":"WebPage","@id":"https:\/\/www.campingfontfreda.com\/en\/environment\/","url":"https:\/\/www.campingfontfreda.com\/en\/environment\/","name":"Environment - C\u00e0mping FontFreda","isPartOf":{"@id":"https:\/\/www.campingfontfreda.com\/#website"},"primaryImageOfPage":{"@id":"https:\/\/www.campingfontfreda.com\/en\/environment\/#primaryimage"},"image":{"@id":"https:\/\/www.campingfontfreda.com\/en\/environment\/#primaryimage"},"thumbnailUrl":"https:\/\/www.campingfontfreda.com\/wp-content\/uploads\/fotos-camping-x-propaganda-2011-0491.jpg","datePublished":"2015-02-18T08:11:10+00:00","dateModified":"2024-02-18T16:28:27+00:00","description":"From Camping Fontfreda you can do a lot of activities like hiking, climbing, visits to museums, etc..","breadcrumb":{"@id":"https:\/\/www.campingfontfreda.com\/en\/environment\/#breadcrumb"},"inLanguage":"en-US","potentialAction":[{"@type":"ReadAction","target":["https:\/\/www.campingfontfreda.com\/en\/environment\/"]}]},{"@type":"ImageObject","inLanguage":"en-US","@id":"https:\/\/www.campingfontfreda.com\/en\/environment\/#primaryimage","url":"https:\/\/www.campingfontfreda.com\/wp-content\/uploads\/fotos-camping-x-propaganda-2011-0491.jpg","contentUrl":"https:\/\/www.campingfontfreda.com\/wp-content\/uploads\/fotos-camping-x-propaganda-2011-0491.jpg","width":1406,"height":933},{"@type":"BreadcrumbList","@id":"https:\/\/www.campingfontfreda.com\/en\/environment\/#breadcrumb","itemListElement":[{"@type":"ListItem","position":1,"name":"Inici","item":"https:\/\/www.campingfontfreda.com\/en\/"},{"@type":"ListItem","position":2,"name":"Environment"}]},{"@type":"WebSite","@id":"https:\/\/www.campingfontfreda.com\/#website","url":"https:\/\/www.campingfontfreda.com\/","name":"C\u00e0mping FontFreda","description":"C\u00e0mping Fontfreda (Bergued\u00e0) \u00e9s un c\u00e0mping d\u2019alta muntanya ubicat a  Berga","potentialAction":[{"@type":"SearchAction","target":{"@type":"EntryPoint","urlTemplate":"https:\/\/www.campingfontfreda.com\/?s={search_term_string}"},"query-input":{"@type":"PropertyValueSpecification","valueRequired":true,"valueName":"search_term_string"}}],"inLanguage":"en-US"}]}},"_links":{"self":[{"href":"https:\/\/www.campingfontfreda.com\/en\/wp-json\/wp\/v2\/pages\/19333","targetHints":{"allow":["GET"]}}],"collection":[{"href":"https:\/\/www.campingfontfreda.com\/en\/wp-json\/wp\/v2\/pages"}],"about":[{"href":"https:\/\/www.campingfontfreda.com\/en\/wp-json\/wp\/v2\/types\/page"}],"author":[{"embeddable":true,"href":"https:\/\/www.campingfontfreda.com\/en\/wp-json\/wp\/v2\/users\/1"}],"replies":[{"embeddable":true,"href":"https:\/\/www.campingfontfreda.com\/en\/wp-json\/wp\/v2\/comments?post=19333"}],"version-history":[{"count":23,"href":"https:\/\/www.campingfontfreda.com\/en\/wp-json\/wp\/v2\/pages\/19333\/revisions"}],"predecessor-version":[{"id":33318,"href":"https:\/\/www.campingfontfreda.com\/en\/wp-json\/wp\/v2\/pages\/19333\/revisions\/33318"}],"wp:featuredmedia":[{"embeddable":true,"href":"https:\/\/www.campingfontfreda.com\/en\/wp-json\/wp\/v2\/media\/25096"}],"wp:attachment":[{"href":"https:\/\/www.campingfontfreda.com\/en\/wp-json\/wp\/v2\/media?parent=19333"}],"curies":[{"name":"wp","href":"https:\/\/api.w.org\/{rel}","templated":true}]}}