{"id":19790,"date":"2015-04-22T10:01:21","date_gmt":"2015-04-22T08:01:21","guid":{"rendered":"https:\/\/www.campingfontfreda.com\/prices\/bungalow\/"},"modified":"2021-12-18T21:03:05","modified_gmt":"2021-12-18T20:03:05","slug":"tarifes-bungalow","status":"publish","type":"page","link":"https:\/\/www.campingfontfreda.com\/en\/prices\/tarifes-bungalow\/","title":{"rendered":"Bungalow"},"content":{"rendered":"<h1>The best prices and so much flexibility in the check in and  the check out as  the occupation allows so that you will  enjoy the most your stay.<\/h1>\n<p><strong>*<\/strong><em>Ask when booking<\/em><\/p>\n<h1 class=\"title-ofertas\">OFFERS:<\/h1>\n<p><p>&nbsp;<\/p>\n<table class=\"table-ofertas-bng\">\n<tbody>\n<tr>\n<td><strong>Serie 100<\/strong><\/td>\n<td><span style=\"color: #003300;\">*2px &#8211; 165<sup>\u20ac<\/sup><\/span><\/td>\n<td><span style=\"color: #003300;\">4px &#8211; 198<sup>\u20ac<\/sup><\/span><\/td>\n<\/tr>\n<tr>\n<td><strong>Serie 200<\/strong><\/td>\n<td><span style=\"color: #003300;\">4px &#8211; 210<sup>\u20ac<\/sup><\/span><\/td>\n<td><span style=\"color: #003300;\">6px &#8211; 230<sup>\u20ac<\/sup><\/span><\/td>\n<\/tr>\n<tr>\n<td><strong>Serie 300<\/strong><\/td>\n<td><span style=\"color: #003300;\">6px &#8211; 230<sup>\u20ac<\/sup><\/span><\/td>\n<td>&#8211;<\/td>\n<\/tr>\n<tr>\n<td><strong>Mobil home 2p.<\/strong><\/td>\n<td><span style=\"color: #003300;\">2px &#8211; 165<sup>\u20ac <\/sup><\/span><\/td>\n<td>&#8211;<\/td>\n<\/tr>\n<\/tbody>\n<\/table>\n<p>*From november to may<\/p>\n<br \/>\nThis offers are only for weekends (2 nits) i <strong>NOT applicable in July, August and long weekends.<\/strong><\/p>\n<hr \/>\n<p>&nbsp;<\/p>\n<table>\n<tbody>\n<tr>\n<th colspan=\"2\"><img loading=\"lazy\" decoding=\"async\" class=\"alignnone size-full wp-image-18902\" src=\"https:\/\/www.campingfontfreda.com\/wp-content\/uploads\/bng.png\" alt=\"bng\" width=\"38\" height=\"40\" \/> Bungalows Prices<\/th>\n<\/tr>\n<tr>\n<td><strong>Series 100<\/strong><\/td>\n<td style=\"text-align: left;\"><strong>120,00 <sup>\u20ac<\/sup><\/strong>\/ night (August &amp; long weekends)<br \/>\n<strong>100,00<sup>\u20ac<\/sup><\/strong>\/night (July, 2 nights min.)<\/td>\n<\/tr>\n<tr>\n<td><strong>Series 200<\/strong><\/td>\n<td style=\"text-align: left;\"><strong>155,00 <sup>\u20ac<\/sup><\/strong>\/night (August &amp; long weekends)<br \/>\n<strong>125,00 <sup>\u20ac<\/sup><\/strong>\/night (July, 2 nights min.)<\/td>\n<\/tr>\n<tr>\n<td><strong>Series 300<\/strong><\/td>\n<td style=\"text-align: left;\"><strong>155,00 <sup>\u20ac<\/sup><\/strong>\/night (August &amp; long weekends)<br \/>\n<strong>125,00 <sup>\u20ac<\/sup><\/strong>\/night (July, 2 nights min.<\/td>\n<\/tr>\n<tr>\n<td><strong>Mobil home 2 p.<\/strong><\/td>\n<td style=\"text-align: left;\"><strong>105,00 <sup>\u20ac<\/sup><\/strong> \/night July (m\u00ednim 2 nights)<\/p>\n<p><strong>97,50 <sup>\u20ac<\/sup><\/strong>\/night (August &amp; long weekends)<\/td>\n<\/tr>\n<\/tbody>\n<\/table>\n\n<pre id=\"tw-target-text\" class=\"tw-data-text vk_txt tw-ta tw-text-small\" dir=\"ltr\" data-placeholder=\"Traducci\u00f3n\" data-fulltext=\"\"><strong>All overnight stays of one night will apply high list price<\/strong><\/pre>\n<p><strong>Pets on request.<\/strong><\/p>\n","protected":false},"excerpt":{"rendered":"<p>The best prices and so much flexibility in the check in and the check out as the occupation allows so that you will enjoy the most your stay. *Ask when&#8230;<\/p>\n","protected":false},"author":1,"featured_media":19110,"parent":19310,"menu_order":0,"comment_status":"closed","ping_status":"closed","template":"","meta":{"_acf_changed":false,"_monsterinsights_skip_tracking":false,"_monsterinsights_sitenote_active":false,"_monsterinsights_sitenote_note":"","_monsterinsights_sitenote_category":0,"footnotes":""},"class_list":["post-19790","page","type-page","status-publish","has-post-thumbnail","hentry"],"acf":[],"yoast_head":"<!-- This site is optimized with the Yoast SEO plugin v26.0 - https:\/\/yoast.com\/wordpress\/plugins\/seo\/ -->\n<title>Bungalow - C\u00e0mping FontFreda<\/title>\n<meta name=\"robots\" content=\"index, follow, max-snippet:-1, max-image-preview:large, max-video-preview:-1\" \/>\n<link rel=\"canonical\" href=\"https:\/\/www.campingfontfreda.com\/en\/prices\/tarifes-bungalow\/\" \/>\n<meta property=\"og:locale\" content=\"en_US\" \/>\n<meta property=\"og:type\" content=\"article\" \/>\n<meta property=\"og:title\" content=\"Bungalow - C\u00e0mping FontFreda\" \/>\n<meta property=\"og:description\" content=\"The best prices and so much flexibility in the check in and the check out as the occupation allows so that you will enjoy the most your stay. *Ask when...\" \/>\n<meta property=\"og:url\" content=\"https:\/\/www.campingfontfreda.com\/en\/prices\/tarifes-bungalow\/\" \/>\n<meta property=\"og:site_name\" content=\"C\u00e0mping FontFreda\" \/>\n<meta property=\"article:modified_time\" content=\"2021-12-18T20:03:05+00:00\" \/>\n<meta property=\"og:image\" content=\"https:\/\/www.campingfontfreda.com\/wp-content\/uploads\/bunga300G.jpg\" \/>\n\t<meta property=\"og:image:width\" content=\"1600\" \/>\n\t<meta property=\"og:image:height\" content=\"1200\" \/>\n\t<meta property=\"og:image:type\" content=\"image\/jpeg\" \/>\n<meta name=\"twitter:card\" content=\"summary_large_image\" \/>\n<script type=\"application\/ld+json\" class=\"yoast-schema-graph\">{\"@context\":\"https:\/\/schema.org\",\"@graph\":[{\"@type\":\"WebPage\",\"@id\":\"https:\/\/www.campingfontfreda.com\/en\/prices\/tarifes-bungalow\/\",\"url\":\"https:\/\/www.campingfontfreda.com\/en\/prices\/tarifes-bungalow\/\",\"name\":\"Bungalow - C\u00e0mping FontFreda\",\"isPartOf\":{\"@id\":\"https:\/\/www.campingfontfreda.com\/#website\"},\"primaryImageOfPage\":{\"@id\":\"https:\/\/www.campingfontfreda.com\/en\/prices\/tarifes-bungalow\/#primaryimage\"},\"image\":{\"@id\":\"https:\/\/www.campingfontfreda.com\/en\/prices\/tarifes-bungalow\/#primaryimage\"},\"thumbnailUrl\":\"https:\/\/www.campingfontfreda.com\/wp-content\/uploads\/bunga300G.jpg\",\"datePublished\":\"2015-04-22T08:01:21+00:00\",\"dateModified\":\"2021-12-18T20:03:05+00:00\",\"breadcrumb\":{\"@id\":\"https:\/\/www.campingfontfreda.com\/en\/prices\/tarifes-bungalow\/#breadcrumb\"},\"inLanguage\":\"en-US\",\"potentialAction\":[{\"@type\":\"ReadAction\",\"target\":[\"https:\/\/www.campingfontfreda.com\/en\/prices\/tarifes-bungalow\/\"]}]},{\"@type\":\"ImageObject\",\"inLanguage\":\"en-US\",\"@id\":\"https:\/\/www.campingfontfreda.com\/en\/prices\/tarifes-bungalow\/#primaryimage\",\"url\":\"https:\/\/www.campingfontfreda.com\/wp-content\/uploads\/bunga300G.jpg\",\"contentUrl\":\"https:\/\/www.campingfontfreda.com\/wp-content\/uploads\/bunga300G.jpg\",\"width\":1600,\"height\":1200,\"caption\":\"bungalow amb altell\"},{\"@type\":\"BreadcrumbList\",\"@id\":\"https:\/\/www.campingfontfreda.com\/en\/prices\/tarifes-bungalow\/#breadcrumb\",\"itemListElement\":[{\"@type\":\"ListItem\",\"position\":1,\"name\":\"Inici\",\"item\":\"https:\/\/www.campingfontfreda.com\/en\/\"},{\"@type\":\"ListItem\",\"position\":2,\"name\":\"Prices\",\"item\":\"https:\/\/www.campingfontfreda.com\/en\/prices\/\"},{\"@type\":\"ListItem\",\"position\":3,\"name\":\"Bungalow\"}]},{\"@type\":\"WebSite\",\"@id\":\"https:\/\/www.campingfontfreda.com\/#website\",\"url\":\"https:\/\/www.campingfontfreda.com\/\",\"name\":\"C\u00e0mping FontFreda\",\"description\":\"C\u00e0mping Fontfreda (Bergued\u00e0) \u00e9s un c\u00e0mping d\u2019alta muntanya ubicat a  Berga\",\"potentialAction\":[{\"@type\":\"SearchAction\",\"target\":{\"@type\":\"EntryPoint\",\"urlTemplate\":\"https:\/\/www.campingfontfreda.com\/?s={search_term_string}\"},\"query-input\":{\"@type\":\"PropertyValueSpecification\",\"valueRequired\":true,\"valueName\":\"search_term_string\"}}],\"inLanguage\":\"en-US\"}]}<\/script>\n<!-- \/ Yoast SEO plugin. -->","yoast_head_json":{"title":"Bungalow - C\u00e0mping FontFreda","robots":{"index":"index","follow":"follow","max-snippet":"max-snippet:-1","max-image-preview":"max-image-preview:large","max-video-preview":"max-video-preview:-1"},"canonical":"https:\/\/www.campingfontfreda.com\/en\/prices\/tarifes-bungalow\/","og_locale":"en_US","og_type":"article","og_title":"Bungalow - C\u00e0mping FontFreda","og_description":"The best prices and so much flexibility in the check in and the check out as the occupation allows so that you will enjoy the most your stay. *Ask when...","og_url":"https:\/\/www.campingfontfreda.com\/en\/prices\/tarifes-bungalow\/","og_site_name":"C\u00e0mping FontFreda","article_modified_time":"2021-12-18T20:03:05+00:00","og_image":[{"width":1600,"height":1200,"url":"https:\/\/www.campingfontfreda.com\/wp-content\/uploads\/bunga300G.jpg","type":"image\/jpeg"}],"twitter_card":"summary_large_image","schema":{"@context":"https:\/\/schema.org","@graph":[{"@type":"WebPage","@id":"https:\/\/www.campingfontfreda.com\/en\/prices\/tarifes-bungalow\/","url":"https:\/\/www.campingfontfreda.com\/en\/prices\/tarifes-bungalow\/","name":"Bungalow - C\u00e0mping FontFreda","isPartOf":{"@id":"https:\/\/www.campingfontfreda.com\/#website"},"primaryImageOfPage":{"@id":"https:\/\/www.campingfontfreda.com\/en\/prices\/tarifes-bungalow\/#primaryimage"},"image":{"@id":"https:\/\/www.campingfontfreda.com\/en\/prices\/tarifes-bungalow\/#primaryimage"},"thumbnailUrl":"https:\/\/www.campingfontfreda.com\/wp-content\/uploads\/bunga300G.jpg","datePublished":"2015-04-22T08:01:21+00:00","dateModified":"2021-12-18T20:03:05+00:00","breadcrumb":{"@id":"https:\/\/www.campingfontfreda.com\/en\/prices\/tarifes-bungalow\/#breadcrumb"},"inLanguage":"en-US","potentialAction":[{"@type":"ReadAction","target":["https:\/\/www.campingfontfreda.com\/en\/prices\/tarifes-bungalow\/"]}]},{"@type":"ImageObject","inLanguage":"en-US","@id":"https:\/\/www.campingfontfreda.com\/en\/prices\/tarifes-bungalow\/#primaryimage","url":"https:\/\/www.campingfontfreda.com\/wp-content\/uploads\/bunga300G.jpg","contentUrl":"https:\/\/www.campingfontfreda.com\/wp-content\/uploads\/bunga300G.jpg","width":1600,"height":1200,"caption":"bungalow amb altell"},{"@type":"BreadcrumbList","@id":"https:\/\/www.campingfontfreda.com\/en\/prices\/tarifes-bungalow\/#breadcrumb","itemListElement":[{"@type":"ListItem","position":1,"name":"Inici","item":"https:\/\/www.campingfontfreda.com\/en\/"},{"@type":"ListItem","position":2,"name":"Prices","item":"https:\/\/www.campingfontfreda.com\/en\/prices\/"},{"@type":"ListItem","position":3,"name":"Bungalow"}]},{"@type":"WebSite","@id":"https:\/\/www.campingfontfreda.com\/#website","url":"https:\/\/www.campingfontfreda.com\/","name":"C\u00e0mping FontFreda","description":"C\u00e0mping Fontfreda (Bergued\u00e0) \u00e9s un c\u00e0mping d\u2019alta muntanya ubicat a  Berga","potentialAction":[{"@type":"SearchAction","target":{"@type":"EntryPoint","urlTemplate":"https:\/\/www.campingfontfreda.com\/?s={search_term_string}"},"query-input":{"@type":"PropertyValueSpecification","valueRequired":true,"valueName":"search_term_string"}}],"inLanguage":"en-US"}]}},"_links":{"self":[{"href":"https:\/\/www.campingfontfreda.com\/en\/wp-json\/wp\/v2\/pages\/19790","targetHints":{"allow":["GET"]}}],"collection":[{"href":"https:\/\/www.campingfontfreda.com\/en\/wp-json\/wp\/v2\/pages"}],"about":[{"href":"https:\/\/www.campingfontfreda.com\/en\/wp-json\/wp\/v2\/types\/page"}],"author":[{"embeddable":true,"href":"https:\/\/www.campingfontfreda.com\/en\/wp-json\/wp\/v2\/users\/1"}],"replies":[{"embeddable":true,"href":"https:\/\/www.campingfontfreda.com\/en\/wp-json\/wp\/v2\/comments?post=19790"}],"version-history":[{"count":18,"href":"https:\/\/www.campingfontfreda.com\/en\/wp-json\/wp\/v2\/pages\/19790\/revisions"}],"predecessor-version":[{"id":32768,"href":"https:\/\/www.campingfontfreda.com\/en\/wp-json\/wp\/v2\/pages\/19790\/revisions\/32768"}],"up":[{"embeddable":true,"href":"https:\/\/www.campingfontfreda.com\/en\/wp-json\/wp\/v2\/pages\/19310"}],"wp:featuredmedia":[{"embeddable":true,"href":"https:\/\/www.campingfontfreda.com\/en\/wp-json\/wp\/v2\/media\/19110"}],"wp:attachment":[{"href":"https:\/\/www.campingfontfreda.com\/en\/wp-json\/wp\/v2\/media?parent=19790"}],"curies":[{"name":"wp","href":"https:\/\/api.w.org\/{rel}","templated":true}]}}