{"id":19802,"date":"2015-04-22T10:02:51","date_gmt":"2015-04-22T08:02:51","guid":{"rendered":"https:\/\/www.campingfontfreda.com\/prices\/tarifes-parcel%c2%b7la\/"},"modified":"2025-12-18T17:00:03","modified_gmt":"2025-12-18T16:00:03","slug":"tarifes-parcel%c2%b7la","status":"publish","type":"page","link":"https:\/\/www.campingfontfreda.com\/en\/prices\/tarifes-parcel%c2%b7la\/","title":{"rendered":"Pitches"},"content":{"rendered":"<div class=\"columna-wrapper\">\n<div class=\"columna col1-2 oferta-column\">\n<h1 style=\"color: #ffcc02; text-align: center; margin-top: 20px;\">Family Pack 48<sup>\u20ac<\/sup><\/h1>\n<p style=\"text-align: center;\">&#8211; For caravans or campers<br \/>\n&#8211; Maximum: 4 people.<br \/>\n&#8211; <strong>Includes:<\/strong>Pitch, electricity and car.<br \/>\n<em><strong>Long weekens, Easter , july and <\/strong><\/em><em><strong>august ,not included<br \/>\n<\/strong><\/em><em><span style=\"color: #000000;\">d<\/span><\/em><em>ogs of potentialy dangerous breeds not allowed<strong><br \/>\n<\/strong><\/em><\/p>\n<\/div>\n<div class=\"columna col1-2 oferta-column\">\n<h1 style=\"color: #ffcc02; text-align: center; margin-top: 20px;\">Tent Pack 31<sup>\u20ac<\/sup><\/h1>\n<p style=\"text-align: center;\">&#8211; Maximum: 2 people+ tent<br \/>\n&#8211; <strong>Includes:<\/strong>Pitch and car, bike or motorbike.<br \/>\n&#8211; <strong>Electricity not included<br \/>\n<\/strong><\/p>\n<p style=\"text-align: center;\"><em>dogs of potentialy dangerous breed not allowed<\/em><\/p>\n<\/div>\n<\/div>\n<table>\n<tbody>\n<tr>\n<th colspan=\"2\"><img loading=\"lazy\" decoding=\"async\" class=\"alignnone size-full wp-image-18903\" src=\"https:\/\/www.campingfontfreda.com\/wp-content\/uploads\/day.png\" alt=\"day\" width=\"38\" height=\"40\" \/> Prices per day<\/th>\n<\/tr>\n<tr>\n<td><strong>Adults<\/strong><\/td>\n<td>7,75<sup>\u20ac<\/sup><\/td>\n<\/tr>\n<tr>\n<td><strong>Children<\/strong><\/td>\n<td>6,75<sup>\u20ac<\/sup><\/td>\n<\/tr>\n<tr>\n<td><strong>Tent<\/strong><\/td>\n<td>7,75<sup>\u20ac<\/sup><\/td>\n<\/tr>\n<tr>\n<td><strong>Car**<\/strong><\/td>\n<td>7,75<sup>\u20ac<\/sup><\/td>\n<\/tr>\n<tr>\n<td><strong>Motorbike<\/strong><\/td>\n<td>6,75<sup>\u20ac<\/sup><\/td>\n<\/tr>\n<tr>\n<td><strong>Caravana<\/strong><\/td>\n<td>7,75<sup>\u20ac<\/sup><\/td>\n<\/tr>\n<tr>\n<td><strong>Motor-home<\/strong><\/td>\n<td>15,50<sup>\u20ac<\/sup><\/td>\n<\/tr>\n<\/tbody>\n<\/table>\n<table>\n<tbody>\n<tr>\n<td><strong>Dog* <\/strong><\/td>\n<td><sup><span style=\"font-size: 16px;\">3,00<\/span>\u20ac <\/sup><\/td>\n<\/tr>\n<\/tbody>\n<\/table>\n<p><strong> *dangerous breeds not allowed<br \/>\n** Overnight in the car will be billed as a motorhome.<\/strong><\/p>\n\n<table>\n<tbody>\n<tr>\n<th colspan=\"2\"><img loading=\"lazy\" decoding=\"async\" class=\"alignnone size-full wp-image-18905\" src=\"https:\/\/www.campingfontfreda.com\/wp-content\/uploads\/mes.png\" alt=\"mes\" width=\"38\" height=\"40\" \/>Prices per month<\/th>\n<\/tr>\n<tr>\n<td><strong>January<\/strong><\/td>\n<td>256<sup>\u20ac<\/sup><\/td>\n<\/tr>\n<tr>\n<td><strong>February<\/strong><\/td>\n<td>256<sup>\u20ac<\/sup><\/td>\n<\/tr>\n<tr>\n<td><strong>March<\/strong><\/td>\n<td>256<sup>\u20ac<\/sup><\/td>\n<\/tr>\n<tr>\n<td><strong>April<\/strong><\/td>\n<td><sup><span style=\"font-size: 16px;\">325<\/span>\u20ac<\/sup><\/td>\n<\/tr>\n<tr>\n<td><strong>May<\/strong><\/td>\n<td>256<sup>\u20ac<\/sup><\/td>\n<\/tr>\n<tr>\n<td><strong>June<\/strong><\/td>\n<td>256<sup>\u20ac<\/sup><\/td>\n<\/tr>\n<tr>\n<td><strong>July<\/strong><\/td>\n<td>490<sup>\u20ac<\/sup><\/td>\n<\/tr>\n<tr>\n<td><strong>August<\/strong><\/td>\n<td><sup><span style=\"font-size: 16px;\">945<\/span>\u20ac<\/sup><\/td>\n<\/tr>\n<tr>\n<td><strong>September<\/strong><\/td>\n<td><sup><span style=\"font-size: 16px;\">325<\/span>\u20ac<\/sup><\/td>\n<\/tr>\n<tr>\n<td><strong>October<\/strong><\/td>\n<td><sup><span style=\"font-size: 16px;\">325<\/span>\u20ac<\/sup><\/td>\n<\/tr>\n<tr>\n<td><strong>November<\/strong><\/td>\n<td>256<sup>\u20ac<\/sup><\/td>\n<\/tr>\n<tr>\n<td><strong>December<\/strong><\/td>\n<td>256<sup>\u20ac<\/sup><\/td>\n<\/tr>\n<\/tbody>\n<\/table>\n\n<table>\n<tbody>\n<tr>\n<th colspan=\"2\"><img loading=\"lazy\" decoding=\"async\" class=\"alignnone size-full wp-image-18901\" src=\"https:\/\/www.campingfontfreda.com\/wp-content\/uploads\/varis-mes.png\" alt=\"varis-mes\" width=\"38\" height=\"40\" \/>Prices for several months<\/th>\n<\/tr>\n<tr>\n<td><strong>May&#8211;June<\/strong><\/td>\n<td><sup><span style=\"font-size: 16px;\">440<\/span>\u20ac<\/sup><\/td>\n<\/tr>\n<tr>\n<td><strong>July&#8211;August<\/strong><\/td>\n<td><sup><span style=\"font-size: 16px;\">1375<\/span>\u20ac<\/sup><\/td>\n<\/tr>\n<tr>\n<td><strong>May&#8211;August<\/strong><\/td>\n<td>1625<sup>\u20ac<\/sup><\/td>\n<\/tr>\n<tr>\n<td><strong>May&#8211;October<\/strong><\/td>\n<td>1050<sup>\u20ac<\/sup><\/td>\n<\/tr>\n<tr>\n<td><strong>September&#8211;October<\/strong><\/td>\n<td><sup><span style=\"font-size: 16px;\">615<\/span>\u20ac<\/sup><\/td>\n<\/tr>\n<tr>\n<td><strong>November &#8211; April<\/strong><\/td>\n<td>1410<sup>\u20ac<\/sup><\/td>\n<\/tr>\n<tr>\n<td><strong>Temporada anual caravana<\/strong><\/td>\n<td>2880<sup>\u20ac<\/sup><\/td>\n<\/tr>\n<tr>\n<td><strong>Temporada anual mobile-home<\/strong><\/td>\n<td>3780<sup>\u20ac<\/sup><\/td>\n<\/tr>\n<\/tbody>\n<\/table>\n\n<div class=\"columna-wrapper\">\n<div class=\"columna col1-2\">\n<table>\n<tbody>\n<tr>\n<th colspan=\"2\"><img loading=\"lazy\" decoding=\"async\" class=\"alignnone size-full wp-image-18904\" src=\"https:\/\/www.campingfontfreda.com\/wp-content\/uploads\/elct.png\" alt=\"elct\" width=\"38\" height=\"40\" \/>Electricity 6 <small>A<\/small><\/th>\n<\/tr>\n<tr>\n<td><strong>July &#8211; August<\/strong><\/td>\n<td><strong>Rest of the year<\/strong><\/td>\n<\/tr>\n<tr>\n<td>6,55<sup>\u20ac<\/sup><\/td>\n<td>8,00<sup>\u20ac<\/sup><\/td>\n<\/tr>\n<\/tbody>\n<\/table>\n<\/div>\n<div class=\"columna col1-2\">\n<table>\n<tbody>\n<tr>\n<th colspan=\"2\"><img loading=\"lazy\" decoding=\"async\" class=\"alignnone size-full wp-image-18904\" src=\"https:\/\/www.campingfontfreda.com\/wp-content\/uploads\/elct.png\" alt=\"elct\" width=\"38\" height=\"40\" \/>Electricity 10 <small>A<\/small><\/th>\n<\/tr>\n<tr>\n<td><strong>July &#8211; August<\/strong><\/td>\n<td><strong>Rest of the year<\/strong><\/td>\n<\/tr>\n<tr>\n<td>9,10<sup>\u20ac<\/sup><\/td>\n<td>10,60<sup>\u20ac<\/sup><\/td>\n<\/tr>\n<\/tbody>\n<\/table>\n<\/div>\n<\/div>\n<p>&nbsp;<\/p>\n\n","protected":false},"excerpt":{"rendered":"<p>Family Pack 48\u20ac &#8211; For caravans or campers &#8211; Maximum: 4 people. &#8211; Includes:Pitch, electricity and car. Long weekens, Easter , july and august ,not included dogs of potentialy dangerous&#8230;<\/p>\n","protected":false},"author":1,"featured_media":19025,"parent":19310,"menu_order":0,"comment_status":"closed","ping_status":"closed","template":"","meta":{"_acf_changed":false,"_monsterinsights_skip_tracking":false,"_monsterinsights_sitenote_active":false,"_monsterinsights_sitenote_note":"","_monsterinsights_sitenote_category":0,"footnotes":""},"class_list":["post-19802","page","type-page","status-publish","has-post-thumbnail","hentry"],"acf":[],"yoast_head":"<!-- This site is optimized with the Yoast SEO plugin v26.0 - https:\/\/yoast.com\/wordpress\/plugins\/seo\/ -->\n<title>Pitches - C\u00e0mping FontFreda<\/title>\n<meta name=\"robots\" content=\"index, follow, max-snippet:-1, max-image-preview:large, max-video-preview:-1\" \/>\n<link rel=\"canonical\" href=\"https:\/\/www.campingfontfreda.com\/en\/prices\/tarifes-parcel\u00b7la\/\" \/>\n<meta property=\"og:locale\" content=\"en_US\" \/>\n<meta property=\"og:type\" content=\"article\" \/>\n<meta property=\"og:title\" content=\"Pitches - C\u00e0mping FontFreda\" \/>\n<meta property=\"og:description\" content=\"Family Pack 48\u20ac &#8211; For caravans or campers &#8211; Maximum: 4 people. &#8211; Includes:Pitch, electricity and car. Long weekens, Easter , july and august ,not included dogs of potentialy dangerous...\" \/>\n<meta property=\"og:url\" content=\"https:\/\/www.campingfontfreda.com\/en\/prices\/tarifes-parcel\u00b7la\/\" \/>\n<meta property=\"og:site_name\" content=\"C\u00e0mping FontFreda\" \/>\n<meta property=\"article:modified_time\" content=\"2025-12-18T16:00:03+00:00\" \/>\n<meta property=\"og:image\" content=\"https:\/\/www.campingfontfreda.com\/wp-content\/uploads\/fotos-camping-x-propaganda-2011-024.jpg\" \/>\n\t<meta property=\"og:image:width\" content=\"1600\" \/>\n\t<meta property=\"og:image:height\" content=\"1200\" \/>\n\t<meta property=\"og:image:type\" content=\"image\/jpeg\" \/>\n<meta name=\"twitter:card\" content=\"summary_large_image\" \/>\n<meta name=\"twitter:label1\" content=\"Est. reading time\" \/>\n\t<meta name=\"twitter:data1\" content=\"1 minute\" \/>\n<script type=\"application\/ld+json\" class=\"yoast-schema-graph\">{\"@context\":\"https:\/\/schema.org\",\"@graph\":[{\"@type\":\"WebPage\",\"@id\":\"https:\/\/www.campingfontfreda.com\/en\/prices\/tarifes-parcel%c2%b7la\/\",\"url\":\"https:\/\/www.campingfontfreda.com\/en\/prices\/tarifes-parcel%c2%b7la\/\",\"name\":\"Pitches - C\u00e0mping FontFreda\",\"isPartOf\":{\"@id\":\"https:\/\/www.campingfontfreda.com\/#website\"},\"primaryImageOfPage\":{\"@id\":\"https:\/\/www.campingfontfreda.com\/en\/prices\/tarifes-parcel%c2%b7la\/#primaryimage\"},\"image\":{\"@id\":\"https:\/\/www.campingfontfreda.com\/en\/prices\/tarifes-parcel%c2%b7la\/#primaryimage\"},\"thumbnailUrl\":\"https:\/\/www.campingfontfreda.com\/wp-content\/uploads\/fotos-camping-x-propaganda-2011-024.jpg\",\"datePublished\":\"2015-04-22T08:02:51+00:00\",\"dateModified\":\"2025-12-18T16:00:03+00:00\",\"breadcrumb\":{\"@id\":\"https:\/\/www.campingfontfreda.com\/en\/prices\/tarifes-parcel%c2%b7la\/#breadcrumb\"},\"inLanguage\":\"en-US\",\"potentialAction\":[{\"@type\":\"ReadAction\",\"target\":[\"https:\/\/www.campingfontfreda.com\/en\/prices\/tarifes-parcel%c2%b7la\/\"]}]},{\"@type\":\"ImageObject\",\"inLanguage\":\"en-US\",\"@id\":\"https:\/\/www.campingfontfreda.com\/en\/prices\/tarifes-parcel%c2%b7la\/#primaryimage\",\"url\":\"https:\/\/www.campingfontfreda.com\/wp-content\/uploads\/fotos-camping-x-propaganda-2011-024.jpg\",\"contentUrl\":\"https:\/\/www.campingfontfreda.com\/wp-content\/uploads\/fotos-camping-x-propaganda-2011-024.jpg\",\"width\":1600,\"height\":1200},{\"@type\":\"BreadcrumbList\",\"@id\":\"https:\/\/www.campingfontfreda.com\/en\/prices\/tarifes-parcel%c2%b7la\/#breadcrumb\",\"itemListElement\":[{\"@type\":\"ListItem\",\"position\":1,\"name\":\"Inici\",\"item\":\"https:\/\/www.campingfontfreda.com\/en\/\"},{\"@type\":\"ListItem\",\"position\":2,\"name\":\"Prices\",\"item\":\"https:\/\/www.campingfontfreda.com\/en\/prices\/\"},{\"@type\":\"ListItem\",\"position\":3,\"name\":\"Pitches\"}]},{\"@type\":\"WebSite\",\"@id\":\"https:\/\/www.campingfontfreda.com\/#website\",\"url\":\"https:\/\/www.campingfontfreda.com\/\",\"name\":\"C\u00e0mping FontFreda\",\"description\":\"C\u00e0mping Fontfreda (Bergued\u00e0) \u00e9s un c\u00e0mping d\u2019alta muntanya ubicat a  Berga\",\"potentialAction\":[{\"@type\":\"SearchAction\",\"target\":{\"@type\":\"EntryPoint\",\"urlTemplate\":\"https:\/\/www.campingfontfreda.com\/?s={search_term_string}\"},\"query-input\":{\"@type\":\"PropertyValueSpecification\",\"valueRequired\":true,\"valueName\":\"search_term_string\"}}],\"inLanguage\":\"en-US\"}]}<\/script>\n<!-- \/ Yoast SEO plugin. -->","yoast_head_json":{"title":"Pitches - C\u00e0mping FontFreda","robots":{"index":"index","follow":"follow","max-snippet":"max-snippet:-1","max-image-preview":"max-image-preview:large","max-video-preview":"max-video-preview:-1"},"canonical":"https:\/\/www.campingfontfreda.com\/en\/prices\/tarifes-parcel\u00b7la\/","og_locale":"en_US","og_type":"article","og_title":"Pitches - C\u00e0mping FontFreda","og_description":"Family Pack 48\u20ac &#8211; For caravans or campers &#8211; Maximum: 4 people. &#8211; Includes:Pitch, electricity and car. Long weekens, Easter , july and august ,not included dogs of potentialy dangerous...","og_url":"https:\/\/www.campingfontfreda.com\/en\/prices\/tarifes-parcel\u00b7la\/","og_site_name":"C\u00e0mping FontFreda","article_modified_time":"2025-12-18T16:00:03+00:00","og_image":[{"width":1600,"height":1200,"url":"https:\/\/www.campingfontfreda.com\/wp-content\/uploads\/fotos-camping-x-propaganda-2011-024.jpg","type":"image\/jpeg"}],"twitter_card":"summary_large_image","twitter_misc":{"Est. reading time":"1 minute"},"schema":{"@context":"https:\/\/schema.org","@graph":[{"@type":"WebPage","@id":"https:\/\/www.campingfontfreda.com\/en\/prices\/tarifes-parcel%c2%b7la\/","url":"https:\/\/www.campingfontfreda.com\/en\/prices\/tarifes-parcel%c2%b7la\/","name":"Pitches - C\u00e0mping FontFreda","isPartOf":{"@id":"https:\/\/www.campingfontfreda.com\/#website"},"primaryImageOfPage":{"@id":"https:\/\/www.campingfontfreda.com\/en\/prices\/tarifes-parcel%c2%b7la\/#primaryimage"},"image":{"@id":"https:\/\/www.campingfontfreda.com\/en\/prices\/tarifes-parcel%c2%b7la\/#primaryimage"},"thumbnailUrl":"https:\/\/www.campingfontfreda.com\/wp-content\/uploads\/fotos-camping-x-propaganda-2011-024.jpg","datePublished":"2015-04-22T08:02:51+00:00","dateModified":"2025-12-18T16:00:03+00:00","breadcrumb":{"@id":"https:\/\/www.campingfontfreda.com\/en\/prices\/tarifes-parcel%c2%b7la\/#breadcrumb"},"inLanguage":"en-US","potentialAction":[{"@type":"ReadAction","target":["https:\/\/www.campingfontfreda.com\/en\/prices\/tarifes-parcel%c2%b7la\/"]}]},{"@type":"ImageObject","inLanguage":"en-US","@id":"https:\/\/www.campingfontfreda.com\/en\/prices\/tarifes-parcel%c2%b7la\/#primaryimage","url":"https:\/\/www.campingfontfreda.com\/wp-content\/uploads\/fotos-camping-x-propaganda-2011-024.jpg","contentUrl":"https:\/\/www.campingfontfreda.com\/wp-content\/uploads\/fotos-camping-x-propaganda-2011-024.jpg","width":1600,"height":1200},{"@type":"BreadcrumbList","@id":"https:\/\/www.campingfontfreda.com\/en\/prices\/tarifes-parcel%c2%b7la\/#breadcrumb","itemListElement":[{"@type":"ListItem","position":1,"name":"Inici","item":"https:\/\/www.campingfontfreda.com\/en\/"},{"@type":"ListItem","position":2,"name":"Prices","item":"https:\/\/www.campingfontfreda.com\/en\/prices\/"},{"@type":"ListItem","position":3,"name":"Pitches"}]},{"@type":"WebSite","@id":"https:\/\/www.campingfontfreda.com\/#website","url":"https:\/\/www.campingfontfreda.com\/","name":"C\u00e0mping FontFreda","description":"C\u00e0mping Fontfreda (Bergued\u00e0) \u00e9s un c\u00e0mping d\u2019alta muntanya ubicat a  Berga","potentialAction":[{"@type":"SearchAction","target":{"@type":"EntryPoint","urlTemplate":"https:\/\/www.campingfontfreda.com\/?s={search_term_string}"},"query-input":{"@type":"PropertyValueSpecification","valueRequired":true,"valueName":"search_term_string"}}],"inLanguage":"en-US"}]}},"_links":{"self":[{"href":"https:\/\/www.campingfontfreda.com\/en\/wp-json\/wp\/v2\/pages\/19802","targetHints":{"allow":["GET"]}}],"collection":[{"href":"https:\/\/www.campingfontfreda.com\/en\/wp-json\/wp\/v2\/pages"}],"about":[{"href":"https:\/\/www.campingfontfreda.com\/en\/wp-json\/wp\/v2\/types\/page"}],"author":[{"embeddable":true,"href":"https:\/\/www.campingfontfreda.com\/en\/wp-json\/wp\/v2\/users\/1"}],"replies":[{"embeddable":true,"href":"https:\/\/www.campingfontfreda.com\/en\/wp-json\/wp\/v2\/comments?post=19802"}],"version-history":[{"count":29,"href":"https:\/\/www.campingfontfreda.com\/en\/wp-json\/wp\/v2\/pages\/19802\/revisions"}],"predecessor-version":[{"id":34036,"href":"https:\/\/www.campingfontfreda.com\/en\/wp-json\/wp\/v2\/pages\/19802\/revisions\/34036"}],"up":[{"embeddable":true,"href":"https:\/\/www.campingfontfreda.com\/en\/wp-json\/wp\/v2\/pages\/19310"}],"wp:featuredmedia":[{"embeddable":true,"href":"https:\/\/www.campingfontfreda.com\/en\/wp-json\/wp\/v2\/media\/19025"}],"wp:attachment":[{"href":"https:\/\/www.campingfontfreda.com\/en\/wp-json\/wp\/v2\/media?parent=19802"}],"curies":[{"name":"wp","href":"https:\/\/api.w.org\/{rel}","templated":true}]}}