{"id":21145,"date":"2015-07-05T18:16:46","date_gmt":"2015-07-05T16:16:46","guid":{"rendered":"https:\/\/www.campingfontfreda.com\/?page_id=21145"},"modified":"2016-04-25T16:15:26","modified_gmt":"2016-04-25T14:15:26","slug":"estiu-2015","status":"publish","type":"page","link":"https:\/\/www.campingfontfreda.com\/en\/galeria-dimatges\/estiu-2015\/","title":{"rendered":"Summer 2015"},"content":{"rendered":"<div class=\"owl-container\"><div class=\"galeria clearfix galeria-default col-3\"><div class=\"item\"><a href=\"https:\/\/www.campingfontfreda.com\/wp-content\/uploads\/grupo-taller-barro.jpg\" id=\"thumb-27176\" class=\"image-link\"><img decoding=\"async\" src=\"https:\/\/www.campingfontfreda.com\/wp-content\/uploads\/grupo-taller-barro-365x230.jpg\" id=\"img-27176\" border=\"0\" alt=\"\" \/><\/a><\/div><div class=\"item\"><a href=\"https:\/\/www.campingfontfreda.com\/wp-content\/uploads\/IMG-20150704-WA0030-675x1200.jpg\" id=\"thumb-27178\" class=\"image-link\"><img decoding=\"async\" src=\"https:\/\/www.campingfontfreda.com\/wp-content\/uploads\/IMG-20150704-WA0030-365x230.jpg\" id=\"img-27178\" border=\"0\" alt=\"\" \/><\/a><\/div><div class=\"item\"><a href=\"https:\/\/www.campingfontfreda.com\/wp-content\/uploads\/IMG-20150704-WA0009.jpg\" id=\"thumb-27180\" class=\"image-link\"><img decoding=\"async\" src=\"https:\/\/www.campingfontfreda.com\/wp-content\/uploads\/IMG-20150704-WA0009-365x230.jpg\" id=\"img-27180\" border=\"0\" alt=\"\" \/><\/a><\/div><div class=\"item\"><a href=\"https:\/\/www.campingfontfreda.com\/wp-content\/uploads\/IMG-20150704-WA0010-675x1200.jpg\" id=\"thumb-27182\" class=\"image-link\"><img decoding=\"async\" src=\"https:\/\/www.campingfontfreda.com\/wp-content\/uploads\/IMG-20150704-WA0010-365x230.jpg\" id=\"img-27182\" border=\"0\" alt=\"\" \/><\/a><\/div><div class=\"item\"><a href=\"https:\/\/www.campingfontfreda.com\/wp-content\/uploads\/IMG-20150704-WA0011-675x1200.jpg\" id=\"thumb-27184\" class=\"image-link\"><img decoding=\"async\" src=\"https:\/\/www.campingfontfreda.com\/wp-content\/uploads\/IMG-20150704-WA0011-365x230.jpg\" id=\"img-27184\" border=\"0\" alt=\"\" \/><\/a><\/div><div class=\"item\"><a href=\"https:\/\/www.campingfontfreda.com\/wp-content\/uploads\/IMG-20150704-WA0012.jpg\" id=\"thumb-27186\" class=\"image-link\"><img decoding=\"async\" src=\"https:\/\/www.campingfontfreda.com\/wp-content\/uploads\/IMG-20150704-WA0012-365x230.jpg\" id=\"img-27186\" border=\"0\" alt=\"\" \/><\/a><\/div><div class=\"item\"><a href=\"https:\/\/www.campingfontfreda.com\/wp-content\/uploads\/IMG-20150704-WA0014.jpg\" id=\"thumb-27188\" class=\"image-link\"><img decoding=\"async\" src=\"https:\/\/www.campingfontfreda.com\/wp-content\/uploads\/IMG-20150704-WA0014-365x230.jpg\" id=\"img-27188\" border=\"0\" alt=\"\" \/><\/a><\/div><div class=\"item\"><a href=\"https:\/\/www.campingfontfreda.com\/wp-content\/uploads\/IMG-20150704-WA0017-675x1200.jpg\" id=\"thumb-27190\" class=\"image-link\"><img decoding=\"async\" src=\"https:\/\/www.campingfontfreda.com\/wp-content\/uploads\/IMG-20150704-WA0017-365x230.jpg\" id=\"img-27190\" border=\"0\" alt=\"\" \/><\/a><\/div><div class=\"item\"><a href=\"https:\/\/www.campingfontfreda.com\/wp-content\/uploads\/IMG-20150704-WA0018-675x1200.jpg\" id=\"thumb-27192\" class=\"image-link\"><img decoding=\"async\" src=\"https:\/\/www.campingfontfreda.com\/wp-content\/uploads\/IMG-20150704-WA0018-365x230.jpg\" id=\"img-27192\" border=\"0\" alt=\"\" \/><\/a><\/div><div class=\"item\"><a href=\"https:\/\/www.campingfontfreda.com\/wp-content\/uploads\/IMG-20150704-WA0022-675x1200.jpg\" id=\"thumb-27194\" class=\"image-link\"><img decoding=\"async\" src=\"https:\/\/www.campingfontfreda.com\/wp-content\/uploads\/IMG-20150704-WA0022-365x230.jpg\" id=\"img-27194\" border=\"0\" alt=\"\" \/><\/a><\/div><div class=\"item\"><a href=\"https:\/\/www.campingfontfreda.com\/wp-content\/uploads\/IMG-20150704-WA0024-675x1200.jpg\" id=\"thumb-27196\" class=\"image-link\"><img decoding=\"async\" src=\"https:\/\/www.campingfontfreda.com\/wp-content\/uploads\/IMG-20150704-WA0024-365x230.jpg\" id=\"img-27196\" border=\"0\" alt=\"\" \/><\/a><\/div><div class=\"item\"><a href=\"https:\/\/www.campingfontfreda.com\/wp-content\/uploads\/IMG-20150704-WA0025-675x1200.jpg\" id=\"thumb-27198\" class=\"image-link\"><img decoding=\"async\" src=\"https:\/\/www.campingfontfreda.com\/wp-content\/uploads\/IMG-20150704-WA0025-365x230.jpg\" id=\"img-27198\" border=\"0\" alt=\"\" \/><\/a><\/div><div class=\"item\"><a href=\"https:\/\/www.campingfontfreda.com\/wp-content\/uploads\/IMG-20150704-WA0026-675x1200.jpg\" id=\"thumb-27200\" class=\"image-link\"><img decoding=\"async\" src=\"https:\/\/www.campingfontfreda.com\/wp-content\/uploads\/IMG-20150704-WA0026-365x230.jpg\" id=\"img-27200\" border=\"0\" alt=\"\" \/><\/a><\/div><div class=\"item\"><a href=\"https:\/\/www.campingfontfreda.com\/wp-content\/uploads\/IMG-20150703-WA0002-675x1200.jpg\" id=\"thumb-27202\" class=\"image-link\"><img decoding=\"async\" src=\"https:\/\/www.campingfontfreda.com\/wp-content\/uploads\/IMG-20150703-WA0002-365x230.jpg\" id=\"img-27202\" border=\"0\" alt=\"\" \/><\/a><\/div><div class=\"item\"><a href=\"https:\/\/www.campingfontfreda.com\/wp-content\/uploads\/IMG-20150703-WA0004.jpg\" id=\"thumb-27204\" class=\"image-link\"><img decoding=\"async\" src=\"https:\/\/www.campingfontfreda.com\/wp-content\/uploads\/IMG-20150703-WA0004-365x230.jpg\" id=\"img-27204\" border=\"0\" alt=\"\" \/><\/a><\/div><div class=\"item\"><a href=\"https:\/\/www.campingfontfreda.com\/wp-content\/uploads\/20150628_120512-1163x1200.jpg\" id=\"thumb-27206\" class=\"image-link\"><img decoding=\"async\" src=\"https:\/\/www.campingfontfreda.com\/wp-content\/uploads\/20150628_120512-365x230.jpg\" id=\"img-27206\" border=\"0\" alt=\"\" \/><\/a><\/div><div class=\"item\"><a href=\"https:\/\/www.campingfontfreda.com\/wp-content\/uploads\/20150628_120110-1400x1050.jpg\" id=\"thumb-27208\" class=\"image-link\"><img decoding=\"async\" src=\"https:\/\/www.campingfontfreda.com\/wp-content\/uploads\/20150628_120110-365x230.jpg\" id=\"img-27208\" border=\"0\" alt=\"\" \/><\/a><\/div><div class=\"item\"><a href=\"https:\/\/www.campingfontfreda.com\/wp-content\/uploads\/20150628_120028-1400x1050.jpg\" id=\"thumb-27210\" class=\"image-link\"><img decoding=\"async\" src=\"https:\/\/www.campingfontfreda.com\/wp-content\/uploads\/20150628_120028-365x230.jpg\" id=\"img-27210\" border=\"0\" alt=\"\" \/><\/a><\/div><div class=\"item\"><a href=\"https:\/\/www.campingfontfreda.com\/wp-content\/uploads\/IMG-20150622-WA0002.jpg\" id=\"thumb-27212\" class=\"image-link\"><img decoding=\"async\" src=\"https:\/\/www.campingfontfreda.com\/wp-content\/uploads\/IMG-20150622-WA0002-365x230.jpg\" id=\"img-27212\" border=\"0\" alt=\"\" \/><\/a><\/div><div class=\"item\"><a href=\"https:\/\/www.campingfontfreda.com\/wp-content\/uploads\/aigua.jpg\" id=\"thumb-27214\" class=\"image-link\"><img decoding=\"async\" src=\"https:\/\/www.campingfontfreda.com\/wp-content\/uploads\/aigua-365x230.jpg\" id=\"img-27214\" border=\"0\" alt=\"\" \/><\/a><\/div><div class=\"item\"><a href=\"https:\/\/www.campingfontfreda.com\/wp-content\/uploads\/els-dos-piscina-fontfreda.jpg\" id=\"thumb-27216\" class=\"image-link\"><img decoding=\"async\" src=\"https:\/\/www.campingfontfreda.com\/wp-content\/uploads\/els-dos-piscina-fontfreda-365x230.jpg\" id=\"img-27216\" border=\"0\" alt=\"\" \/><\/a><\/div><div class=\"item\"><a href=\"https:\/\/www.campingfontfreda.com\/wp-content\/uploads\/IMG-20150620-WA0013-675x1200.jpg\" id=\"thumb-27218\" class=\"image-link\"><img decoding=\"async\" src=\"https:\/\/www.campingfontfreda.com\/wp-content\/uploads\/IMG-20150620-WA0013-365x230.jpg\" id=\"img-27218\" border=\"0\" alt=\"\" \/><\/a><\/div><div class=\"item\"><a href=\"https:\/\/www.campingfontfreda.com\/wp-content\/uploads\/IMG-20150620-WA0015-675x1200.jpg\" id=\"thumb-27220\" class=\"image-link\"><img decoding=\"async\" src=\"https:\/\/www.campingfontfreda.com\/wp-content\/uploads\/IMG-20150620-WA0015-365x230.jpg\" id=\"img-27220\" border=\"0\" alt=\"\" \/><\/a><\/div><div class=\"item\"><a href=\"https:\/\/www.campingfontfreda.com\/wp-content\/uploads\/IMG-20150618-WA0008.jpg\" id=\"thumb-27222\" class=\"image-link\"><img decoding=\"async\" src=\"https:\/\/www.campingfontfreda.com\/wp-content\/uploads\/IMG-20150618-WA0008-365x230.jpg\" id=\"img-27222\" border=\"0\" alt=\"\" \/><\/a><\/div><div class=\"item\"><a href=\"https:\/\/www.campingfontfreda.com\/wp-content\/uploads\/IMG-20150618-WA0012.jpg\" id=\"thumb-27224\" class=\"image-link\"><img decoding=\"async\" src=\"https:\/\/www.campingfontfreda.com\/wp-content\/uploads\/IMG-20150618-WA0012-365x230.jpg\" id=\"img-27224\" border=\"0\" alt=\"\" \/><\/a><\/div><\/div><\/div>\n","protected":false},"excerpt":{"rendered":"","protected":false},"author":4,"featured_media":21165,"parent":19495,"menu_order":154,"comment_status":"closed","ping_status":"closed","template":"","meta":{"_acf_changed":false,"_monsterinsights_skip_tracking":false,"_monsterinsights_sitenote_active":false,"_monsterinsights_sitenote_note":"","_monsterinsights_sitenote_category":0,"footnotes":""},"class_list":["post-21145","page","type-page","status-publish","has-post-thumbnail","hentry"],"acf":[],"yoast_head":"<!-- This site is optimized with the Yoast SEO plugin v26.0 - https:\/\/yoast.com\/wordpress\/plugins\/seo\/ -->\n<title>Summer 2015 - C\u00e0mping FontFreda<\/title>\n<meta name=\"robots\" content=\"index, follow, max-snippet:-1, max-image-preview:large, max-video-preview:-1\" \/>\n<link rel=\"canonical\" href=\"https:\/\/www.campingfontfreda.com\/en\/galeria-dimatges\/estiu-2015\/\" \/>\n<meta property=\"og:locale\" content=\"en_US\" \/>\n<meta property=\"og:type\" content=\"article\" \/>\n<meta property=\"og:title\" content=\"Summer 2015 - C\u00e0mping FontFreda\" \/>\n<meta property=\"og:url\" content=\"https:\/\/www.campingfontfreda.com\/en\/galeria-dimatges\/estiu-2015\/\" \/>\n<meta property=\"og:site_name\" content=\"C\u00e0mping FontFreda\" \/>\n<meta property=\"article:modified_time\" content=\"2016-04-25T14:15:26+00:00\" \/>\n<meta property=\"og:image\" content=\"https:\/\/www.campingfontfreda.com\/wp-content\/uploads\/IMG-20150622-WA0002.jpg\" \/>\n\t<meta property=\"og:image:width\" content=\"1253\" \/>\n\t<meta property=\"og:image:height\" content=\"618\" \/>\n\t<meta property=\"og:image:type\" content=\"image\/jpeg\" \/>\n<meta name=\"twitter:card\" content=\"summary_large_image\" \/>\n<script type=\"application\/ld+json\" class=\"yoast-schema-graph\">{\"@context\":\"https:\/\/schema.org\",\"@graph\":[{\"@type\":\"WebPage\",\"@id\":\"https:\/\/www.campingfontfreda.com\/en\/galeria-dimatges\/estiu-2015\/\",\"url\":\"https:\/\/www.campingfontfreda.com\/en\/galeria-dimatges\/estiu-2015\/\",\"name\":\"Summer 2015 - C\u00e0mping FontFreda\",\"isPartOf\":{\"@id\":\"https:\/\/www.campingfontfreda.com\/#website\"},\"primaryImageOfPage\":{\"@id\":\"https:\/\/www.campingfontfreda.com\/en\/galeria-dimatges\/estiu-2015\/#primaryimage\"},\"image\":{\"@id\":\"https:\/\/www.campingfontfreda.com\/en\/galeria-dimatges\/estiu-2015\/#primaryimage\"},\"thumbnailUrl\":\"https:\/\/www.campingfontfreda.com\/wp-content\/uploads\/IMG-20150622-WA0002.jpg\",\"datePublished\":\"2015-07-05T16:16:46+00:00\",\"dateModified\":\"2016-04-25T14:15:26+00:00\",\"breadcrumb\":{\"@id\":\"https:\/\/www.campingfontfreda.com\/en\/galeria-dimatges\/estiu-2015\/#breadcrumb\"},\"inLanguage\":\"en-US\",\"potentialAction\":[{\"@type\":\"ReadAction\",\"target\":[\"https:\/\/www.campingfontfreda.com\/en\/galeria-dimatges\/estiu-2015\/\"]}]},{\"@type\":\"ImageObject\",\"inLanguage\":\"en-US\",\"@id\":\"https:\/\/www.campingfontfreda.com\/en\/galeria-dimatges\/estiu-2015\/#primaryimage\",\"url\":\"https:\/\/www.campingfontfreda.com\/wp-content\/uploads\/IMG-20150622-WA0002.jpg\",\"contentUrl\":\"https:\/\/www.campingfontfreda.com\/wp-content\/uploads\/IMG-20150622-WA0002.jpg\",\"width\":1253,\"height\":618},{\"@type\":\"BreadcrumbList\",\"@id\":\"https:\/\/www.campingfontfreda.com\/en\/galeria-dimatges\/estiu-2015\/#breadcrumb\",\"itemListElement\":[{\"@type\":\"ListItem\",\"position\":1,\"name\":\"Inici\",\"item\":\"https:\/\/www.campingfontfreda.com\/en\/\"},{\"@type\":\"ListItem\",\"position\":2,\"name\":\"Galeria d&#8217;imatges\",\"item\":\"https:\/\/www.campingfontfreda.com\/en\/galeria-dimatges\/\"},{\"@type\":\"ListItem\",\"position\":3,\"name\":\"Summer 2015\"}]},{\"@type\":\"WebSite\",\"@id\":\"https:\/\/www.campingfontfreda.com\/#website\",\"url\":\"https:\/\/www.campingfontfreda.com\/\",\"name\":\"C\u00e0mping FontFreda\",\"description\":\"C\u00e0mping Fontfreda (Bergued\u00e0) \u00e9s un c\u00e0mping d\u2019alta muntanya ubicat a  Berga\",\"potentialAction\":[{\"@type\":\"SearchAction\",\"target\":{\"@type\":\"EntryPoint\",\"urlTemplate\":\"https:\/\/www.campingfontfreda.com\/?s={search_term_string}\"},\"query-input\":{\"@type\":\"PropertyValueSpecification\",\"valueRequired\":true,\"valueName\":\"search_term_string\"}}],\"inLanguage\":\"en-US\"}]}<\/script>\n<!-- \/ Yoast SEO plugin. -->","yoast_head_json":{"title":"Summer 2015 - C\u00e0mping FontFreda","robots":{"index":"index","follow":"follow","max-snippet":"max-snippet:-1","max-image-preview":"max-image-preview:large","max-video-preview":"max-video-preview:-1"},"canonical":"https:\/\/www.campingfontfreda.com\/en\/galeria-dimatges\/estiu-2015\/","og_locale":"en_US","og_type":"article","og_title":"Summer 2015 - C\u00e0mping FontFreda","og_url":"https:\/\/www.campingfontfreda.com\/en\/galeria-dimatges\/estiu-2015\/","og_site_name":"C\u00e0mping FontFreda","article_modified_time":"2016-04-25T14:15:26+00:00","og_image":[{"width":1253,"height":618,"url":"https:\/\/www.campingfontfreda.com\/wp-content\/uploads\/IMG-20150622-WA0002.jpg","type":"image\/jpeg"}],"twitter_card":"summary_large_image","schema":{"@context":"https:\/\/schema.org","@graph":[{"@type":"WebPage","@id":"https:\/\/www.campingfontfreda.com\/en\/galeria-dimatges\/estiu-2015\/","url":"https:\/\/www.campingfontfreda.com\/en\/galeria-dimatges\/estiu-2015\/","name":"Summer 2015 - C\u00e0mping FontFreda","isPartOf":{"@id":"https:\/\/www.campingfontfreda.com\/#website"},"primaryImageOfPage":{"@id":"https:\/\/www.campingfontfreda.com\/en\/galeria-dimatges\/estiu-2015\/#primaryimage"},"image":{"@id":"https:\/\/www.campingfontfreda.com\/en\/galeria-dimatges\/estiu-2015\/#primaryimage"},"thumbnailUrl":"https:\/\/www.campingfontfreda.com\/wp-content\/uploads\/IMG-20150622-WA0002.jpg","datePublished":"2015-07-05T16:16:46+00:00","dateModified":"2016-04-25T14:15:26+00:00","breadcrumb":{"@id":"https:\/\/www.campingfontfreda.com\/en\/galeria-dimatges\/estiu-2015\/#breadcrumb"},"inLanguage":"en-US","potentialAction":[{"@type":"ReadAction","target":["https:\/\/www.campingfontfreda.com\/en\/galeria-dimatges\/estiu-2015\/"]}]},{"@type":"ImageObject","inLanguage":"en-US","@id":"https:\/\/www.campingfontfreda.com\/en\/galeria-dimatges\/estiu-2015\/#primaryimage","url":"https:\/\/www.campingfontfreda.com\/wp-content\/uploads\/IMG-20150622-WA0002.jpg","contentUrl":"https:\/\/www.campingfontfreda.com\/wp-content\/uploads\/IMG-20150622-WA0002.jpg","width":1253,"height":618},{"@type":"BreadcrumbList","@id":"https:\/\/www.campingfontfreda.com\/en\/galeria-dimatges\/estiu-2015\/#breadcrumb","itemListElement":[{"@type":"ListItem","position":1,"name":"Inici","item":"https:\/\/www.campingfontfreda.com\/en\/"},{"@type":"ListItem","position":2,"name":"Galeria d&#8217;imatges","item":"https:\/\/www.campingfontfreda.com\/en\/galeria-dimatges\/"},{"@type":"ListItem","position":3,"name":"Summer 2015"}]},{"@type":"WebSite","@id":"https:\/\/www.campingfontfreda.com\/#website","url":"https:\/\/www.campingfontfreda.com\/","name":"C\u00e0mping FontFreda","description":"C\u00e0mping Fontfreda (Bergued\u00e0) \u00e9s un c\u00e0mping d\u2019alta muntanya ubicat a  Berga","potentialAction":[{"@type":"SearchAction","target":{"@type":"EntryPoint","urlTemplate":"https:\/\/www.campingfontfreda.com\/?s={search_term_string}"},"query-input":{"@type":"PropertyValueSpecification","valueRequired":true,"valueName":"search_term_string"}}],"inLanguage":"en-US"}]}},"_links":{"self":[{"href":"https:\/\/www.campingfontfreda.com\/en\/wp-json\/wp\/v2\/pages\/21145","targetHints":{"allow":["GET"]}}],"collection":[{"href":"https:\/\/www.campingfontfreda.com\/en\/wp-json\/wp\/v2\/pages"}],"about":[{"href":"https:\/\/www.campingfontfreda.com\/en\/wp-json\/wp\/v2\/types\/page"}],"author":[{"embeddable":true,"href":"https:\/\/www.campingfontfreda.com\/en\/wp-json\/wp\/v2\/users\/4"}],"replies":[{"embeddable":true,"href":"https:\/\/www.campingfontfreda.com\/en\/wp-json\/wp\/v2\/comments?post=21145"}],"version-history":[{"count":3,"href":"https:\/\/www.campingfontfreda.com\/en\/wp-json\/wp\/v2\/pages\/21145\/revisions"}],"predecessor-version":[{"id":21178,"href":"https:\/\/www.campingfontfreda.com\/en\/wp-json\/wp\/v2\/pages\/21145\/revisions\/21178"}],"up":[{"embeddable":true,"href":"https:\/\/www.campingfontfreda.com\/en\/wp-json\/wp\/v2\/pages\/19495"}],"wp:featuredmedia":[{"embeddable":true,"href":"https:\/\/www.campingfontfreda.com\/en\/wp-json\/wp\/v2\/media\/21165"}],"wp:attachment":[{"href":"https:\/\/www.campingfontfreda.com\/en\/wp-json\/wp\/v2\/media?parent=21145"}],"curies":[{"name":"wp","href":"https:\/\/api.w.org\/{rel}","templated":true}]}}