{"id":22933,"date":"2016-10-16T18:57:30","date_gmt":"2016-10-16T16:57:30","guid":{"rendered":"https:\/\/www.campingfontfreda.com\/en\/?page_id=22933"},"modified":"2016-10-16T19:33:35","modified_gmt":"2016-10-16T17:33:35","slug":"tallers-tardor2016","status":"publish","type":"page","link":"https:\/\/www.campingfontfreda.com\/en\/galeria-dimatges\/tallers-tardor2016\/","title":{"rendered":"Tallers Tardor2016"},"content":{"rendered":"<p>&nbsp;<\/p>\n<div class=\"owl-container\"><div class=\"galeria clearfix galeria-default col-3\"><div class=\"item\"><a href=\"https:\/\/www.campingfontfreda.com\/wp-content\/uploads\/20160917_180522-672x1200.jpg\" id=\"thumb-28908\" class=\"image-link\"><img decoding=\"async\" src=\"https:\/\/www.campingfontfreda.com\/wp-content\/uploads\/20160917_180522-365x230.jpg\" id=\"img-28908\" border=\"0\" alt=\"\" \/><\/a><\/div><div class=\"item\"><a href=\"https:\/\/www.campingfontfreda.com\/wp-content\/uploads\/20160917_183710-672x1200.jpg\" id=\"thumb-28910\" class=\"image-link\"><img decoding=\"async\" src=\"https:\/\/www.campingfontfreda.com\/wp-content\/uploads\/20160917_183710-365x230.jpg\" id=\"img-28910\" border=\"0\" alt=\"\" \/><\/a><\/div><div class=\"item\"><a href=\"https:\/\/www.campingfontfreda.com\/wp-content\/uploads\/20160917_183808-1400x788.jpg\" id=\"thumb-28912\" class=\"image-link\"><img decoding=\"async\" src=\"https:\/\/www.campingfontfreda.com\/wp-content\/uploads\/20160917_183808-365x230.jpg\" id=\"img-28912\" border=\"0\" alt=\"\" \/><\/a><\/div><div class=\"item\"><a href=\"https:\/\/www.campingfontfreda.com\/wp-content\/uploads\/20160917_183905-1400x788.jpg\" id=\"thumb-28914\" class=\"image-link\"><img decoding=\"async\" src=\"https:\/\/www.campingfontfreda.com\/wp-content\/uploads\/20160917_183905-365x230.jpg\" id=\"img-28914\" border=\"0\" alt=\"\" \/><\/a><\/div><div class=\"item\"><a href=\"https:\/\/www.campingfontfreda.com\/wp-content\/uploads\/20160917_184428-1400x788.jpg\" id=\"thumb-28916\" class=\"image-link\"><img decoding=\"async\" src=\"https:\/\/www.campingfontfreda.com\/wp-content\/uploads\/20160917_184428-365x230.jpg\" id=\"img-28916\" border=\"0\" alt=\"\" \/><\/a><\/div><div class=\"item\"><a href=\"https:\/\/www.campingfontfreda.com\/wp-content\/uploads\/20160917_184658-877x1200.jpg\" id=\"thumb-28918\" class=\"image-link\"><img decoding=\"async\" src=\"https:\/\/www.campingfontfreda.com\/wp-content\/uploads\/20160917_184658-365x230.jpg\" id=\"img-28918\" border=\"0\" alt=\"\" \/><\/a><\/div><div class=\"item\"><a href=\"https:\/\/www.campingfontfreda.com\/wp-content\/uploads\/20160917_184705-792x1200.jpg\" id=\"thumb-28920\" class=\"image-link\"><img decoding=\"async\" src=\"https:\/\/www.campingfontfreda.com\/wp-content\/uploads\/20160917_184705-365x230.jpg\" id=\"img-28920\" border=\"0\" alt=\"\" \/><\/a><\/div><div class=\"item\"><a href=\"https:\/\/www.campingfontfreda.com\/wp-content\/uploads\/20160917_184718-672x1200.jpg\" id=\"thumb-28922\" class=\"image-link\"><img decoding=\"async\" src=\"https:\/\/www.campingfontfreda.com\/wp-content\/uploads\/20160917_184718-365x230.jpg\" id=\"img-28922\" border=\"0\" alt=\"\" \/><\/a><\/div><div class=\"item\"><a href=\"https:\/\/www.campingfontfreda.com\/wp-content\/uploads\/20160917_185614-675x1200.jpg\" id=\"thumb-28924\" class=\"image-link\"><img decoding=\"async\" src=\"https:\/\/www.campingfontfreda.com\/wp-content\/uploads\/20160917_185614-365x230.jpg\" id=\"img-28924\" border=\"0\" alt=\"\" \/><\/a><\/div><div class=\"item\"><a href=\"https:\/\/www.campingfontfreda.com\/wp-content\/uploads\/20160917_190046-672x1200.jpg\" id=\"thumb-28926\" class=\"image-link\"><img decoding=\"async\" src=\"https:\/\/www.campingfontfreda.com\/wp-content\/uploads\/20160917_190046-365x230.jpg\" id=\"img-28926\" border=\"0\" alt=\"\" \/><\/a><\/div><div class=\"item\"><a href=\"https:\/\/www.campingfontfreda.com\/wp-content\/uploads\/20160917_190109-959x1200.jpg\" id=\"thumb-28928\" class=\"image-link\"><img decoding=\"async\" src=\"https:\/\/www.campingfontfreda.com\/wp-content\/uploads\/20160917_190109-365x230.jpg\" id=\"img-28928\" border=\"0\" alt=\"\" \/><\/a><\/div><div class=\"item\"><a href=\"https:\/\/www.campingfontfreda.com\/wp-content\/uploads\/20160917_190224-672x1200.jpg\" id=\"thumb-28930\" class=\"image-link\"><img decoding=\"async\" src=\"https:\/\/www.campingfontfreda.com\/wp-content\/uploads\/20160917_190224-365x230.jpg\" id=\"img-28930\" border=\"0\" alt=\"\" \/><\/a><\/div><div class=\"item\"><a href=\"https:\/\/www.campingfontfreda.com\/wp-content\/uploads\/20160917_190712-672x1200.jpg\" id=\"thumb-28932\" class=\"image-link\"><img decoding=\"async\" src=\"https:\/\/www.campingfontfreda.com\/wp-content\/uploads\/20160917_190712-365x230.jpg\" id=\"img-28932\" border=\"0\" alt=\"\" \/><\/a><\/div><div class=\"item\"><a href=\"https:\/\/www.campingfontfreda.com\/wp-content\/uploads\/20160917_192623-675x1200.jpg\" id=\"thumb-28934\" class=\"image-link\"><img decoding=\"async\" src=\"https:\/\/www.campingfontfreda.com\/wp-content\/uploads\/20160917_192623-365x230.jpg\" id=\"img-28934\" border=\"0\" alt=\"\" \/><\/a><\/div><div class=\"item\"><a href=\"https:\/\/www.campingfontfreda.com\/wp-content\/uploads\/20160917_174529-1400x788.jpg\" id=\"thumb-28906\" class=\"image-link\"><img decoding=\"async\" src=\"https:\/\/www.campingfontfreda.com\/wp-content\/uploads\/20160917_174529-365x230.jpg\" id=\"img-28906\" border=\"0\" alt=\"\" \/><\/a><\/div><div class=\"item\"><a href=\"https:\/\/www.campingfontfreda.com\/wp-content\/uploads\/20161015_191226-815x1200.jpg\" id=\"thumb-28996\" class=\"image-link\"><img decoding=\"async\" src=\"https:\/\/www.campingfontfreda.com\/wp-content\/uploads\/20161015_191226-365x230.jpg\" id=\"img-28996\" border=\"0\" alt=\"\" \/><\/a><\/div><div class=\"item\"><a href=\"https:\/\/www.campingfontfreda.com\/wp-content\/uploads\/20161015_191206-1400x1059.jpg\" id=\"thumb-28994\" class=\"image-link\"><img decoding=\"async\" src=\"https:\/\/www.campingfontfreda.com\/wp-content\/uploads\/20161015_191206-365x230.jpg\" id=\"img-28994\" border=\"0\" alt=\"\" \/><\/a><\/div><div class=\"item\"><a href=\"https:\/\/www.campingfontfreda.com\/wp-content\/uploads\/20161015_190012-1400x788.jpg\" id=\"thumb-28992\" class=\"image-link\"><img decoding=\"async\" src=\"https:\/\/www.campingfontfreda.com\/wp-content\/uploads\/20161015_190012-365x230.jpg\" id=\"img-28992\" border=\"0\" alt=\"\" \/><\/a><\/div><div class=\"item\"><a href=\"https:\/\/www.campingfontfreda.com\/wp-content\/uploads\/20161015_185717-672x1200.jpg\" id=\"thumb-28988\" class=\"image-link\"><img decoding=\"async\" src=\"https:\/\/www.campingfontfreda.com\/wp-content\/uploads\/20161015_185717-365x230.jpg\" id=\"img-28988\" border=\"0\" alt=\"\" \/><\/a><\/div><div class=\"item\"><a href=\"https:\/\/www.campingfontfreda.com\/wp-content\/uploads\/20161015_185531-672x1200.jpg\" id=\"thumb-28986\" class=\"image-link\"><img decoding=\"async\" src=\"https:\/\/www.campingfontfreda.com\/wp-content\/uploads\/20161015_185531-365x230.jpg\" id=\"img-28986\" border=\"0\" alt=\"\" \/><\/a><\/div><div class=\"item\"><a href=\"https:\/\/www.campingfontfreda.com\/wp-content\/uploads\/20161015_183624-1400x788.jpg\" id=\"thumb-28974\" class=\"image-link\"><img decoding=\"async\" src=\"https:\/\/www.campingfontfreda.com\/wp-content\/uploads\/20161015_183624-365x230.jpg\" id=\"img-28974\" border=\"0\" alt=\"\" \/><\/a><\/div><div class=\"item\"><a href=\"https:\/\/www.campingfontfreda.com\/wp-content\/uploads\/20161015_183642-672x1200.jpg\" id=\"thumb-28976\" class=\"image-link\"><img decoding=\"async\" src=\"https:\/\/www.campingfontfreda.com\/wp-content\/uploads\/20161015_183642-365x230.jpg\" id=\"img-28976\" border=\"0\" alt=\"\" \/><\/a><\/div><div class=\"item\"><a href=\"https:\/\/www.campingfontfreda.com\/wp-content\/uploads\/20161015_183723-1400x788.jpg\" id=\"thumb-28978\" class=\"image-link\"><img decoding=\"async\" src=\"https:\/\/www.campingfontfreda.com\/wp-content\/uploads\/20161015_183723-365x230.jpg\" id=\"img-28978\" border=\"0\" alt=\"\" \/><\/a><\/div><div class=\"item\"><a href=\"https:\/\/www.campingfontfreda.com\/wp-content\/uploads\/20161015_184054-672x1200.jpg\" id=\"thumb-28980\" class=\"image-link\"><img decoding=\"async\" src=\"https:\/\/www.campingfontfreda.com\/wp-content\/uploads\/20161015_184054-365x230.jpg\" id=\"img-28980\" border=\"0\" alt=\"\" \/><\/a><\/div><div class=\"item\"><a href=\"https:\/\/www.campingfontfreda.com\/wp-content\/uploads\/20161015_184111-738x1200.jpg\" id=\"thumb-28982\" class=\"image-link\"><img decoding=\"async\" src=\"https:\/\/www.campingfontfreda.com\/wp-content\/uploads\/20161015_184111-365x230.jpg\" id=\"img-28982\" border=\"0\" alt=\"\" \/><\/a><\/div><div class=\"item\"><a href=\"https:\/\/www.campingfontfreda.com\/wp-content\/uploads\/20161015_185502-672x1200.jpg\" id=\"thumb-28984\" class=\"image-link\"><img decoding=\"async\" src=\"https:\/\/www.campingfontfreda.com\/wp-content\/uploads\/20161015_185502-365x230.jpg\" id=\"img-28984\" border=\"0\" alt=\"\" \/><\/a><\/div><div class=\"item\"><a href=\"https:\/\/www.campingfontfreda.com\/wp-content\/uploads\/20161015_181720-1065x1200.jpg\" id=\"thumb-28972\" class=\"image-link\"><img decoding=\"async\" src=\"https:\/\/www.campingfontfreda.com\/wp-content\/uploads\/20161015_181720-365x230.jpg\" id=\"img-28972\" border=\"0\" alt=\"\" \/><\/a><\/div><div class=\"item\"><a href=\"https:\/\/www.campingfontfreda.com\/wp-content\/uploads\/20161015_181348-932x1200.jpg\" id=\"thumb-28970\" class=\"image-link\"><img decoding=\"async\" src=\"https:\/\/www.campingfontfreda.com\/wp-content\/uploads\/20161015_181348-365x230.jpg\" id=\"img-28970\" border=\"0\" alt=\"\" \/><\/a><\/div><div class=\"item\"><a href=\"https:\/\/www.campingfontfreda.com\/wp-content\/uploads\/20161015_181333-1400x788.jpg\" id=\"thumb-28968\" class=\"image-link\"><img decoding=\"async\" src=\"https:\/\/www.campingfontfreda.com\/wp-content\/uploads\/20161015_181333-365x230.jpg\" id=\"img-28968\" border=\"0\" alt=\"\" \/><\/a><\/div><div class=\"item\"><a href=\"https:\/\/www.campingfontfreda.com\/wp-content\/uploads\/20161015_181322-672x1200.jpg\" id=\"thumb-28966\" class=\"image-link\"><img decoding=\"async\" src=\"https:\/\/www.campingfontfreda.com\/wp-content\/uploads\/20161015_181322-365x230.jpg\" id=\"img-28966\" border=\"0\" alt=\"\" \/><\/a><\/div><div class=\"item\"><a href=\"https:\/\/www.campingfontfreda.com\/wp-content\/uploads\/20161015_181212-1400x788.jpg\" id=\"thumb-28964\" class=\"image-link\"><img decoding=\"async\" src=\"https:\/\/www.campingfontfreda.com\/wp-content\/uploads\/20161015_181212-365x230.jpg\" id=\"img-28964\" border=\"0\" alt=\"\" \/><\/a><\/div><div class=\"item\"><a href=\"https:\/\/www.campingfontfreda.com\/wp-content\/uploads\/20161015_181136-1400x788.jpg\" id=\"thumb-28962\" class=\"image-link\"><img decoding=\"async\" src=\"https:\/\/www.campingfontfreda.com\/wp-content\/uploads\/20161015_181136-365x230.jpg\" id=\"img-28962\" border=\"0\" alt=\"\" \/><\/a><\/div><div class=\"item\"><a href=\"https:\/\/www.campingfontfreda.com\/wp-content\/uploads\/20161015_175452-1295x1200.jpg\" id=\"thumb-28950\" class=\"image-link\"><img decoding=\"async\" src=\"https:\/\/www.campingfontfreda.com\/wp-content\/uploads\/20161015_175452-365x230.jpg\" id=\"img-28950\" border=\"0\" alt=\"\" \/><\/a><\/div><div class=\"item\"><a href=\"https:\/\/www.campingfontfreda.com\/wp-content\/uploads\/20161015_175518-1400x788.jpg\" id=\"thumb-28952\" class=\"image-link\"><img decoding=\"async\" src=\"https:\/\/www.campingfontfreda.com\/wp-content\/uploads\/20161015_175518-365x230.jpg\" id=\"img-28952\" border=\"0\" alt=\"\" \/><\/a><\/div><div class=\"item\"><a href=\"https:\/\/www.campingfontfreda.com\/wp-content\/uploads\/20161015_175730-672x1200.jpg\" id=\"thumb-28960\" class=\"image-link\"><img decoding=\"async\" src=\"https:\/\/www.campingfontfreda.com\/wp-content\/uploads\/20161015_175730-365x230.jpg\" id=\"img-28960\" border=\"0\" alt=\"\" \/><\/a><\/div><div class=\"item\"><a href=\"https:\/\/www.campingfontfreda.com\/wp-content\/uploads\/20161015_175627-1400x788.jpg\" id=\"thumb-28958\" class=\"image-link\"><img decoding=\"async\" src=\"https:\/\/www.campingfontfreda.com\/wp-content\/uploads\/20161015_175627-365x230.jpg\" id=\"img-28958\" border=\"0\" alt=\"\" \/><\/a><\/div><div class=\"item\"><a href=\"https:\/\/www.campingfontfreda.com\/wp-content\/uploads\/20161015_175552-1400x796.jpg\" id=\"thumb-28956\" class=\"image-link\"><img decoding=\"async\" src=\"https:\/\/www.campingfontfreda.com\/wp-content\/uploads\/20161015_175552-365x230.jpg\" id=\"img-28956\" border=\"0\" alt=\"\" \/><\/a><\/div><div class=\"item\"><a href=\"https:\/\/www.campingfontfreda.com\/wp-content\/uploads\/20161015_175546-1400x841.jpg\" id=\"thumb-28954\" class=\"image-link\"><img decoding=\"async\" src=\"https:\/\/www.campingfontfreda.com\/wp-content\/uploads\/20161015_175546-365x230.jpg\" id=\"img-28954\" border=\"0\" alt=\"\" \/><\/a><\/div><div class=\"item\"><a href=\"https:\/\/www.campingfontfreda.com\/wp-content\/uploads\/20161008_180533-672x1200.jpg\" id=\"thumb-28938\" class=\"image-link\"><img decoding=\"async\" src=\"https:\/\/www.campingfontfreda.com\/wp-content\/uploads\/20161008_180533-365x230.jpg\" id=\"img-28938\" border=\"0\" alt=\"\" \/><\/a><\/div><div class=\"item\"><a href=\"https:\/\/www.campingfontfreda.com\/wp-content\/uploads\/20161008_180815-672x1200.jpg\" id=\"thumb-28940\" class=\"image-link\"><img decoding=\"async\" src=\"https:\/\/www.campingfontfreda.com\/wp-content\/uploads\/20161008_180815-365x230.jpg\" id=\"img-28940\" border=\"0\" alt=\"\" \/><\/a><\/div><div class=\"item\"><a href=\"https:\/\/www.campingfontfreda.com\/wp-content\/uploads\/20161008_183242-672x1200.jpg\" id=\"thumb-28944\" class=\"image-link\"><img decoding=\"async\" src=\"https:\/\/www.campingfontfreda.com\/wp-content\/uploads\/20161008_183242-365x230.jpg\" id=\"img-28944\" border=\"0\" alt=\"\" \/><\/a><\/div><div class=\"item\"><a href=\"https:\/\/www.campingfontfreda.com\/wp-content\/uploads\/20161008_183219-1003x1200.jpg\" id=\"thumb-28942\" class=\"image-link\"><img decoding=\"async\" src=\"https:\/\/www.campingfontfreda.com\/wp-content\/uploads\/20161008_183219-365x230.jpg\" id=\"img-28942\" border=\"0\" alt=\"\" \/><\/a><\/div><div class=\"item\"><a href=\"https:\/\/www.campingfontfreda.com\/wp-content\/uploads\/20161008_183310-672x1200.jpg\" id=\"thumb-28946\" class=\"image-link\"><img decoding=\"async\" src=\"https:\/\/www.campingfontfreda.com\/wp-content\/uploads\/20161008_183310-365x230.jpg\" id=\"img-28946\" border=\"0\" alt=\"\" \/><\/a><\/div><\/div><\/div>\n","protected":false},"excerpt":{"rendered":"<p>&nbsp;<\/p>\n","protected":false},"author":4,"featured_media":28932,"parent":19495,"menu_order":121,"comment_status":"closed","ping_status":"closed","template":"","meta":{"_acf_changed":false,"_monsterinsights_skip_tracking":false,"_monsterinsights_sitenote_active":false,"_monsterinsights_sitenote_note":"","_monsterinsights_sitenote_category":0,"footnotes":""},"class_list":["post-22933","page","type-page","status-publish","has-post-thumbnail","hentry"],"acf":[],"yoast_head":"<!-- This site is optimized with the Yoast SEO plugin v26.0 - https:\/\/yoast.com\/wordpress\/plugins\/seo\/ -->\n<title>Tallers Tardor2016 - C\u00e0mping FontFreda<\/title>\n<meta name=\"robots\" content=\"index, follow, max-snippet:-1, max-image-preview:large, max-video-preview:-1\" \/>\n<link rel=\"canonical\" href=\"https:\/\/www.campingfontfreda.com\/en\/galeria-dimatges\/tallers-tardor2016\/\" \/>\n<meta property=\"og:locale\" content=\"en_US\" \/>\n<meta property=\"og:type\" content=\"article\" \/>\n<meta property=\"og:title\" content=\"Tallers Tardor2016 - C\u00e0mping FontFreda\" \/>\n<meta property=\"og:description\" content=\"&nbsp;\" \/>\n<meta property=\"og:url\" content=\"https:\/\/www.campingfontfreda.com\/en\/galeria-dimatges\/tallers-tardor2016\/\" \/>\n<meta property=\"og:site_name\" content=\"C\u00e0mping FontFreda\" \/>\n<meta property=\"article:modified_time\" content=\"2016-10-16T17:33:35+00:00\" \/>\n<meta property=\"og:image\" content=\"https:\/\/www.campingfontfreda.com\/wp-content\/uploads\/20160917_190712.jpg\" \/>\n\t<meta property=\"og:image:width\" content=\"672\" \/>\n\t<meta property=\"og:image:height\" content=\"1200\" \/>\n\t<meta property=\"og:image:type\" content=\"image\/jpeg\" \/>\n<meta name=\"twitter:card\" content=\"summary_large_image\" \/>\n<script type=\"application\/ld+json\" class=\"yoast-schema-graph\">{\"@context\":\"https:\/\/schema.org\",\"@graph\":[{\"@type\":\"WebPage\",\"@id\":\"https:\/\/www.campingfontfreda.com\/en\/galeria-dimatges\/tallers-tardor2016\/\",\"url\":\"https:\/\/www.campingfontfreda.com\/en\/galeria-dimatges\/tallers-tardor2016\/\",\"name\":\"Tallers Tardor2016 - C\u00e0mping FontFreda\",\"isPartOf\":{\"@id\":\"https:\/\/www.campingfontfreda.com\/#website\"},\"primaryImageOfPage\":{\"@id\":\"https:\/\/www.campingfontfreda.com\/en\/galeria-dimatges\/tallers-tardor2016\/#primaryimage\"},\"image\":{\"@id\":\"https:\/\/www.campingfontfreda.com\/en\/galeria-dimatges\/tallers-tardor2016\/#primaryimage\"},\"thumbnailUrl\":\"https:\/\/www.campingfontfreda.com\/wp-content\/uploads\/20160917_190712.jpg\",\"datePublished\":\"2016-10-16T16:57:30+00:00\",\"dateModified\":\"2016-10-16T17:33:35+00:00\",\"breadcrumb\":{\"@id\":\"https:\/\/www.campingfontfreda.com\/en\/galeria-dimatges\/tallers-tardor2016\/#breadcrumb\"},\"inLanguage\":\"en-US\",\"potentialAction\":[{\"@type\":\"ReadAction\",\"target\":[\"https:\/\/www.campingfontfreda.com\/en\/galeria-dimatges\/tallers-tardor2016\/\"]}]},{\"@type\":\"ImageObject\",\"inLanguage\":\"en-US\",\"@id\":\"https:\/\/www.campingfontfreda.com\/en\/galeria-dimatges\/tallers-tardor2016\/#primaryimage\",\"url\":\"https:\/\/www.campingfontfreda.com\/wp-content\/uploads\/20160917_190712.jpg\",\"contentUrl\":\"https:\/\/www.campingfontfreda.com\/wp-content\/uploads\/20160917_190712.jpg\",\"width\":672,\"height\":1200},{\"@type\":\"BreadcrumbList\",\"@id\":\"https:\/\/www.campingfontfreda.com\/en\/galeria-dimatges\/tallers-tardor2016\/#breadcrumb\",\"itemListElement\":[{\"@type\":\"ListItem\",\"position\":1,\"name\":\"Inici\",\"item\":\"https:\/\/www.campingfontfreda.com\/en\/\"},{\"@type\":\"ListItem\",\"position\":2,\"name\":\"Galeria d&#8217;imatges\",\"item\":\"https:\/\/www.campingfontfreda.com\/en\/galeria-dimatges\/\"},{\"@type\":\"ListItem\",\"position\":3,\"name\":\"Tallers Tardor2016\"}]},{\"@type\":\"WebSite\",\"@id\":\"https:\/\/www.campingfontfreda.com\/#website\",\"url\":\"https:\/\/www.campingfontfreda.com\/\",\"name\":\"C\u00e0mping FontFreda\",\"description\":\"C\u00e0mping Fontfreda (Bergued\u00e0) \u00e9s un c\u00e0mping d\u2019alta muntanya ubicat a  Berga\",\"potentialAction\":[{\"@type\":\"SearchAction\",\"target\":{\"@type\":\"EntryPoint\",\"urlTemplate\":\"https:\/\/www.campingfontfreda.com\/?s={search_term_string}\"},\"query-input\":{\"@type\":\"PropertyValueSpecification\",\"valueRequired\":true,\"valueName\":\"search_term_string\"}}],\"inLanguage\":\"en-US\"}]}<\/script>\n<!-- \/ Yoast SEO plugin. -->","yoast_head_json":{"title":"Tallers Tardor2016 - C\u00e0mping FontFreda","robots":{"index":"index","follow":"follow","max-snippet":"max-snippet:-1","max-image-preview":"max-image-preview:large","max-video-preview":"max-video-preview:-1"},"canonical":"https:\/\/www.campingfontfreda.com\/en\/galeria-dimatges\/tallers-tardor2016\/","og_locale":"en_US","og_type":"article","og_title":"Tallers Tardor2016 - C\u00e0mping FontFreda","og_description":"&nbsp;","og_url":"https:\/\/www.campingfontfreda.com\/en\/galeria-dimatges\/tallers-tardor2016\/","og_site_name":"C\u00e0mping FontFreda","article_modified_time":"2016-10-16T17:33:35+00:00","og_image":[{"width":672,"height":1200,"url":"https:\/\/www.campingfontfreda.com\/wp-content\/uploads\/20160917_190712.jpg","type":"image\/jpeg"}],"twitter_card":"summary_large_image","schema":{"@context":"https:\/\/schema.org","@graph":[{"@type":"WebPage","@id":"https:\/\/www.campingfontfreda.com\/en\/galeria-dimatges\/tallers-tardor2016\/","url":"https:\/\/www.campingfontfreda.com\/en\/galeria-dimatges\/tallers-tardor2016\/","name":"Tallers Tardor2016 - C\u00e0mping FontFreda","isPartOf":{"@id":"https:\/\/www.campingfontfreda.com\/#website"},"primaryImageOfPage":{"@id":"https:\/\/www.campingfontfreda.com\/en\/galeria-dimatges\/tallers-tardor2016\/#primaryimage"},"image":{"@id":"https:\/\/www.campingfontfreda.com\/en\/galeria-dimatges\/tallers-tardor2016\/#primaryimage"},"thumbnailUrl":"https:\/\/www.campingfontfreda.com\/wp-content\/uploads\/20160917_190712.jpg","datePublished":"2016-10-16T16:57:30+00:00","dateModified":"2016-10-16T17:33:35+00:00","breadcrumb":{"@id":"https:\/\/www.campingfontfreda.com\/en\/galeria-dimatges\/tallers-tardor2016\/#breadcrumb"},"inLanguage":"en-US","potentialAction":[{"@type":"ReadAction","target":["https:\/\/www.campingfontfreda.com\/en\/galeria-dimatges\/tallers-tardor2016\/"]}]},{"@type":"ImageObject","inLanguage":"en-US","@id":"https:\/\/www.campingfontfreda.com\/en\/galeria-dimatges\/tallers-tardor2016\/#primaryimage","url":"https:\/\/www.campingfontfreda.com\/wp-content\/uploads\/20160917_190712.jpg","contentUrl":"https:\/\/www.campingfontfreda.com\/wp-content\/uploads\/20160917_190712.jpg","width":672,"height":1200},{"@type":"BreadcrumbList","@id":"https:\/\/www.campingfontfreda.com\/en\/galeria-dimatges\/tallers-tardor2016\/#breadcrumb","itemListElement":[{"@type":"ListItem","position":1,"name":"Inici","item":"https:\/\/www.campingfontfreda.com\/en\/"},{"@type":"ListItem","position":2,"name":"Galeria d&#8217;imatges","item":"https:\/\/www.campingfontfreda.com\/en\/galeria-dimatges\/"},{"@type":"ListItem","position":3,"name":"Tallers Tardor2016"}]},{"@type":"WebSite","@id":"https:\/\/www.campingfontfreda.com\/#website","url":"https:\/\/www.campingfontfreda.com\/","name":"C\u00e0mping FontFreda","description":"C\u00e0mping Fontfreda (Bergued\u00e0) \u00e9s un c\u00e0mping d\u2019alta muntanya ubicat a  Berga","potentialAction":[{"@type":"SearchAction","target":{"@type":"EntryPoint","urlTemplate":"https:\/\/www.campingfontfreda.com\/?s={search_term_string}"},"query-input":{"@type":"PropertyValueSpecification","valueRequired":true,"valueName":"search_term_string"}}],"inLanguage":"en-US"}]}},"_links":{"self":[{"href":"https:\/\/www.campingfontfreda.com\/en\/wp-json\/wp\/v2\/pages\/22933","targetHints":{"allow":["GET"]}}],"collection":[{"href":"https:\/\/www.campingfontfreda.com\/en\/wp-json\/wp\/v2\/pages"}],"about":[{"href":"https:\/\/www.campingfontfreda.com\/en\/wp-json\/wp\/v2\/types\/page"}],"author":[{"embeddable":true,"href":"https:\/\/www.campingfontfreda.com\/en\/wp-json\/wp\/v2\/users\/4"}],"replies":[{"embeddable":true,"href":"https:\/\/www.campingfontfreda.com\/en\/wp-json\/wp\/v2\/comments?post=22933"}],"version-history":[{"count":5,"href":"https:\/\/www.campingfontfreda.com\/en\/wp-json\/wp\/v2\/pages\/22933\/revisions"}],"predecessor-version":[{"id":23077,"href":"https:\/\/www.campingfontfreda.com\/en\/wp-json\/wp\/v2\/pages\/22933\/revisions\/23077"}],"up":[{"embeddable":true,"href":"https:\/\/www.campingfontfreda.com\/en\/wp-json\/wp\/v2\/pages\/19495"}],"wp:featuredmedia":[{"embeddable":true,"href":"https:\/\/www.campingfontfreda.com\/en\/wp-json\/wp\/v2\/media\/28932"}],"wp:attachment":[{"href":"https:\/\/www.campingfontfreda.com\/en\/wp-json\/wp\/v2\/media?parent=22933"}],"curies":[{"name":"wp","href":"https:\/\/api.w.org\/{rel}","templated":true}]}}