{"id":23311,"date":"2017-03-07T17:11:59","date_gmt":"2017-03-07T16:11:59","guid":{"rendered":"https:\/\/www.campingfontfreda.com\/galeria-dimatges\/carnestoltes2017\/"},"modified":"2017-03-07T17:13:15","modified_gmt":"2017-03-07T16:13:15","slug":"carnestoltes2017","status":"publish","type":"page","link":"https:\/\/www.campingfontfreda.com\/en\/galeria-dimatges\/carnestoltes2017\/","title":{"rendered":"Carnestoltes2017"},"content":{"rendered":"<div class=\"owl-container\"><div class=\"galeria clearfix galeria-default col-3\"><div class=\"item\"><a href=\"https:\/\/www.campingfontfreda.com\/wp-content\/uploads\/20170304_170048-1393x1200.jpg\" id=\"thumb-29446\" class=\"image-link\"><img decoding=\"async\" src=\"https:\/\/www.campingfontfreda.com\/wp-content\/uploads\/20170304_170048-365x230.jpg\" id=\"img-29446\" border=\"0\" alt=\"\" \/><\/a><\/div><div class=\"item\"><a href=\"https:\/\/www.campingfontfreda.com\/wp-content\/uploads\/20170304_170104-1400x984.jpg\" id=\"thumb-29448\" class=\"image-link\"><img decoding=\"async\" src=\"https:\/\/www.campingfontfreda.com\/wp-content\/uploads\/20170304_170104-365x230.jpg\" id=\"img-29448\" border=\"0\" alt=\"\" \/><\/a><\/div><div class=\"item\"><a href=\"https:\/\/www.campingfontfreda.com\/wp-content\/uploads\/20170304_170110-803x1200.jpg\" id=\"thumb-29450\" class=\"image-link\"><img decoding=\"async\" src=\"https:\/\/www.campingfontfreda.com\/wp-content\/uploads\/20170304_170110-365x230.jpg\" id=\"img-29450\" border=\"0\" alt=\"\" \/><\/a><\/div><div class=\"item\"><a href=\"https:\/\/www.campingfontfreda.com\/wp-content\/uploads\/20170304_170235-1261x1200.jpg\" id=\"thumb-29452\" class=\"image-link\"><img decoding=\"async\" src=\"https:\/\/www.campingfontfreda.com\/wp-content\/uploads\/20170304_170235-365x230.jpg\" id=\"img-29452\" border=\"0\" alt=\"\" \/><\/a><\/div><div class=\"item\"><a href=\"https:\/\/www.campingfontfreda.com\/wp-content\/uploads\/20170304_170242-664x1200.jpg\" id=\"thumb-29454\" class=\"image-link\"><img decoding=\"async\" src=\"https:\/\/www.campingfontfreda.com\/wp-content\/uploads\/20170304_170242-365x230.jpg\" id=\"img-29454\" border=\"0\" alt=\"\" \/><\/a><\/div><div class=\"item\"><a href=\"https:\/\/www.campingfontfreda.com\/wp-content\/uploads\/20170304_170307-934x1200.jpg\" id=\"thumb-29456\" class=\"image-link\"><img decoding=\"async\" src=\"https:\/\/www.campingfontfreda.com\/wp-content\/uploads\/20170304_170307-365x230.jpg\" id=\"img-29456\" border=\"0\" alt=\"\" \/><\/a><\/div><div class=\"item\"><a href=\"https:\/\/www.campingfontfreda.com\/wp-content\/uploads\/20170304_171055-1135x1200.jpg\" id=\"thumb-29458\" class=\"image-link\"><img decoding=\"async\" src=\"https:\/\/www.campingfontfreda.com\/wp-content\/uploads\/20170304_171055-365x230.jpg\" id=\"img-29458\" border=\"0\" alt=\"\" \/><\/a><\/div><div class=\"item\"><a href=\"https:\/\/www.campingfontfreda.com\/wp-content\/uploads\/20170304_171657-1400x907.jpg\" id=\"thumb-29460\" class=\"image-link\"><img decoding=\"async\" src=\"https:\/\/www.campingfontfreda.com\/wp-content\/uploads\/20170304_171657-365x230.jpg\" id=\"img-29460\" border=\"0\" alt=\"\" \/><\/a><\/div><div class=\"item\"><a href=\"https:\/\/www.campingfontfreda.com\/wp-content\/uploads\/20170304_172732-1400x1061.jpg\" id=\"thumb-29462\" class=\"image-link\"><img decoding=\"async\" src=\"https:\/\/www.campingfontfreda.com\/wp-content\/uploads\/20170304_172732-365x230.jpg\" id=\"img-29462\" border=\"0\" alt=\"\" \/><\/a><\/div><div class=\"item\"><a href=\"https:\/\/www.campingfontfreda.com\/wp-content\/uploads\/20170304_173748-757x1200.jpg\" id=\"thumb-29464\" class=\"image-link\"><img decoding=\"async\" src=\"https:\/\/www.campingfontfreda.com\/wp-content\/uploads\/20170304_173748-365x230.jpg\" id=\"img-29464\" border=\"0\" alt=\"\" \/><\/a><\/div><div class=\"item\"><a href=\"https:\/\/www.campingfontfreda.com\/wp-content\/uploads\/20170304_173827-1070x1200.jpg\" id=\"thumb-29466\" class=\"image-link\"><img decoding=\"async\" src=\"https:\/\/www.campingfontfreda.com\/wp-content\/uploads\/20170304_173827-365x230.jpg\" id=\"img-29466\" border=\"0\" alt=\"\" \/><\/a><\/div><div class=\"item\"><a href=\"https:\/\/www.campingfontfreda.com\/wp-content\/uploads\/20170304_203953-726x1200.jpg\" id=\"thumb-29468\" class=\"image-link\"><img decoding=\"async\" src=\"https:\/\/www.campingfontfreda.com\/wp-content\/uploads\/20170304_203953-365x230.jpg\" id=\"img-29468\" border=\"0\" alt=\"\" \/><\/a><\/div><div class=\"item\"><a href=\"https:\/\/www.campingfontfreda.com\/wp-content\/uploads\/20170304_214656-1400x788.jpg\" id=\"thumb-29470\" class=\"image-link\"><img decoding=\"async\" src=\"https:\/\/www.campingfontfreda.com\/wp-content\/uploads\/20170304_214656-365x230.jpg\" id=\"img-29470\" border=\"0\" alt=\"\" \/><\/a><\/div><div class=\"item\"><a href=\"https:\/\/www.campingfontfreda.com\/wp-content\/uploads\/20170304_215805-1400x788.jpg\" id=\"thumb-29472\" class=\"image-link\"><img decoding=\"async\" src=\"https:\/\/www.campingfontfreda.com\/wp-content\/uploads\/20170304_215805-365x230.jpg\" id=\"img-29472\" border=\"0\" alt=\"\" \/><\/a><\/div><div class=\"item\"><a href=\"https:\/\/www.campingfontfreda.com\/wp-content\/uploads\/20170304_215820-1400x788.jpg\" id=\"thumb-29474\" class=\"image-link\"><img decoding=\"async\" src=\"https:\/\/www.campingfontfreda.com\/wp-content\/uploads\/20170304_215820-365x230.jpg\" id=\"img-29474\" border=\"0\" alt=\"\" \/><\/a><\/div><div class=\"item\"><a href=\"https:\/\/www.campingfontfreda.com\/wp-content\/uploads\/20170304_215839-1400x788.jpg\" id=\"thumb-29476\" class=\"image-link\"><img decoding=\"async\" src=\"https:\/\/www.campingfontfreda.com\/wp-content\/uploads\/20170304_215839-365x230.jpg\" id=\"img-29476\" border=\"0\" alt=\"\" \/><\/a><\/div><div class=\"item\"><a href=\"https:\/\/www.campingfontfreda.com\/wp-content\/uploads\/20170304_215852-1400x788.jpg\" id=\"thumb-29478\" class=\"image-link\"><img decoding=\"async\" src=\"https:\/\/www.campingfontfreda.com\/wp-content\/uploads\/20170304_215852-365x230.jpg\" id=\"img-29478\" border=\"0\" alt=\"\" \/><\/a><\/div><div class=\"item\"><a href=\"https:\/\/www.campingfontfreda.com\/wp-content\/uploads\/20170304_215938-1400x1089.jpg\" id=\"thumb-29480\" class=\"image-link\"><img decoding=\"async\" src=\"https:\/\/www.campingfontfreda.com\/wp-content\/uploads\/20170304_215938-365x230.jpg\" id=\"img-29480\" border=\"0\" alt=\"\" \/><\/a><\/div><div class=\"item\"><a href=\"https:\/\/www.campingfontfreda.com\/wp-content\/uploads\/20170304_220049-1400x788.jpg\" id=\"thumb-29482\" class=\"image-link\"><img decoding=\"async\" src=\"https:\/\/www.campingfontfreda.com\/wp-content\/uploads\/20170304_220049-365x230.jpg\" id=\"img-29482\" border=\"0\" alt=\"\" \/><\/a><\/div><div class=\"item\"><a href=\"https:\/\/www.campingfontfreda.com\/wp-content\/uploads\/20170304_223321-1400x788.jpg\" id=\"thumb-29484\" class=\"image-link\"><img decoding=\"async\" src=\"https:\/\/www.campingfontfreda.com\/wp-content\/uploads\/20170304_223321-365x230.jpg\" id=\"img-29484\" border=\"0\" alt=\"\" \/><\/a><\/div><div class=\"item\"><a href=\"https:\/\/www.campingfontfreda.com\/wp-content\/uploads\/20170304_224515-829x1200.jpg\" id=\"thumb-29486\" class=\"image-link\"><img decoding=\"async\" src=\"https:\/\/www.campingfontfreda.com\/wp-content\/uploads\/20170304_224515-365x230.jpg\" id=\"img-29486\" border=\"0\" alt=\"\" \/><\/a><\/div><div class=\"item\"><a href=\"https:\/\/www.campingfontfreda.com\/wp-content\/uploads\/20170304_224656-1400x982.jpg\" id=\"thumb-29488\" class=\"image-link\"><img decoding=\"async\" src=\"https:\/\/www.campingfontfreda.com\/wp-content\/uploads\/20170304_224656-365x230.jpg\" id=\"img-29488\" border=\"0\" alt=\"\" \/><\/a><\/div><div class=\"item\"><a href=\"https:\/\/www.campingfontfreda.com\/wp-content\/uploads\/20170304_224733-853x1200.jpg\" id=\"thumb-29490\" class=\"image-link\"><img decoding=\"async\" src=\"https:\/\/www.campingfontfreda.com\/wp-content\/uploads\/20170304_224733-365x230.jpg\" id=\"img-29490\" border=\"0\" alt=\"\" \/><\/a><\/div><div class=\"item\"><a href=\"https:\/\/www.campingfontfreda.com\/wp-content\/uploads\/20170304_225743-1400x788.jpg\" id=\"thumb-29492\" class=\"image-link\"><img decoding=\"async\" src=\"https:\/\/www.campingfontfreda.com\/wp-content\/uploads\/20170304_225743-365x230.jpg\" id=\"img-29492\" border=\"0\" alt=\"\" \/><\/a><\/div><div class=\"item\"><a href=\"https:\/\/www.campingfontfreda.com\/wp-content\/uploads\/20170304_225827-866x1200.jpg\" id=\"thumb-29494\" class=\"image-link\"><img decoding=\"async\" src=\"https:\/\/www.campingfontfreda.com\/wp-content\/uploads\/20170304_225827-365x230.jpg\" id=\"img-29494\" border=\"0\" alt=\"\" \/><\/a><\/div><div class=\"item\"><a href=\"https:\/\/www.campingfontfreda.com\/wp-content\/uploads\/20170304_231243-1400x788.jpg\" id=\"thumb-29496\" class=\"image-link\"><img decoding=\"async\" src=\"https:\/\/www.campingfontfreda.com\/wp-content\/uploads\/20170304_231243-365x230.jpg\" id=\"img-29496\" border=\"0\" alt=\"\" \/><\/a><\/div><div class=\"item\"><a href=\"https:\/\/www.campingfontfreda.com\/wp-content\/uploads\/20170304_231405-1400x788.jpg\" id=\"thumb-29498\" class=\"image-link\"><img decoding=\"async\" src=\"https:\/\/www.campingfontfreda.com\/wp-content\/uploads\/20170304_231405-365x230.jpg\" id=\"img-29498\" border=\"0\" alt=\"\" \/><\/a><\/div><div class=\"item\"><a href=\"https:\/\/www.campingfontfreda.com\/wp-content\/uploads\/20170304_231652-675x1200.jpg\" id=\"thumb-29500\" class=\"image-link\"><img decoding=\"async\" src=\"https:\/\/www.campingfontfreda.com\/wp-content\/uploads\/20170304_231652-365x230.jpg\" id=\"img-29500\" border=\"0\" alt=\"\" \/><\/a><\/div><div class=\"item\"><a href=\"https:\/\/www.campingfontfreda.com\/wp-content\/uploads\/20170304_234413-1400x788.jpg\" id=\"thumb-29502\" class=\"image-link\"><img decoding=\"async\" src=\"https:\/\/www.campingfontfreda.com\/wp-content\/uploads\/20170304_234413-365x230.jpg\" id=\"img-29502\" border=\"0\" alt=\"\" \/><\/a><\/div><div class=\"item\"><a href=\"https:\/\/www.campingfontfreda.com\/wp-content\/uploads\/20170304_234744-672x1200.jpg\" id=\"thumb-29504\" class=\"image-link\"><img decoding=\"async\" src=\"https:\/\/www.campingfontfreda.com\/wp-content\/uploads\/20170304_234744-365x230.jpg\" id=\"img-29504\" border=\"0\" alt=\"\" \/><\/a><\/div><div class=\"item\"><a href=\"https:\/\/www.campingfontfreda.com\/wp-content\/uploads\/20170304_234817-1400x788.jpg\" id=\"thumb-29506\" class=\"image-link\"><img decoding=\"async\" src=\"https:\/\/www.campingfontfreda.com\/wp-content\/uploads\/20170304_234817-365x230.jpg\" id=\"img-29506\" border=\"0\" alt=\"Carnestoltes\" \/><\/a><\/div><\/div><\/div>\n","protected":false},"excerpt":{"rendered":"","protected":false},"author":4,"featured_media":29466,"parent":19495,"menu_order":102,"comment_status":"closed","ping_status":"closed","template":"","meta":{"_acf_changed":false,"_monsterinsights_skip_tracking":false,"_monsterinsights_sitenote_active":false,"_monsterinsights_sitenote_note":"","_monsterinsights_sitenote_category":0,"footnotes":""},"class_list":["post-23311","page","type-page","status-publish","has-post-thumbnail","hentry"],"acf":[],"yoast_head":"<!-- This site is optimized with the Yoast SEO plugin v26.0 - https:\/\/yoast.com\/wordpress\/plugins\/seo\/ -->\n<title>Carnestoltes2017 - C\u00e0mping FontFreda<\/title>\n<meta name=\"robots\" content=\"index, follow, max-snippet:-1, max-image-preview:large, max-video-preview:-1\" \/>\n<link rel=\"canonical\" href=\"https:\/\/www.campingfontfreda.com\/en\/galeria-dimatges\/carnestoltes2017\/\" \/>\n<meta property=\"og:locale\" content=\"en_US\" \/>\n<meta property=\"og:type\" content=\"article\" \/>\n<meta property=\"og:title\" content=\"Carnestoltes2017 - C\u00e0mping FontFreda\" \/>\n<meta property=\"og:url\" content=\"https:\/\/www.campingfontfreda.com\/en\/galeria-dimatges\/carnestoltes2017\/\" \/>\n<meta property=\"og:site_name\" content=\"C\u00e0mping FontFreda\" \/>\n<meta property=\"article:modified_time\" content=\"2017-03-07T16:13:15+00:00\" \/>\n<meta property=\"og:image\" content=\"https:\/\/www.campingfontfreda.com\/wp-content\/uploads\/20170304_173827.jpg\" \/>\n\t<meta property=\"og:image:width\" content=\"1070\" \/>\n\t<meta property=\"og:image:height\" content=\"1200\" \/>\n\t<meta property=\"og:image:type\" content=\"image\/jpeg\" \/>\n<meta name=\"twitter:card\" content=\"summary_large_image\" \/>\n<script type=\"application\/ld+json\" class=\"yoast-schema-graph\">{\"@context\":\"https:\/\/schema.org\",\"@graph\":[{\"@type\":\"WebPage\",\"@id\":\"https:\/\/www.campingfontfreda.com\/en\/galeria-dimatges\/carnestoltes2017\/\",\"url\":\"https:\/\/www.campingfontfreda.com\/en\/galeria-dimatges\/carnestoltes2017\/\",\"name\":\"Carnestoltes2017 - C\u00e0mping FontFreda\",\"isPartOf\":{\"@id\":\"https:\/\/www.campingfontfreda.com\/#website\"},\"primaryImageOfPage\":{\"@id\":\"https:\/\/www.campingfontfreda.com\/en\/galeria-dimatges\/carnestoltes2017\/#primaryimage\"},\"image\":{\"@id\":\"https:\/\/www.campingfontfreda.com\/en\/galeria-dimatges\/carnestoltes2017\/#primaryimage\"},\"thumbnailUrl\":\"https:\/\/www.campingfontfreda.com\/wp-content\/uploads\/20170304_173827.jpg\",\"datePublished\":\"2017-03-07T16:11:59+00:00\",\"dateModified\":\"2017-03-07T16:13:15+00:00\",\"breadcrumb\":{\"@id\":\"https:\/\/www.campingfontfreda.com\/en\/galeria-dimatges\/carnestoltes2017\/#breadcrumb\"},\"inLanguage\":\"en-US\",\"potentialAction\":[{\"@type\":\"ReadAction\",\"target\":[\"https:\/\/www.campingfontfreda.com\/en\/galeria-dimatges\/carnestoltes2017\/\"]}]},{\"@type\":\"ImageObject\",\"inLanguage\":\"en-US\",\"@id\":\"https:\/\/www.campingfontfreda.com\/en\/galeria-dimatges\/carnestoltes2017\/#primaryimage\",\"url\":\"https:\/\/www.campingfontfreda.com\/wp-content\/uploads\/20170304_173827.jpg\",\"contentUrl\":\"https:\/\/www.campingfontfreda.com\/wp-content\/uploads\/20170304_173827.jpg\",\"width\":1070,\"height\":1200},{\"@type\":\"BreadcrumbList\",\"@id\":\"https:\/\/www.campingfontfreda.com\/en\/galeria-dimatges\/carnestoltes2017\/#breadcrumb\",\"itemListElement\":[{\"@type\":\"ListItem\",\"position\":1,\"name\":\"Inici\",\"item\":\"https:\/\/www.campingfontfreda.com\/en\/\"},{\"@type\":\"ListItem\",\"position\":2,\"name\":\"Galeria d&#8217;imatges\",\"item\":\"https:\/\/www.campingfontfreda.com\/en\/galeria-dimatges\/\"},{\"@type\":\"ListItem\",\"position\":3,\"name\":\"Carnestoltes2017\"}]},{\"@type\":\"WebSite\",\"@id\":\"https:\/\/www.campingfontfreda.com\/#website\",\"url\":\"https:\/\/www.campingfontfreda.com\/\",\"name\":\"C\u00e0mping FontFreda\",\"description\":\"C\u00e0mping Fontfreda (Bergued\u00e0) \u00e9s un c\u00e0mping d\u2019alta muntanya ubicat a  Berga\",\"potentialAction\":[{\"@type\":\"SearchAction\",\"target\":{\"@type\":\"EntryPoint\",\"urlTemplate\":\"https:\/\/www.campingfontfreda.com\/?s={search_term_string}\"},\"query-input\":{\"@type\":\"PropertyValueSpecification\",\"valueRequired\":true,\"valueName\":\"search_term_string\"}}],\"inLanguage\":\"en-US\"}]}<\/script>\n<!-- \/ Yoast SEO plugin. -->","yoast_head_json":{"title":"Carnestoltes2017 - C\u00e0mping FontFreda","robots":{"index":"index","follow":"follow","max-snippet":"max-snippet:-1","max-image-preview":"max-image-preview:large","max-video-preview":"max-video-preview:-1"},"canonical":"https:\/\/www.campingfontfreda.com\/en\/galeria-dimatges\/carnestoltes2017\/","og_locale":"en_US","og_type":"article","og_title":"Carnestoltes2017 - C\u00e0mping FontFreda","og_url":"https:\/\/www.campingfontfreda.com\/en\/galeria-dimatges\/carnestoltes2017\/","og_site_name":"C\u00e0mping FontFreda","article_modified_time":"2017-03-07T16:13:15+00:00","og_image":[{"width":1070,"height":1200,"url":"https:\/\/www.campingfontfreda.com\/wp-content\/uploads\/20170304_173827.jpg","type":"image\/jpeg"}],"twitter_card":"summary_large_image","schema":{"@context":"https:\/\/schema.org","@graph":[{"@type":"WebPage","@id":"https:\/\/www.campingfontfreda.com\/en\/galeria-dimatges\/carnestoltes2017\/","url":"https:\/\/www.campingfontfreda.com\/en\/galeria-dimatges\/carnestoltes2017\/","name":"Carnestoltes2017 - C\u00e0mping FontFreda","isPartOf":{"@id":"https:\/\/www.campingfontfreda.com\/#website"},"primaryImageOfPage":{"@id":"https:\/\/www.campingfontfreda.com\/en\/galeria-dimatges\/carnestoltes2017\/#primaryimage"},"image":{"@id":"https:\/\/www.campingfontfreda.com\/en\/galeria-dimatges\/carnestoltes2017\/#primaryimage"},"thumbnailUrl":"https:\/\/www.campingfontfreda.com\/wp-content\/uploads\/20170304_173827.jpg","datePublished":"2017-03-07T16:11:59+00:00","dateModified":"2017-03-07T16:13:15+00:00","breadcrumb":{"@id":"https:\/\/www.campingfontfreda.com\/en\/galeria-dimatges\/carnestoltes2017\/#breadcrumb"},"inLanguage":"en-US","potentialAction":[{"@type":"ReadAction","target":["https:\/\/www.campingfontfreda.com\/en\/galeria-dimatges\/carnestoltes2017\/"]}]},{"@type":"ImageObject","inLanguage":"en-US","@id":"https:\/\/www.campingfontfreda.com\/en\/galeria-dimatges\/carnestoltes2017\/#primaryimage","url":"https:\/\/www.campingfontfreda.com\/wp-content\/uploads\/20170304_173827.jpg","contentUrl":"https:\/\/www.campingfontfreda.com\/wp-content\/uploads\/20170304_173827.jpg","width":1070,"height":1200},{"@type":"BreadcrumbList","@id":"https:\/\/www.campingfontfreda.com\/en\/galeria-dimatges\/carnestoltes2017\/#breadcrumb","itemListElement":[{"@type":"ListItem","position":1,"name":"Inici","item":"https:\/\/www.campingfontfreda.com\/en\/"},{"@type":"ListItem","position":2,"name":"Galeria d&#8217;imatges","item":"https:\/\/www.campingfontfreda.com\/en\/galeria-dimatges\/"},{"@type":"ListItem","position":3,"name":"Carnestoltes2017"}]},{"@type":"WebSite","@id":"https:\/\/www.campingfontfreda.com\/#website","url":"https:\/\/www.campingfontfreda.com\/","name":"C\u00e0mping FontFreda","description":"C\u00e0mping Fontfreda (Bergued\u00e0) \u00e9s un c\u00e0mping d\u2019alta muntanya ubicat a  Berga","potentialAction":[{"@type":"SearchAction","target":{"@type":"EntryPoint","urlTemplate":"https:\/\/www.campingfontfreda.com\/?s={search_term_string}"},"query-input":{"@type":"PropertyValueSpecification","valueRequired":true,"valueName":"search_term_string"}}],"inLanguage":"en-US"}]}},"_links":{"self":[{"href":"https:\/\/www.campingfontfreda.com\/en\/wp-json\/wp\/v2\/pages\/23311","targetHints":{"allow":["GET"]}}],"collection":[{"href":"https:\/\/www.campingfontfreda.com\/en\/wp-json\/wp\/v2\/pages"}],"about":[{"href":"https:\/\/www.campingfontfreda.com\/en\/wp-json\/wp\/v2\/types\/page"}],"author":[{"embeddable":true,"href":"https:\/\/www.campingfontfreda.com\/en\/wp-json\/wp\/v2\/users\/4"}],"replies":[{"embeddable":true,"href":"https:\/\/www.campingfontfreda.com\/en\/wp-json\/wp\/v2\/comments?post=23311"}],"version-history":[{"count":1,"href":"https:\/\/www.campingfontfreda.com\/en\/wp-json\/wp\/v2\/pages\/23311\/revisions"}],"predecessor-version":[{"id":23313,"href":"https:\/\/www.campingfontfreda.com\/en\/wp-json\/wp\/v2\/pages\/23311\/revisions\/23313"}],"up":[{"embeddable":true,"href":"https:\/\/www.campingfontfreda.com\/en\/wp-json\/wp\/v2\/pages\/19495"}],"wp:featuredmedia":[{"embeddable":true,"href":"https:\/\/www.campingfontfreda.com\/en\/wp-json\/wp\/v2\/media\/29466"}],"wp:attachment":[{"href":"https:\/\/www.campingfontfreda.com\/en\/wp-json\/wp\/v2\/media?parent=23311"}],"curies":[{"name":"wp","href":"https:\/\/api.w.org\/{rel}","templated":true}]}}