{"id":23547,"date":"2017-10-22T17:41:54","date_gmt":"2017-10-22T15:41:54","guid":{"rendered":"https:\/\/www.campingfontfreda.com\/?page_id=23547\/"},"modified":"2017-10-22T17:44:40","modified_gmt":"2017-10-22T15:44:40","slug":"pont-pilar-2017","status":"publish","type":"page","link":"https:\/\/www.campingfontfreda.com\/en\/galeria-dimatges\/pont-pilar-2017\/","title":{"rendered":"Pont del Pilar 2017"},"content":{"rendered":"<div class=\"owl-container\"><div class=\"galeria clearfix galeria-default col-3\"><div class=\"item\"><a href=\"https:\/\/www.campingfontfreda.com\/wp-content\/uploads\/20171012_180320.jpg\" id=\"thumb-29726\" class=\"image-link\"><img decoding=\"async\" src=\"https:\/\/www.campingfontfreda.com\/wp-content\/uploads\/20171012_180320-365x230.jpg\" id=\"img-29726\" border=\"0\" alt=\"\" \/><\/a><\/div><div class=\"item\"><a href=\"https:\/\/www.campingfontfreda.com\/wp-content\/uploads\/20171012_180336-1400x788.jpg\" id=\"thumb-29728\" class=\"image-link\"><img decoding=\"async\" src=\"https:\/\/www.campingfontfreda.com\/wp-content\/uploads\/20171012_180336-365x230.jpg\" id=\"img-29728\" border=\"0\" alt=\"\" \/><\/a><\/div><div class=\"item\"><a href=\"https:\/\/www.campingfontfreda.com\/wp-content\/uploads\/20171012_183556-1400x788.jpg\" id=\"thumb-29730\" class=\"image-link\"><img decoding=\"async\" src=\"https:\/\/www.campingfontfreda.com\/wp-content\/uploads\/20171012_183556-365x230.jpg\" id=\"img-29730\" border=\"0\" alt=\"\" \/><\/a><\/div><div class=\"item\"><a href=\"https:\/\/www.campingfontfreda.com\/wp-content\/uploads\/20171012_183629-1400x788.jpg\" id=\"thumb-29732\" class=\"image-link\"><img decoding=\"async\" src=\"https:\/\/www.campingfontfreda.com\/wp-content\/uploads\/20171012_183629-365x230.jpg\" id=\"img-29732\" border=\"0\" alt=\"\" \/><\/a><\/div><div class=\"item\"><a href=\"https:\/\/www.campingfontfreda.com\/wp-content\/uploads\/20171012_183817-675x1200.jpg\" id=\"thumb-29734\" class=\"image-link\"><img decoding=\"async\" src=\"https:\/\/www.campingfontfreda.com\/wp-content\/uploads\/20171012_183817-365x230.jpg\" id=\"img-29734\" border=\"0\" alt=\"\" \/><\/a><\/div><div class=\"item\"><a href=\"https:\/\/www.campingfontfreda.com\/wp-content\/uploads\/20171013_181436-1400x788.jpg\" id=\"thumb-29736\" class=\"image-link\"><img decoding=\"async\" src=\"https:\/\/www.campingfontfreda.com\/wp-content\/uploads\/20171013_181436-365x230.jpg\" id=\"img-29736\" border=\"0\" alt=\"\" \/><\/a><\/div><div class=\"item\"><a href=\"https:\/\/www.campingfontfreda.com\/wp-content\/uploads\/20171013_181543-1400x788.jpg\" id=\"thumb-29738\" class=\"image-link\"><img decoding=\"async\" src=\"https:\/\/www.campingfontfreda.com\/wp-content\/uploads\/20171013_181543-365x230.jpg\" id=\"img-29738\" border=\"0\" alt=\"\" \/><\/a><\/div><div class=\"item\"><a href=\"https:\/\/www.campingfontfreda.com\/wp-content\/uploads\/20171013_181601-675x1200.jpg\" id=\"thumb-29740\" class=\"image-link\"><img decoding=\"async\" src=\"https:\/\/www.campingfontfreda.com\/wp-content\/uploads\/20171013_181601-365x230.jpg\" id=\"img-29740\" border=\"0\" alt=\"\" \/><\/a><\/div><div class=\"item\"><a href=\"https:\/\/www.campingfontfreda.com\/wp-content\/uploads\/20171013_184054-1400x788.jpg\" id=\"thumb-29742\" class=\"image-link\"><img decoding=\"async\" src=\"https:\/\/www.campingfontfreda.com\/wp-content\/uploads\/20171013_184054-365x230.jpg\" id=\"img-29742\" border=\"0\" alt=\"\" \/><\/a><\/div><div class=\"item\"><a href=\"https:\/\/www.campingfontfreda.com\/wp-content\/uploads\/20171013_184339-675x1200.jpg\" id=\"thumb-29744\" class=\"image-link\"><img decoding=\"async\" src=\"https:\/\/www.campingfontfreda.com\/wp-content\/uploads\/20171013_184339-365x230.jpg\" id=\"img-29744\" border=\"0\" alt=\"\" \/><\/a><\/div><div class=\"item\"><a href=\"https:\/\/www.campingfontfreda.com\/wp-content\/uploads\/20171013_184817-675x1200.jpg\" id=\"thumb-29746\" class=\"image-link\"><img decoding=\"async\" src=\"https:\/\/www.campingfontfreda.com\/wp-content\/uploads\/20171013_184817-365x230.jpg\" id=\"img-29746\" border=\"0\" alt=\"\" \/><\/a><\/div><div class=\"item\"><a href=\"https:\/\/www.campingfontfreda.com\/wp-content\/uploads\/20171014_114954.jpg\" id=\"thumb-29748\" class=\"image-link\"><img decoding=\"async\" src=\"https:\/\/www.campingfontfreda.com\/wp-content\/uploads\/20171014_114954-365x230.jpg\" id=\"img-29748\" border=\"0\" alt=\"\" \/><\/a><\/div><div class=\"item\"><a href=\"https:\/\/www.campingfontfreda.com\/wp-content\/uploads\/20171014_115008.jpg\" id=\"thumb-29750\" class=\"image-link\"><img decoding=\"async\" src=\"https:\/\/www.campingfontfreda.com\/wp-content\/uploads\/20171014_115008-270x230.jpg\" id=\"img-29750\" border=\"0\" alt=\"\" \/><\/a><\/div><div class=\"item\"><a href=\"https:\/\/www.campingfontfreda.com\/wp-content\/uploads\/20171014_115253.jpg\" id=\"thumb-29752\" class=\"image-link\"><img decoding=\"async\" src=\"https:\/\/www.campingfontfreda.com\/wp-content\/uploads\/20171014_115253-365x230.jpg\" id=\"img-29752\" border=\"0\" alt=\"\" \/><\/a><\/div><div class=\"item\"><a href=\"https:\/\/www.campingfontfreda.com\/wp-content\/uploads\/20171014_115305.jpg\" id=\"thumb-29754\" class=\"image-link\"><img decoding=\"async\" src=\"https:\/\/www.campingfontfreda.com\/wp-content\/uploads\/20171014_115305-365x230.jpg\" id=\"img-29754\" border=\"0\" alt=\"\" \/><\/a><\/div><div class=\"item\"><a href=\"https:\/\/www.campingfontfreda.com\/wp-content\/uploads\/20171014_115342.jpg\" id=\"thumb-29756\" class=\"image-link\"><img decoding=\"async\" src=\"https:\/\/www.campingfontfreda.com\/wp-content\/uploads\/20171014_115342-365x230.jpg\" id=\"img-29756\" border=\"0\" alt=\"\" \/><\/a><\/div><div class=\"item\"><a href=\"https:\/\/www.campingfontfreda.com\/wp-content\/uploads\/20171014_123119.jpg\" id=\"thumb-29758\" class=\"image-link\"><img decoding=\"async\" src=\"https:\/\/www.campingfontfreda.com\/wp-content\/uploads\/20171014_123119-270x230.jpg\" id=\"img-29758\" border=\"0\" alt=\"\" \/><\/a><\/div><div class=\"item\"><a href=\"https:\/\/www.campingfontfreda.com\/wp-content\/uploads\/20171014_123158.jpg\" id=\"thumb-29760\" class=\"image-link\"><img decoding=\"async\" src=\"https:\/\/www.campingfontfreda.com\/wp-content\/uploads\/20171014_123158-270x230.jpg\" id=\"img-29760\" border=\"0\" alt=\"\" \/><\/a><\/div><div class=\"item\"><a href=\"https:\/\/www.campingfontfreda.com\/wp-content\/uploads\/20171014_173021-1400x788.jpg\" id=\"thumb-29762\" class=\"image-link\"><img decoding=\"async\" src=\"https:\/\/www.campingfontfreda.com\/wp-content\/uploads\/20171014_173021-365x230.jpg\" id=\"img-29762\" border=\"0\" alt=\"\" \/><\/a><\/div><div class=\"item\"><a href=\"https:\/\/www.campingfontfreda.com\/wp-content\/uploads\/20171014_180530-675x1200.jpg\" id=\"thumb-29764\" class=\"image-link\"><img decoding=\"async\" src=\"https:\/\/www.campingfontfreda.com\/wp-content\/uploads\/20171014_180530-365x230.jpg\" id=\"img-29764\" border=\"0\" alt=\"\" \/><\/a><\/div><div class=\"item\"><a href=\"https:\/\/www.campingfontfreda.com\/wp-content\/uploads\/20171014_180624-1400x788.jpg\" id=\"thumb-29766\" class=\"image-link\"><img decoding=\"async\" src=\"https:\/\/www.campingfontfreda.com\/wp-content\/uploads\/20171014_180624-365x230.jpg\" id=\"img-29766\" border=\"0\" alt=\"\" \/><\/a><\/div><div class=\"item\"><a href=\"https:\/\/www.campingfontfreda.com\/wp-content\/uploads\/20171014_182828-675x1200.jpg\" id=\"thumb-29768\" class=\"image-link\"><img decoding=\"async\" src=\"https:\/\/www.campingfontfreda.com\/wp-content\/uploads\/20171014_182828-365x230.jpg\" id=\"img-29768\" border=\"0\" alt=\"\" \/><\/a><\/div><div class=\"item\"><a href=\"https:\/\/www.campingfontfreda.com\/wp-content\/uploads\/20171014_182935-1400x788.jpg\" id=\"thumb-29770\" class=\"image-link\"><img decoding=\"async\" src=\"https:\/\/www.campingfontfreda.com\/wp-content\/uploads\/20171014_182935-365x230.jpg\" id=\"img-29770\" border=\"0\" alt=\"\" \/><\/a><\/div><div class=\"item\"><a href=\"https:\/\/www.campingfontfreda.com\/wp-content\/uploads\/20171014_183101-675x1200.jpg\" id=\"thumb-29772\" class=\"image-link\"><img decoding=\"async\" src=\"https:\/\/www.campingfontfreda.com\/wp-content\/uploads\/20171014_183101-365x230.jpg\" id=\"img-29772\" border=\"0\" alt=\"\" \/><\/a><\/div><div class=\"item\"><a href=\"https:\/\/www.campingfontfreda.com\/wp-content\/uploads\/20171014_183145-1400x788.jpg\" id=\"thumb-29774\" class=\"image-link\"><img decoding=\"async\" src=\"https:\/\/www.campingfontfreda.com\/wp-content\/uploads\/20171014_183145-365x230.jpg\" id=\"img-29774\" border=\"0\" alt=\"\" \/><\/a><\/div><div class=\"item\"><a href=\"https:\/\/www.campingfontfreda.com\/wp-content\/uploads\/20171014_190555-1400x788.jpg\" id=\"thumb-29776\" class=\"image-link\"><img decoding=\"async\" src=\"https:\/\/www.campingfontfreda.com\/wp-content\/uploads\/20171014_190555-365x230.jpg\" id=\"img-29776\" border=\"0\" alt=\"\" \/><\/a><\/div><div class=\"item\"><a href=\"https:\/\/www.campingfontfreda.com\/wp-content\/uploads\/IMG-20171012-WA0019-675x1200.jpg\" id=\"thumb-29778\" class=\"image-link\"><img decoding=\"async\" src=\"https:\/\/www.campingfontfreda.com\/wp-content\/uploads\/IMG-20171012-WA0019-365x230.jpg\" id=\"img-29778\" border=\"0\" alt=\"\" \/><\/a><\/div><div class=\"item\"><a href=\"https:\/\/www.campingfontfreda.com\/wp-content\/uploads\/IMG-20171012-WA0022-1400x788.jpg\" id=\"thumb-29780\" class=\"image-link\"><img decoding=\"async\" src=\"https:\/\/www.campingfontfreda.com\/wp-content\/uploads\/IMG-20171012-WA0022-365x230.jpg\" id=\"img-29780\" border=\"0\" alt=\"\" \/><\/a><\/div><div class=\"item\"><a href=\"https:\/\/www.campingfontfreda.com\/wp-content\/uploads\/IMG-20171012-WA0023-675x1200.jpg\" id=\"thumb-29782\" class=\"image-link\"><img decoding=\"async\" src=\"https:\/\/www.campingfontfreda.com\/wp-content\/uploads\/IMG-20171012-WA0023-365x230.jpg\" id=\"img-29782\" border=\"0\" alt=\"\" \/><\/a><\/div><div class=\"item\"><a href=\"https:\/\/www.campingfontfreda.com\/wp-content\/uploads\/IMG-20171012-WA0024-675x1200.jpg\" id=\"thumb-29784\" class=\"image-link\"><img decoding=\"async\" src=\"https:\/\/www.campingfontfreda.com\/wp-content\/uploads\/IMG-20171012-WA0024-365x230.jpg\" id=\"img-29784\" border=\"0\" alt=\"\" \/><\/a><\/div><div class=\"item\"><a href=\"https:\/\/www.campingfontfreda.com\/wp-content\/uploads\/IMG-20171012-WA0026-1400x788.jpg\" id=\"thumb-29786\" class=\"image-link\"><img decoding=\"async\" src=\"https:\/\/www.campingfontfreda.com\/wp-content\/uploads\/IMG-20171012-WA0026-365x230.jpg\" id=\"img-29786\" border=\"0\" alt=\"\" \/><\/a><\/div><div class=\"item\"><a href=\"https:\/\/www.campingfontfreda.com\/wp-content\/uploads\/IMG-20171012-WA0028-675x1200.jpg\" id=\"thumb-29788\" class=\"image-link\"><img decoding=\"async\" src=\"https:\/\/www.campingfontfreda.com\/wp-content\/uploads\/IMG-20171012-WA0028-365x230.jpg\" id=\"img-29788\" border=\"0\" alt=\"\" \/><\/a><\/div><div class=\"item\"><a href=\"https:\/\/www.campingfontfreda.com\/wp-content\/uploads\/IMG-20171012-WA0031-1400x788.jpg\" id=\"thumb-29790\" class=\"image-link\"><img decoding=\"async\" src=\"https:\/\/www.campingfontfreda.com\/wp-content\/uploads\/IMG-20171012-WA0031-365x230.jpg\" id=\"img-29790\" border=\"0\" alt=\"\" \/><\/a><\/div><div class=\"item\"><a href=\"https:\/\/www.campingfontfreda.com\/wp-content\/uploads\/IMG-20171012-WA0033-675x1200.jpg\" id=\"thumb-29792\" class=\"image-link\"><img decoding=\"async\" src=\"https:\/\/www.campingfontfreda.com\/wp-content\/uploads\/IMG-20171012-WA0033-365x230.jpg\" id=\"img-29792\" border=\"0\" alt=\"\" \/><\/a><\/div><\/div><\/div>\n","protected":false},"excerpt":{"rendered":"","protected":false},"author":4,"featured_media":29750,"parent":19495,"menu_order":93,"comment_status":"closed","ping_status":"closed","template":"","meta":{"_acf_changed":false,"_monsterinsights_skip_tracking":false,"_monsterinsights_sitenote_active":false,"_monsterinsights_sitenote_note":"","_monsterinsights_sitenote_category":0,"footnotes":""},"class_list":["post-23547","page","type-page","status-publish","has-post-thumbnail","hentry"],"acf":[],"yoast_head":"<!-- This site is optimized with the Yoast SEO plugin v26.0 - https:\/\/yoast.com\/wordpress\/plugins\/seo\/ -->\n<title>Pont del Pilar 2017 - C\u00e0mping FontFreda<\/title>\n<meta name=\"robots\" content=\"index, follow, max-snippet:-1, max-image-preview:large, max-video-preview:-1\" \/>\n<link rel=\"canonical\" href=\"https:\/\/www.campingfontfreda.com\/en\/galeria-dimatges\/pont-pilar-2017\/\" \/>\n<meta property=\"og:locale\" content=\"en_US\" \/>\n<meta property=\"og:type\" content=\"article\" \/>\n<meta property=\"og:title\" content=\"Pont del Pilar 2017 - C\u00e0mping FontFreda\" \/>\n<meta property=\"og:url\" content=\"https:\/\/www.campingfontfreda.com\/en\/galeria-dimatges\/pont-pilar-2017\/\" \/>\n<meta property=\"og:site_name\" content=\"C\u00e0mping FontFreda\" \/>\n<meta property=\"article:modified_time\" content=\"2017-10-22T15:44:40+00:00\" \/>\n<meta property=\"og:image\" content=\"https:\/\/www.campingfontfreda.com\/wp-content\/uploads\/20171014_115008.jpg\" \/>\n\t<meta property=\"og:image:width\" content=\"270\" \/>\n\t<meta property=\"og:image:height\" content=\"480\" \/>\n\t<meta property=\"og:image:type\" content=\"image\/jpeg\" \/>\n<meta name=\"twitter:card\" content=\"summary_large_image\" \/>\n<script type=\"application\/ld+json\" class=\"yoast-schema-graph\">{\"@context\":\"https:\/\/schema.org\",\"@graph\":[{\"@type\":\"WebPage\",\"@id\":\"https:\/\/www.campingfontfreda.com\/en\/galeria-dimatges\/pont-pilar-2017\/\",\"url\":\"https:\/\/www.campingfontfreda.com\/en\/galeria-dimatges\/pont-pilar-2017\/\",\"name\":\"Pont del Pilar 2017 - C\u00e0mping FontFreda\",\"isPartOf\":{\"@id\":\"https:\/\/www.campingfontfreda.com\/#website\"},\"primaryImageOfPage\":{\"@id\":\"https:\/\/www.campingfontfreda.com\/en\/galeria-dimatges\/pont-pilar-2017\/#primaryimage\"},\"image\":{\"@id\":\"https:\/\/www.campingfontfreda.com\/en\/galeria-dimatges\/pont-pilar-2017\/#primaryimage\"},\"thumbnailUrl\":\"https:\/\/www.campingfontfreda.com\/wp-content\/uploads\/20171014_115008.jpg\",\"datePublished\":\"2017-10-22T15:41:54+00:00\",\"dateModified\":\"2017-10-22T15:44:40+00:00\",\"breadcrumb\":{\"@id\":\"https:\/\/www.campingfontfreda.com\/en\/galeria-dimatges\/pont-pilar-2017\/#breadcrumb\"},\"inLanguage\":\"en-US\",\"potentialAction\":[{\"@type\":\"ReadAction\",\"target\":[\"https:\/\/www.campingfontfreda.com\/en\/galeria-dimatges\/pont-pilar-2017\/\"]}]},{\"@type\":\"ImageObject\",\"inLanguage\":\"en-US\",\"@id\":\"https:\/\/www.campingfontfreda.com\/en\/galeria-dimatges\/pont-pilar-2017\/#primaryimage\",\"url\":\"https:\/\/www.campingfontfreda.com\/wp-content\/uploads\/20171014_115008.jpg\",\"contentUrl\":\"https:\/\/www.campingfontfreda.com\/wp-content\/uploads\/20171014_115008.jpg\",\"width\":270,\"height\":480},{\"@type\":\"BreadcrumbList\",\"@id\":\"https:\/\/www.campingfontfreda.com\/en\/galeria-dimatges\/pont-pilar-2017\/#breadcrumb\",\"itemListElement\":[{\"@type\":\"ListItem\",\"position\":1,\"name\":\"Inici\",\"item\":\"https:\/\/www.campingfontfreda.com\/en\/\"},{\"@type\":\"ListItem\",\"position\":2,\"name\":\"Galeria d&#8217;imatges\",\"item\":\"https:\/\/www.campingfontfreda.com\/en\/galeria-dimatges\/\"},{\"@type\":\"ListItem\",\"position\":3,\"name\":\"Pont del Pilar 2017\"}]},{\"@type\":\"WebSite\",\"@id\":\"https:\/\/www.campingfontfreda.com\/#website\",\"url\":\"https:\/\/www.campingfontfreda.com\/\",\"name\":\"C\u00e0mping FontFreda\",\"description\":\"C\u00e0mping Fontfreda (Bergued\u00e0) \u00e9s un c\u00e0mping d\u2019alta muntanya ubicat a  Berga\",\"potentialAction\":[{\"@type\":\"SearchAction\",\"target\":{\"@type\":\"EntryPoint\",\"urlTemplate\":\"https:\/\/www.campingfontfreda.com\/?s={search_term_string}\"},\"query-input\":{\"@type\":\"PropertyValueSpecification\",\"valueRequired\":true,\"valueName\":\"search_term_string\"}}],\"inLanguage\":\"en-US\"}]}<\/script>\n<!-- \/ Yoast SEO plugin. -->","yoast_head_json":{"title":"Pont del Pilar 2017 - C\u00e0mping FontFreda","robots":{"index":"index","follow":"follow","max-snippet":"max-snippet:-1","max-image-preview":"max-image-preview:large","max-video-preview":"max-video-preview:-1"},"canonical":"https:\/\/www.campingfontfreda.com\/en\/galeria-dimatges\/pont-pilar-2017\/","og_locale":"en_US","og_type":"article","og_title":"Pont del Pilar 2017 - C\u00e0mping FontFreda","og_url":"https:\/\/www.campingfontfreda.com\/en\/galeria-dimatges\/pont-pilar-2017\/","og_site_name":"C\u00e0mping FontFreda","article_modified_time":"2017-10-22T15:44:40+00:00","og_image":[{"width":270,"height":480,"url":"https:\/\/www.campingfontfreda.com\/wp-content\/uploads\/20171014_115008.jpg","type":"image\/jpeg"}],"twitter_card":"summary_large_image","schema":{"@context":"https:\/\/schema.org","@graph":[{"@type":"WebPage","@id":"https:\/\/www.campingfontfreda.com\/en\/galeria-dimatges\/pont-pilar-2017\/","url":"https:\/\/www.campingfontfreda.com\/en\/galeria-dimatges\/pont-pilar-2017\/","name":"Pont del Pilar 2017 - C\u00e0mping FontFreda","isPartOf":{"@id":"https:\/\/www.campingfontfreda.com\/#website"},"primaryImageOfPage":{"@id":"https:\/\/www.campingfontfreda.com\/en\/galeria-dimatges\/pont-pilar-2017\/#primaryimage"},"image":{"@id":"https:\/\/www.campingfontfreda.com\/en\/galeria-dimatges\/pont-pilar-2017\/#primaryimage"},"thumbnailUrl":"https:\/\/www.campingfontfreda.com\/wp-content\/uploads\/20171014_115008.jpg","datePublished":"2017-10-22T15:41:54+00:00","dateModified":"2017-10-22T15:44:40+00:00","breadcrumb":{"@id":"https:\/\/www.campingfontfreda.com\/en\/galeria-dimatges\/pont-pilar-2017\/#breadcrumb"},"inLanguage":"en-US","potentialAction":[{"@type":"ReadAction","target":["https:\/\/www.campingfontfreda.com\/en\/galeria-dimatges\/pont-pilar-2017\/"]}]},{"@type":"ImageObject","inLanguage":"en-US","@id":"https:\/\/www.campingfontfreda.com\/en\/galeria-dimatges\/pont-pilar-2017\/#primaryimage","url":"https:\/\/www.campingfontfreda.com\/wp-content\/uploads\/20171014_115008.jpg","contentUrl":"https:\/\/www.campingfontfreda.com\/wp-content\/uploads\/20171014_115008.jpg","width":270,"height":480},{"@type":"BreadcrumbList","@id":"https:\/\/www.campingfontfreda.com\/en\/galeria-dimatges\/pont-pilar-2017\/#breadcrumb","itemListElement":[{"@type":"ListItem","position":1,"name":"Inici","item":"https:\/\/www.campingfontfreda.com\/en\/"},{"@type":"ListItem","position":2,"name":"Galeria d&#8217;imatges","item":"https:\/\/www.campingfontfreda.com\/en\/galeria-dimatges\/"},{"@type":"ListItem","position":3,"name":"Pont del Pilar 2017"}]},{"@type":"WebSite","@id":"https:\/\/www.campingfontfreda.com\/#website","url":"https:\/\/www.campingfontfreda.com\/","name":"C\u00e0mping FontFreda","description":"C\u00e0mping Fontfreda (Bergued\u00e0) \u00e9s un c\u00e0mping d\u2019alta muntanya ubicat a  Berga","potentialAction":[{"@type":"SearchAction","target":{"@type":"EntryPoint","urlTemplate":"https:\/\/www.campingfontfreda.com\/?s={search_term_string}"},"query-input":{"@type":"PropertyValueSpecification","valueRequired":true,"valueName":"search_term_string"}}],"inLanguage":"en-US"}]}},"_links":{"self":[{"href":"https:\/\/www.campingfontfreda.com\/en\/wp-json\/wp\/v2\/pages\/23547","targetHints":{"allow":["GET"]}}],"collection":[{"href":"https:\/\/www.campingfontfreda.com\/en\/wp-json\/wp\/v2\/pages"}],"about":[{"href":"https:\/\/www.campingfontfreda.com\/en\/wp-json\/wp\/v2\/types\/page"}],"author":[{"embeddable":true,"href":"https:\/\/www.campingfontfreda.com\/en\/wp-json\/wp\/v2\/users\/4"}],"replies":[{"embeddable":true,"href":"https:\/\/www.campingfontfreda.com\/en\/wp-json\/wp\/v2\/comments?post=23547"}],"version-history":[{"count":1,"href":"https:\/\/www.campingfontfreda.com\/en\/wp-json\/wp\/v2\/pages\/23547\/revisions"}],"predecessor-version":[{"id":23550,"href":"https:\/\/www.campingfontfreda.com\/en\/wp-json\/wp\/v2\/pages\/23547\/revisions\/23550"}],"up":[{"embeddable":true,"href":"https:\/\/www.campingfontfreda.com\/en\/wp-json\/wp\/v2\/pages\/19495"}],"wp:featuredmedia":[{"embeddable":true,"href":"https:\/\/www.campingfontfreda.com\/en\/wp-json\/wp\/v2\/media\/29750"}],"wp:attachment":[{"href":"https:\/\/www.campingfontfreda.com\/en\/wp-json\/wp\/v2\/media?parent=23547"}],"curies":[{"name":"wp","href":"https:\/\/api.w.org\/{rel}","templated":true}]}}