{"id":31718,"date":"2019-08-07T20:01:21","date_gmt":"2019-08-07T18:01:21","guid":{"rendered":"https:\/\/www.campingfontfreda.com\/?page_id=31718"},"modified":"2019-08-07T20:01:21","modified_gmt":"2019-08-07T18:01:21","slug":"summer-2019","status":"publish","type":"page","link":"https:\/\/www.campingfontfreda.com\/en\/galeria-dimatges\/summer-2019\/","title":{"rendered":"Summer 2019"},"content":{"rendered":"<div class=\"owl-container\"><div class=\"galeria clearfix galeria-default col-3\"><div class=\"item\"><a href=\"https:\/\/www.campingfontfreda.com\/wp-content\/uploads\/IMG_20190715_183421-1400x1050.jpg\" id=\"thumb-31549\" class=\"image-link\"><img decoding=\"async\" src=\"https:\/\/www.campingfontfreda.com\/wp-content\/uploads\/IMG_20190715_183421-365x230.jpg\" id=\"img-31549\" border=\"0\" alt=\"nfd\" \/><\/a><\/div><div class=\"item\"><a href=\"https:\/\/www.campingfontfreda.com\/wp-content\/uploads\/IMG_20190715_183441-1400x1050.jpg\" id=\"thumb-31552\" class=\"image-link\"><img decoding=\"async\" src=\"https:\/\/www.campingfontfreda.com\/wp-content\/uploads\/IMG_20190715_183441-365x230.jpg\" id=\"img-31552\" border=\"0\" alt=\"nfd\" \/><\/a><\/div><div class=\"item\"><a href=\"https:\/\/www.campingfontfreda.com\/wp-content\/uploads\/IMG_20190716_182446-900x1200.jpg\" id=\"thumb-31555\" class=\"image-link\"><img decoding=\"async\" src=\"https:\/\/www.campingfontfreda.com\/wp-content\/uploads\/IMG_20190716_182446-365x230.jpg\" id=\"img-31555\" border=\"0\" alt=\"dav\" \/><\/a><\/div><div class=\"item\"><a href=\"https:\/\/www.campingfontfreda.com\/wp-content\/uploads\/IMG_20190716_182548-900x1200.jpg\" id=\"thumb-31558\" class=\"image-link\"><img decoding=\"async\" src=\"https:\/\/www.campingfontfreda.com\/wp-content\/uploads\/IMG_20190716_182548-365x230.jpg\" id=\"img-31558\" border=\"0\" alt=\"rpt\" \/><\/a><\/div><div class=\"item\"><a href=\"https:\/\/www.campingfontfreda.com\/wp-content\/uploads\/IMG_20190718_174845-900x1200.jpg\" id=\"thumb-31561\" class=\"image-link\"><img decoding=\"async\" src=\"https:\/\/www.campingfontfreda.com\/wp-content\/uploads\/IMG_20190718_174845-365x230.jpg\" id=\"img-31561\" border=\"0\" alt=\"cof\" \/><\/a><\/div><div class=\"item\"><a href=\"https:\/\/www.campingfontfreda.com\/wp-content\/uploads\/IMG_20190718_174905-900x1200.jpg\" id=\"thumb-31564\" class=\"image-link\"><img decoding=\"async\" src=\"https:\/\/www.campingfontfreda.com\/wp-content\/uploads\/IMG_20190718_174905-365x230.jpg\" id=\"img-31564\" border=\"0\" alt=\"cof\" \/><\/a><\/div><div class=\"item\"><a href=\"https:\/\/www.campingfontfreda.com\/wp-content\/uploads\/IMG_20190718_174914-900x1200.jpg\" id=\"thumb-31567\" class=\"image-link\"><img decoding=\"async\" src=\"https:\/\/www.campingfontfreda.com\/wp-content\/uploads\/IMG_20190718_174914-365x230.jpg\" id=\"img-31567\" border=\"0\" alt=\"cof\" \/><\/a><\/div><div class=\"item\"><a href=\"https:\/\/www.campingfontfreda.com\/wp-content\/uploads\/IMG_20190718_175941-900x1200.jpg\" id=\"thumb-31570\" class=\"image-link\"><img decoding=\"async\" src=\"https:\/\/www.campingfontfreda.com\/wp-content\/uploads\/IMG_20190718_175941-365x230.jpg\" id=\"img-31570\" border=\"0\" alt=\"oznor\" \/><\/a><\/div><div class=\"item\"><a href=\"https:\/\/www.campingfontfreda.com\/wp-content\/uploads\/IMG_20190718_180000-900x1200.jpg\" id=\"thumb-31573\" class=\"image-link\"><img decoding=\"async\" src=\"https:\/\/www.campingfontfreda.com\/wp-content\/uploads\/IMG_20190718_180000-365x230.jpg\" id=\"img-31573\" border=\"0\" alt=\"oznor\" \/><\/a><\/div><div class=\"item\"><a href=\"https:\/\/www.campingfontfreda.com\/wp-content\/uploads\/IMG_20190719_173825-1400x1050.jpg\" id=\"thumb-31576\" class=\"image-link\"><img decoding=\"async\" src=\"https:\/\/www.campingfontfreda.com\/wp-content\/uploads\/IMG_20190719_173825-365x230.jpg\" id=\"img-31576\" border=\"0\" alt=\"oznor\" \/><\/a><\/div><div class=\"item\"><a href=\"https:\/\/www.campingfontfreda.com\/wp-content\/uploads\/IMG_20190719_182150-1400x1050.jpg\" id=\"thumb-31579\" class=\"image-link\"><img decoding=\"async\" src=\"https:\/\/www.campingfontfreda.com\/wp-content\/uploads\/IMG_20190719_182150-365x230.jpg\" id=\"img-31579\" border=\"0\" alt=\"smacap_BFace\" \/><\/a><\/div><div class=\"item\"><a href=\"https:\/\/www.campingfontfreda.com\/wp-content\/uploads\/IMG_20190720_171421-900x1200.jpg\" id=\"thumb-31582\" class=\"image-link\"><img decoding=\"async\" src=\"https:\/\/www.campingfontfreda.com\/wp-content\/uploads\/IMG_20190720_171421-365x230.jpg\" id=\"img-31582\" border=\"0\" alt=\"cof\" \/><\/a><\/div><div class=\"item\"><a href=\"https:\/\/www.campingfontfreda.com\/wp-content\/uploads\/IMG_20190720_171435-900x1200.jpg\" id=\"thumb-31585\" class=\"image-link\"><img decoding=\"async\" src=\"https:\/\/www.campingfontfreda.com\/wp-content\/uploads\/IMG_20190720_171435-365x230.jpg\" id=\"img-31585\" border=\"0\" alt=\"smacap_Bright\" \/><\/a><\/div><div class=\"item\"><a href=\"https:\/\/www.campingfontfreda.com\/wp-content\/uploads\/IMG_20190720_173200-900x1200.jpg\" id=\"thumb-31588\" class=\"image-link\"><img decoding=\"async\" src=\"https:\/\/www.campingfontfreda.com\/wp-content\/uploads\/IMG_20190720_173200-365x230.jpg\" id=\"img-31588\" border=\"0\" alt=\"cof\" \/><\/a><\/div><div class=\"item\"><a href=\"https:\/\/www.campingfontfreda.com\/wp-content\/uploads\/IMG_20190720_174157-900x1200.jpg\" id=\"thumb-31591\" class=\"image-link\"><img decoding=\"async\" src=\"https:\/\/www.campingfontfreda.com\/wp-content\/uploads\/IMG_20190720_174157-365x230.jpg\" id=\"img-31591\" border=\"0\" alt=\"rhdr\" \/><\/a><\/div><div class=\"item\"><a href=\"https:\/\/www.campingfontfreda.com\/wp-content\/uploads\/IMG_20190720_174233-900x1200.jpg\" id=\"thumb-31594\" class=\"image-link\"><img decoding=\"async\" src=\"https:\/\/www.campingfontfreda.com\/wp-content\/uploads\/IMG_20190720_174233-365x230.jpg\" id=\"img-31594\" border=\"0\" alt=\"oznor\" \/><\/a><\/div><div class=\"item\"><a href=\"https:\/\/www.campingfontfreda.com\/wp-content\/uploads\/IMG_20190720_174314-900x1200.jpg\" id=\"thumb-31597\" class=\"image-link\"><img decoding=\"async\" src=\"https:\/\/www.campingfontfreda.com\/wp-content\/uploads\/IMG_20190720_174314-365x230.jpg\" id=\"img-31597\" border=\"0\" alt=\"oznor\" \/><\/a><\/div><div class=\"item\"><a href=\"https:\/\/www.campingfontfreda.com\/wp-content\/uploads\/IMG_20190720_174837-1400x1050.jpg\" id=\"thumb-31600\" class=\"image-link\"><img decoding=\"async\" src=\"https:\/\/www.campingfontfreda.com\/wp-content\/uploads\/IMG_20190720_174837-365x230.jpg\" id=\"img-31600\" border=\"0\" alt=\"smacap_Bright\" \/><\/a><\/div><div class=\"item\"><a href=\"https:\/\/www.campingfontfreda.com\/wp-content\/uploads\/IMG_20190720_180111-900x1200.jpg\" id=\"thumb-31603\" class=\"image-link\"><img decoding=\"async\" src=\"https:\/\/www.campingfontfreda.com\/wp-content\/uploads\/IMG_20190720_180111-365x230.jpg\" id=\"img-31603\" border=\"0\" alt=\"sdr_HDRB\" \/><\/a><\/div><div class=\"item\"><a href=\"https:\/\/www.campingfontfreda.com\/wp-content\/uploads\/IMG_20190720_184800-900x1200.jpg\" id=\"thumb-31606\" class=\"image-link\"><img decoding=\"async\" src=\"https:\/\/www.campingfontfreda.com\/wp-content\/uploads\/IMG_20190720_184800-365x230.jpg\" id=\"img-31606\" border=\"0\" alt=\"cof\" \/><\/a><\/div><div class=\"item\"><a href=\"https:\/\/www.campingfontfreda.com\/wp-content\/uploads\/IMG_20190720_185447-900x1200.jpg\" id=\"thumb-31609\" class=\"image-link\"><img decoding=\"async\" src=\"https:\/\/www.campingfontfreda.com\/wp-content\/uploads\/IMG_20190720_185447-365x230.jpg\" id=\"img-31609\" border=\"0\" alt=\"rpt\" \/><\/a><\/div><div class=\"item\"><a href=\"https:\/\/www.campingfontfreda.com\/wp-content\/uploads\/IMG_20190720_185522-900x1200.jpg\" id=\"thumb-31612\" class=\"image-link\"><img decoding=\"async\" src=\"https:\/\/www.campingfontfreda.com\/wp-content\/uploads\/IMG_20190720_185522-365x230.jpg\" id=\"img-31612\" border=\"0\" alt=\"rpt\" \/><\/a><\/div><div class=\"item\"><a href=\"https:\/\/www.campingfontfreda.com\/wp-content\/uploads\/IMG_20190720_185744-900x1200.jpg\" id=\"thumb-31615\" class=\"image-link\"><img decoding=\"async\" src=\"https:\/\/www.campingfontfreda.com\/wp-content\/uploads\/IMG_20190720_185744-365x230.jpg\" id=\"img-31615\" border=\"0\" alt=\"rpt\" \/><\/a><\/div><div class=\"item\"><a href=\"https:\/\/www.campingfontfreda.com\/wp-content\/uploads\/IMG_20190720_185822-900x1200.jpg\" id=\"thumb-31618\" class=\"image-link\"><img decoding=\"async\" src=\"https:\/\/www.campingfontfreda.com\/wp-content\/uploads\/IMG_20190720_185822-365x230.jpg\" id=\"img-31618\" border=\"0\" alt=\"btf\" \/><\/a><\/div><div class=\"item\"><a href=\"https:\/\/www.campingfontfreda.com\/wp-content\/uploads\/IMG_20190720_185919-900x1200.jpg\" id=\"thumb-31621\" class=\"image-link\"><img decoding=\"async\" src=\"https:\/\/www.campingfontfreda.com\/wp-content\/uploads\/IMG_20190720_185919-365x230.jpg\" id=\"img-31621\" border=\"0\" alt=\"rpt\" \/><\/a><\/div><div class=\"item\"><a href=\"https:\/\/www.campingfontfreda.com\/wp-content\/uploads\/IMG_20190720_190138_1-1400x1050.jpg\" id=\"thumb-31624\" class=\"image-link\"><img decoding=\"async\" src=\"https:\/\/www.campingfontfreda.com\/wp-content\/uploads\/IMG_20190720_190138_1-365x230.jpg\" id=\"img-31624\" border=\"0\" alt=\"ptr\" \/><\/a><\/div><div class=\"item\"><a href=\"https:\/\/www.campingfontfreda.com\/wp-content\/uploads\/IMG_20190720_191206-1400x1050.jpg\" id=\"thumb-31627\" class=\"image-link\"><img decoding=\"async\" src=\"https:\/\/www.campingfontfreda.com\/wp-content\/uploads\/IMG_20190720_191206-365x230.jpg\" id=\"img-31627\" border=\"0\" alt=\"oznor\" \/><\/a><\/div><div class=\"item\"><a href=\"https:\/\/www.campingfontfreda.com\/wp-content\/uploads\/IMG_20190720_191351-1400x1050.jpg\" id=\"thumb-31630\" class=\"image-link\"><img decoding=\"async\" src=\"https:\/\/www.campingfontfreda.com\/wp-content\/uploads\/IMG_20190720_191351-365x230.jpg\" id=\"img-31630\" border=\"0\" alt=\"oznor\" \/><\/a><\/div><div class=\"item\"><a href=\"https:\/\/www.campingfontfreda.com\/wp-content\/uploads\/IMG_20190721_115332-1400x1050.jpg\" id=\"thumb-31633\" class=\"image-link\"><img decoding=\"async\" src=\"https:\/\/www.campingfontfreda.com\/wp-content\/uploads\/IMG_20190721_115332-365x230.jpg\" id=\"img-31633\" border=\"0\" alt=\"smacap_Bright\" \/><\/a><\/div><div class=\"item\"><a href=\"https:\/\/www.campingfontfreda.com\/wp-content\/uploads\/IMG_20190721_115354-1400x1050.jpg\" id=\"thumb-31636\" class=\"image-link\"><img decoding=\"async\" src=\"https:\/\/www.campingfontfreda.com\/wp-content\/uploads\/IMG_20190721_115354-365x230.jpg\" id=\"img-31636\" border=\"0\" alt=\"sdr_HDRB\" \/><\/a><\/div><div class=\"item\"><a href=\"https:\/\/www.campingfontfreda.com\/wp-content\/uploads\/IMG_20190721_115423-1400x1050.jpg\" id=\"thumb-31639\" class=\"image-link\"><img decoding=\"async\" src=\"https:\/\/www.campingfontfreda.com\/wp-content\/uploads\/IMG_20190721_115423-365x230.jpg\" id=\"img-31639\" border=\"0\" alt=\"sdr_HDRB\" \/><\/a><\/div><div class=\"item\"><a href=\"https:\/\/www.campingfontfreda.com\/wp-content\/uploads\/IMG_20190721_120157-1400x1050.jpg\" id=\"thumb-31642\" class=\"image-link\"><img decoding=\"async\" src=\"https:\/\/www.campingfontfreda.com\/wp-content\/uploads\/IMG_20190721_120157-365x230.jpg\" id=\"img-31642\" border=\"0\" alt=\"oznor\" \/><\/a><\/div><div class=\"item\"><a href=\"https:\/\/www.campingfontfreda.com\/wp-content\/uploads\/IMG_20190721_120538-1400x1050.jpg\" id=\"thumb-31645\" class=\"image-link\"><img decoding=\"async\" src=\"https:\/\/www.campingfontfreda.com\/wp-content\/uploads\/IMG_20190721_120538-365x230.jpg\" id=\"img-31645\" border=\"0\" alt=\"oznor\" \/><\/a><\/div><div class=\"item\"><a href=\"https:\/\/www.campingfontfreda.com\/wp-content\/uploads\/IMG_20190721_130554-1400x1050.jpg\" id=\"thumb-31648\" class=\"image-link\"><img decoding=\"async\" src=\"https:\/\/www.campingfontfreda.com\/wp-content\/uploads\/IMG_20190721_130554-365x230.jpg\" id=\"img-31648\" border=\"0\" alt=\"smacap_Bright\" \/><\/a><\/div><div class=\"item\"><a href=\"https:\/\/www.campingfontfreda.com\/wp-content\/uploads\/IMG_20190721_130603-1400x1050.jpg\" id=\"thumb-31651\" class=\"image-link\"><img decoding=\"async\" src=\"https:\/\/www.campingfontfreda.com\/wp-content\/uploads\/IMG_20190721_130603-365x230.jpg\" id=\"img-31651\" border=\"0\" alt=\"smacap_Bright\" \/><\/a><\/div><div class=\"item\"><a href=\"https:\/\/www.campingfontfreda.com\/wp-content\/uploads\/IMG_20190721_130605-1400x1050.jpg\" id=\"thumb-31654\" class=\"image-link\"><img decoding=\"async\" src=\"https:\/\/www.campingfontfreda.com\/wp-content\/uploads\/IMG_20190721_130605-365x230.jpg\" id=\"img-31654\" border=\"0\" alt=\"smacap_BFace\" \/><\/a><\/div><div class=\"item\"><a href=\"https:\/\/www.campingfontfreda.com\/wp-content\/uploads\/IMG_20190721_130609-1400x1050.jpg\" id=\"thumb-31657\" class=\"image-link\"><img decoding=\"async\" src=\"https:\/\/www.campingfontfreda.com\/wp-content\/uploads\/IMG_20190721_130609-365x230.jpg\" id=\"img-31657\" border=\"0\" alt=\"smacap_BFace\" \/><\/a><\/div><div class=\"item\"><a href=\"https:\/\/www.campingfontfreda.com\/wp-content\/uploads\/IMG_20190721_171641-900x1200.jpg\" id=\"thumb-31660\" class=\"image-link\"><img decoding=\"async\" src=\"https:\/\/www.campingfontfreda.com\/wp-content\/uploads\/IMG_20190721_171641-365x230.jpg\" id=\"img-31660\" border=\"0\" alt=\"cof\" \/><\/a><\/div><div class=\"item\"><a href=\"https:\/\/www.campingfontfreda.com\/wp-content\/uploads\/IMG_20190721_171918-900x1200.jpg\" id=\"thumb-31663\" class=\"image-link\"><img decoding=\"async\" src=\"https:\/\/www.campingfontfreda.com\/wp-content\/uploads\/IMG_20190721_171918-365x230.jpg\" id=\"img-31663\" border=\"0\" alt=\"dav\" \/><\/a><\/div><div class=\"item\"><a href=\"https:\/\/www.campingfontfreda.com\/wp-content\/uploads\/IMG_20190721_181918-1400x1050.jpg\" id=\"thumb-31666\" class=\"image-link\"><img decoding=\"async\" src=\"https:\/\/www.campingfontfreda.com\/wp-content\/uploads\/IMG_20190721_181918-365x230.jpg\" id=\"img-31666\" border=\"0\" alt=\"oznor\" \/><\/a><\/div><div class=\"item\"><a href=\"https:\/\/www.campingfontfreda.com\/wp-content\/uploads\/IMG_20190721_182239-900x1200.jpg\" id=\"thumb-31669\" class=\"image-link\"><img decoding=\"async\" src=\"https:\/\/www.campingfontfreda.com\/wp-content\/uploads\/IMG_20190721_182239-365x230.jpg\" id=\"img-31669\" border=\"0\" alt=\"cof\" \/><\/a><\/div><div class=\"item\"><a href=\"https:\/\/www.campingfontfreda.com\/wp-content\/uploads\/IMG_20190721_195628-900x1200.jpg\" id=\"thumb-31672\" class=\"image-link\"><img decoding=\"async\" src=\"https:\/\/www.campingfontfreda.com\/wp-content\/uploads\/IMG_20190721_195628-365x230.jpg\" id=\"img-31672\" border=\"0\" alt=\"cof\" \/><\/a><\/div><div class=\"item\"><a href=\"https:\/\/www.campingfontfreda.com\/wp-content\/uploads\/IMG_20190723_174431-1400x1050.jpg\" id=\"thumb-31675\" class=\"image-link\"><img decoding=\"async\" src=\"https:\/\/www.campingfontfreda.com\/wp-content\/uploads\/IMG_20190723_174431-365x230.jpg\" id=\"img-31675\" border=\"0\" alt=\"rpt\" \/><\/a><\/div><div class=\"item\"><a href=\"https:\/\/www.campingfontfreda.com\/wp-content\/uploads\/IMG_20190723_174528-1400x1050.jpg\" id=\"thumb-31678\" class=\"image-link\"><img decoding=\"async\" src=\"https:\/\/www.campingfontfreda.com\/wp-content\/uploads\/IMG_20190723_174528-365x230.jpg\" id=\"img-31678\" border=\"0\" alt=\"rpt\" \/><\/a><\/div><div class=\"item\"><a href=\"https:\/\/www.campingfontfreda.com\/wp-content\/uploads\/IMG_20190723_175752-900x1200.jpg\" id=\"thumb-31681\" class=\"image-link\"><img decoding=\"async\" src=\"https:\/\/www.campingfontfreda.com\/wp-content\/uploads\/IMG_20190723_175752-365x230.jpg\" id=\"img-31681\" border=\"0\" alt=\"cof\" \/><\/a><\/div><div class=\"item\"><a href=\"https:\/\/www.campingfontfreda.com\/wp-content\/uploads\/IMG_20190724_190236-1400x1050.jpg\" id=\"thumb-31684\" class=\"image-link\"><img decoding=\"async\" src=\"https:\/\/www.campingfontfreda.com\/wp-content\/uploads\/IMG_20190724_190236-365x230.jpg\" id=\"img-31684\" border=\"0\" alt=\"dav\" \/><\/a><\/div><div class=\"item\"><a href=\"https:\/\/www.campingfontfreda.com\/wp-content\/uploads\/IMG_20190724_190947-900x1200.jpg\" id=\"thumb-31687\" class=\"image-link\"><img decoding=\"async\" src=\"https:\/\/www.campingfontfreda.com\/wp-content\/uploads\/IMG_20190724_190947-365x230.jpg\" id=\"img-31687\" border=\"0\" alt=\"dav\" \/><\/a><\/div><div class=\"item\"><a href=\"https:\/\/www.campingfontfreda.com\/wp-content\/uploads\/IMG_20190726_171931-1400x1050.jpg\" id=\"thumb-31690\" class=\"image-link\"><img decoding=\"async\" src=\"https:\/\/www.campingfontfreda.com\/wp-content\/uploads\/IMG_20190726_171931-365x230.jpg\" id=\"img-31690\" border=\"0\" alt=\"ptr\" \/><\/a><\/div><div class=\"item\"><a href=\"https:\/\/www.campingfontfreda.com\/wp-content\/uploads\/IMG_20190727_165418-1400x788.jpg\" id=\"thumb-31693\" class=\"image-link\"><img decoding=\"async\" src=\"https:\/\/www.campingfontfreda.com\/wp-content\/uploads\/IMG_20190727_165418-365x230.jpg\" id=\"img-31693\" border=\"0\" alt=\"dav\" \/><\/a><\/div><div class=\"item\"><a href=\"https:\/\/www.campingfontfreda.com\/wp-content\/uploads\/IMG_20190728_114057-1400x1050.jpg\" id=\"thumb-31696\" class=\"image-link\"><img decoding=\"async\" src=\"https:\/\/www.campingfontfreda.com\/wp-content\/uploads\/IMG_20190728_114057-365x230.jpg\" id=\"img-31696\" border=\"0\" alt=\"smacap_Bright\" \/><\/a><\/div><div class=\"item\"><a href=\"https:\/\/www.campingfontfreda.com\/wp-content\/uploads\/IMG_20190728_123708-1400x1050.jpg\" id=\"thumb-31699\" class=\"image-link\"><img decoding=\"async\" src=\"https:\/\/www.campingfontfreda.com\/wp-content\/uploads\/IMG_20190728_123708-365x230.jpg\" id=\"img-31699\" border=\"0\" alt=\"cof\" \/><\/a><\/div><div class=\"item\"><a href=\"https:\/\/www.campingfontfreda.com\/wp-content\/uploads\/IMG_20190728_133308-900x1200.jpg\" id=\"thumb-31702\" class=\"image-link\"><img decoding=\"async\" src=\"https:\/\/www.campingfontfreda.com\/wp-content\/uploads\/IMG_20190728_133308-365x230.jpg\" id=\"img-31702\" border=\"0\" alt=\"rpt\" \/><\/a><\/div><div class=\"item\"><a href=\"https:\/\/www.campingfontfreda.com\/wp-content\/uploads\/IMG_20190728_172432-900x1200.jpg\" id=\"thumb-31705\" class=\"image-link\"><img decoding=\"async\" src=\"https:\/\/www.campingfontfreda.com\/wp-content\/uploads\/IMG_20190728_172432-365x230.jpg\" id=\"img-31705\" border=\"0\" alt=\"rhdr\" \/><\/a><\/div><div class=\"item\"><a href=\"https:\/\/www.campingfontfreda.com\/wp-content\/uploads\/IMG_20190728_172551-900x1200.jpg\" id=\"thumb-31708\" class=\"image-link\"><img decoding=\"async\" src=\"https:\/\/www.campingfontfreda.com\/wp-content\/uploads\/IMG_20190728_172551-365x230.jpg\" id=\"img-31708\" border=\"0\" alt=\"oznor\" \/><\/a><\/div><\/div><\/div>\n","protected":false},"excerpt":{"rendered":"","protected":false},"author":4,"featured_media":31648,"parent":19495,"menu_order":60,"comment_status":"closed","ping_status":"closed","template":"","meta":{"_acf_changed":false,"_monsterinsights_skip_tracking":false,"_monsterinsights_sitenote_active":false,"_monsterinsights_sitenote_note":"","_monsterinsights_sitenote_category":0,"footnotes":""},"class_list":["post-31718","page","type-page","status-publish","has-post-thumbnail","hentry"],"acf":[],"yoast_head":"<!-- This site is optimized with the Yoast SEO plugin v26.0 - https:\/\/yoast.com\/wordpress\/plugins\/seo\/ -->\n<title>Summer 2019 - C\u00e0mping FontFreda<\/title>\n<meta name=\"robots\" content=\"index, follow, max-snippet:-1, max-image-preview:large, max-video-preview:-1\" \/>\n<link rel=\"canonical\" href=\"https:\/\/www.campingfontfreda.com\/en\/galeria-dimatges\/summer-2019\/\" \/>\n<meta property=\"og:locale\" content=\"en_US\" \/>\n<meta property=\"og:type\" content=\"article\" \/>\n<meta property=\"og:title\" content=\"Summer 2019 - C\u00e0mping FontFreda\" \/>\n<meta property=\"og:url\" content=\"https:\/\/www.campingfontfreda.com\/en\/galeria-dimatges\/summer-2019\/\" \/>\n<meta property=\"og:site_name\" content=\"C\u00e0mping FontFreda\" \/>\n<meta property=\"og:image\" content=\"https:\/\/www.campingfontfreda.com\/wp-content\/uploads\/IMG_20190721_130554.jpg\" \/>\n\t<meta property=\"og:image:width\" content=\"1600\" \/>\n\t<meta property=\"og:image:height\" content=\"1200\" \/>\n\t<meta property=\"og:image:type\" content=\"image\/jpeg\" \/>\n<meta name=\"twitter:card\" content=\"summary_large_image\" \/>\n<script type=\"application\/ld+json\" class=\"yoast-schema-graph\">{\"@context\":\"https:\/\/schema.org\",\"@graph\":[{\"@type\":\"WebPage\",\"@id\":\"https:\/\/www.campingfontfreda.com\/en\/galeria-dimatges\/summer-2019\/\",\"url\":\"https:\/\/www.campingfontfreda.com\/en\/galeria-dimatges\/summer-2019\/\",\"name\":\"Summer 2019 - C\u00e0mping FontFreda\",\"isPartOf\":{\"@id\":\"https:\/\/www.campingfontfreda.com\/#website\"},\"primaryImageOfPage\":{\"@id\":\"https:\/\/www.campingfontfreda.com\/en\/galeria-dimatges\/summer-2019\/#primaryimage\"},\"image\":{\"@id\":\"https:\/\/www.campingfontfreda.com\/en\/galeria-dimatges\/summer-2019\/#primaryimage\"},\"thumbnailUrl\":\"https:\/\/www.campingfontfreda.com\/wp-content\/uploads\/IMG_20190721_130554.jpg\",\"datePublished\":\"2019-08-07T18:01:21+00:00\",\"breadcrumb\":{\"@id\":\"https:\/\/www.campingfontfreda.com\/en\/galeria-dimatges\/summer-2019\/#breadcrumb\"},\"inLanguage\":\"en-US\",\"potentialAction\":[{\"@type\":\"ReadAction\",\"target\":[\"https:\/\/www.campingfontfreda.com\/en\/galeria-dimatges\/summer-2019\/\"]}]},{\"@type\":\"ImageObject\",\"inLanguage\":\"en-US\",\"@id\":\"https:\/\/www.campingfontfreda.com\/en\/galeria-dimatges\/summer-2019\/#primaryimage\",\"url\":\"https:\/\/www.campingfontfreda.com\/wp-content\/uploads\/IMG_20190721_130554.jpg\",\"contentUrl\":\"https:\/\/www.campingfontfreda.com\/wp-content\/uploads\/IMG_20190721_130554.jpg\",\"width\":1600,\"height\":1200,\"caption\":\"smacap_Bright\"},{\"@type\":\"BreadcrumbList\",\"@id\":\"https:\/\/www.campingfontfreda.com\/en\/galeria-dimatges\/summer-2019\/#breadcrumb\",\"itemListElement\":[{\"@type\":\"ListItem\",\"position\":1,\"name\":\"Inici\",\"item\":\"https:\/\/www.campingfontfreda.com\/en\/\"},{\"@type\":\"ListItem\",\"position\":2,\"name\":\"Galeria d&#8217;imatges\",\"item\":\"https:\/\/www.campingfontfreda.com\/en\/galeria-dimatges\/\"},{\"@type\":\"ListItem\",\"position\":3,\"name\":\"Summer 2019\"}]},{\"@type\":\"WebSite\",\"@id\":\"https:\/\/www.campingfontfreda.com\/#website\",\"url\":\"https:\/\/www.campingfontfreda.com\/\",\"name\":\"C\u00e0mping FontFreda\",\"description\":\"C\u00e0mping Fontfreda (Bergued\u00e0) \u00e9s un c\u00e0mping d\u2019alta muntanya ubicat a  Berga\",\"potentialAction\":[{\"@type\":\"SearchAction\",\"target\":{\"@type\":\"EntryPoint\",\"urlTemplate\":\"https:\/\/www.campingfontfreda.com\/?s={search_term_string}\"},\"query-input\":{\"@type\":\"PropertyValueSpecification\",\"valueRequired\":true,\"valueName\":\"search_term_string\"}}],\"inLanguage\":\"en-US\"}]}<\/script>\n<!-- \/ Yoast SEO plugin. -->","yoast_head_json":{"title":"Summer 2019 - C\u00e0mping FontFreda","robots":{"index":"index","follow":"follow","max-snippet":"max-snippet:-1","max-image-preview":"max-image-preview:large","max-video-preview":"max-video-preview:-1"},"canonical":"https:\/\/www.campingfontfreda.com\/en\/galeria-dimatges\/summer-2019\/","og_locale":"en_US","og_type":"article","og_title":"Summer 2019 - C\u00e0mping FontFreda","og_url":"https:\/\/www.campingfontfreda.com\/en\/galeria-dimatges\/summer-2019\/","og_site_name":"C\u00e0mping FontFreda","og_image":[{"width":1600,"height":1200,"url":"https:\/\/www.campingfontfreda.com\/wp-content\/uploads\/IMG_20190721_130554.jpg","type":"image\/jpeg"}],"twitter_card":"summary_large_image","schema":{"@context":"https:\/\/schema.org","@graph":[{"@type":"WebPage","@id":"https:\/\/www.campingfontfreda.com\/en\/galeria-dimatges\/summer-2019\/","url":"https:\/\/www.campingfontfreda.com\/en\/galeria-dimatges\/summer-2019\/","name":"Summer 2019 - C\u00e0mping FontFreda","isPartOf":{"@id":"https:\/\/www.campingfontfreda.com\/#website"},"primaryImageOfPage":{"@id":"https:\/\/www.campingfontfreda.com\/en\/galeria-dimatges\/summer-2019\/#primaryimage"},"image":{"@id":"https:\/\/www.campingfontfreda.com\/en\/galeria-dimatges\/summer-2019\/#primaryimage"},"thumbnailUrl":"https:\/\/www.campingfontfreda.com\/wp-content\/uploads\/IMG_20190721_130554.jpg","datePublished":"2019-08-07T18:01:21+00:00","breadcrumb":{"@id":"https:\/\/www.campingfontfreda.com\/en\/galeria-dimatges\/summer-2019\/#breadcrumb"},"inLanguage":"en-US","potentialAction":[{"@type":"ReadAction","target":["https:\/\/www.campingfontfreda.com\/en\/galeria-dimatges\/summer-2019\/"]}]},{"@type":"ImageObject","inLanguage":"en-US","@id":"https:\/\/www.campingfontfreda.com\/en\/galeria-dimatges\/summer-2019\/#primaryimage","url":"https:\/\/www.campingfontfreda.com\/wp-content\/uploads\/IMG_20190721_130554.jpg","contentUrl":"https:\/\/www.campingfontfreda.com\/wp-content\/uploads\/IMG_20190721_130554.jpg","width":1600,"height":1200,"caption":"smacap_Bright"},{"@type":"BreadcrumbList","@id":"https:\/\/www.campingfontfreda.com\/en\/galeria-dimatges\/summer-2019\/#breadcrumb","itemListElement":[{"@type":"ListItem","position":1,"name":"Inici","item":"https:\/\/www.campingfontfreda.com\/en\/"},{"@type":"ListItem","position":2,"name":"Galeria d&#8217;imatges","item":"https:\/\/www.campingfontfreda.com\/en\/galeria-dimatges\/"},{"@type":"ListItem","position":3,"name":"Summer 2019"}]},{"@type":"WebSite","@id":"https:\/\/www.campingfontfreda.com\/#website","url":"https:\/\/www.campingfontfreda.com\/","name":"C\u00e0mping FontFreda","description":"C\u00e0mping Fontfreda (Bergued\u00e0) \u00e9s un c\u00e0mping d\u2019alta muntanya ubicat a  Berga","potentialAction":[{"@type":"SearchAction","target":{"@type":"EntryPoint","urlTemplate":"https:\/\/www.campingfontfreda.com\/?s={search_term_string}"},"query-input":{"@type":"PropertyValueSpecification","valueRequired":true,"valueName":"search_term_string"}}],"inLanguage":"en-US"}]}},"_links":{"self":[{"href":"https:\/\/www.campingfontfreda.com\/en\/wp-json\/wp\/v2\/pages\/31718","targetHints":{"allow":["GET"]}}],"collection":[{"href":"https:\/\/www.campingfontfreda.com\/en\/wp-json\/wp\/v2\/pages"}],"about":[{"href":"https:\/\/www.campingfontfreda.com\/en\/wp-json\/wp\/v2\/types\/page"}],"author":[{"embeddable":true,"href":"https:\/\/www.campingfontfreda.com\/en\/wp-json\/wp\/v2\/users\/4"}],"replies":[{"embeddable":true,"href":"https:\/\/www.campingfontfreda.com\/en\/wp-json\/wp\/v2\/comments?post=31718"}],"version-history":[{"count":1,"href":"https:\/\/www.campingfontfreda.com\/en\/wp-json\/wp\/v2\/pages\/31718\/revisions"}],"predecessor-version":[{"id":31719,"href":"https:\/\/www.campingfontfreda.com\/en\/wp-json\/wp\/v2\/pages\/31718\/revisions\/31719"}],"up":[{"embeddable":true,"href":"https:\/\/www.campingfontfreda.com\/en\/wp-json\/wp\/v2\/pages\/19495"}],"wp:featuredmedia":[{"embeddable":true,"href":"https:\/\/www.campingfontfreda.com\/en\/wp-json\/wp\/v2\/media\/31648"}],"wp:attachment":[{"href":"https:\/\/www.campingfontfreda.com\/en\/wp-json\/wp\/v2\/media?parent=31718"}],"curies":[{"name":"wp","href":"https:\/\/api.w.org\/{rel}","templated":true}]}}