{"id":19286,"date":"2015-04-02T12:05:23","date_gmt":"2015-04-02T10:05:23","guid":{"rendered":"https:\/\/www.campingfontfreda.com\/camping\/galeria-dactivitats\/"},"modified":"2017-10-14T19:16:02","modified_gmt":"2017-10-14T17:16:02","slug":"galeria-de-actividades","status":"publish","type":"page","link":"https:\/\/www.campingfontfreda.com\/es\/camping\/galeria-de-actividades\/","title":{"rendered":"Actividades"},"content":{"rendered":"<div class=\"columna-wrapper\">\n<div class=\"columna col1-2\">\n<h2 style=\"text-align: center;\"><a href=\"https:\/\/www.youtube.com\/watch?v=J2rGf1Nh_o0\" target=\"_blank\" rel=\"noopener noreferrer\">Haz \u00abclick\u00bb para ver un resumen de la arrozada de este verano<br \/>\n<\/a><\/h2>\n<p style=\"text-align: center;\"><a href=\"https:\/\/www.youtube.com\/watch?v=J2rGf1Nh_o0\" target=\"_blank\" rel=\"noopener noreferrer\"><img loading=\"lazy\" decoding=\"async\" class=\" size-medium wp-image-21710 aligncenter\" src=\"https:\/\/www.campingfontfreda.com\/wp-content\/uploads\/IMG-20150907-WA0042-500x281.jpg\" alt=\"IMG-20150907-WA0042\" width=\"500\" height=\"281\" srcset=\"https:\/\/www.campingfontfreda.com\/wp-content\/uploads\/IMG-20150907-WA0042-500x281.jpg 500w, https:\/\/www.campingfontfreda.com\/wp-content\/uploads\/IMG-20150907-WA0042-150x84.jpg 150w, https:\/\/www.campingfontfreda.com\/wp-content\/uploads\/IMG-20150907-WA0042-1000x562.jpg 1000w, https:\/\/www.campingfontfreda.com\/wp-content\/uploads\/IMG-20150907-WA0042-1400x787.jpg 1400w, https:\/\/www.campingfontfreda.com\/wp-content\/uploads\/IMG-20150907-WA0042-1067x600.jpg 1067w, https:\/\/www.campingfontfreda.com\/wp-content\/uploads\/IMG-20150907-WA0042-230x129.jpg 230w, https:\/\/www.campingfontfreda.com\/wp-content\/uploads\/IMG-20150907-WA0042.jpg 1599w\" sizes=\"auto, (max-width: 500px) 100vw, 500px\" \/><\/a><\/p>\n<\/div>\n<\/div>\n<p>&nbsp;<\/p>\n\n            <script>\n                $(window).load(function() {\n\n                    $('.galeria-slider').owlCarousel({\n\n                      navigation : true, \/\/ Show next and prev buttons\n                      slideSpeed : 300,\n                        autoplay:true,\n                        autoplayTimeout:2000,\n                        loop:true,\n                        autoplayHoverPause:true,\n                      paginationSpeed : 400,\n                      singleItem:true,\n                      items : 1,\n\n                      \/\/ 'singleItem:true' is a shortcut for:\n                      \/\/ items : 1,\n                      \/\/ itemsDesktop : false,\n                      \/\/ itemsDesktopSmall : false,\n                      \/\/ itemsTablet: false,\n                      \/\/ itemsMobile : false\n\n                  });\n\n                });\n            <\/script><div class=\"owl-container\"><div class=\"galeria clearfix galeria-slider\"><div class=\"item\"><a href=\"https:\/\/www.campingfontfreda.com\/wp-content\/uploads\/IMG-20170815-WA0014.jpg\" id=\"thumb-29669\" class=\"image-link\"><img decoding=\"async\" src=\"https:\/\/www.campingfontfreda.com\/wp-content\/uploads\/IMG-20170815-WA0014-900x600.jpg\" id=\"img-29669\" border=\"0\" alt=\"Sortida a la Font Freda\" \/><\/a><\/div><div class=\"item\"><a href=\"https:\/\/www.campingfontfreda.com\/wp-content\/uploads\/IMG-20170812-WA0004.jpg\" id=\"thumb-29595\" class=\"image-link\"><img decoding=\"async\" src=\"https:\/\/www.campingfontfreda.com\/wp-content\/uploads\/IMG-20170812-WA0004-900x600.jpg\" id=\"img-29595\" border=\"0\" alt=\"Cuc\" \/><\/a><\/div><div class=\"item\"><a href=\"https:\/\/www.campingfontfreda.com\/wp-content\/uploads\/20140209_112430_1-1400x1050.jpg\" id=\"thumb-25135\" class=\"image-link\"><img decoding=\"async\" src=\"https:\/\/www.campingfontfreda.com\/wp-content\/uploads\/20140209_112430_1-900x600.jpg\" id=\"img-25135\" border=\"0\" alt=\"Salida con  Raquetas\" \/><\/a><\/div><div class=\"item\"><a href=\"https:\/\/www.campingfontfreda.com\/wp-content\/uploads\/IMG-20150704-WA0018-675x1200.jpg\" id=\"thumb-27193\" class=\"image-link\"><img decoding=\"async\" src=\"https:\/\/www.campingfontfreda.com\/wp-content\/uploads\/IMG-20150704-WA0018-675x600.jpg\" id=\"img-27193\" border=\"0\" alt=\"\" \/><\/a><\/div><div class=\"item\"><a href=\"https:\/\/www.campingfontfreda.com\/wp-content\/uploads\/grupo-taller-barro.jpg\" id=\"thumb-27177\" class=\"image-link\"><img decoding=\"async\" src=\"https:\/\/www.campingfontfreda.com\/wp-content\/uploads\/grupo-taller-barro-900x600.jpg\" id=\"img-27177\" border=\"0\" alt=\"\" \/><\/a><\/div><div class=\"item\"><a href=\"https:\/\/www.campingfontfreda.com\/wp-content\/uploads\/estiu-2013-2-196-1400x1049.jpg\" id=\"thumb-25139\" class=\"image-link\"><img decoding=\"async\" src=\"https:\/\/www.campingfontfreda.com\/wp-content\/uploads\/estiu-2013-2-196-900x600.jpg\" id=\"img-25139\" border=\"0\" alt=\"Waterball\" \/><\/a><\/div><div class=\"item\"><a href=\"https:\/\/www.campingfontfreda.com\/wp-content\/uploads\/estiu-2013-4-013-1400x1050.jpg\" id=\"thumb-25141\" class=\"image-link\"><img decoding=\"async\" src=\"https:\/\/www.campingfontfreda.com\/wp-content\/uploads\/estiu-2013-4-013-900x600.jpg\" id=\"img-25141\" border=\"0\" alt=\"Arrozada popular\" \/><\/a><\/div><div class=\"item\"><a href=\"https:\/\/www.campingfontfreda.com\/wp-content\/uploads\/20130818_183044-1400x1050.jpg\" id=\"thumb-25143\" class=\"image-link\"><img decoding=\"async\" src=\"https:\/\/www.campingfontfreda.com\/wp-content\/uploads\/20130818_183044-900x600.jpg\" id=\"img-25143\" border=\"0\" alt=\"Toca-Toca\" \/><\/a><\/div><div class=\"item\"><a href=\"https:\/\/www.campingfontfreda.com\/wp-content\/uploads\/20130824_132903-1400x1050.jpg\" id=\"thumb-25145\" class=\"image-link\"><img decoding=\"async\" src=\"https:\/\/www.campingfontfreda.com\/wp-content\/uploads\/20130824_132903-900x600.jpg\" id=\"img-25145\" border=\"0\" alt=\"Paella\" \/><\/a><\/div><div class=\"item\"><a href=\"https:\/\/www.campingfontfreda.com\/wp-content\/uploads\/20161031_164210-672x1200.jpg\" id=\"thumb-29067\" class=\"image-link\"><img decoding=\"async\" src=\"https:\/\/www.campingfontfreda.com\/wp-content\/uploads\/20161031_164210-672x600.jpg\" id=\"img-29067\" border=\"0\" alt=\"Castanyera\" \/><\/a><\/div><\/div><\/div>\n","protected":false},"excerpt":{"rendered":"<p>Haz \u00abclick\u00bb para ver un resumen de la arrozada de este verano &nbsp;<\/p>\n","protected":false},"author":1,"featured_media":19224,"parent":19282,"menu_order":0,"comment_status":"closed","ping_status":"closed","template":"","meta":{"_acf_changed":false,"_monsterinsights_skip_tracking":false,"_monsterinsights_sitenote_active":false,"_monsterinsights_sitenote_note":"","_monsterinsights_sitenote_category":0,"footnotes":""},"class_list":["post-19286","page","type-page","status-publish","has-post-thumbnail","hentry"],"acf":[],"yoast_head":"<!-- This site is optimized with the Yoast SEO plugin v26.0 - https:\/\/yoast.com\/wordpress\/plugins\/seo\/ -->\n<title>Actividades - C\u00e0mping FontFreda<\/title>\n<meta name=\"robots\" content=\"index, follow, max-snippet:-1, max-image-preview:large, max-video-preview:-1\" \/>\n<link rel=\"canonical\" href=\"https:\/\/www.campingfontfreda.com\/es\/camping\/galeria-de-actividades\/\" \/>\n<meta property=\"og:locale\" content=\"es_ES\" \/>\n<meta property=\"og:type\" content=\"article\" \/>\n<meta property=\"og:title\" content=\"Actividades - C\u00e0mping FontFreda\" \/>\n<meta property=\"og:description\" content=\"Haz \u00abclick\u00bb para ver un resumen de la arrozada de este verano &nbsp;\" \/>\n<meta property=\"og:url\" content=\"https:\/\/www.campingfontfreda.com\/es\/camping\/galeria-de-actividades\/\" \/>\n<meta property=\"og:site_name\" content=\"C\u00e0mping FontFreda\" \/>\n<meta property=\"article:modified_time\" content=\"2017-10-14T17:16:02+00:00\" \/>\n<meta property=\"og:image\" content=\"https:\/\/www.campingfontfreda.com\/wp-content\/uploads\/20130818_183044.jpg\" \/>\n\t<meta property=\"og:image:width\" content=\"1600\" \/>\n\t<meta property=\"og:image:height\" content=\"1200\" \/>\n\t<meta property=\"og:image:type\" content=\"image\/jpeg\" \/>\n<meta name=\"twitter:card\" content=\"summary_large_image\" \/>\n<script type=\"application\/ld+json\" class=\"yoast-schema-graph\">{\"@context\":\"https:\/\/schema.org\",\"@graph\":[{\"@type\":\"WebPage\",\"@id\":\"https:\/\/www.campingfontfreda.com\/es\/camping\/galeria-de-actividades\/\",\"url\":\"https:\/\/www.campingfontfreda.com\/es\/camping\/galeria-de-actividades\/\",\"name\":\"Actividades - C\u00e0mping FontFreda\",\"isPartOf\":{\"@id\":\"https:\/\/www.campingfontfreda.com\/#website\"},\"primaryImageOfPage\":{\"@id\":\"https:\/\/www.campingfontfreda.com\/es\/camping\/galeria-de-actividades\/#primaryimage\"},\"image\":{\"@id\":\"https:\/\/www.campingfontfreda.com\/es\/camping\/galeria-de-actividades\/#primaryimage\"},\"thumbnailUrl\":\"https:\/\/www.campingfontfreda.com\/wp-content\/uploads\/20130818_183044.jpg\",\"datePublished\":\"2015-04-02T10:05:23+00:00\",\"dateModified\":\"2017-10-14T17:16:02+00:00\",\"breadcrumb\":{\"@id\":\"https:\/\/www.campingfontfreda.com\/es\/camping\/galeria-de-actividades\/#breadcrumb\"},\"inLanguage\":\"es\",\"potentialAction\":[{\"@type\":\"ReadAction\",\"target\":[\"https:\/\/www.campingfontfreda.com\/es\/camping\/galeria-de-actividades\/\"]}]},{\"@type\":\"ImageObject\",\"inLanguage\":\"es\",\"@id\":\"https:\/\/www.campingfontfreda.com\/es\/camping\/galeria-de-actividades\/#primaryimage\",\"url\":\"https:\/\/www.campingfontfreda.com\/wp-content\/uploads\/20130818_183044.jpg\",\"contentUrl\":\"https:\/\/www.campingfontfreda.com\/wp-content\/uploads\/20130818_183044.jpg\",\"width\":1600,\"height\":1200,\"caption\":\"Toca-Toca\"},{\"@type\":\"BreadcrumbList\",\"@id\":\"https:\/\/www.campingfontfreda.com\/es\/camping\/galeria-de-actividades\/#breadcrumb\",\"itemListElement\":[{\"@type\":\"ListItem\",\"position\":1,\"name\":\"Inici\",\"item\":\"https:\/\/www.campingfontfreda.com\/es\/\"},{\"@type\":\"ListItem\",\"position\":2,\"name\":\"Camping\",\"item\":\"https:\/\/www.campingfontfreda.com\/es\/camping\/\"},{\"@type\":\"ListItem\",\"position\":3,\"name\":\"Actividades\"}]},{\"@type\":\"WebSite\",\"@id\":\"https:\/\/www.campingfontfreda.com\/#website\",\"url\":\"https:\/\/www.campingfontfreda.com\/\",\"name\":\"C\u00e0mping FontFreda\",\"description\":\"C\u00e0mping Fontfreda (Bergued\u00e0) \u00e9s un c\u00e0mping d\u2019alta muntanya ubicat a  Berga\",\"potentialAction\":[{\"@type\":\"SearchAction\",\"target\":{\"@type\":\"EntryPoint\",\"urlTemplate\":\"https:\/\/www.campingfontfreda.com\/?s={search_term_string}\"},\"query-input\":{\"@type\":\"PropertyValueSpecification\",\"valueRequired\":true,\"valueName\":\"search_term_string\"}}],\"inLanguage\":\"es\"}]}<\/script>\n<!-- \/ Yoast SEO plugin. -->","yoast_head_json":{"title":"Actividades - C\u00e0mping FontFreda","robots":{"index":"index","follow":"follow","max-snippet":"max-snippet:-1","max-image-preview":"max-image-preview:large","max-video-preview":"max-video-preview:-1"},"canonical":"https:\/\/www.campingfontfreda.com\/es\/camping\/galeria-de-actividades\/","og_locale":"es_ES","og_type":"article","og_title":"Actividades - C\u00e0mping FontFreda","og_description":"Haz \u00abclick\u00bb para ver un resumen de la arrozada de este verano &nbsp;","og_url":"https:\/\/www.campingfontfreda.com\/es\/camping\/galeria-de-actividades\/","og_site_name":"C\u00e0mping FontFreda","article_modified_time":"2017-10-14T17:16:02+00:00","og_image":[{"width":1600,"height":1200,"url":"https:\/\/www.campingfontfreda.com\/wp-content\/uploads\/20130818_183044.jpg","type":"image\/jpeg"}],"twitter_card":"summary_large_image","schema":{"@context":"https:\/\/schema.org","@graph":[{"@type":"WebPage","@id":"https:\/\/www.campingfontfreda.com\/es\/camping\/galeria-de-actividades\/","url":"https:\/\/www.campingfontfreda.com\/es\/camping\/galeria-de-actividades\/","name":"Actividades - C\u00e0mping FontFreda","isPartOf":{"@id":"https:\/\/www.campingfontfreda.com\/#website"},"primaryImageOfPage":{"@id":"https:\/\/www.campingfontfreda.com\/es\/camping\/galeria-de-actividades\/#primaryimage"},"image":{"@id":"https:\/\/www.campingfontfreda.com\/es\/camping\/galeria-de-actividades\/#primaryimage"},"thumbnailUrl":"https:\/\/www.campingfontfreda.com\/wp-content\/uploads\/20130818_183044.jpg","datePublished":"2015-04-02T10:05:23+00:00","dateModified":"2017-10-14T17:16:02+00:00","breadcrumb":{"@id":"https:\/\/www.campingfontfreda.com\/es\/camping\/galeria-de-actividades\/#breadcrumb"},"inLanguage":"es","potentialAction":[{"@type":"ReadAction","target":["https:\/\/www.campingfontfreda.com\/es\/camping\/galeria-de-actividades\/"]}]},{"@type":"ImageObject","inLanguage":"es","@id":"https:\/\/www.campingfontfreda.com\/es\/camping\/galeria-de-actividades\/#primaryimage","url":"https:\/\/www.campingfontfreda.com\/wp-content\/uploads\/20130818_183044.jpg","contentUrl":"https:\/\/www.campingfontfreda.com\/wp-content\/uploads\/20130818_183044.jpg","width":1600,"height":1200,"caption":"Toca-Toca"},{"@type":"BreadcrumbList","@id":"https:\/\/www.campingfontfreda.com\/es\/camping\/galeria-de-actividades\/#breadcrumb","itemListElement":[{"@type":"ListItem","position":1,"name":"Inici","item":"https:\/\/www.campingfontfreda.com\/es\/"},{"@type":"ListItem","position":2,"name":"Camping","item":"https:\/\/www.campingfontfreda.com\/es\/camping\/"},{"@type":"ListItem","position":3,"name":"Actividades"}]},{"@type":"WebSite","@id":"https:\/\/www.campingfontfreda.com\/#website","url":"https:\/\/www.campingfontfreda.com\/","name":"C\u00e0mping FontFreda","description":"C\u00e0mping Fontfreda (Bergued\u00e0) \u00e9s un c\u00e0mping d\u2019alta muntanya ubicat a  Berga","potentialAction":[{"@type":"SearchAction","target":{"@type":"EntryPoint","urlTemplate":"https:\/\/www.campingfontfreda.com\/?s={search_term_string}"},"query-input":{"@type":"PropertyValueSpecification","valueRequired":true,"valueName":"search_term_string"}}],"inLanguage":"es"}]}},"_links":{"self":[{"href":"https:\/\/www.campingfontfreda.com\/es\/wp-json\/wp\/v2\/pages\/19286","targetHints":{"allow":["GET"]}}],"collection":[{"href":"https:\/\/www.campingfontfreda.com\/es\/wp-json\/wp\/v2\/pages"}],"about":[{"href":"https:\/\/www.campingfontfreda.com\/es\/wp-json\/wp\/v2\/types\/page"}],"author":[{"embeddable":true,"href":"https:\/\/www.campingfontfreda.com\/es\/wp-json\/wp\/v2\/users\/1"}],"replies":[{"embeddable":true,"href":"https:\/\/www.campingfontfreda.com\/es\/wp-json\/wp\/v2\/comments?post=19286"}],"version-history":[{"count":6,"href":"https:\/\/www.campingfontfreda.com\/es\/wp-json\/wp\/v2\/pages\/19286\/revisions"}],"predecessor-version":[{"id":23510,"href":"https:\/\/www.campingfontfreda.com\/es\/wp-json\/wp\/v2\/pages\/19286\/revisions\/23510"}],"up":[{"embeddable":true,"href":"https:\/\/www.campingfontfreda.com\/es\/wp-json\/wp\/v2\/pages\/19282"}],"wp:featuredmedia":[{"embeddable":true,"href":"https:\/\/www.campingfontfreda.com\/es\/wp-json\/wp\/v2\/media\/19224"}],"wp:attachment":[{"href":"https:\/\/www.campingfontfreda.com\/es\/wp-json\/wp\/v2\/media?parent=19286"}],"curies":[{"name":"wp","href":"https:\/\/api.w.org\/{rel}","templated":true}]}}