{"id":19302,"date":"2015-02-18T10:10:33","date_gmt":"2015-02-18T09:10:33","guid":{"rendered":"https:\/\/www.campingfontfreda.com\/politica-de-privacitat-2\/"},"modified":"2020-03-10T17:12:50","modified_gmt":"2020-03-10T16:12:50","slug":"politica-de-privacidad","status":"publish","type":"page","link":"https:\/\/www.campingfontfreda.com\/es\/politica-de-privacidad\/","title":{"rendered":"Pol\u00edtica de privacidad"},"content":{"rendered":"<p>Principio del formulario<\/p>\n<p>Informacion sobre Protecci\u00f3n de Datos<\/p>\n<p>&nbsp;<\/p>\n<ol>\n<li><strong>Datos relativos al Responsable<\/strong><\/li>\n<\/ol>\n<p><strong>Responsable Tratamiento<\/strong><br \/>\n&#8211; Entidad: CAMPING FONTFREDA<br \/>\n&#8211; CIF de la entidad: B58234105<br \/>\n&#8211; Direccion de la entidad: CARRETERA RASOS DE PEGUERA KM4 &#8211; (08619) CASTELLAR DEL RIU<br \/>\n&#8211; Email de la entidad: INFORMACIO@CAMPINGFONTFREDA.COM<br \/>\n&#8211; Responsable del tratamiento : CAMPING FONTFREDA<br \/>\n&#8211; Tel\u00e9fono del Responsable del tratamiento : 938213354<br \/>\n&#8211; Direcci\u00f3n email del Responsable del tratamiento : INFORMACIO@CAMPINGFONTFREDA.COM<\/p>\n<ol start=\"2\">\n<li><strong>Finalidades<\/strong><\/li>\n<\/ol>\n<p>&nbsp;<\/p>\n<p>En cumplimiento de lo dispuesto en el Reglamento Europeo 2016\/679 General de Protecci\u00f3n de Datos y la Ley Org\u00e1nica 3\/2018 de Protecci\u00f3n de Datos Personales y Garant\u00eda de Derechos Digitales, le informamos de que, dependiendo de la relaci\u00f3n que tenga con nosotros, en <strong>CAMPING FONTFREDA<\/strong> tratamos los datos que nos facilita para alguna, o todas, las siguientes finalidades:<\/p>\n<ul>\n<li>Env\u00edo de informaci\u00f3n comercial de la entidad mediante correo postal, correo electr\u00f3nico u otros<\/li>\n<li>Informaci\u00f3n procedente de Cookies<\/li>\n<li>Prestarles un servicio de alojamiento<\/li>\n<li>Tramitaci\u00f3n de presupuestos<\/li>\n<\/ul>\n<p>&nbsp;<\/p>\n<ol start=\"3\">\n<li><strong>Plazo de conservaci\u00f3n de los datos<\/strong><\/li>\n<\/ol>\n<p>&nbsp;<\/p>\n<p>Sus datos ser\u00e1n conservados mientras dure la relaci\u00f3n contractual, comercial o de otro tipo con nuestra entidad, solicite su supresi\u00f3n, as\u00ed como el tiempo necesario para cumplir las obligaciones legales.<\/p>\n<p>&nbsp;<\/p>\n<ol start=\"4\">\n<li><strong>Legitimaci\u00f3n<\/strong><\/li>\n<\/ol>\n<p>&nbsp;<\/p>\n<p>La base legal para el tratamiento de tus datos radica por:<\/p>\n<ul>\n<li>Consentimiento inequ\u00edvoco<\/li>\n<\/ul>\n<p>&nbsp;<\/p>\n<ol start=\"5\">\n<li><strong>Destinatarios<\/strong><\/li>\n<\/ol>\n<p>Sus datos personales  No ser\u00e1n comunicados a terceros.<\/p>\n<p>&nbsp;<\/p>\n<ol start=\"6\">\n<li><strong>Derechos<\/strong><\/li>\n<\/ol>\n<p>Tiene derecho a obtener confirmaci\u00f3n sobre si en <strong>CAMPING FONTFREDA<\/strong> estamos tratando datos personales que le conciernan, o no.<\/p>\n<p>Asimismo, tiene derecho de acceso a sus datos personales, as\u00ed como a solicitar la <em>rectificaci\u00f3n<\/em> de los datos inexactos o, en su caso, solicitar su <em>supresi\u00f3n<\/em> cuando, entre otros motivos, los datos ya no sean necesarios para los fines que fueron recogidos.<\/p>\n<p>En determinadas circunstancias, podr\u00e1 solicitar la <em>limitaci\u00f3n del tratamiento<\/em> de sus datos, en cuyo caso \u00fanicamente los conservaremos para el ejercicio o la defensa de reclamaciones.<\/p>\n<p>Adicionalmente, en determinadas circunstancias y por motivos relacionados con tu situaci\u00f3n particular, podr\u00e1 ejercer el derecho de <em>oposici\u00f3n<\/em> al tratamiento de sus datos. <strong>CAMPING FONTFREDA<\/strong> dejar\u00e1 de tratar los datos, salvo por motivos leg\u00edtimos imperiosos, o el ejercicio o la defensa de posibles reclamaciones.<\/p>\n<p>Asimismo, puede ejercer el derecho a la <em>portabilidad<\/em> de los datos, as\u00ed como retirar los consentimientos facilitados en cualquier momento, sin que ello afecte a la licitud del tratamiento basado en el consentimiento previo a su retirada.<\/p>\n<p>Si desea hacer uso de cualquiera de tus derechos puede realizarlos a trav\u00e9s de los enlaces habilitados que encontrar\u00e1 a continuaci\u00f3n:<\/p>\n<ul>\n<li>Para ejercer su derecho de <strong>Acceso<\/strong>haga clic <a href=\"https:\/\/intranet.milopd.com\/webApp\/clientes_derechos\/derechos-formulario.php?id_cliente=RGp5SXdGSkxYeWJhVEZHQUV4TmhrUT09\">aqu\u00ed<\/a><\/li>\n<li>Para ejercer su derecho de <strong>Rectificaci\u00f3n<\/strong>haga clic <a href=\"https:\/\/intranet.milopd.com\/webApp\/clientes_derechos\/derechos-formulario.php?id_cliente=RGp5SXdGSkxYeWJhVEZHQUV4TmhrUT09\">aqu\u00ed<\/a><\/li>\n<li>Para ejercer su derecho de <strong>Supresi\u00f3n (Olvido)<\/strong>haga clic <a href=\"https:\/\/intranet.milopd.com\/webApp\/clientes_derechos\/derechos-formulario.php?id_cliente=RGp5SXdGSkxYeWJhVEZHQUV4TmhrUT09\">aqu\u00ed<\/a><\/li>\n<li>Para ejercer su derecho de <strong>Limitaci\u00f3n del Tratamiento<\/strong>haga clic <a href=\"https:\/\/intranet.milopd.com\/webApp\/clientes_derechos\/derechos-formulario.php?id_cliente=RGp5SXdGSkxYeWJhVEZHQUV4TmhrUT09\">aqu\u00ed<\/a><\/li>\n<li>Para ejercer su derecho de <strong>Oposici\u00f3n<\/strong>haga clic <a href=\"https:\/\/intranet.milopd.com\/webApp\/clientes_derechos\/derechos-formulario.php?id_cliente=RGp5SXdGSkxYeWJhVEZHQUV4TmhrUT09\">aqu\u00ed<\/a><\/li>\n<li>Para ejercer su derecho de <strong>Portabilidad<\/strong>haga clic <a href=\"https:\/\/intranet.milopd.com\/webApp\/clientes_derechos\/derechos-formulario.php?id_cliente=RGp5SXdGSkxYeWJhVEZHQUV4TmhrUT09\">aqu\u00ed<\/a><\/li>\n<\/ul>\n<p>Alternativamente, tambi\u00e9n puede dirigirse a nosotros mediante correo postal a la siguiente direcci\u00f3n: <strong>CARRETERA RASOS DE PEGUERA KM4 &#8211; (08619) CASTELLAR DEL RIU<\/strong> adjuntado una fotocopia del DNI, para la certeza de su identidad. Recuerde facilitar la mayor informaci\u00f3n posible sobre su solicitud: Nombre y apellidos, direcci\u00f3n de correo electr\u00f3nico que utiliza para la cuenta o portal objeto de tu solicitud.<\/p>\n<p>Por \u00faltimo, le informamos que puede dirigirse ante la Agencia Espa\u00f1ola de Protecci\u00f3n de Datos y dem\u00e1s organismos p\u00fablicos competentes para cualquier reclamaci\u00f3n derivada del tratamiento de tus datos personales.<\/p>\n<p>&nbsp;<\/p>\n<ol start=\"7\">\n<li><strong>Pol\u00edtica de cookies<\/strong><\/li>\n<\/ol>\n<p>&nbsp;<\/p>\n<p>Para conocer las cookies que utilizamos en nuestra p\u00e1gina, recuerde que puede acceder a nuestra Pol\u00edtica de Cookies a trav\u00e9s del siguiente enlace <a href=\"https:\/\/intranet.milopd.com\/politicaCookies\/index.php?sid=RGp5SXdGSkxYeWJhVEZHQUV4TmhrUT09\">pol\u00edtica de cookies<\/a>.<\/p>\n<p>Final del formulario<\/p>\n<p>&nbsp;<\/p>\n","protected":false},"excerpt":{"rendered":"<p>Principio del formulario Informacion sobre Protecci\u00f3n de Datos &nbsp; Datos relativos al Responsable Responsable Tratamiento &#8211; Entidad: CAMPING FONTFREDA &#8211; CIF de la entidad: B58234105 &#8211; Direccion de la entidad:&#8230;<\/p>\n","protected":false},"author":1,"featured_media":0,"parent":0,"menu_order":89,"comment_status":"closed","ping_status":"closed","template":"","meta":{"_acf_changed":false,"_monsterinsights_skip_tracking":false,"_monsterinsights_sitenote_active":false,"_monsterinsights_sitenote_note":"","_monsterinsights_sitenote_category":0,"footnotes":""},"class_list":["post-19302","page","type-page","status-publish","hentry"],"acf":[],"yoast_head":"<!-- This site is optimized with the Yoast SEO plugin v26.0 - https:\/\/yoast.com\/wordpress\/plugins\/seo\/ -->\n<title>Pol\u00edtica de privacidad - C\u00e0mping FontFreda<\/title>\n<meta name=\"robots\" content=\"index, follow, max-snippet:-1, max-image-preview:large, max-video-preview:-1\" \/>\n<link rel=\"canonical\" href=\"https:\/\/www.campingfontfreda.com\/es\/politica-de-privacidad\/\" \/>\n<meta property=\"og:locale\" content=\"es_ES\" \/>\n<meta property=\"og:type\" content=\"article\" \/>\n<meta property=\"og:title\" content=\"Pol\u00edtica de privacidad - C\u00e0mping FontFreda\" \/>\n<meta property=\"og:description\" content=\"Principio del formulario Informacion sobre Protecci\u00f3n de Datos &nbsp; Datos relativos al Responsable Responsable Tratamiento &#8211; Entidad: CAMPING FONTFREDA &#8211; CIF de la entidad: B58234105 &#8211; Direccion de la entidad:...\" \/>\n<meta property=\"og:url\" content=\"https:\/\/www.campingfontfreda.com\/es\/politica-de-privacidad\/\" \/>\n<meta property=\"og:site_name\" content=\"C\u00e0mping FontFreda\" \/>\n<meta property=\"article:modified_time\" content=\"2020-03-10T16:12:50+00:00\" \/>\n<meta name=\"twitter:card\" content=\"summary_large_image\" \/>\n<meta name=\"twitter:label1\" content=\"Tiempo de lectura\" \/>\n\t<meta name=\"twitter:data1\" content=\"3 minutos\" \/>\n<script type=\"application\/ld+json\" class=\"yoast-schema-graph\">{\"@context\":\"https:\/\/schema.org\",\"@graph\":[{\"@type\":\"WebPage\",\"@id\":\"https:\/\/www.campingfontfreda.com\/es\/politica-de-privacidad\/\",\"url\":\"https:\/\/www.campingfontfreda.com\/es\/politica-de-privacidad\/\",\"name\":\"Pol\u00edtica de privacidad - C\u00e0mping FontFreda\",\"isPartOf\":{\"@id\":\"https:\/\/www.campingfontfreda.com\/#website\"},\"datePublished\":\"2015-02-18T09:10:33+00:00\",\"dateModified\":\"2020-03-10T16:12:50+00:00\",\"breadcrumb\":{\"@id\":\"https:\/\/www.campingfontfreda.com\/es\/politica-de-privacidad\/#breadcrumb\"},\"inLanguage\":\"es\",\"potentialAction\":[{\"@type\":\"ReadAction\",\"target\":[\"https:\/\/www.campingfontfreda.com\/es\/politica-de-privacidad\/\"]}]},{\"@type\":\"BreadcrumbList\",\"@id\":\"https:\/\/www.campingfontfreda.com\/es\/politica-de-privacidad\/#breadcrumb\",\"itemListElement\":[{\"@type\":\"ListItem\",\"position\":1,\"name\":\"Inici\",\"item\":\"https:\/\/www.campingfontfreda.com\/es\/\"},{\"@type\":\"ListItem\",\"position\":2,\"name\":\"Pol\u00edtica de privacidad\"}]},{\"@type\":\"WebSite\",\"@id\":\"https:\/\/www.campingfontfreda.com\/#website\",\"url\":\"https:\/\/www.campingfontfreda.com\/\",\"name\":\"C\u00e0mping FontFreda\",\"description\":\"C\u00e0mping Fontfreda (Bergued\u00e0) \u00e9s un c\u00e0mping d\u2019alta muntanya ubicat a  Berga\",\"potentialAction\":[{\"@type\":\"SearchAction\",\"target\":{\"@type\":\"EntryPoint\",\"urlTemplate\":\"https:\/\/www.campingfontfreda.com\/?s={search_term_string}\"},\"query-input\":{\"@type\":\"PropertyValueSpecification\",\"valueRequired\":true,\"valueName\":\"search_term_string\"}}],\"inLanguage\":\"es\"}]}<\/script>\n<!-- \/ Yoast SEO plugin. -->","yoast_head_json":{"title":"Pol\u00edtica de privacidad - C\u00e0mping FontFreda","robots":{"index":"index","follow":"follow","max-snippet":"max-snippet:-1","max-image-preview":"max-image-preview:large","max-video-preview":"max-video-preview:-1"},"canonical":"https:\/\/www.campingfontfreda.com\/es\/politica-de-privacidad\/","og_locale":"es_ES","og_type":"article","og_title":"Pol\u00edtica de privacidad - C\u00e0mping FontFreda","og_description":"Principio del formulario Informacion sobre Protecci\u00f3n de Datos &nbsp; Datos relativos al Responsable Responsable Tratamiento &#8211; Entidad: CAMPING FONTFREDA &#8211; CIF de la entidad: B58234105 &#8211; Direccion de la entidad:...","og_url":"https:\/\/www.campingfontfreda.com\/es\/politica-de-privacidad\/","og_site_name":"C\u00e0mping FontFreda","article_modified_time":"2020-03-10T16:12:50+00:00","twitter_card":"summary_large_image","twitter_misc":{"Tiempo de lectura":"3 minutos"},"schema":{"@context":"https:\/\/schema.org","@graph":[{"@type":"WebPage","@id":"https:\/\/www.campingfontfreda.com\/es\/politica-de-privacidad\/","url":"https:\/\/www.campingfontfreda.com\/es\/politica-de-privacidad\/","name":"Pol\u00edtica de privacidad - C\u00e0mping FontFreda","isPartOf":{"@id":"https:\/\/www.campingfontfreda.com\/#website"},"datePublished":"2015-02-18T09:10:33+00:00","dateModified":"2020-03-10T16:12:50+00:00","breadcrumb":{"@id":"https:\/\/www.campingfontfreda.com\/es\/politica-de-privacidad\/#breadcrumb"},"inLanguage":"es","potentialAction":[{"@type":"ReadAction","target":["https:\/\/www.campingfontfreda.com\/es\/politica-de-privacidad\/"]}]},{"@type":"BreadcrumbList","@id":"https:\/\/www.campingfontfreda.com\/es\/politica-de-privacidad\/#breadcrumb","itemListElement":[{"@type":"ListItem","position":1,"name":"Inici","item":"https:\/\/www.campingfontfreda.com\/es\/"},{"@type":"ListItem","position":2,"name":"Pol\u00edtica de privacidad"}]},{"@type":"WebSite","@id":"https:\/\/www.campingfontfreda.com\/#website","url":"https:\/\/www.campingfontfreda.com\/","name":"C\u00e0mping FontFreda","description":"C\u00e0mping Fontfreda (Bergued\u00e0) \u00e9s un c\u00e0mping d\u2019alta muntanya ubicat a  Berga","potentialAction":[{"@type":"SearchAction","target":{"@type":"EntryPoint","urlTemplate":"https:\/\/www.campingfontfreda.com\/?s={search_term_string}"},"query-input":{"@type":"PropertyValueSpecification","valueRequired":true,"valueName":"search_term_string"}}],"inLanguage":"es"}]}},"_links":{"self":[{"href":"https:\/\/www.campingfontfreda.com\/es\/wp-json\/wp\/v2\/pages\/19302","targetHints":{"allow":["GET"]}}],"collection":[{"href":"https:\/\/www.campingfontfreda.com\/es\/wp-json\/wp\/v2\/pages"}],"about":[{"href":"https:\/\/www.campingfontfreda.com\/es\/wp-json\/wp\/v2\/types\/page"}],"author":[{"embeddable":true,"href":"https:\/\/www.campingfontfreda.com\/es\/wp-json\/wp\/v2\/users\/1"}],"replies":[{"embeddable":true,"href":"https:\/\/www.campingfontfreda.com\/es\/wp-json\/wp\/v2\/comments?post=19302"}],"version-history":[{"count":4,"href":"https:\/\/www.campingfontfreda.com\/es\/wp-json\/wp\/v2\/pages\/19302\/revisions"}],"predecessor-version":[{"id":31860,"href":"https:\/\/www.campingfontfreda.com\/es\/wp-json\/wp\/v2\/pages\/19302\/revisions\/31860"}],"wp:attachment":[{"href":"https:\/\/www.campingfontfreda.com\/es\/wp-json\/wp\/v2\/media?parent=19302"}],"curies":[{"name":"wp","href":"https:\/\/api.w.org\/{rel}","templated":true}]}}