{"id":19803,"date":"2015-04-22T10:02:51","date_gmt":"2015-04-22T08:02:51","guid":{"rendered":"https:\/\/www.campingfontfreda.com\/precios\/tarifes-parcel%c2%b7la\/"},"modified":"2024-12-23T16:30:57","modified_gmt":"2024-12-23T15:30:57","slug":"tarifes-parcel%c2%b7la","status":"publish","type":"page","link":"https:\/\/www.campingfontfreda.com\/es\/precios\/tarifes-parcel%c2%b7la\/","title":{"rendered":"Parcel\u00b7la"},"content":{"rendered":"<div class=\"columna-wrapper\">\n<div class=\"columna col1-2 oferta-column\">\n<h1 style=\"color: #ffcc02; text-align: center; margin-top: 20px;\">Bonus familiar 45<sup>\u20ac<\/sup><\/h1>\n<p style=\"text-align: center;\">&#8211; Para caravanas o autocaravanas<br \/>\n&#8211; M\u00e1ximo: 4 personas.<br \/>\n&#8211; <strong>Incluye:<\/strong>Parcela, electricidad y veh\u00edculo<\/p>\n<p style=\"text-align: right;\"><em><strong><br \/>\nNo aplicable a puentes, julio y agosto.<\/strong><\/em><\/p>\n<p>&nbsp;<\/p>\n<\/div>\n<div class=\"columna col1-2 oferta-column\">\n<h1 style=\"color: #ffcc02; text-align: center; margin-top: 20px;\">Pack Acampada 30<sup>\u20ac<\/sup><\/h1>\n<p style=\"text-align: center;\">&#8211; M\u00e1ximo: 2 personas+ tienda<br \/>\n&#8211; <strong>Incluye:<\/strong>Parcela y coche.<br \/>\n&#8211; <strong>NO incluye electricidad<\/strong><\/p>\n<p style=\"text-align: left;\"><em> <strong><br \/>\n<\/strong><span style=\"color: #0a5703;\">&#8230;&#8230;&#8230;..<\/span><strong>No incluye TT<\/strong><\/em><\/p>\n<\/div>\n<\/div>\n<table>\n<tbody>\n<tr>\n<th colspan=\"2\"><img loading=\"lazy\" decoding=\"async\" class=\"alignnone size-full wp-image-18903\" src=\"https:\/\/www.campingfontfreda.com\/wp-content\/uploads\/day.png\" alt=\"day\" width=\"38\" height=\"40\" \/> Precio por dia<\/th>\n<\/tr>\n<tr>\n<td><strong>Adultos<\/strong><\/td>\n<td>7,75<sup>\u20ac<\/sup><\/td>\n<\/tr>\n<tr>\n<td><strong>Ni\u00f1os<\/strong><\/td>\n<td>6,75<sup>\u20ac<\/sup><\/td>\n<\/tr>\n<tr>\n<td><strong>Tienda<\/strong><\/td>\n<td>7,75<sup>\u20ac<\/sup><\/td>\n<\/tr>\n<tr>\n<td><strong>Coche**<\/strong><\/td>\n<td>7,75<sup>\u20ac<\/sup><\/td>\n<\/tr>\n<tr>\n<td><strong>Moto<\/strong><\/td>\n<td>6,75<sup>\u20ac<\/sup><\/td>\n<\/tr>\n<tr>\n<td><strong>Caravana<\/strong><\/td>\n<td>7,75<sup>\u20ac<\/sup><\/td>\n<\/tr>\n<tr>\n<td><strong>AutoCaravana<\/strong><\/td>\n<td>15,50<sup>\u20ac<\/sup><\/td>\n<\/tr>\n<\/tbody>\n<\/table>\n<table>\n<tbody>\n<tr>\n<td><strong>Perro* <\/strong><\/td>\n<td>3,00<sup>\u20ac<\/sup><\/td>\n<\/tr>\n<\/tbody>\n<\/table>\n<p><strong>*razas potencialmente peligrosas no admitidas<br \/>\n**en caso de pernoctar en el coche se facturar\u00e1 a precio de autocaravana.<\/strong><\/p>\n\n<table>\n<tbody>\n<tr>\n<th colspan=\"2\"><img loading=\"lazy\" decoding=\"async\" class=\"alignnone size-full wp-image-18905\" src=\"https:\/\/www.campingfontfreda.com\/wp-content\/uploads\/mes.png\" alt=\"mes\" width=\"38\" height=\"40\" \/>Precio por meses<\/th>\n<\/tr>\n<tr>\n<td><strong>Enero<\/strong><\/td>\n<td>256<sup>\u20ac<\/sup><\/td>\n<\/tr>\n<tr>\n<td><strong>Febrero<\/strong><\/td>\n<td>256<sup>\u20ac<\/sup><\/td>\n<\/tr>\n<tr>\n<td><strong>Marzo<\/strong><\/td>\n<td>256<sup>\u20ac<\/sup><\/td>\n<\/tr>\n<tr>\n<td><strong>Abril<\/strong><\/td>\n<td><sup><span style=\"font-size: 16px;\">325<\/span>\u20ac<\/sup><\/td>\n<\/tr>\n<tr>\n<td><strong>Mayo<\/strong><\/td>\n<td>256<sup>\u20ac<\/sup><\/td>\n<\/tr>\n<tr>\n<td><strong>Junio<\/strong><\/td>\n<td>256<sup>\u20ac<\/sup><\/td>\n<\/tr>\n<tr>\n<td><strong>Julio<\/strong><\/td>\n<td>490<sup>\u20ac<\/sup><\/td>\n<\/tr>\n<tr>\n<td><strong>Agosto<\/strong><\/td>\n<td><sup><span style=\"font-size: 16px;\">945<\/span>\u20ac<\/sup><\/td>\n<\/tr>\n<tr>\n<td><strong>Septiembre<\/strong><\/td>\n<td><sup><span style=\"font-size: 16px;\">325<\/span>\u20ac<\/sup><\/td>\n<\/tr>\n<tr>\n<td><strong>Octubre<\/strong><\/td>\n<td><sup><span style=\"font-size: 16px;\">325<\/span>\u20ac<\/sup><\/td>\n<\/tr>\n<tr>\n<td><strong>Noviembre<\/strong><\/td>\n<td>256<sup>\u20ac<\/sup><\/td>\n<\/tr>\n<tr>\n<td><strong>Diciembre<\/strong><\/td>\n<td>256<sup>\u20ac<\/sup><\/td>\n<\/tr>\n<\/tbody>\n<\/table>\n\n<table>\n<tbody>\n<tr>\n<th colspan=\"2\"><img loading=\"lazy\" decoding=\"async\" class=\"alignnone size-full wp-image-18901\" src=\"https:\/\/www.campingfontfreda.com\/wp-content\/uploads\/varis-mes.png\" alt=\"varis-mes\" width=\"38\" height=\"40\" \/>Precio para varios meses<\/th>\n<\/tr>\n<tr>\n<td><strong>Mayo&#8211;Junio<\/strong><\/td>\n<td><sup><span style=\"font-size: 16px;\">428<\/span>\u20ac<\/sup><\/td>\n<\/tr>\n<tr>\n<td><strong>Julio&#8211;Agosto<\/strong><\/td>\n<td><sup><span style=\"font-size: 16px;\">1325<\/span>\u20ac<\/sup><\/td>\n<\/tr>\n<tr>\n<td><strong>Mayo&#8211;Agosto<\/strong><\/td>\n<td>1570<sup>\u20ac<\/sup><\/td>\n<\/tr>\n<tr>\n<td><strong>Mayo&#8211;Octubre<\/strong><\/td>\n<td>1980<sup>\u20ac<\/sup><\/td>\n<\/tr>\n<tr>\n<td><strong>Septiembre&#8211;Octubre<\/strong><\/td>\n<td><sup><span style=\"font-size: 16px;\">595<\/span>\u20ac<\/sup><\/td>\n<\/tr>\n<tr>\n<td><strong>Noviembre &#8211; Abril<\/strong><\/td>\n<td>1365<sup>\u20ac<\/sup><\/td>\n<\/tr>\n<tr>\n<td><strong>Temporada anual caravana<\/strong><\/td>\n<td>2784<sup>\u20ac<\/sup><\/td>\n<\/tr>\n<tr>\n<td><strong>Temporada anual mobile-home<\/strong><\/td>\n<td>3648<sup>\u20ac<\/sup><\/td>\n<\/tr>\n<\/tbody>\n<\/table>\n\n<div class=\"columna-wrapper\">\n<div class=\"columna col1-2\">\n<table>\n<tbody>\n<tr>\n<th colspan=\"2\"><img loading=\"lazy\" decoding=\"async\" class=\"alignnone size-full wp-image-18904\" src=\"https:\/\/www.campingfontfreda.com\/wp-content\/uploads\/elct.png\" alt=\"elct\" width=\"38\" height=\"40\" \/>Consumo el\u00e9ctrico 6 <small>A<\/small><\/th>\n<\/tr>\n<tr>\n<td><strong>Julio &#8211; Agosto<\/strong><\/td>\n<td><strong>Resto del a\u00f1o<\/strong><\/td>\n<\/tr>\n<tr>\n<td>6,55<sup>\u20ac<\/sup><\/td>\n<td><sup><span style=\"font-size: 16px;\">8,00<\/span>\u20ac<\/sup><\/td>\n<\/tr>\n<\/tbody>\n<\/table>\n<\/div>\n<div class=\"columna col1-2\">\n<table>\n<tbody>\n<tr>\n<th colspan=\"2\"><img loading=\"lazy\" decoding=\"async\" class=\"alignnone size-full wp-image-18904\" src=\"https:\/\/www.campingfontfreda.com\/wp-content\/uploads\/elct.png\" alt=\"elct\" width=\"38\" height=\"40\" \/>Consumo el\u00e9ctrico 10 <small>A<\/small><\/th>\n<\/tr>\n<tr>\n<td><strong>Julio &#8211; Agosto<\/strong><\/td>\n<td><strong>Resto del a\u00f1o<\/strong><\/td>\n<\/tr>\n<tr>\n<td>9,10<sup>\u20ac<\/sup><\/td>\n<td>10,60<sup>\u20ac<\/sup><\/td>\n<\/tr>\n<\/tbody>\n<\/table>\n<\/div>\n<\/div>\n<p>&nbsp;<\/p>\n\n","protected":false},"excerpt":{"rendered":"<p>Bonus familiar 45\u20ac &#8211; Para caravanas o autocaravanas &#8211; M\u00e1ximo: 4 personas. &#8211; Incluye:Parcela, electricidad y veh\u00edculo No aplicable a puentes, julio y agosto. &nbsp; Pack Acampada 30\u20ac &#8211; M\u00e1ximo:&#8230;<\/p>\n","protected":false},"author":1,"featured_media":19025,"parent":19311,"menu_order":0,"comment_status":"closed","ping_status":"closed","template":"","meta":{"_acf_changed":false,"_monsterinsights_skip_tracking":false,"_monsterinsights_sitenote_active":false,"_monsterinsights_sitenote_note":"","_monsterinsights_sitenote_category":0,"footnotes":""},"class_list":["post-19803","page","type-page","status-publish","has-post-thumbnail","hentry"],"acf":[],"yoast_head":"<!-- This site is optimized with the Yoast SEO plugin v26.0 - https:\/\/yoast.com\/wordpress\/plugins\/seo\/ -->\n<title>Parcel\u00b7la - C\u00e0mping FontFreda<\/title>\n<meta name=\"robots\" content=\"index, follow, max-snippet:-1, max-image-preview:large, max-video-preview:-1\" \/>\n<link rel=\"canonical\" href=\"https:\/\/www.campingfontfreda.com\/es\/precios\/tarifes-parcel\u00b7la\/\" \/>\n<meta property=\"og:locale\" content=\"es_ES\" \/>\n<meta property=\"og:type\" content=\"article\" \/>\n<meta property=\"og:title\" content=\"Parcel\u00b7la - C\u00e0mping FontFreda\" \/>\n<meta property=\"og:description\" content=\"Bonus familiar 45\u20ac &#8211; Para caravanas o autocaravanas &#8211; M\u00e1ximo: 4 personas. &#8211; Incluye:Parcela, electricidad y veh\u00edculo No aplicable a puentes, julio y agosto. &nbsp; Pack Acampada 30\u20ac &#8211; M\u00e1ximo:...\" \/>\n<meta property=\"og:url\" content=\"https:\/\/www.campingfontfreda.com\/es\/precios\/tarifes-parcel\u00b7la\/\" \/>\n<meta property=\"og:site_name\" content=\"C\u00e0mping FontFreda\" \/>\n<meta property=\"article:modified_time\" content=\"2024-12-23T15:30:57+00:00\" \/>\n<meta property=\"og:image\" content=\"https:\/\/www.campingfontfreda.com\/wp-content\/uploads\/fotos-camping-x-propaganda-2011-024.jpg\" \/>\n\t<meta property=\"og:image:width\" content=\"1600\" \/>\n\t<meta property=\"og:image:height\" content=\"1200\" \/>\n\t<meta property=\"og:image:type\" content=\"image\/jpeg\" \/>\n<meta name=\"twitter:card\" content=\"summary_large_image\" \/>\n<meta name=\"twitter:label1\" content=\"Tiempo de lectura\" \/>\n\t<meta name=\"twitter:data1\" content=\"1 minuto\" \/>\n<script type=\"application\/ld+json\" class=\"yoast-schema-graph\">{\"@context\":\"https:\/\/schema.org\",\"@graph\":[{\"@type\":\"WebPage\",\"@id\":\"https:\/\/www.campingfontfreda.com\/es\/precios\/tarifes-parcel%c2%b7la\/\",\"url\":\"https:\/\/www.campingfontfreda.com\/es\/precios\/tarifes-parcel%c2%b7la\/\",\"name\":\"Parcel\u00b7la - C\u00e0mping FontFreda\",\"isPartOf\":{\"@id\":\"https:\/\/www.campingfontfreda.com\/#website\"},\"primaryImageOfPage\":{\"@id\":\"https:\/\/www.campingfontfreda.com\/es\/precios\/tarifes-parcel%c2%b7la\/#primaryimage\"},\"image\":{\"@id\":\"https:\/\/www.campingfontfreda.com\/es\/precios\/tarifes-parcel%c2%b7la\/#primaryimage\"},\"thumbnailUrl\":\"https:\/\/www.campingfontfreda.com\/wp-content\/uploads\/fotos-camping-x-propaganda-2011-024.jpg\",\"datePublished\":\"2015-04-22T08:02:51+00:00\",\"dateModified\":\"2024-12-23T15:30:57+00:00\",\"breadcrumb\":{\"@id\":\"https:\/\/www.campingfontfreda.com\/es\/precios\/tarifes-parcel%c2%b7la\/#breadcrumb\"},\"inLanguage\":\"es\",\"potentialAction\":[{\"@type\":\"ReadAction\",\"target\":[\"https:\/\/www.campingfontfreda.com\/es\/precios\/tarifes-parcel%c2%b7la\/\"]}]},{\"@type\":\"ImageObject\",\"inLanguage\":\"es\",\"@id\":\"https:\/\/www.campingfontfreda.com\/es\/precios\/tarifes-parcel%c2%b7la\/#primaryimage\",\"url\":\"https:\/\/www.campingfontfreda.com\/wp-content\/uploads\/fotos-camping-x-propaganda-2011-024.jpg\",\"contentUrl\":\"https:\/\/www.campingfontfreda.com\/wp-content\/uploads\/fotos-camping-x-propaganda-2011-024.jpg\",\"width\":1600,\"height\":1200},{\"@type\":\"BreadcrumbList\",\"@id\":\"https:\/\/www.campingfontfreda.com\/es\/precios\/tarifes-parcel%c2%b7la\/#breadcrumb\",\"itemListElement\":[{\"@type\":\"ListItem\",\"position\":1,\"name\":\"Inici\",\"item\":\"https:\/\/www.campingfontfreda.com\/es\/\"},{\"@type\":\"ListItem\",\"position\":2,\"name\":\"Precios\",\"item\":\"https:\/\/www.campingfontfreda.com\/es\/precios\/\"},{\"@type\":\"ListItem\",\"position\":3,\"name\":\"Parcel\u00b7la\"}]},{\"@type\":\"WebSite\",\"@id\":\"https:\/\/www.campingfontfreda.com\/#website\",\"url\":\"https:\/\/www.campingfontfreda.com\/\",\"name\":\"C\u00e0mping FontFreda\",\"description\":\"C\u00e0mping Fontfreda (Bergued\u00e0) \u00e9s un c\u00e0mping d\u2019alta muntanya ubicat a  Berga\",\"potentialAction\":[{\"@type\":\"SearchAction\",\"target\":{\"@type\":\"EntryPoint\",\"urlTemplate\":\"https:\/\/www.campingfontfreda.com\/?s={search_term_string}\"},\"query-input\":{\"@type\":\"PropertyValueSpecification\",\"valueRequired\":true,\"valueName\":\"search_term_string\"}}],\"inLanguage\":\"es\"}]}<\/script>\n<!-- \/ Yoast SEO plugin. -->","yoast_head_json":{"title":"Parcel\u00b7la - C\u00e0mping FontFreda","robots":{"index":"index","follow":"follow","max-snippet":"max-snippet:-1","max-image-preview":"max-image-preview:large","max-video-preview":"max-video-preview:-1"},"canonical":"https:\/\/www.campingfontfreda.com\/es\/precios\/tarifes-parcel\u00b7la\/","og_locale":"es_ES","og_type":"article","og_title":"Parcel\u00b7la - C\u00e0mping FontFreda","og_description":"Bonus familiar 45\u20ac &#8211; Para caravanas o autocaravanas &#8211; M\u00e1ximo: 4 personas. &#8211; Incluye:Parcela, electricidad y veh\u00edculo No aplicable a puentes, julio y agosto. &nbsp; Pack Acampada 30\u20ac &#8211; M\u00e1ximo:...","og_url":"https:\/\/www.campingfontfreda.com\/es\/precios\/tarifes-parcel\u00b7la\/","og_site_name":"C\u00e0mping FontFreda","article_modified_time":"2024-12-23T15:30:57+00:00","og_image":[{"width":1600,"height":1200,"url":"https:\/\/www.campingfontfreda.com\/wp-content\/uploads\/fotos-camping-x-propaganda-2011-024.jpg","type":"image\/jpeg"}],"twitter_card":"summary_large_image","twitter_misc":{"Tiempo de lectura":"1 minuto"},"schema":{"@context":"https:\/\/schema.org","@graph":[{"@type":"WebPage","@id":"https:\/\/www.campingfontfreda.com\/es\/precios\/tarifes-parcel%c2%b7la\/","url":"https:\/\/www.campingfontfreda.com\/es\/precios\/tarifes-parcel%c2%b7la\/","name":"Parcel\u00b7la - C\u00e0mping FontFreda","isPartOf":{"@id":"https:\/\/www.campingfontfreda.com\/#website"},"primaryImageOfPage":{"@id":"https:\/\/www.campingfontfreda.com\/es\/precios\/tarifes-parcel%c2%b7la\/#primaryimage"},"image":{"@id":"https:\/\/www.campingfontfreda.com\/es\/precios\/tarifes-parcel%c2%b7la\/#primaryimage"},"thumbnailUrl":"https:\/\/www.campingfontfreda.com\/wp-content\/uploads\/fotos-camping-x-propaganda-2011-024.jpg","datePublished":"2015-04-22T08:02:51+00:00","dateModified":"2024-12-23T15:30:57+00:00","breadcrumb":{"@id":"https:\/\/www.campingfontfreda.com\/es\/precios\/tarifes-parcel%c2%b7la\/#breadcrumb"},"inLanguage":"es","potentialAction":[{"@type":"ReadAction","target":["https:\/\/www.campingfontfreda.com\/es\/precios\/tarifes-parcel%c2%b7la\/"]}]},{"@type":"ImageObject","inLanguage":"es","@id":"https:\/\/www.campingfontfreda.com\/es\/precios\/tarifes-parcel%c2%b7la\/#primaryimage","url":"https:\/\/www.campingfontfreda.com\/wp-content\/uploads\/fotos-camping-x-propaganda-2011-024.jpg","contentUrl":"https:\/\/www.campingfontfreda.com\/wp-content\/uploads\/fotos-camping-x-propaganda-2011-024.jpg","width":1600,"height":1200},{"@type":"BreadcrumbList","@id":"https:\/\/www.campingfontfreda.com\/es\/precios\/tarifes-parcel%c2%b7la\/#breadcrumb","itemListElement":[{"@type":"ListItem","position":1,"name":"Inici","item":"https:\/\/www.campingfontfreda.com\/es\/"},{"@type":"ListItem","position":2,"name":"Precios","item":"https:\/\/www.campingfontfreda.com\/es\/precios\/"},{"@type":"ListItem","position":3,"name":"Parcel\u00b7la"}]},{"@type":"WebSite","@id":"https:\/\/www.campingfontfreda.com\/#website","url":"https:\/\/www.campingfontfreda.com\/","name":"C\u00e0mping FontFreda","description":"C\u00e0mping Fontfreda (Bergued\u00e0) \u00e9s un c\u00e0mping d\u2019alta muntanya ubicat a  Berga","potentialAction":[{"@type":"SearchAction","target":{"@type":"EntryPoint","urlTemplate":"https:\/\/www.campingfontfreda.com\/?s={search_term_string}"},"query-input":{"@type":"PropertyValueSpecification","valueRequired":true,"valueName":"search_term_string"}}],"inLanguage":"es"}]}},"_links":{"self":[{"href":"https:\/\/www.campingfontfreda.com\/es\/wp-json\/wp\/v2\/pages\/19803","targetHints":{"allow":["GET"]}}],"collection":[{"href":"https:\/\/www.campingfontfreda.com\/es\/wp-json\/wp\/v2\/pages"}],"about":[{"href":"https:\/\/www.campingfontfreda.com\/es\/wp-json\/wp\/v2\/types\/page"}],"author":[{"embeddable":true,"href":"https:\/\/www.campingfontfreda.com\/es\/wp-json\/wp\/v2\/users\/1"}],"replies":[{"embeddable":true,"href":"https:\/\/www.campingfontfreda.com\/es\/wp-json\/wp\/v2\/comments?post=19803"}],"version-history":[{"count":38,"href":"https:\/\/www.campingfontfreda.com\/es\/wp-json\/wp\/v2\/pages\/19803\/revisions"}],"predecessor-version":[{"id":33516,"href":"https:\/\/www.campingfontfreda.com\/es\/wp-json\/wp\/v2\/pages\/19803\/revisions\/33516"}],"up":[{"embeddable":true,"href":"https:\/\/www.campingfontfreda.com\/es\/wp-json\/wp\/v2\/pages\/19311"}],"wp:featuredmedia":[{"embeddable":true,"href":"https:\/\/www.campingfontfreda.com\/es\/wp-json\/wp\/v2\/media\/19025"}],"wp:attachment":[{"href":"https:\/\/www.campingfontfreda.com\/es\/wp-json\/wp\/v2\/media?parent=19803"}],"curies":[{"name":"wp","href":"https:\/\/api.w.org\/{rel}","templated":true}]}}