{"id":22567,"date":"2016-04-02T22:03:28","date_gmt":"2016-04-02T20:03:28","guid":{"rendered":"https:\/\/www.campingfontfreda.com\/es\/galeria-dimatges\/pasqua-2016\/"},"modified":"2016-10-10T17:09:46","modified_gmt":"2016-10-10T15:09:46","slug":"pasqua-2016","status":"publish","type":"page","link":"https:\/\/www.campingfontfreda.com\/es\/galeria-dimatges\/pasqua-2016\/","title":{"rendered":"Pasqua 2016"},"content":{"rendered":"<div class=\"owl-container\"><div class=\"galeria clearfix galeria-default col-1\"><div class=\"item\"><a href=\"https:\/\/www.campingfontfreda.com\/wp-content\/uploads\/20160327_112507-672x1200.jpg\" id=\"thumb-28491\" class=\"image-link\"><img decoding=\"async\" src=\"https:\/\/www.campingfontfreda.com\/wp-content\/uploads\/20160327_112507-365x230.jpg\" id=\"img-28491\" border=\"0\" alt=\"\" \/><\/a><\/div><div class=\"item\"><a href=\"https:\/\/www.campingfontfreda.com\/wp-content\/uploads\/20160327_112511-672x1200.jpg\" id=\"thumb-28493\" class=\"image-link\"><img decoding=\"async\" src=\"https:\/\/www.campingfontfreda.com\/wp-content\/uploads\/20160327_112511-365x230.jpg\" id=\"img-28493\" border=\"0\" alt=\"\" \/><\/a><\/div><div class=\"item\"><a href=\"https:\/\/www.campingfontfreda.com\/wp-content\/uploads\/20160327_112519-672x1200.jpg\" id=\"thumb-28495\" class=\"image-link\"><img decoding=\"async\" src=\"https:\/\/www.campingfontfreda.com\/wp-content\/uploads\/20160327_112519-365x230.jpg\" id=\"img-28495\" border=\"0\" alt=\"\" \/><\/a><\/div><div class=\"item\"><a href=\"https:\/\/www.campingfontfreda.com\/wp-content\/uploads\/20160327_112526-672x1200.jpg\" id=\"thumb-28497\" class=\"image-link\"><img decoding=\"async\" src=\"https:\/\/www.campingfontfreda.com\/wp-content\/uploads\/20160327_112526-365x230.jpg\" id=\"img-28497\" border=\"0\" alt=\"\" \/><\/a><\/div><div class=\"item\"><a href=\"https:\/\/www.campingfontfreda.com\/wp-content\/uploads\/20160327_112538-1400x788.jpg\" id=\"thumb-28499\" class=\"image-link\"><img decoding=\"async\" src=\"https:\/\/www.campingfontfreda.com\/wp-content\/uploads\/20160327_112538-365x230.jpg\" id=\"img-28499\" border=\"0\" alt=\"\" \/><\/a><\/div><div class=\"item\"><a href=\"https:\/\/www.campingfontfreda.com\/wp-content\/uploads\/20160327_112648-1400x788.jpg\" id=\"thumb-28501\" class=\"image-link\"><img decoding=\"async\" src=\"https:\/\/www.campingfontfreda.com\/wp-content\/uploads\/20160327_112648-365x230.jpg\" id=\"img-28501\" border=\"0\" alt=\"\" \/><\/a><\/div><div class=\"item\"><a href=\"https:\/\/www.campingfontfreda.com\/wp-content\/uploads\/20160327_112710-1400x788.jpg\" id=\"thumb-28503\" class=\"image-link\"><img decoding=\"async\" src=\"https:\/\/www.campingfontfreda.com\/wp-content\/uploads\/20160327_112710-365x230.jpg\" id=\"img-28503\" border=\"0\" alt=\"\" \/><\/a><\/div><div class=\"item\"><a href=\"https:\/\/www.campingfontfreda.com\/wp-content\/uploads\/20160327_112731-1400x788.jpg\" id=\"thumb-28505\" class=\"image-link\"><img decoding=\"async\" src=\"https:\/\/www.campingfontfreda.com\/wp-content\/uploads\/20160327_112731-365x230.jpg\" id=\"img-28505\" border=\"0\" alt=\"\" \/><\/a><\/div><div class=\"item\"><a href=\"https:\/\/www.campingfontfreda.com\/wp-content\/uploads\/20160327_112839-672x1200.jpg\" id=\"thumb-28507\" class=\"image-link\"><img decoding=\"async\" src=\"https:\/\/www.campingfontfreda.com\/wp-content\/uploads\/20160327_112839-365x230.jpg\" id=\"img-28507\" border=\"0\" alt=\"\" \/><\/a><\/div><div class=\"item\"><a href=\"https:\/\/www.campingfontfreda.com\/wp-content\/uploads\/20160327_173549-copia-1400x788.jpg\" id=\"thumb-28509\" class=\"image-link\"><img decoding=\"async\" src=\"https:\/\/www.campingfontfreda.com\/wp-content\/uploads\/20160327_173549-copia-365x230.jpg\" id=\"img-28509\" border=\"0\" alt=\"\" \/><\/a><\/div><div class=\"item\"><a href=\"https:\/\/www.campingfontfreda.com\/wp-content\/uploads\/20160327_173945-copia-1400x788.jpg\" id=\"thumb-28511\" class=\"image-link\"><img decoding=\"async\" src=\"https:\/\/www.campingfontfreda.com\/wp-content\/uploads\/20160327_173945-copia-365x230.jpg\" id=\"img-28511\" border=\"0\" alt=\"\" \/><\/a><\/div><div class=\"item\"><a href=\"https:\/\/www.campingfontfreda.com\/wp-content\/uploads\/20160327_174116-copia-1400x998.jpg\" id=\"thumb-28513\" class=\"image-link\"><img decoding=\"async\" src=\"https:\/\/www.campingfontfreda.com\/wp-content\/uploads\/20160327_174116-copia-365x230.jpg\" id=\"img-28513\" border=\"0\" alt=\"\" \/><\/a><\/div><div class=\"item\"><a href=\"https:\/\/www.campingfontfreda.com\/wp-content\/uploads\/20160325_173150-1400x998.jpg\" id=\"thumb-28515\" class=\"image-link\"><img decoding=\"async\" src=\"https:\/\/www.campingfontfreda.com\/wp-content\/uploads\/20160325_173150-365x230.jpg\" id=\"img-28515\" border=\"0\" alt=\"\" \/><\/a><\/div><div class=\"item\"><a href=\"https:\/\/www.campingfontfreda.com\/wp-content\/uploads\/20160325_173205-1400x788.jpg\" id=\"thumb-28517\" class=\"image-link\"><img decoding=\"async\" src=\"https:\/\/www.campingfontfreda.com\/wp-content\/uploads\/20160325_173205-365x230.jpg\" id=\"img-28517\" border=\"0\" alt=\"\" \/><\/a><\/div><div class=\"item\"><a href=\"https:\/\/www.campingfontfreda.com\/wp-content\/uploads\/20160325_173406-1396x1200.jpg\" id=\"thumb-28519\" class=\"image-link\"><img decoding=\"async\" src=\"https:\/\/www.campingfontfreda.com\/wp-content\/uploads\/20160325_173406-365x230.jpg\" id=\"img-28519\" border=\"0\" alt=\"\" \/><\/a><\/div><div class=\"item\"><a href=\"https:\/\/www.campingfontfreda.com\/wp-content\/uploads\/20160327_173549-copia-1-1400x788.jpg\" id=\"thumb-28521\" class=\"image-link\"><img decoding=\"async\" src=\"https:\/\/www.campingfontfreda.com\/wp-content\/uploads\/20160327_173549-copia-1-365x230.jpg\" id=\"img-28521\" border=\"0\" alt=\"\" \/><\/a><\/div><div class=\"item\"><a href=\"https:\/\/www.campingfontfreda.com\/wp-content\/uploads\/20160325_173215-675x1200.jpg\" id=\"thumb-28523\" class=\"image-link\"><img decoding=\"async\" src=\"https:\/\/www.campingfontfreda.com\/wp-content\/uploads\/20160325_173215-365x230.jpg\" id=\"img-28523\" border=\"0\" alt=\"\" \/><\/a><\/div><div class=\"item\"><a href=\"https:\/\/www.campingfontfreda.com\/wp-content\/uploads\/20160325_173412-675x1200.jpg\" id=\"thumb-28525\" class=\"image-link\"><img decoding=\"async\" src=\"https:\/\/www.campingfontfreda.com\/wp-content\/uploads\/20160325_173412-365x230.jpg\" id=\"img-28525\" border=\"0\" alt=\"\" \/><\/a><\/div><div class=\"item\"><a href=\"https:\/\/www.campingfontfreda.com\/wp-content\/uploads\/20160325_180406-672x1200.jpg\" id=\"thumb-28527\" class=\"image-link\"><img decoding=\"async\" src=\"https:\/\/www.campingfontfreda.com\/wp-content\/uploads\/20160325_180406-365x230.jpg\" id=\"img-28527\" border=\"0\" alt=\"\" \/><\/a><\/div><div class=\"item\"><a href=\"https:\/\/www.campingfontfreda.com\/wp-content\/uploads\/20160325_180540-1400x1030.jpg\" id=\"thumb-28529\" class=\"image-link\"><img decoding=\"async\" src=\"https:\/\/www.campingfontfreda.com\/wp-content\/uploads\/20160325_180540-365x230.jpg\" id=\"img-28529\" border=\"0\" alt=\"\" \/><\/a><\/div><div class=\"item\"><a href=\"https:\/\/www.campingfontfreda.com\/wp-content\/uploads\/20160325_181426-1400x788.jpg\" id=\"thumb-28531\" class=\"image-link\"><img decoding=\"async\" src=\"https:\/\/www.campingfontfreda.com\/wp-content\/uploads\/20160325_181426-365x230.jpg\" id=\"img-28531\" border=\"0\" alt=\"\" \/><\/a><\/div><div class=\"item\"><a href=\"https:\/\/www.campingfontfreda.com\/wp-content\/uploads\/20160325_181613-1400x994.jpg\" id=\"thumb-28533\" class=\"image-link\"><img decoding=\"async\" src=\"https:\/\/www.campingfontfreda.com\/wp-content\/uploads\/20160325_181613-365x230.jpg\" id=\"img-28533\" border=\"0\" alt=\"\" \/><\/a><\/div><div class=\"item\"><a href=\"https:\/\/www.campingfontfreda.com\/wp-content\/uploads\/20160325_184450-1400x763.jpg\" id=\"thumb-28535\" class=\"image-link\"><img decoding=\"async\" src=\"https:\/\/www.campingfontfreda.com\/wp-content\/uploads\/20160325_184450-365x230.jpg\" id=\"img-28535\" border=\"0\" alt=\"\" \/><\/a><\/div><div class=\"item\"><a href=\"https:\/\/www.campingfontfreda.com\/wp-content\/uploads\/20160325_184549-675x1200.jpg\" id=\"thumb-28537\" class=\"image-link\"><img decoding=\"async\" src=\"https:\/\/www.campingfontfreda.com\/wp-content\/uploads\/20160325_184549-365x230.jpg\" id=\"img-28537\" border=\"0\" alt=\"\" \/><\/a><\/div><div class=\"item\"><a href=\"https:\/\/www.campingfontfreda.com\/wp-content\/uploads\/20160325_184615-1400x788.jpg\" id=\"thumb-28539\" class=\"image-link\"><img decoding=\"async\" src=\"https:\/\/www.campingfontfreda.com\/wp-content\/uploads\/20160325_184615-365x230.jpg\" id=\"img-28539\" border=\"0\" alt=\"\" \/><\/a><\/div><div class=\"item\"><a href=\"https:\/\/www.campingfontfreda.com\/wp-content\/uploads\/20160325_184839-1400x788.jpg\" id=\"thumb-28541\" class=\"image-link\"><img decoding=\"async\" src=\"https:\/\/www.campingfontfreda.com\/wp-content\/uploads\/20160325_184839-365x230.jpg\" id=\"img-28541\" border=\"0\" alt=\"\" \/><\/a><\/div><div class=\"item\"><a href=\"https:\/\/www.campingfontfreda.com\/wp-content\/uploads\/20160326_164341-1400x788.jpg\" id=\"thumb-28543\" class=\"image-link\"><img decoding=\"async\" src=\"https:\/\/www.campingfontfreda.com\/wp-content\/uploads\/20160326_164341-365x230.jpg\" id=\"img-28543\" border=\"0\" alt=\"\" \/><\/a><\/div><div class=\"item\"><a href=\"https:\/\/www.campingfontfreda.com\/wp-content\/uploads\/20160326_174909-1400x788.jpg\" id=\"thumb-28545\" class=\"image-link\"><img decoding=\"async\" src=\"https:\/\/www.campingfontfreda.com\/wp-content\/uploads\/20160326_174909-365x230.jpg\" id=\"img-28545\" border=\"0\" alt=\"\" \/><\/a><\/div><div class=\"item\"><a href=\"https:\/\/www.campingfontfreda.com\/wp-content\/uploads\/20160326_174916-1400x788.jpg\" id=\"thumb-28547\" class=\"image-link\"><img decoding=\"async\" src=\"https:\/\/www.campingfontfreda.com\/wp-content\/uploads\/20160326_174916-365x230.jpg\" id=\"img-28547\" border=\"0\" alt=\"\" \/><\/a><\/div><div class=\"item\"><a href=\"https:\/\/www.campingfontfreda.com\/wp-content\/uploads\/20160326_174955-1400x788.jpg\" id=\"thumb-28549\" class=\"image-link\"><img decoding=\"async\" src=\"https:\/\/www.campingfontfreda.com\/wp-content\/uploads\/20160326_174955-365x230.jpg\" id=\"img-28549\" border=\"0\" alt=\"\" \/><\/a><\/div><div class=\"item\"><a href=\"https:\/\/www.campingfontfreda.com\/wp-content\/uploads\/20160326_180721-1400x788.jpg\" id=\"thumb-28551\" class=\"image-link\"><img decoding=\"async\" src=\"https:\/\/www.campingfontfreda.com\/wp-content\/uploads\/20160326_180721-365x230.jpg\" id=\"img-28551\" border=\"0\" alt=\"\" \/><\/a><\/div><div class=\"item\"><a href=\"https:\/\/www.campingfontfreda.com\/wp-content\/uploads\/20160326_181211-1400x788.jpg\" id=\"thumb-28553\" class=\"image-link\"><img decoding=\"async\" src=\"https:\/\/www.campingfontfreda.com\/wp-content\/uploads\/20160326_181211-365x230.jpg\" id=\"img-28553\" border=\"0\" alt=\"\" \/><\/a><\/div><div class=\"item\"><a href=\"https:\/\/www.campingfontfreda.com\/wp-content\/uploads\/20160326_183510-1400x788.jpg\" id=\"thumb-28555\" class=\"image-link\"><img decoding=\"async\" src=\"https:\/\/www.campingfontfreda.com\/wp-content\/uploads\/20160326_183510-365x230.jpg\" id=\"img-28555\" border=\"0\" alt=\"\" \/><\/a><\/div><div class=\"item\"><a href=\"https:\/\/www.campingfontfreda.com\/wp-content\/uploads\/20160326_183736-672x1200.jpg\" id=\"thumb-28557\" class=\"image-link\"><img decoding=\"async\" src=\"https:\/\/www.campingfontfreda.com\/wp-content\/uploads\/20160326_183736-365x230.jpg\" id=\"img-28557\" border=\"0\" alt=\"\" \/><\/a><\/div><div class=\"item\"><a href=\"https:\/\/www.campingfontfreda.com\/wp-content\/uploads\/20160326_192736-1400x788.jpg\" id=\"thumb-28559\" class=\"image-link\"><img decoding=\"async\" src=\"https:\/\/www.campingfontfreda.com\/wp-content\/uploads\/20160326_192736-365x230.jpg\" id=\"img-28559\" border=\"0\" alt=\"\" \/><\/a><\/div><div class=\"item\"><a href=\"https:\/\/www.campingfontfreda.com\/wp-content\/uploads\/20160327_112710-1-1400x788.jpg\" id=\"thumb-28561\" class=\"image-link\"><img decoding=\"async\" src=\"https:\/\/www.campingfontfreda.com\/wp-content\/uploads\/20160327_112710-1-365x230.jpg\" id=\"img-28561\" border=\"0\" alt=\"\" \/><\/a><\/div><div class=\"item\"><a href=\"https:\/\/www.campingfontfreda.com\/wp-content\/uploads\/20160327_112717-1-1400x788.jpg\" id=\"thumb-28563\" class=\"image-link\"><img decoding=\"async\" src=\"https:\/\/www.campingfontfreda.com\/wp-content\/uploads\/20160327_112717-1-365x230.jpg\" id=\"img-28563\" border=\"0\" alt=\"\" \/><\/a><\/div><div class=\"item\"><a href=\"https:\/\/www.campingfontfreda.com\/wp-content\/uploads\/20160327_113248-672x1200.jpg\" id=\"thumb-28565\" class=\"image-link\"><img decoding=\"async\" src=\"https:\/\/www.campingfontfreda.com\/wp-content\/uploads\/20160327_113248-365x230.jpg\" id=\"img-28565\" border=\"0\" alt=\"\" \/><\/a><\/div><div class=\"item\"><a href=\"https:\/\/www.campingfontfreda.com\/wp-content\/uploads\/20160327_121855-copia-672x1200.jpg\" id=\"thumb-28567\" class=\"image-link\"><img decoding=\"async\" src=\"https:\/\/www.campingfontfreda.com\/wp-content\/uploads\/20160327_121855-copia-365x230.jpg\" id=\"img-28567\" border=\"0\" alt=\"\" \/><\/a><\/div><div class=\"item\"><a href=\"https:\/\/www.campingfontfreda.com\/wp-content\/uploads\/20160327_121904-copia-1400x788.jpg\" id=\"thumb-28569\" class=\"image-link\"><img decoding=\"async\" src=\"https:\/\/www.campingfontfreda.com\/wp-content\/uploads\/20160327_121904-copia-365x230.jpg\" id=\"img-28569\" border=\"0\" alt=\"\" \/><\/a><\/div><div class=\"item\"><a href=\"https:\/\/www.campingfontfreda.com\/wp-content\/uploads\/20160327_121911-672x1200.jpg\" id=\"thumb-28571\" class=\"image-link\"><img decoding=\"async\" src=\"https:\/\/www.campingfontfreda.com\/wp-content\/uploads\/20160327_121911-365x230.jpg\" id=\"img-28571\" border=\"0\" alt=\"\" \/><\/a><\/div><div class=\"item\"><a href=\"https:\/\/www.campingfontfreda.com\/wp-content\/uploads\/20160327_121928-1400x788.jpg\" id=\"thumb-28573\" class=\"image-link\"><img decoding=\"async\" src=\"https:\/\/www.campingfontfreda.com\/wp-content\/uploads\/20160327_121928-365x230.jpg\" id=\"img-28573\" border=\"0\" alt=\"\" \/><\/a><\/div><div class=\"item\"><a href=\"https:\/\/www.campingfontfreda.com\/wp-content\/uploads\/20160327_122135-672x1200.jpg\" id=\"thumb-28575\" class=\"image-link\"><img decoding=\"async\" src=\"https:\/\/www.campingfontfreda.com\/wp-content\/uploads\/20160327_122135-365x230.jpg\" id=\"img-28575\" border=\"0\" alt=\"\" \/><\/a><\/div><div class=\"item\"><a href=\"https:\/\/www.campingfontfreda.com\/wp-content\/uploads\/20160327_171941-copia-1400x788.jpg\" id=\"thumb-28577\" class=\"image-link\"><img decoding=\"async\" src=\"https:\/\/www.campingfontfreda.com\/wp-content\/uploads\/20160327_171941-copia-365x230.jpg\" id=\"img-28577\" border=\"0\" alt=\"\" \/><\/a><\/div><div class=\"item\"><a href=\"https:\/\/www.campingfontfreda.com\/wp-content\/uploads\/20160327_171946-copia-1400x788.jpg\" id=\"thumb-28579\" class=\"image-link\"><img decoding=\"async\" src=\"https:\/\/www.campingfontfreda.com\/wp-content\/uploads\/20160327_171946-copia-365x230.jpg\" id=\"img-28579\" border=\"0\" alt=\"\" \/><\/a><\/div><div class=\"item\"><a href=\"https:\/\/www.campingfontfreda.com\/wp-content\/uploads\/20160327_172016-copia-1400x886.jpg\" id=\"thumb-28581\" class=\"image-link\"><img decoding=\"async\" src=\"https:\/\/www.campingfontfreda.com\/wp-content\/uploads\/20160327_172016-copia-365x230.jpg\" id=\"img-28581\" border=\"0\" alt=\"\" \/><\/a><\/div><div class=\"item\"><a href=\"https:\/\/www.campingfontfreda.com\/wp-content\/uploads\/20160327_172022-copia-1400x788.jpg\" id=\"thumb-28583\" class=\"image-link\"><img decoding=\"async\" src=\"https:\/\/www.campingfontfreda.com\/wp-content\/uploads\/20160327_172022-copia-365x230.jpg\" id=\"img-28583\" border=\"0\" alt=\"\" \/><\/a><\/div><div class=\"item\"><a href=\"https:\/\/www.campingfontfreda.com\/wp-content\/uploads\/20160327_173507-copia-672x1200.jpg\" id=\"thumb-28585\" class=\"image-link\"><img decoding=\"async\" src=\"https:\/\/www.campingfontfreda.com\/wp-content\/uploads\/20160327_173507-copia-365x230.jpg\" id=\"img-28585\" border=\"0\" alt=\"\" \/><\/a><\/div><div class=\"item\"><a href=\"https:\/\/www.campingfontfreda.com\/wp-content\/uploads\/20160327_173521-copia-1400x788.jpg\" id=\"thumb-28587\" class=\"image-link\"><img decoding=\"async\" src=\"https:\/\/www.campingfontfreda.com\/wp-content\/uploads\/20160327_173521-copia-365x230.jpg\" id=\"img-28587\" border=\"0\" alt=\"\" \/><\/a><\/div><div class=\"item\"><a href=\"https:\/\/www.campingfontfreda.com\/wp-content\/uploads\/20160327_173539-copia-1400x788.jpg\" id=\"thumb-28589\" class=\"image-link\"><img decoding=\"async\" src=\"https:\/\/www.campingfontfreda.com\/wp-content\/uploads\/20160327_173539-copia-365x230.jpg\" id=\"img-28589\" border=\"0\" alt=\"\" \/><\/a><\/div><\/div><\/div>\n","protected":false},"excerpt":{"rendered":"","protected":false},"author":4,"featured_media":28585,"parent":19496,"menu_order":140,"comment_status":"closed","ping_status":"closed","template":"","meta":{"_acf_changed":false,"_monsterinsights_skip_tracking":false,"_monsterinsights_sitenote_active":false,"_monsterinsights_sitenote_note":"","_monsterinsights_sitenote_category":0,"footnotes":""},"class_list":["post-22567","page","type-page","status-publish","has-post-thumbnail","hentry"],"acf":[],"yoast_head":"<!-- This site is optimized with the Yoast SEO plugin v26.0 - https:\/\/yoast.com\/wordpress\/plugins\/seo\/ -->\n<title>Pasqua 2016 - C\u00e0mping FontFreda<\/title>\n<meta name=\"robots\" content=\"index, follow, max-snippet:-1, max-image-preview:large, max-video-preview:-1\" \/>\n<link rel=\"canonical\" href=\"https:\/\/www.campingfontfreda.com\/es\/galeria-dimatges\/pasqua-2016\/\" \/>\n<meta property=\"og:locale\" content=\"es_ES\" \/>\n<meta property=\"og:type\" content=\"article\" \/>\n<meta property=\"og:title\" content=\"Pasqua 2016 - C\u00e0mping FontFreda\" \/>\n<meta property=\"og:url\" content=\"https:\/\/www.campingfontfreda.com\/es\/galeria-dimatges\/pasqua-2016\/\" \/>\n<meta property=\"og:site_name\" content=\"C\u00e0mping FontFreda\" \/>\n<meta property=\"article:modified_time\" content=\"2016-10-10T15:09:46+00:00\" \/>\n<meta property=\"og:image\" content=\"https:\/\/www.campingfontfreda.com\/wp-content\/uploads\/20160327_173507-copia.jpg\" \/>\n\t<meta property=\"og:image:width\" content=\"672\" \/>\n\t<meta property=\"og:image:height\" content=\"1200\" \/>\n\t<meta property=\"og:image:type\" content=\"image\/jpeg\" \/>\n<meta name=\"twitter:card\" content=\"summary_large_image\" \/>\n<script type=\"application\/ld+json\" class=\"yoast-schema-graph\">{\"@context\":\"https:\/\/schema.org\",\"@graph\":[{\"@type\":\"WebPage\",\"@id\":\"https:\/\/www.campingfontfreda.com\/es\/galeria-dimatges\/pasqua-2016\/\",\"url\":\"https:\/\/www.campingfontfreda.com\/es\/galeria-dimatges\/pasqua-2016\/\",\"name\":\"Pasqua 2016 - C\u00e0mping FontFreda\",\"isPartOf\":{\"@id\":\"https:\/\/www.campingfontfreda.com\/#website\"},\"primaryImageOfPage\":{\"@id\":\"https:\/\/www.campingfontfreda.com\/es\/galeria-dimatges\/pasqua-2016\/#primaryimage\"},\"image\":{\"@id\":\"https:\/\/www.campingfontfreda.com\/es\/galeria-dimatges\/pasqua-2016\/#primaryimage\"},\"thumbnailUrl\":\"https:\/\/www.campingfontfreda.com\/wp-content\/uploads\/20160327_173507-copia.jpg\",\"datePublished\":\"2016-04-02T20:03:28+00:00\",\"dateModified\":\"2016-10-10T15:09:46+00:00\",\"breadcrumb\":{\"@id\":\"https:\/\/www.campingfontfreda.com\/es\/galeria-dimatges\/pasqua-2016\/#breadcrumb\"},\"inLanguage\":\"es\",\"potentialAction\":[{\"@type\":\"ReadAction\",\"target\":[\"https:\/\/www.campingfontfreda.com\/es\/galeria-dimatges\/pasqua-2016\/\"]}]},{\"@type\":\"ImageObject\",\"inLanguage\":\"es\",\"@id\":\"https:\/\/www.campingfontfreda.com\/es\/galeria-dimatges\/pasqua-2016\/#primaryimage\",\"url\":\"https:\/\/www.campingfontfreda.com\/wp-content\/uploads\/20160327_173507-copia.jpg\",\"contentUrl\":\"https:\/\/www.campingfontfreda.com\/wp-content\/uploads\/20160327_173507-copia.jpg\",\"width\":672,\"height\":1200},{\"@type\":\"BreadcrumbList\",\"@id\":\"https:\/\/www.campingfontfreda.com\/es\/galeria-dimatges\/pasqua-2016\/#breadcrumb\",\"itemListElement\":[{\"@type\":\"ListItem\",\"position\":1,\"name\":\"Inici\",\"item\":\"https:\/\/www.campingfontfreda.com\/es\/\"},{\"@type\":\"ListItem\",\"position\":2,\"name\":\"Galeria d&#8217;imatges\",\"item\":\"https:\/\/www.campingfontfreda.com\/es\/galeria-dimatges\/\"},{\"@type\":\"ListItem\",\"position\":3,\"name\":\"Pasqua 2016\"}]},{\"@type\":\"WebSite\",\"@id\":\"https:\/\/www.campingfontfreda.com\/#website\",\"url\":\"https:\/\/www.campingfontfreda.com\/\",\"name\":\"C\u00e0mping FontFreda\",\"description\":\"C\u00e0mping Fontfreda (Bergued\u00e0) \u00e9s un c\u00e0mping d\u2019alta muntanya ubicat a  Berga\",\"potentialAction\":[{\"@type\":\"SearchAction\",\"target\":{\"@type\":\"EntryPoint\",\"urlTemplate\":\"https:\/\/www.campingfontfreda.com\/?s={search_term_string}\"},\"query-input\":{\"@type\":\"PropertyValueSpecification\",\"valueRequired\":true,\"valueName\":\"search_term_string\"}}],\"inLanguage\":\"es\"}]}<\/script>\n<!-- \/ Yoast SEO plugin. -->","yoast_head_json":{"title":"Pasqua 2016 - C\u00e0mping FontFreda","robots":{"index":"index","follow":"follow","max-snippet":"max-snippet:-1","max-image-preview":"max-image-preview:large","max-video-preview":"max-video-preview:-1"},"canonical":"https:\/\/www.campingfontfreda.com\/es\/galeria-dimatges\/pasqua-2016\/","og_locale":"es_ES","og_type":"article","og_title":"Pasqua 2016 - C\u00e0mping FontFreda","og_url":"https:\/\/www.campingfontfreda.com\/es\/galeria-dimatges\/pasqua-2016\/","og_site_name":"C\u00e0mping FontFreda","article_modified_time":"2016-10-10T15:09:46+00:00","og_image":[{"width":672,"height":1200,"url":"https:\/\/www.campingfontfreda.com\/wp-content\/uploads\/20160327_173507-copia.jpg","type":"image\/jpeg"}],"twitter_card":"summary_large_image","schema":{"@context":"https:\/\/schema.org","@graph":[{"@type":"WebPage","@id":"https:\/\/www.campingfontfreda.com\/es\/galeria-dimatges\/pasqua-2016\/","url":"https:\/\/www.campingfontfreda.com\/es\/galeria-dimatges\/pasqua-2016\/","name":"Pasqua 2016 - C\u00e0mping FontFreda","isPartOf":{"@id":"https:\/\/www.campingfontfreda.com\/#website"},"primaryImageOfPage":{"@id":"https:\/\/www.campingfontfreda.com\/es\/galeria-dimatges\/pasqua-2016\/#primaryimage"},"image":{"@id":"https:\/\/www.campingfontfreda.com\/es\/galeria-dimatges\/pasqua-2016\/#primaryimage"},"thumbnailUrl":"https:\/\/www.campingfontfreda.com\/wp-content\/uploads\/20160327_173507-copia.jpg","datePublished":"2016-04-02T20:03:28+00:00","dateModified":"2016-10-10T15:09:46+00:00","breadcrumb":{"@id":"https:\/\/www.campingfontfreda.com\/es\/galeria-dimatges\/pasqua-2016\/#breadcrumb"},"inLanguage":"es","potentialAction":[{"@type":"ReadAction","target":["https:\/\/www.campingfontfreda.com\/es\/galeria-dimatges\/pasqua-2016\/"]}]},{"@type":"ImageObject","inLanguage":"es","@id":"https:\/\/www.campingfontfreda.com\/es\/galeria-dimatges\/pasqua-2016\/#primaryimage","url":"https:\/\/www.campingfontfreda.com\/wp-content\/uploads\/20160327_173507-copia.jpg","contentUrl":"https:\/\/www.campingfontfreda.com\/wp-content\/uploads\/20160327_173507-copia.jpg","width":672,"height":1200},{"@type":"BreadcrumbList","@id":"https:\/\/www.campingfontfreda.com\/es\/galeria-dimatges\/pasqua-2016\/#breadcrumb","itemListElement":[{"@type":"ListItem","position":1,"name":"Inici","item":"https:\/\/www.campingfontfreda.com\/es\/"},{"@type":"ListItem","position":2,"name":"Galeria d&#8217;imatges","item":"https:\/\/www.campingfontfreda.com\/es\/galeria-dimatges\/"},{"@type":"ListItem","position":3,"name":"Pasqua 2016"}]},{"@type":"WebSite","@id":"https:\/\/www.campingfontfreda.com\/#website","url":"https:\/\/www.campingfontfreda.com\/","name":"C\u00e0mping FontFreda","description":"C\u00e0mping Fontfreda (Bergued\u00e0) \u00e9s un c\u00e0mping d\u2019alta muntanya ubicat a  Berga","potentialAction":[{"@type":"SearchAction","target":{"@type":"EntryPoint","urlTemplate":"https:\/\/www.campingfontfreda.com\/?s={search_term_string}"},"query-input":{"@type":"PropertyValueSpecification","valueRequired":true,"valueName":"search_term_string"}}],"inLanguage":"es"}]}},"_links":{"self":[{"href":"https:\/\/www.campingfontfreda.com\/es\/wp-json\/wp\/v2\/pages\/22567","targetHints":{"allow":["GET"]}}],"collection":[{"href":"https:\/\/www.campingfontfreda.com\/es\/wp-json\/wp\/v2\/pages"}],"about":[{"href":"https:\/\/www.campingfontfreda.com\/es\/wp-json\/wp\/v2\/types\/page"}],"author":[{"embeddable":true,"href":"https:\/\/www.campingfontfreda.com\/es\/wp-json\/wp\/v2\/users\/4"}],"replies":[{"embeddable":true,"href":"https:\/\/www.campingfontfreda.com\/es\/wp-json\/wp\/v2\/comments?post=22567"}],"version-history":[{"count":4,"href":"https:\/\/www.campingfontfreda.com\/es\/wp-json\/wp\/v2\/pages\/22567\/revisions"}],"predecessor-version":[{"id":22903,"href":"https:\/\/www.campingfontfreda.com\/es\/wp-json\/wp\/v2\/pages\/22567\/revisions\/22903"}],"up":[{"embeddable":true,"href":"https:\/\/www.campingfontfreda.com\/es\/wp-json\/wp\/v2\/pages\/19496"}],"wp:featuredmedia":[{"embeddable":true,"href":"https:\/\/www.campingfontfreda.com\/es\/wp-json\/wp\/v2\/media\/28585"}],"wp:attachment":[{"href":"https:\/\/www.campingfontfreda.com\/es\/wp-json\/wp\/v2\/media?parent=22567"}],"curies":[{"name":"wp","href":"https:\/\/api.w.org\/{rel}","templated":true}]}}