{"id":31714,"date":"2019-08-07T19:51:28","date_gmt":"2019-08-07T17:51:28","guid":{"rendered":"https:\/\/www.campingfontfreda.com\/?page_id=31714"},"modified":"2019-08-07T19:55:57","modified_gmt":"2019-08-07T17:55:57","slug":"summer-2019","status":"publish","type":"page","link":"https:\/\/www.campingfontfreda.com\/es\/galeria-dimatges\/summer-2019\/","title":{"rendered":"verano 2019"},"content":{"rendered":"<div class=\"owl-container\"><div class=\"galeria clearfix galeria-default col-3\"><div class=\"item\"><a href=\"https:\/\/www.campingfontfreda.com\/wp-content\/uploads\/IMG_20190715_183421-1400x1050.jpg\" id=\"thumb-31550\" class=\"image-link\"><img decoding=\"async\" src=\"https:\/\/www.campingfontfreda.com\/wp-content\/uploads\/IMG_20190715_183421-365x230.jpg\" id=\"img-31550\" border=\"0\" alt=\"nfd\" \/><\/a><\/div><div class=\"item\"><a href=\"https:\/\/www.campingfontfreda.com\/wp-content\/uploads\/IMG_20190715_183441-1400x1050.jpg\" id=\"thumb-31553\" class=\"image-link\"><img decoding=\"async\" src=\"https:\/\/www.campingfontfreda.com\/wp-content\/uploads\/IMG_20190715_183441-365x230.jpg\" id=\"img-31553\" border=\"0\" alt=\"nfd\" \/><\/a><\/div><div class=\"item\"><a href=\"https:\/\/www.campingfontfreda.com\/wp-content\/uploads\/IMG_20190716_182446-900x1200.jpg\" id=\"thumb-31556\" class=\"image-link\"><img decoding=\"async\" src=\"https:\/\/www.campingfontfreda.com\/wp-content\/uploads\/IMG_20190716_182446-365x230.jpg\" id=\"img-31556\" border=\"0\" alt=\"dav\" \/><\/a><\/div><div class=\"item\"><a href=\"https:\/\/www.campingfontfreda.com\/wp-content\/uploads\/IMG_20190716_182548-900x1200.jpg\" id=\"thumb-31559\" class=\"image-link\"><img decoding=\"async\" src=\"https:\/\/www.campingfontfreda.com\/wp-content\/uploads\/IMG_20190716_182548-365x230.jpg\" id=\"img-31559\" border=\"0\" alt=\"rpt\" \/><\/a><\/div><div class=\"item\"><a href=\"https:\/\/www.campingfontfreda.com\/wp-content\/uploads\/IMG_20190718_174845-900x1200.jpg\" id=\"thumb-31562\" class=\"image-link\"><img decoding=\"async\" src=\"https:\/\/www.campingfontfreda.com\/wp-content\/uploads\/IMG_20190718_174845-365x230.jpg\" id=\"img-31562\" border=\"0\" alt=\"cof\" \/><\/a><\/div><div class=\"item\"><a href=\"https:\/\/www.campingfontfreda.com\/wp-content\/uploads\/IMG_20190718_174905-900x1200.jpg\" id=\"thumb-31565\" class=\"image-link\"><img decoding=\"async\" src=\"https:\/\/www.campingfontfreda.com\/wp-content\/uploads\/IMG_20190718_174905-365x230.jpg\" id=\"img-31565\" border=\"0\" alt=\"cof\" \/><\/a><\/div><div class=\"item\"><a href=\"https:\/\/www.campingfontfreda.com\/wp-content\/uploads\/IMG_20190718_174914-900x1200.jpg\" id=\"thumb-31568\" class=\"image-link\"><img decoding=\"async\" src=\"https:\/\/www.campingfontfreda.com\/wp-content\/uploads\/IMG_20190718_174914-365x230.jpg\" id=\"img-31568\" border=\"0\" alt=\"cof\" \/><\/a><\/div><div class=\"item\"><a href=\"https:\/\/www.campingfontfreda.com\/wp-content\/uploads\/IMG_20190718_175941-900x1200.jpg\" id=\"thumb-31571\" class=\"image-link\"><img decoding=\"async\" src=\"https:\/\/www.campingfontfreda.com\/wp-content\/uploads\/IMG_20190718_175941-365x230.jpg\" id=\"img-31571\" border=\"0\" alt=\"oznor\" \/><\/a><\/div><div class=\"item\"><a href=\"https:\/\/www.campingfontfreda.com\/wp-content\/uploads\/IMG_20190718_180000-900x1200.jpg\" id=\"thumb-31574\" class=\"image-link\"><img decoding=\"async\" src=\"https:\/\/www.campingfontfreda.com\/wp-content\/uploads\/IMG_20190718_180000-365x230.jpg\" id=\"img-31574\" border=\"0\" alt=\"oznor\" \/><\/a><\/div><div class=\"item\"><a href=\"https:\/\/www.campingfontfreda.com\/wp-content\/uploads\/IMG_20190719_173825-1400x1050.jpg\" id=\"thumb-31577\" class=\"image-link\"><img decoding=\"async\" src=\"https:\/\/www.campingfontfreda.com\/wp-content\/uploads\/IMG_20190719_173825-365x230.jpg\" id=\"img-31577\" border=\"0\" alt=\"oznor\" \/><\/a><\/div><div class=\"item\"><a href=\"https:\/\/www.campingfontfreda.com\/wp-content\/uploads\/IMG_20190719_182150-1400x1050.jpg\" id=\"thumb-31580\" class=\"image-link\"><img decoding=\"async\" src=\"https:\/\/www.campingfontfreda.com\/wp-content\/uploads\/IMG_20190719_182150-365x230.jpg\" id=\"img-31580\" border=\"0\" alt=\"smacap_BFace\" \/><\/a><\/div><div class=\"item\"><a href=\"https:\/\/www.campingfontfreda.com\/wp-content\/uploads\/IMG_20190720_171421-900x1200.jpg\" id=\"thumb-31583\" class=\"image-link\"><img decoding=\"async\" src=\"https:\/\/www.campingfontfreda.com\/wp-content\/uploads\/IMG_20190720_171421-365x230.jpg\" id=\"img-31583\" border=\"0\" alt=\"cof\" \/><\/a><\/div><div class=\"item\"><a href=\"https:\/\/www.campingfontfreda.com\/wp-content\/uploads\/IMG_20190720_171435-900x1200.jpg\" id=\"thumb-31586\" class=\"image-link\"><img decoding=\"async\" src=\"https:\/\/www.campingfontfreda.com\/wp-content\/uploads\/IMG_20190720_171435-365x230.jpg\" id=\"img-31586\" border=\"0\" alt=\"smacap_Bright\" \/><\/a><\/div><div class=\"item\"><a href=\"https:\/\/www.campingfontfreda.com\/wp-content\/uploads\/IMG_20190720_173200-900x1200.jpg\" id=\"thumb-31589\" class=\"image-link\"><img decoding=\"async\" src=\"https:\/\/www.campingfontfreda.com\/wp-content\/uploads\/IMG_20190720_173200-365x230.jpg\" id=\"img-31589\" border=\"0\" alt=\"cof\" \/><\/a><\/div><div class=\"item\"><a href=\"https:\/\/www.campingfontfreda.com\/wp-content\/uploads\/IMG_20190720_174157-900x1200.jpg\" id=\"thumb-31592\" class=\"image-link\"><img decoding=\"async\" src=\"https:\/\/www.campingfontfreda.com\/wp-content\/uploads\/IMG_20190720_174157-365x230.jpg\" id=\"img-31592\" border=\"0\" alt=\"rhdr\" \/><\/a><\/div><div class=\"item\"><a href=\"https:\/\/www.campingfontfreda.com\/wp-content\/uploads\/IMG_20190720_174233-900x1200.jpg\" id=\"thumb-31595\" class=\"image-link\"><img decoding=\"async\" src=\"https:\/\/www.campingfontfreda.com\/wp-content\/uploads\/IMG_20190720_174233-365x230.jpg\" id=\"img-31595\" border=\"0\" alt=\"oznor\" \/><\/a><\/div><div class=\"item\"><a href=\"https:\/\/www.campingfontfreda.com\/wp-content\/uploads\/IMG_20190720_174314-900x1200.jpg\" id=\"thumb-31598\" class=\"image-link\"><img decoding=\"async\" src=\"https:\/\/www.campingfontfreda.com\/wp-content\/uploads\/IMG_20190720_174314-365x230.jpg\" id=\"img-31598\" border=\"0\" alt=\"oznor\" \/><\/a><\/div><div class=\"item\"><a href=\"https:\/\/www.campingfontfreda.com\/wp-content\/uploads\/IMG_20190720_174837-1400x1050.jpg\" id=\"thumb-31601\" class=\"image-link\"><img decoding=\"async\" src=\"https:\/\/www.campingfontfreda.com\/wp-content\/uploads\/IMG_20190720_174837-365x230.jpg\" id=\"img-31601\" border=\"0\" alt=\"smacap_Bright\" \/><\/a><\/div><div class=\"item\"><a href=\"https:\/\/www.campingfontfreda.com\/wp-content\/uploads\/IMG_20190720_180111-900x1200.jpg\" id=\"thumb-31604\" class=\"image-link\"><img decoding=\"async\" src=\"https:\/\/www.campingfontfreda.com\/wp-content\/uploads\/IMG_20190720_180111-365x230.jpg\" id=\"img-31604\" border=\"0\" alt=\"sdr_HDRB\" \/><\/a><\/div><div class=\"item\"><a href=\"https:\/\/www.campingfontfreda.com\/wp-content\/uploads\/IMG_20190720_184800-900x1200.jpg\" id=\"thumb-31607\" class=\"image-link\"><img decoding=\"async\" src=\"https:\/\/www.campingfontfreda.com\/wp-content\/uploads\/IMG_20190720_184800-365x230.jpg\" id=\"img-31607\" border=\"0\" alt=\"cof\" \/><\/a><\/div><div class=\"item\"><a href=\"https:\/\/www.campingfontfreda.com\/wp-content\/uploads\/IMG_20190720_185447-900x1200.jpg\" id=\"thumb-31610\" class=\"image-link\"><img decoding=\"async\" src=\"https:\/\/www.campingfontfreda.com\/wp-content\/uploads\/IMG_20190720_185447-365x230.jpg\" id=\"img-31610\" border=\"0\" alt=\"rpt\" \/><\/a><\/div><div class=\"item\"><a href=\"https:\/\/www.campingfontfreda.com\/wp-content\/uploads\/IMG_20190720_185522-900x1200.jpg\" id=\"thumb-31613\" class=\"image-link\"><img decoding=\"async\" src=\"https:\/\/www.campingfontfreda.com\/wp-content\/uploads\/IMG_20190720_185522-365x230.jpg\" id=\"img-31613\" border=\"0\" alt=\"rpt\" \/><\/a><\/div><div class=\"item\"><a href=\"https:\/\/www.campingfontfreda.com\/wp-content\/uploads\/IMG_20190720_185744-900x1200.jpg\" id=\"thumb-31616\" class=\"image-link\"><img decoding=\"async\" src=\"https:\/\/www.campingfontfreda.com\/wp-content\/uploads\/IMG_20190720_185744-365x230.jpg\" id=\"img-31616\" border=\"0\" alt=\"rpt\" \/><\/a><\/div><div class=\"item\"><a href=\"https:\/\/www.campingfontfreda.com\/wp-content\/uploads\/IMG_20190720_185822-900x1200.jpg\" id=\"thumb-31619\" class=\"image-link\"><img decoding=\"async\" src=\"https:\/\/www.campingfontfreda.com\/wp-content\/uploads\/IMG_20190720_185822-365x230.jpg\" id=\"img-31619\" border=\"0\" alt=\"btf\" \/><\/a><\/div><div class=\"item\"><a href=\"https:\/\/www.campingfontfreda.com\/wp-content\/uploads\/IMG_20190720_185919-900x1200.jpg\" id=\"thumb-31622\" class=\"image-link\"><img decoding=\"async\" src=\"https:\/\/www.campingfontfreda.com\/wp-content\/uploads\/IMG_20190720_185919-365x230.jpg\" id=\"img-31622\" border=\"0\" alt=\"rpt\" \/><\/a><\/div><div class=\"item\"><a href=\"https:\/\/www.campingfontfreda.com\/wp-content\/uploads\/IMG_20190720_190138_1-1400x1050.jpg\" id=\"thumb-31625\" class=\"image-link\"><img decoding=\"async\" src=\"https:\/\/www.campingfontfreda.com\/wp-content\/uploads\/IMG_20190720_190138_1-365x230.jpg\" id=\"img-31625\" border=\"0\" alt=\"ptr\" \/><\/a><\/div><div class=\"item\"><a href=\"https:\/\/www.campingfontfreda.com\/wp-content\/uploads\/IMG_20190720_191206-1400x1050.jpg\" id=\"thumb-31628\" class=\"image-link\"><img decoding=\"async\" src=\"https:\/\/www.campingfontfreda.com\/wp-content\/uploads\/IMG_20190720_191206-365x230.jpg\" id=\"img-31628\" border=\"0\" alt=\"oznor\" \/><\/a><\/div><div class=\"item\"><a href=\"https:\/\/www.campingfontfreda.com\/wp-content\/uploads\/IMG_20190720_191351-1400x1050.jpg\" id=\"thumb-31631\" class=\"image-link\"><img decoding=\"async\" src=\"https:\/\/www.campingfontfreda.com\/wp-content\/uploads\/IMG_20190720_191351-365x230.jpg\" id=\"img-31631\" border=\"0\" alt=\"oznor\" \/><\/a><\/div><div class=\"item\"><a href=\"https:\/\/www.campingfontfreda.com\/wp-content\/uploads\/IMG_20190721_115332-1400x1050.jpg\" id=\"thumb-31634\" class=\"image-link\"><img decoding=\"async\" src=\"https:\/\/www.campingfontfreda.com\/wp-content\/uploads\/IMG_20190721_115332-365x230.jpg\" id=\"img-31634\" border=\"0\" alt=\"smacap_Bright\" \/><\/a><\/div><div class=\"item\"><a href=\"https:\/\/www.campingfontfreda.com\/wp-content\/uploads\/IMG_20190721_115354-1400x1050.jpg\" id=\"thumb-31637\" class=\"image-link\"><img decoding=\"async\" src=\"https:\/\/www.campingfontfreda.com\/wp-content\/uploads\/IMG_20190721_115354-365x230.jpg\" id=\"img-31637\" border=\"0\" alt=\"sdr_HDRB\" \/><\/a><\/div><div class=\"item\"><a href=\"https:\/\/www.campingfontfreda.com\/wp-content\/uploads\/IMG_20190721_115423-1400x1050.jpg\" id=\"thumb-31640\" class=\"image-link\"><img decoding=\"async\" src=\"https:\/\/www.campingfontfreda.com\/wp-content\/uploads\/IMG_20190721_115423-365x230.jpg\" id=\"img-31640\" border=\"0\" alt=\"sdr_HDRB\" \/><\/a><\/div><div class=\"item\"><a href=\"https:\/\/www.campingfontfreda.com\/wp-content\/uploads\/IMG_20190721_120157-1400x1050.jpg\" id=\"thumb-31643\" class=\"image-link\"><img decoding=\"async\" src=\"https:\/\/www.campingfontfreda.com\/wp-content\/uploads\/IMG_20190721_120157-365x230.jpg\" id=\"img-31643\" border=\"0\" alt=\"oznor\" \/><\/a><\/div><div class=\"item\"><a href=\"https:\/\/www.campingfontfreda.com\/wp-content\/uploads\/IMG_20190721_120538-1400x1050.jpg\" id=\"thumb-31646\" class=\"image-link\"><img decoding=\"async\" src=\"https:\/\/www.campingfontfreda.com\/wp-content\/uploads\/IMG_20190721_120538-365x230.jpg\" id=\"img-31646\" border=\"0\" alt=\"oznor\" \/><\/a><\/div><div class=\"item\"><a href=\"https:\/\/www.campingfontfreda.com\/wp-content\/uploads\/IMG_20190721_130554-1400x1050.jpg\" id=\"thumb-31649\" class=\"image-link\"><img decoding=\"async\" src=\"https:\/\/www.campingfontfreda.com\/wp-content\/uploads\/IMG_20190721_130554-365x230.jpg\" id=\"img-31649\" border=\"0\" alt=\"smacap_Bright\" \/><\/a><\/div><div class=\"item\"><a href=\"https:\/\/www.campingfontfreda.com\/wp-content\/uploads\/IMG_20190721_130603-1400x1050.jpg\" id=\"thumb-31652\" class=\"image-link\"><img decoding=\"async\" src=\"https:\/\/www.campingfontfreda.com\/wp-content\/uploads\/IMG_20190721_130603-365x230.jpg\" id=\"img-31652\" border=\"0\" alt=\"smacap_Bright\" \/><\/a><\/div><div class=\"item\"><a href=\"https:\/\/www.campingfontfreda.com\/wp-content\/uploads\/IMG_20190721_130605-1400x1050.jpg\" id=\"thumb-31655\" class=\"image-link\"><img decoding=\"async\" src=\"https:\/\/www.campingfontfreda.com\/wp-content\/uploads\/IMG_20190721_130605-365x230.jpg\" id=\"img-31655\" border=\"0\" alt=\"smacap_BFace\" \/><\/a><\/div><div class=\"item\"><a href=\"https:\/\/www.campingfontfreda.com\/wp-content\/uploads\/IMG_20190721_130609-1400x1050.jpg\" id=\"thumb-31658\" class=\"image-link\"><img decoding=\"async\" src=\"https:\/\/www.campingfontfreda.com\/wp-content\/uploads\/IMG_20190721_130609-365x230.jpg\" id=\"img-31658\" border=\"0\" alt=\"smacap_BFace\" \/><\/a><\/div><div class=\"item\"><a href=\"https:\/\/www.campingfontfreda.com\/wp-content\/uploads\/IMG_20190721_171641-900x1200.jpg\" id=\"thumb-31661\" class=\"image-link\"><img decoding=\"async\" src=\"https:\/\/www.campingfontfreda.com\/wp-content\/uploads\/IMG_20190721_171641-365x230.jpg\" id=\"img-31661\" border=\"0\" alt=\"cof\" \/><\/a><\/div><div class=\"item\"><a href=\"https:\/\/www.campingfontfreda.com\/wp-content\/uploads\/IMG_20190721_171918-900x1200.jpg\" id=\"thumb-31664\" class=\"image-link\"><img decoding=\"async\" src=\"https:\/\/www.campingfontfreda.com\/wp-content\/uploads\/IMG_20190721_171918-365x230.jpg\" id=\"img-31664\" border=\"0\" alt=\"dav\" \/><\/a><\/div><div class=\"item\"><a href=\"https:\/\/www.campingfontfreda.com\/wp-content\/uploads\/IMG_20190721_181918-1400x1050.jpg\" id=\"thumb-31667\" class=\"image-link\"><img decoding=\"async\" src=\"https:\/\/www.campingfontfreda.com\/wp-content\/uploads\/IMG_20190721_181918-365x230.jpg\" id=\"img-31667\" border=\"0\" alt=\"oznor\" \/><\/a><\/div><div class=\"item\"><a href=\"https:\/\/www.campingfontfreda.com\/wp-content\/uploads\/IMG_20190721_182239-900x1200.jpg\" id=\"thumb-31670\" class=\"image-link\"><img decoding=\"async\" src=\"https:\/\/www.campingfontfreda.com\/wp-content\/uploads\/IMG_20190721_182239-365x230.jpg\" id=\"img-31670\" border=\"0\" alt=\"cof\" \/><\/a><\/div><div class=\"item\"><a href=\"https:\/\/www.campingfontfreda.com\/wp-content\/uploads\/IMG_20190721_195628-900x1200.jpg\" id=\"thumb-31673\" class=\"image-link\"><img decoding=\"async\" src=\"https:\/\/www.campingfontfreda.com\/wp-content\/uploads\/IMG_20190721_195628-365x230.jpg\" id=\"img-31673\" border=\"0\" alt=\"cof\" \/><\/a><\/div><div class=\"item\"><a href=\"https:\/\/www.campingfontfreda.com\/wp-content\/uploads\/IMG_20190723_174431-1400x1050.jpg\" id=\"thumb-31676\" class=\"image-link\"><img decoding=\"async\" src=\"https:\/\/www.campingfontfreda.com\/wp-content\/uploads\/IMG_20190723_174431-365x230.jpg\" id=\"img-31676\" border=\"0\" alt=\"rpt\" \/><\/a><\/div><div class=\"item\"><a href=\"https:\/\/www.campingfontfreda.com\/wp-content\/uploads\/IMG_20190723_174528-1400x1050.jpg\" id=\"thumb-31679\" class=\"image-link\"><img decoding=\"async\" src=\"https:\/\/www.campingfontfreda.com\/wp-content\/uploads\/IMG_20190723_174528-365x230.jpg\" id=\"img-31679\" border=\"0\" alt=\"rpt\" \/><\/a><\/div><div class=\"item\"><a href=\"https:\/\/www.campingfontfreda.com\/wp-content\/uploads\/IMG_20190723_175752-900x1200.jpg\" id=\"thumb-31682\" class=\"image-link\"><img decoding=\"async\" src=\"https:\/\/www.campingfontfreda.com\/wp-content\/uploads\/IMG_20190723_175752-365x230.jpg\" id=\"img-31682\" border=\"0\" alt=\"cof\" \/><\/a><\/div><div class=\"item\"><a href=\"https:\/\/www.campingfontfreda.com\/wp-content\/uploads\/IMG_20190724_190236-1400x1050.jpg\" id=\"thumb-31685\" class=\"image-link\"><img decoding=\"async\" src=\"https:\/\/www.campingfontfreda.com\/wp-content\/uploads\/IMG_20190724_190236-365x230.jpg\" id=\"img-31685\" border=\"0\" alt=\"dav\" \/><\/a><\/div><div class=\"item\"><a href=\"https:\/\/www.campingfontfreda.com\/wp-content\/uploads\/IMG_20190724_190947-900x1200.jpg\" id=\"thumb-31688\" class=\"image-link\"><img decoding=\"async\" src=\"https:\/\/www.campingfontfreda.com\/wp-content\/uploads\/IMG_20190724_190947-365x230.jpg\" id=\"img-31688\" border=\"0\" alt=\"dav\" \/><\/a><\/div><div class=\"item\"><a href=\"https:\/\/www.campingfontfreda.com\/wp-content\/uploads\/IMG_20190726_171931-1400x1050.jpg\" id=\"thumb-31691\" class=\"image-link\"><img decoding=\"async\" src=\"https:\/\/www.campingfontfreda.com\/wp-content\/uploads\/IMG_20190726_171931-365x230.jpg\" id=\"img-31691\" border=\"0\" alt=\"ptr\" \/><\/a><\/div><div class=\"item\"><a href=\"https:\/\/www.campingfontfreda.com\/wp-content\/uploads\/IMG_20190727_165418-1400x788.jpg\" id=\"thumb-31694\" class=\"image-link\"><img decoding=\"async\" src=\"https:\/\/www.campingfontfreda.com\/wp-content\/uploads\/IMG_20190727_165418-365x230.jpg\" id=\"img-31694\" border=\"0\" alt=\"dav\" \/><\/a><\/div><div class=\"item\"><a href=\"https:\/\/www.campingfontfreda.com\/wp-content\/uploads\/IMG_20190728_114057-1400x1050.jpg\" id=\"thumb-31697\" class=\"image-link\"><img decoding=\"async\" src=\"https:\/\/www.campingfontfreda.com\/wp-content\/uploads\/IMG_20190728_114057-365x230.jpg\" id=\"img-31697\" border=\"0\" alt=\"smacap_Bright\" \/><\/a><\/div><div class=\"item\"><a href=\"https:\/\/www.campingfontfreda.com\/wp-content\/uploads\/IMG_20190728_123708-1400x1050.jpg\" id=\"thumb-31700\" class=\"image-link\"><img decoding=\"async\" src=\"https:\/\/www.campingfontfreda.com\/wp-content\/uploads\/IMG_20190728_123708-365x230.jpg\" id=\"img-31700\" border=\"0\" alt=\"cof\" \/><\/a><\/div><div class=\"item\"><a href=\"https:\/\/www.campingfontfreda.com\/wp-content\/uploads\/IMG_20190728_133308-900x1200.jpg\" id=\"thumb-31703\" class=\"image-link\"><img decoding=\"async\" src=\"https:\/\/www.campingfontfreda.com\/wp-content\/uploads\/IMG_20190728_133308-365x230.jpg\" id=\"img-31703\" border=\"0\" alt=\"rpt\" \/><\/a><\/div><div class=\"item\"><a href=\"https:\/\/www.campingfontfreda.com\/wp-content\/uploads\/IMG_20190728_172432-900x1200.jpg\" id=\"thumb-31706\" class=\"image-link\"><img decoding=\"async\" src=\"https:\/\/www.campingfontfreda.com\/wp-content\/uploads\/IMG_20190728_172432-365x230.jpg\" id=\"img-31706\" border=\"0\" alt=\"rhdr\" \/><\/a><\/div><div class=\"item\"><a href=\"https:\/\/www.campingfontfreda.com\/wp-content\/uploads\/IMG_20190728_172551-900x1200.jpg\" id=\"thumb-31709\" class=\"image-link\"><img decoding=\"async\" src=\"https:\/\/www.campingfontfreda.com\/wp-content\/uploads\/IMG_20190728_172551-365x230.jpg\" id=\"img-31709\" border=\"0\" alt=\"oznor\" \/><\/a><\/div><\/div><\/div>\n","protected":false},"excerpt":{"rendered":"","protected":false},"author":4,"featured_media":31649,"parent":19496,"menu_order":60,"comment_status":"closed","ping_status":"closed","template":"","meta":{"_acf_changed":false,"_monsterinsights_skip_tracking":false,"_monsterinsights_sitenote_active":false,"_monsterinsights_sitenote_note":"","_monsterinsights_sitenote_category":0,"footnotes":""},"class_list":["post-31714","page","type-page","status-publish","has-post-thumbnail","hentry"],"acf":[],"yoast_head":"<!-- This site is optimized with the Yoast SEO plugin v26.0 - https:\/\/yoast.com\/wordpress\/plugins\/seo\/ -->\n<title>verano 2019 - C\u00e0mping FontFreda<\/title>\n<meta name=\"robots\" content=\"index, follow, max-snippet:-1, max-image-preview:large, max-video-preview:-1\" \/>\n<link rel=\"canonical\" href=\"https:\/\/www.campingfontfreda.com\/es\/galeria-dimatges\/summer-2019\/\" \/>\n<meta property=\"og:locale\" content=\"es_ES\" \/>\n<meta property=\"og:type\" content=\"article\" \/>\n<meta property=\"og:title\" content=\"verano 2019 - C\u00e0mping FontFreda\" \/>\n<meta property=\"og:url\" content=\"https:\/\/www.campingfontfreda.com\/es\/galeria-dimatges\/summer-2019\/\" \/>\n<meta property=\"og:site_name\" content=\"C\u00e0mping FontFreda\" \/>\n<meta property=\"article:modified_time\" content=\"2019-08-07T17:55:57+00:00\" \/>\n<meta property=\"og:image\" content=\"https:\/\/www.campingfontfreda.com\/wp-content\/uploads\/IMG_20190721_130554.jpg\" \/>\n\t<meta property=\"og:image:width\" content=\"1600\" \/>\n\t<meta property=\"og:image:height\" content=\"1200\" \/>\n\t<meta property=\"og:image:type\" content=\"image\/jpeg\" \/>\n<meta name=\"twitter:card\" content=\"summary_large_image\" \/>\n<script type=\"application\/ld+json\" class=\"yoast-schema-graph\">{\"@context\":\"https:\/\/schema.org\",\"@graph\":[{\"@type\":\"WebPage\",\"@id\":\"https:\/\/www.campingfontfreda.com\/es\/galeria-dimatges\/summer-2019\/\",\"url\":\"https:\/\/www.campingfontfreda.com\/es\/galeria-dimatges\/summer-2019\/\",\"name\":\"verano 2019 - C\u00e0mping FontFreda\",\"isPartOf\":{\"@id\":\"https:\/\/www.campingfontfreda.com\/#website\"},\"primaryImageOfPage\":{\"@id\":\"https:\/\/www.campingfontfreda.com\/es\/galeria-dimatges\/summer-2019\/#primaryimage\"},\"image\":{\"@id\":\"https:\/\/www.campingfontfreda.com\/es\/galeria-dimatges\/summer-2019\/#primaryimage\"},\"thumbnailUrl\":\"https:\/\/www.campingfontfreda.com\/wp-content\/uploads\/IMG_20190721_130554.jpg\",\"datePublished\":\"2019-08-07T17:51:28+00:00\",\"dateModified\":\"2019-08-07T17:55:57+00:00\",\"breadcrumb\":{\"@id\":\"https:\/\/www.campingfontfreda.com\/es\/galeria-dimatges\/summer-2019\/#breadcrumb\"},\"inLanguage\":\"es\",\"potentialAction\":[{\"@type\":\"ReadAction\",\"target\":[\"https:\/\/www.campingfontfreda.com\/es\/galeria-dimatges\/summer-2019\/\"]}]},{\"@type\":\"ImageObject\",\"inLanguage\":\"es\",\"@id\":\"https:\/\/www.campingfontfreda.com\/es\/galeria-dimatges\/summer-2019\/#primaryimage\",\"url\":\"https:\/\/www.campingfontfreda.com\/wp-content\/uploads\/IMG_20190721_130554.jpg\",\"contentUrl\":\"https:\/\/www.campingfontfreda.com\/wp-content\/uploads\/IMG_20190721_130554.jpg\",\"width\":1600,\"height\":1200,\"caption\":\"smacap_Bright\"},{\"@type\":\"BreadcrumbList\",\"@id\":\"https:\/\/www.campingfontfreda.com\/es\/galeria-dimatges\/summer-2019\/#breadcrumb\",\"itemListElement\":[{\"@type\":\"ListItem\",\"position\":1,\"name\":\"Inici\",\"item\":\"https:\/\/www.campingfontfreda.com\/es\/\"},{\"@type\":\"ListItem\",\"position\":2,\"name\":\"Galeria d&#8217;imatges\",\"item\":\"https:\/\/www.campingfontfreda.com\/es\/galeria-dimatges\/\"},{\"@type\":\"ListItem\",\"position\":3,\"name\":\"verano 2019\"}]},{\"@type\":\"WebSite\",\"@id\":\"https:\/\/www.campingfontfreda.com\/#website\",\"url\":\"https:\/\/www.campingfontfreda.com\/\",\"name\":\"C\u00e0mping FontFreda\",\"description\":\"C\u00e0mping Fontfreda (Bergued\u00e0) \u00e9s un c\u00e0mping d\u2019alta muntanya ubicat a  Berga\",\"potentialAction\":[{\"@type\":\"SearchAction\",\"target\":{\"@type\":\"EntryPoint\",\"urlTemplate\":\"https:\/\/www.campingfontfreda.com\/?s={search_term_string}\"},\"query-input\":{\"@type\":\"PropertyValueSpecification\",\"valueRequired\":true,\"valueName\":\"search_term_string\"}}],\"inLanguage\":\"es\"}]}<\/script>\n<!-- \/ Yoast SEO plugin. -->","yoast_head_json":{"title":"verano 2019 - C\u00e0mping FontFreda","robots":{"index":"index","follow":"follow","max-snippet":"max-snippet:-1","max-image-preview":"max-image-preview:large","max-video-preview":"max-video-preview:-1"},"canonical":"https:\/\/www.campingfontfreda.com\/es\/galeria-dimatges\/summer-2019\/","og_locale":"es_ES","og_type":"article","og_title":"verano 2019 - C\u00e0mping FontFreda","og_url":"https:\/\/www.campingfontfreda.com\/es\/galeria-dimatges\/summer-2019\/","og_site_name":"C\u00e0mping FontFreda","article_modified_time":"2019-08-07T17:55:57+00:00","og_image":[{"width":1600,"height":1200,"url":"https:\/\/www.campingfontfreda.com\/wp-content\/uploads\/IMG_20190721_130554.jpg","type":"image\/jpeg"}],"twitter_card":"summary_large_image","schema":{"@context":"https:\/\/schema.org","@graph":[{"@type":"WebPage","@id":"https:\/\/www.campingfontfreda.com\/es\/galeria-dimatges\/summer-2019\/","url":"https:\/\/www.campingfontfreda.com\/es\/galeria-dimatges\/summer-2019\/","name":"verano 2019 - C\u00e0mping FontFreda","isPartOf":{"@id":"https:\/\/www.campingfontfreda.com\/#website"},"primaryImageOfPage":{"@id":"https:\/\/www.campingfontfreda.com\/es\/galeria-dimatges\/summer-2019\/#primaryimage"},"image":{"@id":"https:\/\/www.campingfontfreda.com\/es\/galeria-dimatges\/summer-2019\/#primaryimage"},"thumbnailUrl":"https:\/\/www.campingfontfreda.com\/wp-content\/uploads\/IMG_20190721_130554.jpg","datePublished":"2019-08-07T17:51:28+00:00","dateModified":"2019-08-07T17:55:57+00:00","breadcrumb":{"@id":"https:\/\/www.campingfontfreda.com\/es\/galeria-dimatges\/summer-2019\/#breadcrumb"},"inLanguage":"es","potentialAction":[{"@type":"ReadAction","target":["https:\/\/www.campingfontfreda.com\/es\/galeria-dimatges\/summer-2019\/"]}]},{"@type":"ImageObject","inLanguage":"es","@id":"https:\/\/www.campingfontfreda.com\/es\/galeria-dimatges\/summer-2019\/#primaryimage","url":"https:\/\/www.campingfontfreda.com\/wp-content\/uploads\/IMG_20190721_130554.jpg","contentUrl":"https:\/\/www.campingfontfreda.com\/wp-content\/uploads\/IMG_20190721_130554.jpg","width":1600,"height":1200,"caption":"smacap_Bright"},{"@type":"BreadcrumbList","@id":"https:\/\/www.campingfontfreda.com\/es\/galeria-dimatges\/summer-2019\/#breadcrumb","itemListElement":[{"@type":"ListItem","position":1,"name":"Inici","item":"https:\/\/www.campingfontfreda.com\/es\/"},{"@type":"ListItem","position":2,"name":"Galeria d&#8217;imatges","item":"https:\/\/www.campingfontfreda.com\/es\/galeria-dimatges\/"},{"@type":"ListItem","position":3,"name":"verano 2019"}]},{"@type":"WebSite","@id":"https:\/\/www.campingfontfreda.com\/#website","url":"https:\/\/www.campingfontfreda.com\/","name":"C\u00e0mping FontFreda","description":"C\u00e0mping Fontfreda (Bergued\u00e0) \u00e9s un c\u00e0mping d\u2019alta muntanya ubicat a  Berga","potentialAction":[{"@type":"SearchAction","target":{"@type":"EntryPoint","urlTemplate":"https:\/\/www.campingfontfreda.com\/?s={search_term_string}"},"query-input":{"@type":"PropertyValueSpecification","valueRequired":true,"valueName":"search_term_string"}}],"inLanguage":"es"}]}},"_links":{"self":[{"href":"https:\/\/www.campingfontfreda.com\/es\/wp-json\/wp\/v2\/pages\/31714","targetHints":{"allow":["GET"]}}],"collection":[{"href":"https:\/\/www.campingfontfreda.com\/es\/wp-json\/wp\/v2\/pages"}],"about":[{"href":"https:\/\/www.campingfontfreda.com\/es\/wp-json\/wp\/v2\/types\/page"}],"author":[{"embeddable":true,"href":"https:\/\/www.campingfontfreda.com\/es\/wp-json\/wp\/v2\/users\/4"}],"replies":[{"embeddable":true,"href":"https:\/\/www.campingfontfreda.com\/es\/wp-json\/wp\/v2\/comments?post=31714"}],"version-history":[{"count":3,"href":"https:\/\/www.campingfontfreda.com\/es\/wp-json\/wp\/v2\/pages\/31714\/revisions"}],"predecessor-version":[{"id":31717,"href":"https:\/\/www.campingfontfreda.com\/es\/wp-json\/wp\/v2\/pages\/31714\/revisions\/31717"}],"up":[{"embeddable":true,"href":"https:\/\/www.campingfontfreda.com\/es\/wp-json\/wp\/v2\/pages\/19496"}],"wp:featuredmedia":[{"embeddable":true,"href":"https:\/\/www.campingfontfreda.com\/es\/wp-json\/wp\/v2\/media\/31649"}],"wp:attachment":[{"href":"https:\/\/www.campingfontfreda.com\/es\/wp-json\/wp\/v2\/media?parent=31714"}],"curies":[{"name":"wp","href":"https:\/\/api.w.org\/{rel}","templated":true}]}}