{"id":32344,"date":"2020-07-28T15:16:59","date_gmt":"2020-07-28T13:16:59","guid":{"rendered":"https:\/\/www.campingfontfreda.com\/rutes-en-bicicleta-i-a-peu\/"},"modified":"2020-08-26T18:36:01","modified_gmt":"2020-08-26T16:36:01","slug":"rutes-en-bicicleta-i-a-peu","status":"publish","type":"page","link":"https:\/\/www.campingfontfreda.com\/es\/rutes-en-bicicleta-i-a-peu\/","title":{"rendered":"Rutas a pie y en bici"},"content":{"rendered":"<p>&nbsp;<\/p>\n<div class=\"owl-container\"><div class=\"galeria clearfix galeria-default col-2\"><div class=\"item\"><a href=\"https:\/\/www.campingfontfreda.com\/wp-content\/uploads\/01-Font-Freda-p.jpg\" id=\"thumb-32318\" class=\"image-link\"><img decoding=\"async\" src=\"https:\/\/www.campingfontfreda.com\/wp-content\/uploads\/01-Font-Freda-p-365x230.jpg\" id=\"img-32318\" border=\"0\" alt=\"\" \/><\/a><\/div><div class=\"item\"><a href=\"https:\/\/www.campingfontfreda.com\/wp-content\/uploads\/02-Pi-3-Branques-11082020-p.jpg\" id=\"thumb-32321\" class=\"image-link\"><img decoding=\"async\" src=\"https:\/\/www.campingfontfreda.com\/wp-content\/uploads\/02-Pi-3-Branques-11082020-p-365x230.jpg\" id=\"img-32321\" border=\"0\" alt=\"\" \/><\/a><\/div><div class=\"item\"><a href=\"https:\/\/www.campingfontfreda.com\/wp-content\/uploads\/03-Espinalbet-anar-i-tornar-11082020.jpg\" id=\"thumb-32324\" class=\"image-link\"><img decoding=\"async\" src=\"https:\/\/www.campingfontfreda.com\/wp-content\/uploads\/03-Espinalbet-anar-i-tornar-11082020-365x230.jpg\" id=\"img-32324\" border=\"0\" alt=\"\" \/><\/a><\/div><div class=\"item\"><a href=\"https:\/\/www.campingfontfreda.com\/wp-content\/uploads\/04-Espinalbet-volta-11082020.jpg\" id=\"thumb-32327\" class=\"image-link\"><img decoding=\"async\" src=\"https:\/\/www.campingfontfreda.com\/wp-content\/uploads\/04-Espinalbet-volta-11082020-365x230.jpg\" id=\"img-32327\" border=\"0\" alt=\"\" \/><\/a><\/div><div class=\"item\"><a href=\"https:\/\/www.campingfontfreda.com\/wp-content\/uploads\/05-Corbera-11082020.jpg\" id=\"thumb-32338\" class=\"image-link\"><img decoding=\"async\" src=\"https:\/\/www.campingfontfreda.com\/wp-content\/uploads\/05-Corbera-11082020-365x230.jpg\" id=\"img-32338\" border=\"0\" alt=\"\" \/><\/a><\/div><div class=\"item\"><a href=\"https:\/\/www.campingfontfreda.com\/wp-content\/uploads\/el-mapa-de-Queralt-25082020-p.jpg\" id=\"thumb-32352\" class=\"image-link\"><img decoding=\"async\" src=\"https:\/\/www.campingfontfreda.com\/wp-content\/uploads\/el-mapa-de-Queralt-25082020-p-365x230.jpg\" id=\"img-32352\" border=\"0\" alt=\"\" \/><\/a><\/div><\/div><\/div>\n<p>M\u00e9s rutes a      <a href=\"https:\/\/ca.wikiloc.com\/wikiloc\/spatialArtifacts.do\" target=\"_blank\" rel=\"noopener noreferrer\"><img loading=\"lazy\" decoding=\"async\" class=\"alignnone size-full wp-image-32245\" src=\"https:\/\/www.campingfontfreda.com\/wp-content\/uploads\/wikiloc_lg.png\" alt=\"\" width=\"249\" height=\"54\" srcset=\"https:\/\/www.campingfontfreda.com\/wp-content\/uploads\/wikiloc_lg.png 249w, https:\/\/www.campingfontfreda.com\/wp-content\/uploads\/wikiloc_lg-150x33.png 150w, https:\/\/www.campingfontfreda.com\/wp-content\/uploads\/wikiloc_lg-230x50.png 230w\" sizes=\"auto, (max-width: 249px) 100vw, 249px\" \/><\/a><\/p>\n","protected":false},"excerpt":{"rendered":"<p>&nbsp; M\u00e9s rutes a<\/p>\n","protected":false},"author":1,"featured_media":0,"parent":0,"menu_order":13,"comment_status":"closed","ping_status":"closed","template":"","meta":{"_acf_changed":false,"_monsterinsights_skip_tracking":false,"_monsterinsights_sitenote_active":false,"_monsterinsights_sitenote_note":"","_monsterinsights_sitenote_category":0,"footnotes":""},"class_list":["post-32344","page","type-page","status-publish","hentry"],"acf":[],"yoast_head":"<!-- This site is optimized with the Yoast SEO plugin v26.0 - https:\/\/yoast.com\/wordpress\/plugins\/seo\/ -->\n<title>Rutas a pie y en bici - C\u00e0mping FontFreda<\/title>\n<meta name=\"robots\" content=\"index, follow, max-snippet:-1, max-image-preview:large, max-video-preview:-1\" \/>\n<link rel=\"canonical\" href=\"https:\/\/www.campingfontfreda.com\/es\/rutes-en-bicicleta-i-a-peu\/\" \/>\n<meta property=\"og:locale\" content=\"es_ES\" \/>\n<meta property=\"og:type\" content=\"article\" \/>\n<meta property=\"og:title\" content=\"Rutas a pie y en bici - C\u00e0mping FontFreda\" \/>\n<meta property=\"og:description\" content=\"&nbsp; M\u00e9s rutes a\" \/>\n<meta property=\"og:url\" content=\"https:\/\/www.campingfontfreda.com\/es\/rutes-en-bicicleta-i-a-peu\/\" \/>\n<meta property=\"og:site_name\" content=\"C\u00e0mping FontFreda\" \/>\n<meta property=\"article:modified_time\" content=\"2020-08-26T16:36:01+00:00\" \/>\n<meta property=\"og:image\" content=\"https:\/\/www.campingfontfreda.com\/wp-content\/uploads\/01-Font-Freda-p-365x230.jpg\" \/>\n<meta name=\"twitter:card\" content=\"summary_large_image\" \/>\n<script type=\"application\/ld+json\" class=\"yoast-schema-graph\">{\"@context\":\"https:\/\/schema.org\",\"@graph\":[{\"@type\":\"WebPage\",\"@id\":\"https:\/\/www.campingfontfreda.com\/es\/rutes-en-bicicleta-i-a-peu\/\",\"url\":\"https:\/\/www.campingfontfreda.com\/es\/rutes-en-bicicleta-i-a-peu\/\",\"name\":\"Rutas a pie y en bici - C\u00e0mping FontFreda\",\"isPartOf\":{\"@id\":\"https:\/\/www.campingfontfreda.com\/#website\"},\"primaryImageOfPage\":{\"@id\":\"https:\/\/www.campingfontfreda.com\/es\/rutes-en-bicicleta-i-a-peu\/#primaryimage\"},\"image\":{\"@id\":\"https:\/\/www.campingfontfreda.com\/es\/rutes-en-bicicleta-i-a-peu\/#primaryimage\"},\"thumbnailUrl\":\"https:\/\/www.campingfontfreda.com\/wp-content\/uploads\/wikiloc_lg.png\",\"datePublished\":\"2020-07-28T13:16:59+00:00\",\"dateModified\":\"2020-08-26T16:36:01+00:00\",\"breadcrumb\":{\"@id\":\"https:\/\/www.campingfontfreda.com\/es\/rutes-en-bicicleta-i-a-peu\/#breadcrumb\"},\"inLanguage\":\"es\",\"potentialAction\":[{\"@type\":\"ReadAction\",\"target\":[\"https:\/\/www.campingfontfreda.com\/es\/rutes-en-bicicleta-i-a-peu\/\"]}]},{\"@type\":\"ImageObject\",\"inLanguage\":\"es\",\"@id\":\"https:\/\/www.campingfontfreda.com\/es\/rutes-en-bicicleta-i-a-peu\/#primaryimage\",\"url\":\"https:\/\/www.campingfontfreda.com\/wp-content\/uploads\/wikiloc_lg.png\",\"contentUrl\":\"https:\/\/www.campingfontfreda.com\/wp-content\/uploads\/wikiloc_lg.png\"},{\"@type\":\"BreadcrumbList\",\"@id\":\"https:\/\/www.campingfontfreda.com\/es\/rutes-en-bicicleta-i-a-peu\/#breadcrumb\",\"itemListElement\":[{\"@type\":\"ListItem\",\"position\":1,\"name\":\"Inici\",\"item\":\"https:\/\/www.campingfontfreda.com\/es\/\"},{\"@type\":\"ListItem\",\"position\":2,\"name\":\"Rutas a pie y en bici\"}]},{\"@type\":\"WebSite\",\"@id\":\"https:\/\/www.campingfontfreda.com\/#website\",\"url\":\"https:\/\/www.campingfontfreda.com\/\",\"name\":\"C\u00e0mping FontFreda\",\"description\":\"C\u00e0mping Fontfreda (Bergued\u00e0) \u00e9s un c\u00e0mping d\u2019alta muntanya ubicat a  Berga\",\"potentialAction\":[{\"@type\":\"SearchAction\",\"target\":{\"@type\":\"EntryPoint\",\"urlTemplate\":\"https:\/\/www.campingfontfreda.com\/?s={search_term_string}\"},\"query-input\":{\"@type\":\"PropertyValueSpecification\",\"valueRequired\":true,\"valueName\":\"search_term_string\"}}],\"inLanguage\":\"es\"}]}<\/script>\n<!-- \/ Yoast SEO plugin. -->","yoast_head_json":{"title":"Rutas a pie y en bici - C\u00e0mping FontFreda","robots":{"index":"index","follow":"follow","max-snippet":"max-snippet:-1","max-image-preview":"max-image-preview:large","max-video-preview":"max-video-preview:-1"},"canonical":"https:\/\/www.campingfontfreda.com\/es\/rutes-en-bicicleta-i-a-peu\/","og_locale":"es_ES","og_type":"article","og_title":"Rutas a pie y en bici - C\u00e0mping FontFreda","og_description":"&nbsp; M\u00e9s rutes a","og_url":"https:\/\/www.campingfontfreda.com\/es\/rutes-en-bicicleta-i-a-peu\/","og_site_name":"C\u00e0mping FontFreda","article_modified_time":"2020-08-26T16:36:01+00:00","og_image":[{"url":"https:\/\/www.campingfontfreda.com\/wp-content\/uploads\/01-Font-Freda-p-365x230.jpg","type":"","width":"","height":""}],"twitter_card":"summary_large_image","schema":{"@context":"https:\/\/schema.org","@graph":[{"@type":"WebPage","@id":"https:\/\/www.campingfontfreda.com\/es\/rutes-en-bicicleta-i-a-peu\/","url":"https:\/\/www.campingfontfreda.com\/es\/rutes-en-bicicleta-i-a-peu\/","name":"Rutas a pie y en bici - C\u00e0mping FontFreda","isPartOf":{"@id":"https:\/\/www.campingfontfreda.com\/#website"},"primaryImageOfPage":{"@id":"https:\/\/www.campingfontfreda.com\/es\/rutes-en-bicicleta-i-a-peu\/#primaryimage"},"image":{"@id":"https:\/\/www.campingfontfreda.com\/es\/rutes-en-bicicleta-i-a-peu\/#primaryimage"},"thumbnailUrl":"https:\/\/www.campingfontfreda.com\/wp-content\/uploads\/wikiloc_lg.png","datePublished":"2020-07-28T13:16:59+00:00","dateModified":"2020-08-26T16:36:01+00:00","breadcrumb":{"@id":"https:\/\/www.campingfontfreda.com\/es\/rutes-en-bicicleta-i-a-peu\/#breadcrumb"},"inLanguage":"es","potentialAction":[{"@type":"ReadAction","target":["https:\/\/www.campingfontfreda.com\/es\/rutes-en-bicicleta-i-a-peu\/"]}]},{"@type":"ImageObject","inLanguage":"es","@id":"https:\/\/www.campingfontfreda.com\/es\/rutes-en-bicicleta-i-a-peu\/#primaryimage","url":"https:\/\/www.campingfontfreda.com\/wp-content\/uploads\/wikiloc_lg.png","contentUrl":"https:\/\/www.campingfontfreda.com\/wp-content\/uploads\/wikiloc_lg.png"},{"@type":"BreadcrumbList","@id":"https:\/\/www.campingfontfreda.com\/es\/rutes-en-bicicleta-i-a-peu\/#breadcrumb","itemListElement":[{"@type":"ListItem","position":1,"name":"Inici","item":"https:\/\/www.campingfontfreda.com\/es\/"},{"@type":"ListItem","position":2,"name":"Rutas a pie y en bici"}]},{"@type":"WebSite","@id":"https:\/\/www.campingfontfreda.com\/#website","url":"https:\/\/www.campingfontfreda.com\/","name":"C\u00e0mping FontFreda","description":"C\u00e0mping Fontfreda (Bergued\u00e0) \u00e9s un c\u00e0mping d\u2019alta muntanya ubicat a  Berga","potentialAction":[{"@type":"SearchAction","target":{"@type":"EntryPoint","urlTemplate":"https:\/\/www.campingfontfreda.com\/?s={search_term_string}"},"query-input":{"@type":"PropertyValueSpecification","valueRequired":true,"valueName":"search_term_string"}}],"inLanguage":"es"}]}},"_links":{"self":[{"href":"https:\/\/www.campingfontfreda.com\/es\/wp-json\/wp\/v2\/pages\/32344","targetHints":{"allow":["GET"]}}],"collection":[{"href":"https:\/\/www.campingfontfreda.com\/es\/wp-json\/wp\/v2\/pages"}],"about":[{"href":"https:\/\/www.campingfontfreda.com\/es\/wp-json\/wp\/v2\/types\/page"}],"author":[{"embeddable":true,"href":"https:\/\/www.campingfontfreda.com\/es\/wp-json\/wp\/v2\/users\/1"}],"replies":[{"embeddable":true,"href":"https:\/\/www.campingfontfreda.com\/es\/wp-json\/wp\/v2\/comments?post=32344"}],"version-history":[{"count":3,"href":"https:\/\/www.campingfontfreda.com\/es\/wp-json\/wp\/v2\/pages\/32344\/revisions"}],"predecessor-version":[{"id":32357,"href":"https:\/\/www.campingfontfreda.com\/es\/wp-json\/wp\/v2\/pages\/32344\/revisions\/32357"}],"wp:attachment":[{"href":"https:\/\/www.campingfontfreda.com\/es\/wp-json\/wp\/v2\/media?parent=32344"}],"curies":[{"name":"wp","href":"https:\/\/api.w.org\/{rel}","templated":true}]}}