{"id":33151,"date":"2023-08-31T18:49:20","date_gmt":"2023-08-31T16:49:20","guid":{"rendered":"https:\/\/www.campingfontfreda.com\/?page_id=33151"},"modified":"2023-08-31T18:49:21","modified_gmt":"2023-08-31T16:49:21","slug":"estiu-2023","status":"publish","type":"page","link":"https:\/\/www.campingfontfreda.com\/es\/galeria-dimatges\/estiu-2023\/","title":{"rendered":"Estiu 2023"},"content":{"rendered":"<div class=\"owl-container\"><div class=\"galeria clearfix galeria-default col-3\"><div class=\"item\"><a href=\"https:\/\/www.campingfontfreda.com\/wp-content\/uploads\/3.jpg\" id=\"thumb-33137\" class=\"image-link\"><img decoding=\"async\" src=\"https:\/\/www.campingfontfreda.com\/wp-content\/uploads\/3-365x230.jpg\" id=\"img-33137\" border=\"0\" alt=\"\" \/><\/a><\/div><div class=\"item\"><a href=\"https:\/\/www.campingfontfreda.com\/wp-content\/uploads\/1690213738552-1-1400x1050.jpg\" id=\"thumb-33149\" class=\"image-link\"><img decoding=\"async\" src=\"https:\/\/www.campingfontfreda.com\/wp-content\/uploads\/1690213738552-1-365x230.jpg\" id=\"img-33149\" border=\"0\" alt=\"\" \/><\/a><\/div><div class=\"item\"><a href=\"https:\/\/www.campingfontfreda.com\/wp-content\/uploads\/1689920946695-1400x1050.jpg\" id=\"thumb-33143\" class=\"image-link\"><img decoding=\"async\" src=\"https:\/\/www.campingfontfreda.com\/wp-content\/uploads\/1689920946695-365x230.jpg\" id=\"img-33143\" border=\"0\" alt=\"\" \/><\/a><\/div><div class=\"item\"><a href=\"https:\/\/www.campingfontfreda.com\/wp-content\/uploads\/4.jpg\" id=\"thumb-33140\" class=\"image-link\"><img decoding=\"async\" src=\"https:\/\/www.campingfontfreda.com\/wp-content\/uploads\/4-365x230.jpg\" id=\"img-33140\" border=\"0\" alt=\"\" \/><\/a><\/div><div class=\"item\"><a href=\"https:\/\/www.campingfontfreda.com\/wp-content\/uploads\/2.jpg\" id=\"thumb-33131\" class=\"image-link\"><img decoding=\"async\" src=\"https:\/\/www.campingfontfreda.com\/wp-content\/uploads\/2-365x230.jpg\" id=\"img-33131\" border=\"0\" alt=\"\" \/><\/a><\/div><div class=\"item\"><a href=\"https:\/\/www.campingfontfreda.com\/wp-content\/uploads\/IMG_20230821_185512-1-1400x1050.jpg\" id=\"thumb-33134\" class=\"image-link\"><img decoding=\"async\" src=\"https:\/\/www.campingfontfreda.com\/wp-content\/uploads\/IMG_20230821_185512-1-365x230.jpg\" id=\"img-33134\" border=\"0\" alt=\"\" \/><\/a><\/div><div class=\"item\"><a href=\"https:\/\/www.campingfontfreda.com\/wp-content\/uploads\/1692439464962-1400x1050.jpg\" id=\"thumb-33119\" class=\"image-link\"><img decoding=\"async\" src=\"https:\/\/www.campingfontfreda.com\/wp-content\/uploads\/1692439464962-365x230.jpg\" id=\"img-33119\" border=\"0\" alt=\"\" \/><\/a><\/div><div class=\"item\"><a href=\"https:\/\/www.campingfontfreda.com\/wp-content\/uploads\/1692439464944-1400x1050.jpg\" id=\"thumb-33116\" class=\"image-link\"><img decoding=\"async\" src=\"https:\/\/www.campingfontfreda.com\/wp-content\/uploads\/1692439464944-365x230.jpg\" id=\"img-33116\" border=\"0\" alt=\"\" \/><\/a><\/div><div class=\"item\"><a href=\"https:\/\/www.campingfontfreda.com\/wp-content\/uploads\/1692439356198.jpg\" id=\"thumb-33113\" class=\"image-link\"><img decoding=\"async\" src=\"https:\/\/www.campingfontfreda.com\/wp-content\/uploads\/1692439356198-365x230.jpg\" id=\"img-33113\" border=\"0\" alt=\"\" \/><\/a><\/div><div class=\"item\"><a href=\"https:\/\/www.campingfontfreda.com\/wp-content\/uploads\/IMG-20230819-WA0026-1400x1050.jpg\" id=\"thumb-33122\" class=\"image-link\"><img decoding=\"async\" src=\"https:\/\/www.campingfontfreda.com\/wp-content\/uploads\/IMG-20230819-WA0026-365x230.jpg\" id=\"img-33122\" border=\"0\" alt=\"\" \/><\/a><\/div><div class=\"item\"><a href=\"https:\/\/www.campingfontfreda.com\/wp-content\/uploads\/IMG-20230819-WA0032.jpg\" id=\"thumb-33125\" class=\"image-link\"><img decoding=\"async\" src=\"https:\/\/www.campingfontfreda.com\/wp-content\/uploads\/IMG-20230819-WA0032-365x230.jpg\" id=\"img-33125\" border=\"0\" alt=\"\" \/><\/a><\/div><div class=\"item\"><a href=\"https:\/\/www.campingfontfreda.com\/wp-content\/uploads\/IMG_20230821_185512-1400x1050.jpg\" id=\"thumb-33128\" class=\"image-link\"><img decoding=\"async\" src=\"https:\/\/www.campingfontfreda.com\/wp-content\/uploads\/IMG_20230821_185512-365x230.jpg\" id=\"img-33128\" border=\"0\" alt=\"\" \/><\/a><\/div><div class=\"item\"><a href=\"https:\/\/www.campingfontfreda.com\/wp-content\/uploads\/1692438994570.jpg\" id=\"thumb-33110\" class=\"image-link\"><img decoding=\"async\" src=\"https:\/\/www.campingfontfreda.com\/wp-content\/uploads\/1692438994570-365x230.jpg\" id=\"img-33110\" border=\"0\" alt=\"\" \/><\/a><\/div><div class=\"item\"><a href=\"https:\/\/www.campingfontfreda.com\/wp-content\/uploads\/1692438903788-1400x1050.jpg\" id=\"thumb-33107\" class=\"image-link\"><img decoding=\"async\" src=\"https:\/\/www.campingfontfreda.com\/wp-content\/uploads\/1692438903788-365x230.jpg\" id=\"img-33107\" border=\"0\" alt=\"\" \/><\/a><\/div><div class=\"item\"><a href=\"https:\/\/www.campingfontfreda.com\/wp-content\/uploads\/1692438805185-1400x1050.jpg\" id=\"thumb-33104\" class=\"image-link\"><img decoding=\"async\" src=\"https:\/\/www.campingfontfreda.com\/wp-content\/uploads\/1692438805185-365x230.jpg\" id=\"img-33104\" border=\"0\" alt=\"\" \/><\/a><\/div><div class=\"item\"><a href=\"https:\/\/www.campingfontfreda.com\/wp-content\/uploads\/1691391386667-1400x1050.jpg\" id=\"thumb-33095\" class=\"image-link\"><img decoding=\"async\" src=\"https:\/\/www.campingfontfreda.com\/wp-content\/uploads\/1691391386667-365x230.jpg\" id=\"img-33095\" border=\"0\" alt=\"\" \/><\/a><\/div><div class=\"item\"><a href=\"https:\/\/www.campingfontfreda.com\/wp-content\/uploads\/1691391312946-1400x1050.jpg\" id=\"thumb-33086\" class=\"image-link\"><img decoding=\"async\" src=\"https:\/\/www.campingfontfreda.com\/wp-content\/uploads\/1691391312946-365x230.jpg\" id=\"img-33086\" border=\"0\" alt=\"\" \/><\/a><\/div><div class=\"item\"><a href=\"https:\/\/www.campingfontfreda.com\/wp-content\/uploads\/1691391312946-1-1400x1050.jpg\" id=\"thumb-33089\" class=\"image-link\"><img decoding=\"async\" src=\"https:\/\/www.campingfontfreda.com\/wp-content\/uploads\/1691391312946-1-365x230.jpg\" id=\"img-33089\" border=\"0\" alt=\"\" \/><\/a><\/div><div class=\"item\"><a href=\"https:\/\/www.campingfontfreda.com\/wp-content\/uploads\/1691391386631-1400x1050.jpg\" id=\"thumb-33092\" class=\"image-link\"><img decoding=\"async\" src=\"https:\/\/www.campingfontfreda.com\/wp-content\/uploads\/1691391386631-365x230.jpg\" id=\"img-33092\" border=\"0\" alt=\"\" \/><\/a><\/div><div class=\"item\"><a href=\"https:\/\/www.campingfontfreda.com\/wp-content\/uploads\/1691391312930-1400x1050.jpg\" id=\"thumb-33083\" class=\"image-link\"><img decoding=\"async\" src=\"https:\/\/www.campingfontfreda.com\/wp-content\/uploads\/1691391312930-365x230.jpg\" id=\"img-33083\" border=\"0\" alt=\"\" \/><\/a><\/div><div class=\"item\"><a href=\"https:\/\/www.campingfontfreda.com\/wp-content\/uploads\/1691391312897-1400x1050.jpg\" id=\"thumb-33080\" class=\"image-link\"><img decoding=\"async\" src=\"https:\/\/www.campingfontfreda.com\/wp-content\/uploads\/1691391312897-365x230.jpg\" id=\"img-33080\" border=\"0\" alt=\"\" \/><\/a><\/div><div class=\"item\"><a href=\"https:\/\/www.campingfontfreda.com\/wp-content\/uploads\/1692438805174-1400x1050.jpg\" id=\"thumb-33101\" class=\"image-link\"><img decoding=\"async\" src=\"https:\/\/www.campingfontfreda.com\/wp-content\/uploads\/1692438805174-365x230.jpg\" id=\"img-33101\" border=\"0\" alt=\"\" \/><\/a><\/div><div class=\"item\"><a href=\"https:\/\/www.campingfontfreda.com\/wp-content\/uploads\/1692438805145.jpg\" id=\"thumb-33098\" class=\"image-link\"><img decoding=\"async\" src=\"https:\/\/www.campingfontfreda.com\/wp-content\/uploads\/1692438805145-365x230.jpg\" id=\"img-33098\" border=\"0\" alt=\"\" \/><\/a><\/div><\/div><\/div>\n","protected":false},"excerpt":{"rendered":"","protected":false},"author":4,"featured_media":33104,"parent":19496,"menu_order":10,"comment_status":"closed","ping_status":"closed","template":"","meta":{"_acf_changed":false,"_monsterinsights_skip_tracking":false,"_monsterinsights_sitenote_active":false,"_monsterinsights_sitenote_note":"","_monsterinsights_sitenote_category":0,"footnotes":""},"class_list":["post-33151","page","type-page","status-publish","has-post-thumbnail","hentry"],"acf":[],"yoast_head":"<!-- This site is optimized with the Yoast SEO plugin v26.0 - https:\/\/yoast.com\/wordpress\/plugins\/seo\/ -->\n<title>Estiu 2023 - C\u00e0mping FontFreda<\/title>\n<meta name=\"robots\" content=\"index, follow, max-snippet:-1, max-image-preview:large, max-video-preview:-1\" \/>\n<link rel=\"canonical\" href=\"https:\/\/www.campingfontfreda.com\/es\/galeria-dimatges\/estiu-2023\/\" \/>\n<meta property=\"og:locale\" content=\"es_ES\" \/>\n<meta property=\"og:type\" content=\"article\" \/>\n<meta property=\"og:title\" content=\"Estiu 2023 - C\u00e0mping FontFreda\" \/>\n<meta property=\"og:url\" content=\"https:\/\/www.campingfontfreda.com\/es\/galeria-dimatges\/estiu-2023\/\" \/>\n<meta property=\"og:site_name\" content=\"C\u00e0mping FontFreda\" \/>\n<meta property=\"article:modified_time\" content=\"2023-08-31T16:49:21+00:00\" \/>\n<meta property=\"og:image\" content=\"https:\/\/www.campingfontfreda.com\/wp-content\/uploads\/1692438805185.jpg\" \/>\n\t<meta property=\"og:image:width\" content=\"1600\" \/>\n\t<meta property=\"og:image:height\" content=\"1200\" \/>\n\t<meta property=\"og:image:type\" content=\"image\/jpeg\" \/>\n<meta name=\"twitter:card\" content=\"summary_large_image\" \/>\n<meta name=\"twitter:label1\" content=\"Tiempo de lectura\" \/>\n\t<meta name=\"twitter:data1\" content=\"1 minuto\" \/>\n<script type=\"application\/ld+json\" class=\"yoast-schema-graph\">{\"@context\":\"https:\/\/schema.org\",\"@graph\":[{\"@type\":\"WebPage\",\"@id\":\"https:\/\/www.campingfontfreda.com\/es\/galeria-dimatges\/estiu-2023\/\",\"url\":\"https:\/\/www.campingfontfreda.com\/es\/galeria-dimatges\/estiu-2023\/\",\"name\":\"Estiu 2023 - C\u00e0mping FontFreda\",\"isPartOf\":{\"@id\":\"https:\/\/www.campingfontfreda.com\/#website\"},\"primaryImageOfPage\":{\"@id\":\"https:\/\/www.campingfontfreda.com\/es\/galeria-dimatges\/estiu-2023\/#primaryimage\"},\"image\":{\"@id\":\"https:\/\/www.campingfontfreda.com\/es\/galeria-dimatges\/estiu-2023\/#primaryimage\"},\"thumbnailUrl\":\"https:\/\/www.campingfontfreda.com\/wp-content\/uploads\/1692438805185.jpg\",\"datePublished\":\"2023-08-31T16:49:20+00:00\",\"dateModified\":\"2023-08-31T16:49:21+00:00\",\"breadcrumb\":{\"@id\":\"https:\/\/www.campingfontfreda.com\/es\/galeria-dimatges\/estiu-2023\/#breadcrumb\"},\"inLanguage\":\"es\",\"potentialAction\":[{\"@type\":\"ReadAction\",\"target\":[\"https:\/\/www.campingfontfreda.com\/es\/galeria-dimatges\/estiu-2023\/\"]}]},{\"@type\":\"ImageObject\",\"inLanguage\":\"es\",\"@id\":\"https:\/\/www.campingfontfreda.com\/es\/galeria-dimatges\/estiu-2023\/#primaryimage\",\"url\":\"https:\/\/www.campingfontfreda.com\/wp-content\/uploads\/1692438805185.jpg\",\"contentUrl\":\"https:\/\/www.campingfontfreda.com\/wp-content\/uploads\/1692438805185.jpg\",\"width\":1600,\"height\":1200},{\"@type\":\"BreadcrumbList\",\"@id\":\"https:\/\/www.campingfontfreda.com\/es\/galeria-dimatges\/estiu-2023\/#breadcrumb\",\"itemListElement\":[{\"@type\":\"ListItem\",\"position\":1,\"name\":\"Inici\",\"item\":\"https:\/\/www.campingfontfreda.com\/es\/\"},{\"@type\":\"ListItem\",\"position\":2,\"name\":\"Galeria d&#8217;imatges\",\"item\":\"https:\/\/www.campingfontfreda.com\/es\/galeria-dimatges\/\"},{\"@type\":\"ListItem\",\"position\":3,\"name\":\"Estiu 2023\"}]},{\"@type\":\"WebSite\",\"@id\":\"https:\/\/www.campingfontfreda.com\/#website\",\"url\":\"https:\/\/www.campingfontfreda.com\/\",\"name\":\"C\u00e0mping FontFreda\",\"description\":\"C\u00e0mping Fontfreda (Bergued\u00e0) \u00e9s un c\u00e0mping d\u2019alta muntanya ubicat a  Berga\",\"potentialAction\":[{\"@type\":\"SearchAction\",\"target\":{\"@type\":\"EntryPoint\",\"urlTemplate\":\"https:\/\/www.campingfontfreda.com\/?s={search_term_string}\"},\"query-input\":{\"@type\":\"PropertyValueSpecification\",\"valueRequired\":true,\"valueName\":\"search_term_string\"}}],\"inLanguage\":\"es\"}]}<\/script>\n<!-- \/ Yoast SEO plugin. -->","yoast_head_json":{"title":"Estiu 2023 - C\u00e0mping FontFreda","robots":{"index":"index","follow":"follow","max-snippet":"max-snippet:-1","max-image-preview":"max-image-preview:large","max-video-preview":"max-video-preview:-1"},"canonical":"https:\/\/www.campingfontfreda.com\/es\/galeria-dimatges\/estiu-2023\/","og_locale":"es_ES","og_type":"article","og_title":"Estiu 2023 - C\u00e0mping FontFreda","og_url":"https:\/\/www.campingfontfreda.com\/es\/galeria-dimatges\/estiu-2023\/","og_site_name":"C\u00e0mping FontFreda","article_modified_time":"2023-08-31T16:49:21+00:00","og_image":[{"width":1600,"height":1200,"url":"https:\/\/www.campingfontfreda.com\/wp-content\/uploads\/1692438805185.jpg","type":"image\/jpeg"}],"twitter_card":"summary_large_image","twitter_misc":{"Tiempo de lectura":"1 minuto"},"schema":{"@context":"https:\/\/schema.org","@graph":[{"@type":"WebPage","@id":"https:\/\/www.campingfontfreda.com\/es\/galeria-dimatges\/estiu-2023\/","url":"https:\/\/www.campingfontfreda.com\/es\/galeria-dimatges\/estiu-2023\/","name":"Estiu 2023 - C\u00e0mping FontFreda","isPartOf":{"@id":"https:\/\/www.campingfontfreda.com\/#website"},"primaryImageOfPage":{"@id":"https:\/\/www.campingfontfreda.com\/es\/galeria-dimatges\/estiu-2023\/#primaryimage"},"image":{"@id":"https:\/\/www.campingfontfreda.com\/es\/galeria-dimatges\/estiu-2023\/#primaryimage"},"thumbnailUrl":"https:\/\/www.campingfontfreda.com\/wp-content\/uploads\/1692438805185.jpg","datePublished":"2023-08-31T16:49:20+00:00","dateModified":"2023-08-31T16:49:21+00:00","breadcrumb":{"@id":"https:\/\/www.campingfontfreda.com\/es\/galeria-dimatges\/estiu-2023\/#breadcrumb"},"inLanguage":"es","potentialAction":[{"@type":"ReadAction","target":["https:\/\/www.campingfontfreda.com\/es\/galeria-dimatges\/estiu-2023\/"]}]},{"@type":"ImageObject","inLanguage":"es","@id":"https:\/\/www.campingfontfreda.com\/es\/galeria-dimatges\/estiu-2023\/#primaryimage","url":"https:\/\/www.campingfontfreda.com\/wp-content\/uploads\/1692438805185.jpg","contentUrl":"https:\/\/www.campingfontfreda.com\/wp-content\/uploads\/1692438805185.jpg","width":1600,"height":1200},{"@type":"BreadcrumbList","@id":"https:\/\/www.campingfontfreda.com\/es\/galeria-dimatges\/estiu-2023\/#breadcrumb","itemListElement":[{"@type":"ListItem","position":1,"name":"Inici","item":"https:\/\/www.campingfontfreda.com\/es\/"},{"@type":"ListItem","position":2,"name":"Galeria d&#8217;imatges","item":"https:\/\/www.campingfontfreda.com\/es\/galeria-dimatges\/"},{"@type":"ListItem","position":3,"name":"Estiu 2023"}]},{"@type":"WebSite","@id":"https:\/\/www.campingfontfreda.com\/#website","url":"https:\/\/www.campingfontfreda.com\/","name":"C\u00e0mping FontFreda","description":"C\u00e0mping Fontfreda (Bergued\u00e0) \u00e9s un c\u00e0mping d\u2019alta muntanya ubicat a  Berga","potentialAction":[{"@type":"SearchAction","target":{"@type":"EntryPoint","urlTemplate":"https:\/\/www.campingfontfreda.com\/?s={search_term_string}"},"query-input":{"@type":"PropertyValueSpecification","valueRequired":true,"valueName":"search_term_string"}}],"inLanguage":"es"}]}},"_links":{"self":[{"href":"https:\/\/www.campingfontfreda.com\/es\/wp-json\/wp\/v2\/pages\/33151","targetHints":{"allow":["GET"]}}],"collection":[{"href":"https:\/\/www.campingfontfreda.com\/es\/wp-json\/wp\/v2\/pages"}],"about":[{"href":"https:\/\/www.campingfontfreda.com\/es\/wp-json\/wp\/v2\/types\/page"}],"author":[{"embeddable":true,"href":"https:\/\/www.campingfontfreda.com\/es\/wp-json\/wp\/v2\/users\/4"}],"replies":[{"embeddable":true,"href":"https:\/\/www.campingfontfreda.com\/es\/wp-json\/wp\/v2\/comments?post=33151"}],"version-history":[{"count":1,"href":"https:\/\/www.campingfontfreda.com\/es\/wp-json\/wp\/v2\/pages\/33151\/revisions"}],"predecessor-version":[{"id":33154,"href":"https:\/\/www.campingfontfreda.com\/es\/wp-json\/wp\/v2\/pages\/33151\/revisions\/33154"}],"up":[{"embeddable":true,"href":"https:\/\/www.campingfontfreda.com\/es\/wp-json\/wp\/v2\/pages\/19496"}],"wp:featuredmedia":[{"embeddable":true,"href":"https:\/\/www.campingfontfreda.com\/es\/wp-json\/wp\/v2\/media\/33104"}],"wp:attachment":[{"href":"https:\/\/www.campingfontfreda.com\/es\/wp-json\/wp\/v2\/media?parent=33151"}],"curies":[{"name":"wp","href":"https:\/\/api.w.org\/{rel}","templated":true}]}}