{"id":33488,"date":"2024-11-09T20:06:42","date_gmt":"2024-11-09T19:06:42","guid":{"rendered":"https:\/\/www.campingfontfreda.com\/?page_id=33488"},"modified":"2024-11-09T20:12:36","modified_gmt":"2024-11-09T19:12:36","slug":"castanyada2024","status":"publish","type":"page","link":"https:\/\/www.campingfontfreda.com\/es\/galeria-dimatges\/castanyada2024\/","title":{"rendered":"Castanyada2024"},"content":{"rendered":"<div class=\"owl-container\"><div class=\"galeria clearfix galeria-default col-3\"><div class=\"item\"><a href=\"https:\/\/www.campingfontfreda.com\/wp-content\/uploads\/IMG_E0274.jpg\" id=\"thumb-33486\" class=\"image-link\"><img decoding=\"async\" src=\"https:\/\/www.campingfontfreda.com\/wp-content\/uploads\/IMG_E0274-365x230.jpg\" id=\"img-33486\" border=\"0\" alt=\"\" \/><\/a><\/div><div class=\"item\"><a href=\"https:\/\/www.campingfontfreda.com\/wp-content\/uploads\/1730492727511-960x1200.jpg\" id=\"thumb-33483\" class=\"image-link\"><img decoding=\"async\" src=\"https:\/\/www.campingfontfreda.com\/wp-content\/uploads\/1730492727511-365x230.jpg\" id=\"img-33483\" border=\"0\" alt=\"\" \/><\/a><\/div><div class=\"item\"><a href=\"https:\/\/www.campingfontfreda.com\/wp-content\/uploads\/1730492727525-960x1200.jpg\" id=\"thumb-33480\" class=\"image-link\"><img decoding=\"async\" src=\"https:\/\/www.campingfontfreda.com\/wp-content\/uploads\/1730492727525-365x230.jpg\" id=\"img-33480\" border=\"0\" alt=\"\" \/><\/a><\/div><div class=\"item\"><a href=\"https:\/\/www.campingfontfreda.com\/wp-content\/uploads\/IMG_0284.jpg\" id=\"thumb-33477\" class=\"image-link\"><img decoding=\"async\" src=\"https:\/\/www.campingfontfreda.com\/wp-content\/uploads\/IMG_0284-365x230.jpg\" id=\"img-33477\" border=\"0\" alt=\"\" \/><\/a><\/div><div class=\"item\"><a href=\"https:\/\/www.campingfontfreda.com\/wp-content\/uploads\/1730492727538-960x1200.jpg\" id=\"thumb-33468\" class=\"image-link\"><img decoding=\"async\" src=\"https:\/\/www.campingfontfreda.com\/wp-content\/uploads\/1730492727538-365x230.jpg\" id=\"img-33468\" border=\"0\" alt=\"\" \/><\/a><\/div><div class=\"item\"><a href=\"https:\/\/www.campingfontfreda.com\/wp-content\/uploads\/1730492727554-900x1200.jpg\" id=\"thumb-33471\" class=\"image-link\"><img decoding=\"async\" src=\"https:\/\/www.campingfontfreda.com\/wp-content\/uploads\/1730492727554-365x230.jpg\" id=\"img-33471\" border=\"0\" alt=\"\" \/><\/a><\/div><div class=\"item\"><a href=\"https:\/\/www.campingfontfreda.com\/wp-content\/uploads\/IMG_0303.jpg\" id=\"thumb-33456\" class=\"image-link\"><img decoding=\"async\" src=\"https:\/\/www.campingfontfreda.com\/wp-content\/uploads\/IMG_0303-365x230.jpg\" id=\"img-33456\" border=\"0\" alt=\"\" \/><\/a><\/div><div class=\"item\"><a href=\"https:\/\/www.campingfontfreda.com\/wp-content\/uploads\/1730492764433.jpg\" id=\"thumb-33450\" class=\"image-link\"><img decoding=\"async\" src=\"https:\/\/www.campingfontfreda.com\/wp-content\/uploads\/1730492764433-365x230.jpg\" id=\"img-33450\" border=\"0\" alt=\"\" \/><\/a><\/div><div class=\"item\"><a href=\"https:\/\/www.campingfontfreda.com\/wp-content\/uploads\/1730492764451-539x1200.jpg\" id=\"thumb-33444\" class=\"image-link\"><img decoding=\"async\" src=\"https:\/\/www.campingfontfreda.com\/wp-content\/uploads\/1730492764451-365x230.jpg\" id=\"img-33444\" border=\"0\" alt=\"\" \/><\/a><\/div><div class=\"item\"><a href=\"https:\/\/www.campingfontfreda.com\/wp-content\/uploads\/1730492764416.jpg\" id=\"thumb-33447\" class=\"image-link\"><img decoding=\"async\" src=\"https:\/\/www.campingfontfreda.com\/wp-content\/uploads\/1730492764416-365x230.jpg\" id=\"img-33447\" border=\"0\" alt=\"\" \/><\/a><\/div><\/div><\/div>\n<div style=\"width: 480px;\" class=\"wp-video\"><!--[if lt IE 9]><script>document.createElement('video');<\/script><![endif]-->\n<video class=\"wp-video-shortcode\" id=\"video-33488-1\" width=\"480\" height=\"864\" preload=\"metadata\" controls=\"controls\"><source type=\"video\/mp4\" src=\"https:\/\/www.campingfontfreda.com\/wp-content\/uploads\/VID-20241031-WA0036.mp4?_=1\" \/><a href=\"https:\/\/www.campingfontfreda.com\/wp-content\/uploads\/VID-20241031-WA0036.mp4\">https:\/\/www.campingfontfreda.com\/wp-content\/uploads\/VID-20241031-WA0036.mp4<\/a><\/video><\/div>\n","protected":false},"excerpt":{"rendered":"","protected":false},"author":4,"featured_media":33450,"parent":19496,"menu_order":6,"comment_status":"closed","ping_status":"closed","template":"","meta":{"_acf_changed":false,"_monsterinsights_skip_tracking":false,"_monsterinsights_sitenote_active":false,"_monsterinsights_sitenote_note":"","_monsterinsights_sitenote_category":0,"footnotes":""},"class_list":["post-33488","page","type-page","status-publish","has-post-thumbnail","hentry"],"acf":[],"yoast_head":"<!-- This site is optimized with the Yoast SEO plugin v26.0 - https:\/\/yoast.com\/wordpress\/plugins\/seo\/ -->\n<title>Castanyada2024 - C\u00e0mping FontFreda<\/title>\n<meta name=\"robots\" content=\"index, follow, max-snippet:-1, max-image-preview:large, max-video-preview:-1\" \/>\n<link rel=\"canonical\" href=\"https:\/\/www.campingfontfreda.com\/es\/galeria-dimatges\/castanyada2024\/\" \/>\n<meta property=\"og:locale\" content=\"es_ES\" \/>\n<meta property=\"og:type\" content=\"article\" \/>\n<meta property=\"og:title\" content=\"Castanyada2024 - C\u00e0mping FontFreda\" \/>\n<meta property=\"og:url\" content=\"https:\/\/www.campingfontfreda.com\/es\/galeria-dimatges\/castanyada2024\/\" \/>\n<meta property=\"og:site_name\" content=\"C\u00e0mping FontFreda\" \/>\n<meta property=\"article:modified_time\" content=\"2024-11-09T19:12:36+00:00\" \/>\n<meta property=\"og:image\" content=\"https:\/\/www.campingfontfreda.com\/wp-content\/uploads\/1730492764433.jpg\" \/>\n\t<meta property=\"og:image:width\" content=\"539\" \/>\n\t<meta property=\"og:image:height\" content=\"1200\" \/>\n\t<meta property=\"og:image:type\" content=\"image\/jpeg\" \/>\n<meta name=\"twitter:card\" content=\"summary_large_image\" \/>\n<meta name=\"twitter:label1\" content=\"Tiempo de lectura\" \/>\n\t<meta name=\"twitter:data1\" content=\"1 minuto\" \/>\n<script type=\"application\/ld+json\" class=\"yoast-schema-graph\">{\"@context\":\"https:\/\/schema.org\",\"@graph\":[{\"@type\":\"WebPage\",\"@id\":\"https:\/\/www.campingfontfreda.com\/es\/galeria-dimatges\/castanyada2024\/\",\"url\":\"https:\/\/www.campingfontfreda.com\/es\/galeria-dimatges\/castanyada2024\/\",\"name\":\"Castanyada2024 - C\u00e0mping FontFreda\",\"isPartOf\":{\"@id\":\"https:\/\/www.campingfontfreda.com\/#website\"},\"primaryImageOfPage\":{\"@id\":\"https:\/\/www.campingfontfreda.com\/es\/galeria-dimatges\/castanyada2024\/#primaryimage\"},\"image\":{\"@id\":\"https:\/\/www.campingfontfreda.com\/es\/galeria-dimatges\/castanyada2024\/#primaryimage\"},\"thumbnailUrl\":\"https:\/\/www.campingfontfreda.com\/wp-content\/uploads\/1730492764433.jpg\",\"datePublished\":\"2024-11-09T19:06:42+00:00\",\"dateModified\":\"2024-11-09T19:12:36+00:00\",\"breadcrumb\":{\"@id\":\"https:\/\/www.campingfontfreda.com\/es\/galeria-dimatges\/castanyada2024\/#breadcrumb\"},\"inLanguage\":\"es\",\"potentialAction\":[{\"@type\":\"ReadAction\",\"target\":[\"https:\/\/www.campingfontfreda.com\/es\/galeria-dimatges\/castanyada2024\/\"]}]},{\"@type\":\"ImageObject\",\"inLanguage\":\"es\",\"@id\":\"https:\/\/www.campingfontfreda.com\/es\/galeria-dimatges\/castanyada2024\/#primaryimage\",\"url\":\"https:\/\/www.campingfontfreda.com\/wp-content\/uploads\/1730492764433.jpg\",\"contentUrl\":\"https:\/\/www.campingfontfreda.com\/wp-content\/uploads\/1730492764433.jpg\",\"width\":539,\"height\":1200},{\"@type\":\"BreadcrumbList\",\"@id\":\"https:\/\/www.campingfontfreda.com\/es\/galeria-dimatges\/castanyada2024\/#breadcrumb\",\"itemListElement\":[{\"@type\":\"ListItem\",\"position\":1,\"name\":\"Inici\",\"item\":\"https:\/\/www.campingfontfreda.com\/es\/\"},{\"@type\":\"ListItem\",\"position\":2,\"name\":\"Galeria d&#8217;imatges\",\"item\":\"https:\/\/www.campingfontfreda.com\/es\/galeria-dimatges\/\"},{\"@type\":\"ListItem\",\"position\":3,\"name\":\"Castanyada2024\"}]},{\"@type\":\"WebSite\",\"@id\":\"https:\/\/www.campingfontfreda.com\/#website\",\"url\":\"https:\/\/www.campingfontfreda.com\/\",\"name\":\"C\u00e0mping FontFreda\",\"description\":\"C\u00e0mping Fontfreda (Bergued\u00e0) \u00e9s un c\u00e0mping d\u2019alta muntanya ubicat a  Berga\",\"potentialAction\":[{\"@type\":\"SearchAction\",\"target\":{\"@type\":\"EntryPoint\",\"urlTemplate\":\"https:\/\/www.campingfontfreda.com\/?s={search_term_string}\"},\"query-input\":{\"@type\":\"PropertyValueSpecification\",\"valueRequired\":true,\"valueName\":\"search_term_string\"}}],\"inLanguage\":\"es\"}]}<\/script>\n<!-- \/ Yoast SEO plugin. -->","yoast_head_json":{"title":"Castanyada2024 - C\u00e0mping FontFreda","robots":{"index":"index","follow":"follow","max-snippet":"max-snippet:-1","max-image-preview":"max-image-preview:large","max-video-preview":"max-video-preview:-1"},"canonical":"https:\/\/www.campingfontfreda.com\/es\/galeria-dimatges\/castanyada2024\/","og_locale":"es_ES","og_type":"article","og_title":"Castanyada2024 - C\u00e0mping FontFreda","og_url":"https:\/\/www.campingfontfreda.com\/es\/galeria-dimatges\/castanyada2024\/","og_site_name":"C\u00e0mping FontFreda","article_modified_time":"2024-11-09T19:12:36+00:00","og_image":[{"width":539,"height":1200,"url":"https:\/\/www.campingfontfreda.com\/wp-content\/uploads\/1730492764433.jpg","type":"image\/jpeg"}],"twitter_card":"summary_large_image","twitter_misc":{"Tiempo de lectura":"1 minuto"},"schema":{"@context":"https:\/\/schema.org","@graph":[{"@type":"WebPage","@id":"https:\/\/www.campingfontfreda.com\/es\/galeria-dimatges\/castanyada2024\/","url":"https:\/\/www.campingfontfreda.com\/es\/galeria-dimatges\/castanyada2024\/","name":"Castanyada2024 - C\u00e0mping FontFreda","isPartOf":{"@id":"https:\/\/www.campingfontfreda.com\/#website"},"primaryImageOfPage":{"@id":"https:\/\/www.campingfontfreda.com\/es\/galeria-dimatges\/castanyada2024\/#primaryimage"},"image":{"@id":"https:\/\/www.campingfontfreda.com\/es\/galeria-dimatges\/castanyada2024\/#primaryimage"},"thumbnailUrl":"https:\/\/www.campingfontfreda.com\/wp-content\/uploads\/1730492764433.jpg","datePublished":"2024-11-09T19:06:42+00:00","dateModified":"2024-11-09T19:12:36+00:00","breadcrumb":{"@id":"https:\/\/www.campingfontfreda.com\/es\/galeria-dimatges\/castanyada2024\/#breadcrumb"},"inLanguage":"es","potentialAction":[{"@type":"ReadAction","target":["https:\/\/www.campingfontfreda.com\/es\/galeria-dimatges\/castanyada2024\/"]}]},{"@type":"ImageObject","inLanguage":"es","@id":"https:\/\/www.campingfontfreda.com\/es\/galeria-dimatges\/castanyada2024\/#primaryimage","url":"https:\/\/www.campingfontfreda.com\/wp-content\/uploads\/1730492764433.jpg","contentUrl":"https:\/\/www.campingfontfreda.com\/wp-content\/uploads\/1730492764433.jpg","width":539,"height":1200},{"@type":"BreadcrumbList","@id":"https:\/\/www.campingfontfreda.com\/es\/galeria-dimatges\/castanyada2024\/#breadcrumb","itemListElement":[{"@type":"ListItem","position":1,"name":"Inici","item":"https:\/\/www.campingfontfreda.com\/es\/"},{"@type":"ListItem","position":2,"name":"Galeria d&#8217;imatges","item":"https:\/\/www.campingfontfreda.com\/es\/galeria-dimatges\/"},{"@type":"ListItem","position":3,"name":"Castanyada2024"}]},{"@type":"WebSite","@id":"https:\/\/www.campingfontfreda.com\/#website","url":"https:\/\/www.campingfontfreda.com\/","name":"C\u00e0mping FontFreda","description":"C\u00e0mping Fontfreda (Bergued\u00e0) \u00e9s un c\u00e0mping d\u2019alta muntanya ubicat a  Berga","potentialAction":[{"@type":"SearchAction","target":{"@type":"EntryPoint","urlTemplate":"https:\/\/www.campingfontfreda.com\/?s={search_term_string}"},"query-input":{"@type":"PropertyValueSpecification","valueRequired":true,"valueName":"search_term_string"}}],"inLanguage":"es"}]}},"_links":{"self":[{"href":"https:\/\/www.campingfontfreda.com\/es\/wp-json\/wp\/v2\/pages\/33488","targetHints":{"allow":["GET"]}}],"collection":[{"href":"https:\/\/www.campingfontfreda.com\/es\/wp-json\/wp\/v2\/pages"}],"about":[{"href":"https:\/\/www.campingfontfreda.com\/es\/wp-json\/wp\/v2\/types\/page"}],"author":[{"embeddable":true,"href":"https:\/\/www.campingfontfreda.com\/es\/wp-json\/wp\/v2\/users\/4"}],"replies":[{"embeddable":true,"href":"https:\/\/www.campingfontfreda.com\/es\/wp-json\/wp\/v2\/comments?post=33488"}],"version-history":[{"count":1,"href":"https:\/\/www.campingfontfreda.com\/es\/wp-json\/wp\/v2\/pages\/33488\/revisions"}],"predecessor-version":[{"id":33490,"href":"https:\/\/www.campingfontfreda.com\/es\/wp-json\/wp\/v2\/pages\/33488\/revisions\/33490"}],"up":[{"embeddable":true,"href":"https:\/\/www.campingfontfreda.com\/es\/wp-json\/wp\/v2\/pages\/19496"}],"wp:featuredmedia":[{"embeddable":true,"href":"https:\/\/www.campingfontfreda.com\/es\/wp-json\/wp\/v2\/media\/33450"}],"wp:attachment":[{"href":"https:\/\/www.campingfontfreda.com\/es\/wp-json\/wp\/v2\/media?parent=33488"}],"curies":[{"name":"wp","href":"https:\/\/api.w.org\/{rel}","templated":true}]}}